{"id":30672,"date":"2024-11-19T02:23:33","date_gmt":"2024-11-19T02:23:33","guid":{"rendered":"https:\/\/meconstructionsupplies.com\/product\/washing-machine-floor-drain-cover-self-sealing-anti-odor-core-bathroom-hair-catcher-stopper-sus304-stainless-steel-drain-plug\/"},"modified":"2024-12-02T08:08:24","modified_gmt":"2024-12-02T08:08:24","slug":"washing-machine-floor-drain-cover-self-sealing-anti-odor-core-bathroom-hair-catcher-stopper-sus304-stainless-steel-drain-plug","status":"publish","type":"product","link":"https:\/\/meconstructionsupplies.com\/fr\/product\/washing-machine-floor-drain-cover-self-sealing-anti-odor-core-bathroom-hair-catcher-stopper-sus304-stainless-steel-drain-plug\/","title":{"rendered":"Couvercle de drain de sol de machine \u00e0 laver auto-obturant anti-odeurs bouchon de capteur de cheveux de salle de bain bouchon de vidange en acier inoxydable SUS304"},"content":{"rendered":"<div style=\"width: 540px;\" class=\"wp-video\"><!--[if lt IE 9]><script>document.createElement('video');<\/script><![endif]-->\n<video class=\"wp-video-shortcode\" id=\"video-30672-1\" width=\"540\" height=\"960\" preload=\"metadata\" controls=\"controls\"><source type=\"video\/mp4\" src=\"\/\/play.video.alibaba.com\/play\/u\/2153292369\/p\/1\/e\/6\/t\/10300\/414519089697.mp4?_=1\" \/><a href=\"\/\/play.video.alibaba.com\/play\/u\/2153292369\/p\/1\/e\/6\/t\/10300\/414519089697.mp4\">\/\/play.video.alibaba.com\/play\/u\/2153292369\/p\/1\/e\/6\/t\/10300\/414519089697.mp4<\/a><\/video><\/div>\n<h3><strong>Products Description<\/strong><\/h3>\n<hr style=\"border: 2px solid #000; margin-top: 5px; margin-bottom: 5px;\" \/>\n<p>\u3010SUS304 stainless steel\u3011Made of high-quality SUS304 stainless steel material, protect against corrosion,scratches and rust for long-lasting durability. The brush surface is delicate, the texture is clear, and the appearance is smooth. Effectively prevent clogging of water, flowers and leaves. The greater the water volume, the faster the drainage speed.\u3010Premium\u3011Not only is it not easy to slip off in the shower, but it can also speed up the water flow without hurting your toes. The package is delicate, round and smooth, truly quality assurance and considerate.\u3010High Speed Drainage\u3011Large displacement caliber design, fast drainage, high-efficiency anti-clogging filter, effectively blocking hair, ensuring that the floor drain is not blocked, and keeping the bathroom dry.\u3010Self-Sealing Anti-Odor Core\u3011The opening where the drainage hose is connected has elasticity, it can be automatic closing and also opening by Gravity through water flowing.\u3010Preventing the spread of pests\u3011Prevent cockroaches, bedbugs, mosquitoes, and ohter pests from crawling into places such as bathrooms, kitchens, and laundry rooms to avoid affecting humans hygiene and health.\u3010Widely Application\u3011Suitable for outdoor drainage pipes, exhaust pipes, roofs, balconies and other ground. Widely used in kitchens, bathrooms, garages, balconies, washing machines,laundry, washhouse and toilets, etc., easy to clean and maintain.\u3010Production information\u3011Size: 10*10cm, Drainage Pipe Diameter \u226550-75mm,Installation Depth \u2265 60-120mm, 2MM\/3MM Thickened Panel Board.<\/p>\n<div style=\"display: flex; background-color: #f2f2f2; padding: 10px; border-bottom: 1px solid #ddd;\">\n<div style=\"width: 40%; font-weight: bold;\">Material<\/div>\n<div style=\"width: 60%;\">SUS304 stainless steel<\/div>\n<\/div>\n<div style=\"display: flex; background-color: #ffffff; padding: 10px; border-bottom: 1px solid #ddd;\">\n<div style=\"width: 40%; font-weight: bold;\">Floor Drain Size<\/div>\n<div style=\"width: 60%;\">10cm*10cm<\/div>\n<\/div>\n<div style=\"display: flex; background-color: #f2f2f2; padding: 10px; border-bottom: 1px solid #ddd;\">\n<div style=\"width: 40%; font-weight: bold;\">Self-Sealing Anti Odor Core<\/div>\n<div style=\"width: 60%;\">10cm*10cm<\/div>\n<\/div>\n<div style=\"display: flex; background-color: #ffffff; padding: 10px; border-bottom: 1px solid #ddd;\">\n<div style=\"width: 40%; font-weight: bold;\">Deep Water Odor Proof Core<\/div>\n<div style=\"width: 60%;\">10cm*10CM<\/div>\n<\/div>\n<div style=\"display: flex; background-color: #f2f2f2; padding: 10px; border-bottom: 1px solid #ddd;\">\n<div style=\"width: 40%; font-weight: bold;\">Installation Depth<\/div>\n<div style=\"width: 60%;\">60-120mm<\/div>\n<\/div>\n<div style=\"display: flex; background-color: #ffffff; padding: 10px; border-bottom: 1px solid #ddd;\">\n<div style=\"width: 40%; font-weight: bold;\">Drainage Pipe Diameter<\/div>\n<div style=\"width: 60%;\">\u226550-75mm<\/div>\n<\/div>\n<div style=\"display: flex; background-color: #f2f2f2; padding: 10px; border-bottom: 1px solid #ddd;\">\n<div style=\"width: 40%; font-weight: bold;\">Thickness<\/div>\n<div style=\"width: 60%;\">2MM\/3MM<\/div>\n<\/div>\n<p><img fetchpriority=\"high\" decoding=\"async\" class=\"alignnone \" src=\"\/\/sc04.alicdn.com\/kf\/Habf4499b8a804df38f866fcb5100f94di\/247797071\/Habf4499b8a804df38f866fcb5100f94di.jpg\" width=\"541\" height=\"541\" \/><\/p>\n<p><img decoding=\"async\" class=\"alignnone \" src=\"\/\/sc04.alicdn.com\/kf\/Hec8a31c25ce047e3aa8f3ee506f3f267W\/247797071\/Hec8a31c25ce047e3aa8f3ee506f3f267W.jpg\" width=\"539\" height=\"539\" \/><\/p>\n<p><img decoding=\"async\" class=\"alignnone \" src=\"\/\/sc04.alicdn.com\/kf\/H4108933b32674f3295a0b1a838f1a1e8S\/247797071\/H4108933b32674f3295a0b1a838f1a1e8S.jpg\" width=\"540\" height=\"540\" \/><\/p>\n<p><img loading=\"lazy\" decoding=\"async\" class=\"alignnone \" src=\"\/\/sc04.alicdn.com\/kf\/H496721ce4c554680b6a4a8e7302664e3g\/247797071\/H496721ce4c554680b6a4a8e7302664e3g.jpg\" width=\"540\" height=\"540\" \/><\/p>\n<p><img loading=\"lazy\" decoding=\"async\" class=\"alignnone \" src=\"\/\/sc04.alicdn.com\/kf\/H54acc8bce5f4432387260fffcf332f8f1\/247797071\/H54acc8bce5f4432387260fffcf332f8f1.jpg\" width=\"543\" height=\"823\" \/><\/p>\n<p><img loading=\"lazy\" decoding=\"async\" class=\"alignnone \" src=\"\/\/sc04.alicdn.com\/kf\/Hd50913e3d7da4f0e922976024989bfaco\/247797071\/Hd50913e3d7da4f0e922976024989bfaco.jpg\" width=\"545\" height=\"545\" \/><\/p>\n<p><img loading=\"lazy\" decoding=\"async\" class=\"alignnone \" src=\"\/\/sc04.alicdn.com\/kf\/H88cd1750da3548789314aad33c845a39T\/247797071\/H88cd1750da3548789314aad33c845a39T.jpg\" width=\"543\" height=\"585\" \/><\/p>\n<p><img loading=\"lazy\" decoding=\"async\" class=\"alignnone \" src=\"\/\/sc04.alicdn.com\/kf\/H6cba5fe4885944c698a90f77f8128d2a0\/247797071\/H6cba5fe4885944c698a90f77f8128d2a0.jpg\" width=\"541\" height=\"541\" \/><\/p>\n<p><img loading=\"lazy\" decoding=\"async\" class=\"alignnone \" src=\"\/\/sc04.alicdn.com\/kf\/H57094c0ccba341dab217e006bc2a3e73x\/247797071\/H57094c0ccba341dab217e006bc2a3e73x.jpg\" width=\"541\" height=\"541\" \/><\/p>\n<p><img loading=\"lazy\" decoding=\"async\" class=\"alignnone \" src=\"\/\/sc04.alicdn.com\/kf\/Hb83cbd0658b94aaa968224481435522aN\/247797071\/Hb83cbd0658b94aaa968224481435522aN.jpg\" width=\"544\" height=\"544\" \/><\/p>\n<p><img loading=\"lazy\" decoding=\"async\" class=\"alignnone \" src=\"\/\/sc04.alicdn.com\/kf\/Hebb122fdb2b744d1ba2bea8ab534cbedG\/247797071\/Hebb122fdb2b744d1ba2bea8ab534cbedG.jpg\" width=\"541\" height=\"541\" \/><\/p>\n<p><img loading=\"lazy\" decoding=\"async\" class=\"alignnone \" src=\"\/\/sc04.alicdn.com\/kf\/H6206472f6d3c4b0ca666dd06851703b5K\/247797071\/H6206472f6d3c4b0ca666dd06851703b5K.jpg\" width=\"541\" height=\"541\" \/><\/p>\n<p><img loading=\"lazy\" decoding=\"async\" class=\"alignnone \" src=\"\/\/sc04.alicdn.com\/kf\/H3ad461068a94429188313a7ba5f6dd181\/247797071\/H3ad461068a94429188313a7ba5f6dd181.jpg\" width=\"540\" height=\"540\" \/><\/p>\n<p><img loading=\"lazy\" decoding=\"async\" class=\"alignnone \" src=\"\/\/sc04.alicdn.com\/kf\/H3a2a7d19584548d78f81777f567bc1d4I\/247797071\/H3a2a7d19584548d78f81777f567bc1d4I.jpg\" width=\"542\" height=\"542\" \/><\/p>\n<p><img loading=\"lazy\" decoding=\"async\" class=\"alignnone \" src=\"\/\/sc04.alicdn.com\/kf\/H9bf09101a1884c8cb3eed7826d98642fB\/247797071\/H9bf09101a1884c8cb3eed7826d98642fB.jpg\" width=\"541\" height=\"541\" \/><\/p>\n<h3><strong>Product Colors<\/strong><\/h3>\n<hr style=\"border: 2px solid #000; margin-top: 5px; margin-bottom: 5px;\" \/>\n<p><img loading=\"lazy\" decoding=\"async\" class=\"alignnone \" src=\"\/\/sc04.alicdn.com\/kf\/Hab2bcf1f21494e75aef76bfd55e576d8W\/247797071\/Hab2bcf1f21494e75aef76bfd55e576d8W.jpg\" width=\"541\" height=\"541\" \/><\/p>\n<p><img loading=\"lazy\" decoding=\"async\" class=\"alignnone \" src=\"\/\/sc04.alicdn.com\/kf\/H116f3e39d5a34d62a1c7810f3199fe5aa\/247797071\/H116f3e39d5a34d62a1c7810f3199fe5aa.jpg\" width=\"541\" height=\"541\" \/><\/p>\n<p><img loading=\"lazy\" decoding=\"async\" class=\"alignnone \" src=\"\/\/sc04.alicdn.com\/kf\/H5d33989c10ea49a88ff538565019923dx\/247797071\/H5d33989c10ea49a88ff538565019923dx.jpg\" width=\"541\" height=\"541\" \/><\/p>\n<p><img loading=\"lazy\" decoding=\"async\" class=\"alignnone \" src=\"\/\/sc04.alicdn.com\/kf\/H807e78539a724cad846fa9d6f14b53cdw\/247797071\/H807e78539a724cad846fa9d6f14b53cdw.jpg\" width=\"540\" height=\"540\" \/><\/p>\n<p><img loading=\"lazy\" decoding=\"async\" class=\"alignnone \" src=\"\/\/sc04.alicdn.com\/kf\/Hbb34dc4ec587414c826ebed98e951f4cR\/247797071\/Hbb34dc4ec587414c826ebed98e951f4cR.jpg\" width=\"541\" height=\"541\" \/><\/p>\n<p><img loading=\"lazy\" decoding=\"async\" class=\"alignnone \" src=\"\/\/sc04.alicdn.com\/kf\/Hb654ee6d076b4624916332d219edca80r\/247797071\/Hb654ee6d076b4624916332d219edca80r.jpg\" width=\"541\" height=\"541\" \/><\/p>\n<h3><strong>FAQ<\/strong><\/h3>\n<hr style=\"border: 2px solid #000; margin-top: 5px; margin-bottom: 5px;\" \/>\n<p>FAQ Title goes here. 1. Q: Can you make samples according to my actual samples, special demand, design or own idea? A: Our R&amp;Ddept. has experienced engineers in structure and electocircuit. And we have good cooperative factories in molds forplastic andmetal. Based on these, we are able to make your special requests samples. 2. Q: What is your products warranty?A: Usually, oneyear warranty for our flashlight and other lighting products. 3. Q: How do you control quality?A: We are ISO9001 certified andstrictly follow the ISO procedures that we have set into place. We have an excellent QC process and department. They willinspectevery flashlight and lighting products and ensure every product can work before shipped out. 4. Q: May I have your samples?A:According to our sample policy, samples are free of charge for our common existing ones within a certain amount but customersneedto bear the express charge. If customers have an international express collect account no. for Fedex, UPS, DHL and so on. This will be more convenient for us. If customers are satisfied with the finished samples and will place the first order, we will startto refund the sample charge. For actual refundable procedure, this will be finalized according to actual sampling charge, thefirst order amount and actual communications. 5.Q: May i printing own logo ? A:Yes we can help you print logo according to yourrequirement.<\/p>\n","protected":false},"excerpt":{"rendered":"<p>Description des produits \u3010Acier inoxydable SUS304\u3011Fabriqu\u00e9 en acier inoxydable SUS304 de haute qualit\u00e9, prot\u00e8ge contre la corrosion, les rayures et la rouille pour une durabilit\u00e9 \u00e0 long terme.<\/p>","protected":false},"featured_media":30671,"comment_status":"open","ping_status":"closed","template":"","meta":[],"product_cat":[192,167,194],"product_tag":[],"class_list":{"0":"post-30672","1":"product","2":"type-product","3":"status-publish","4":"has-post-thumbnail","6":"product_cat-floor-drains","7":"product_cat-sanitary-ware","8":"product_cat-self-sealing-floor-drains","10":"first","11":"instock","12":"shipping-taxable","13":"purchasable","14":"product-type-simple"},"_links":{"self":[{"href":"https:\/\/meconstructionsupplies.com\/fr\/wp-json\/wp\/v2\/product\/30672","targetHints":{"allow":["GET"]}}],"collection":[{"href":"https:\/\/meconstructionsupplies.com\/fr\/wp-json\/wp\/v2\/product"}],"about":[{"href":"https:\/\/meconstructionsupplies.com\/fr\/wp-json\/wp\/v2\/types\/product"}],"replies":[{"embeddable":true,"href":"https:\/\/meconstructionsupplies.com\/fr\/wp-json\/wp\/v2\/comments?post=30672"}],"version-history":[{"count":2,"href":"https:\/\/meconstructionsupplies.com\/fr\/wp-json\/wp\/v2\/product\/30672\/revisions"}],"predecessor-version":[{"id":31100,"href":"https:\/\/meconstructionsupplies.com\/fr\/wp-json\/wp\/v2\/product\/30672\/revisions\/31100"}],"wp:featuredmedia":[{"embeddable":true,"href":"https:\/\/meconstructionsupplies.com\/fr\/wp-json\/wp\/v2\/media\/30671"}],"wp:attachment":[{"href":"https:\/\/meconstructionsupplies.com\/fr\/wp-json\/wp\/v2\/media?parent=30672"}],"wp:term":[{"taxonomy":"product_cat","embeddable":true,"href":"https:\/\/meconstructionsupplies.com\/fr\/wp-json\/wp\/v2\/product_cat?post=30672"},{"taxonomy":"product_tag","embeddable":true,"href":"https:\/\/meconstructionsupplies.com\/fr\/wp-json\/wp\/v2\/product_tag?post=30672"}],"curies":[{"name":"wp","href":"https:\/\/api.w.org\/{rel}","templated":true}]}}