{"id":30704,"date":"2024-11-19T02:40:29","date_gmt":"2024-11-19T02:40:29","guid":{"rendered":"https:\/\/meconstructionsupplies.com\/product\/bathroom-trap-sus304-square-tile-invisible-insert-anti-odor-linear-stealth-deodorant-stainless-steel-cover-shower-floor-drain\/"},"modified":"2024-12-02T08:07:38","modified_gmt":"2024-12-02T08:07:38","slug":"bathroom-trap-sus304-square-tile-invisible-insert-anti-odor-linear-stealth-deodorant-stainless-steel-cover-shower-floor-drain","status":"publish","type":"product","link":"https:\/\/meconstructionsupplies.com\/fr\/product\/bathroom-trap-sus304-square-tile-invisible-insert-anti-odor-linear-stealth-deodorant-stainless-steel-cover-shower-floor-drain\/","title":{"rendered":"Siphon de salle de bain Sus304, carrelage carr\u00e9, insertion invisible, anti-odeur, d\u00e9odorant furtif lin\u00e9aire, couvercle en acier inoxydable, drain de sol de douche"},"content":{"rendered":"<div style=\"width: 540px;\" class=\"wp-video\"><!--[if lt IE 9]><script>document.createElement('video');<\/script><![endif]-->\n<video class=\"wp-video-shortcode\" id=\"video-30704-1\" width=\"540\" height=\"960\" preload=\"metadata\" controls=\"controls\"><source type=\"video\/mp4\" src=\"\/\/play.video.alibaba.com\/play\/u\/2153292369\/p\/1\/e\/6\/t\/10300\/302092367772.mp4?_=1\" \/><a href=\"\/\/play.video.alibaba.com\/play\/u\/2153292369\/p\/1\/e\/6\/t\/10300\/302092367772.mp4\">\/\/play.video.alibaba.com\/play\/u\/2153292369\/p\/1\/e\/6\/t\/10300\/302092367772.mp4<\/a><\/video><\/div>\n<div id=\"detail_decorate_root\">\n<div id=\"ali-anchor-AliMagic-ac1if6\" class=\"mceSectionContainer\" data-section=\"AliMagic-ac1if6\" data-section-title=\"Product Description\">\n<div id=\"ali-title-AliMagic-ac1if6\" style=\"padding: 8px 0; border-bottom: 1px solid #ddd;\"><span style=\"background-color: #ddd; color: #333; font-weight: bold; padding: 8px 10px; line-height: 12px;\">Product Description<\/span><\/div>\n<p>Product Description<\/p>\n<\/div>\n<div>\n<div>\n<div><\/div>\n<div>\n<p><img fetchpriority=\"high\" decoding=\"async\" class=\"alignnone \" src=\"\/\/sc04.alicdn.com\/kf\/H4ee6bba9b4604ceb8bf82ff031ff104fi\/250444449\/H4ee6bba9b4604ceb8bf82ff031ff104fi.jpg\" width=\"541\" height=\"541\" \/><\/p>\n<\/div>\n<div>\n<p><img decoding=\"async\" class=\"alignnone \" src=\"\/\/sc04.alicdn.com\/kf\/Hd68c674bacb640aabca90d528a829051M\/250444449\/Hd68c674bacb640aabca90d528a829051M.jpg\" width=\"543\" height=\"245\" \/><\/p>\n<p><img decoding=\"async\" class=\"alignnone \" src=\"\/\/sc04.alicdn.com\/kf\/H3567e60e859a4418814438bb503353e2r\/250444449\/H3567e60e859a4418814438bb503353e2r.jpg\" width=\"542\" height=\"542\" \/><\/p>\n<p><img loading=\"lazy\" decoding=\"async\" class=\"alignnone \" src=\"\/\/sc04.alicdn.com\/kf\/Hf7d192d6bd3647c0831d1ffa96b4ad845\/250444449\/Hf7d192d6bd3647c0831d1ffa96b4ad845.jpg\" width=\"539\" height=\"539\" \/><\/p>\n<\/div>\n<div><\/div>\n<div><\/div>\n<\/div>\n<\/div>\n<div id=\"ali-anchor-AliPostDhMb-jsaza\" class=\"mceSectionContainer\" style=\"padding-top: 8px;\" data-section=\"AliPostDhMb-jsaza\" data-section-title=\"3D reality showroom\">\n<div id=\"ali-title-AliPostDhMb-jsaza\" style=\"padding: 8px 0; border-bottom: 1px solid #ddd;\"><span style=\"background-color: #ddd; color: #333; font-weight: bold; padding: 8px 10px; line-height: 12px;\">3D reality showroom<\/span><\/div>\n<div style=\"padding: 10px 0;\">\n<p>&nbsp;<\/p>\n<p><img loading=\"lazy\" decoding=\"async\" class=\"alignnone \" src=\"\/\/sc04.alicdn.com\/kf\/Hf2fbfd72faca4452a7ab90218f4d7d73x\/250444449\/Hf2fbfd72faca4452a7ab90218f4d7d73x.jpg\" width=\"544\" height=\"306\" \/><\/p>\n<p>&nbsp;<\/p>\n<\/div>\n<\/div>\n<div id=\"ali-anchor-AliPostDhMb-5o5p2\" class=\"mceSectionContainer\" style=\"padding-top: 8px;\" data-section=\"AliPostDhMb-5o5p2\" data-section-title=\"Related products\">\n<div id=\"ali-title-AliPostDhMb-5o5p2\" style=\"padding: 8px 0; border-bottom: 1px solid #ddd;\"><span style=\"background-color: #ddd; color: #333; font-weight: bold; padding: 8px 10px; line-height: 12px;\">Related products<\/span><\/div>\n<div style=\"padding: 10px 0;\"><\/div>\n<\/div>\n<div><\/div>\n<div><\/div>\n<div id=\"ali-anchor-AliMagic-gp8eu8\" class=\"mceSectionContainer\" data-section=\"AliMagic-gp8eu8\" data-section-title=\"Specification\">\n<div id=\"ali-title-AliMagic-gp8eu8\" style=\"padding: 8px 0; border-bottom: 1px solid #ddd;\"><span style=\"background-color: #ddd; color: #333; font-weight: bold; padding: 8px 10px; line-height: 12px;\">Specification<\/span><\/div>\n<p>Specification<\/p>\n<\/div>\n<div>\n<div>\n<div>\n<div style=\"display: flex; background-color: #f2f2f2; padding: 10px; border-bottom: 1px solid #ddd;\">\n<div style=\"width: 40%; font-weight: bold;\">Warranty<\/div>\n<div style=\"width: 60%;\">2 years<\/div>\n<\/div>\n<div style=\"display: flex; background-color: #e9ecef; padding: 10px; border-bottom: 1px solid #ddd;\">\n<div style=\"width: 40%; font-weight: bold;\">After-sale Service<\/div>\n<div style=\"width: 60%;\">Online technical support<\/div>\n<\/div>\n<div style=\"display: flex; background-color: #f2f2f2; padding: 10px; border-bottom: 1px solid #ddd;\">\n<div style=\"width: 40%; font-weight: bold;\">Outer Diameter<\/div>\n<div style=\"width: 60%;\">other<\/div>\n<\/div>\n<div style=\"display: flex; background-color: #e9ecef; padding: 10px; border-bottom: 1px solid #ddd;\">\n<div style=\"width: 40%; font-weight: bold;\">Size<\/div>\n<div style=\"width: 60%;\">other<\/div>\n<\/div>\n<div style=\"display: flex; background-color: #f2f2f2; padding: 10px; border-bottom: 1px solid #ddd;\">\n<div style=\"width: 40%; font-weight: bold;\">Project Solution Capability<\/div>\n<div style=\"width: 60%;\">graphic design<\/div>\n<\/div>\n<div style=\"display: flex; background-color: #e9ecef; padding: 10px; border-bottom: 1px solid #ddd;\">\n<div style=\"width: 40%; font-weight: bold;\">Application<\/div>\n<div style=\"width: 60%;\">Hotel \/ villa \/ school \/ shopping mall<\/div>\n<\/div>\n<div style=\"display: flex; background-color: #f2f2f2; padding: 10px; border-bottom: 1px solid #ddd;\">\n<div style=\"width: 40%; font-weight: bold;\">Design Style<\/div>\n<div style=\"width: 60%;\">Modern<\/div>\n<\/div>\n<div style=\"display: flex; background-color: #e9ecef; padding: 10px; border-bottom: 1px solid #ddd;\">\n<div style=\"width: 40%; font-weight: bold;\">Place of Origin<\/div>\n<div style=\"width: 60%;\">China<\/div>\n<\/div>\n<div style=\"display: flex; background-color: #f2f2f2; padding: 10px; border-bottom: 1px solid #ddd;\">\n<div style=\"width: 40%; font-weight: bold;\"><\/div>\n<div style=\"width: 60%;\">Guangdong<\/div>\n<\/div>\n<div style=\"display: flex; background-color: #e9ecef; padding: 10px; border-bottom: 1px solid #ddd;\">\n<div style=\"width: 40%; font-weight: bold;\">Brand Name<\/div>\n<div style=\"width: 60%;\">M&amp;P<\/div>\n<\/div>\n<div style=\"display: flex; background-color: #f2f2f2; padding: 10px; border-bottom: 1px solid #ddd;\">\n<div style=\"width: 40%; font-weight: bold;\">Model Number<\/div>\n<div style=\"width: 60%;\">MP-T62C-ztc<\/div>\n<\/div>\n<div style=\"display: flex; background-color: #e9ecef; padding: 10px; border-bottom: 1px solid #ddd;\">\n<div style=\"width: 40%; font-weight: bold;\">Surface Treatment<\/div>\n<div style=\"width: 60%;\">Polished<\/div>\n<\/div>\n<div style=\"display: flex; background-color: #f2f2f2; padding: 10px; border-bottom: 1px solid #ddd;\">\n<div style=\"width: 40%; font-weight: bold;\">Style<\/div>\n<div style=\"width: 60%;\">Strainer<\/div>\n<\/div>\n<div style=\"display: flex; background-color: #e9ecef; padding: 10px; border-bottom: 1px solid #ddd;\">\n<div style=\"width: 40%; font-weight: bold;\">Product name<\/div>\n<div style=\"width: 60%;\">Bathroom Stainless Steel Floor Drains<\/div>\n<\/div>\n<div style=\"display: flex; background-color: #f2f2f2; padding: 10px; border-bottom: 1px solid #ddd;\">\n<div style=\"width: 40%; font-weight: bold;\">Usage<\/div>\n<div style=\"width: 60%;\">Bathroom Shower<\/div>\n<\/div>\n<div style=\"display: flex; background-color: #e9ecef; padding: 10px; border-bottom: 1px solid #ddd;\">\n<div style=\"width: 40%; font-weight: bold;\">Size<\/div>\n<div style=\"width: 60%;\">100*100mm\/120*120mm\/150*150mm<\/div>\n<\/div>\n<div style=\"display: flex; background-color: #f2f2f2; padding: 10px; border-bottom: 1px solid #ddd;\">\n<div style=\"width: 40%; font-weight: bold;\">Type<\/div>\n<div style=\"width: 60%;\">Stainless Steel Shower Floor Drain<\/div>\n<\/div>\n<div style=\"display: flex; background-color: #e9ecef; padding: 10px; border-bottom: 1px solid #ddd;\">\n<div style=\"width: 40%; font-weight: bold;\">Surface<\/div>\n<div style=\"width: 60%;\">Satin \/ Polished<\/div>\n<\/div>\n<div style=\"display: flex; background-color: #f2f2f2; padding: 10px; border-bottom: 1px solid #ddd;\">\n<div style=\"width: 40%; font-weight: bold;\">Certification<\/div>\n<div style=\"width: 60%;\">ISO9001<\/div>\n<\/div>\n<div style=\"display: flex; background-color: #e9ecef; padding: 10px; border-bottom: 1px solid #ddd;\">\n<div style=\"width: 40%; font-weight: bold;\">Packing<\/div>\n<div style=\"width: 60%;\">Carton<\/div>\n<\/div>\n<div style=\"display: flex; background-color: #f2f2f2; padding: 10px; border-bottom: 1px solid #ddd;\">\n<div style=\"width: 40%; font-weight: bold;\">Keyword<\/div>\n<div style=\"width: 60%;\">Floor Drains<\/div>\n<\/div>\n<div style=\"display: flex; background-color: #e9ecef; padding: 10px; border-bottom: 1px solid #ddd;\">\n<div style=\"width: 40%; font-weight: bold;\">Main Material<\/div>\n<div style=\"width: 60%;\">Stainless Steel 304<\/div>\n<\/div>\n<div style=\"display: flex; background-color: #f2f2f2; padding: 10px; border-bottom: 1px solid #ddd;\">\n<div style=\"width: 40%; font-weight: bold;\">MOQ<\/div>\n<div style=\"width: 60%;\">100PCS<\/div>\n<\/div>\n<\/div>\n<\/div>\n<\/div>\n<div><\/div>\n<div><\/div>\n<div id=\"ali-anchor-AliPostDhMb-8f6vj\" class=\"mceSectionContainer\" style=\"padding-top: 8px;\" data-section=\"AliPostDhMb-8f6vj\" data-section-title=\"Company introduction\">\n<div id=\"ali-title-AliPostDhMb-8f6vj\" style=\"padding: 8px 0; border-bottom: 1px solid #ddd;\"><span style=\"background-color: #ddd; color: #333; font-weight: bold; padding: 8px 10px; line-height: 12px;\">Company introduction<\/span><\/div>\n<div style=\"padding: 10px 0;\">\n<p>&nbsp;<\/p>\n<p><img loading=\"lazy\" decoding=\"async\" class=\"alignnone \" src=\"\/\/sc04.alicdn.com\/kf\/Hd109688d7e6b491d984cea5822b21097G\/250444449\/Hd109688d7e6b491d984cea5822b21097G.jpg\" width=\"537\" height=\"390\" \/><\/p>\n<p><img loading=\"lazy\" decoding=\"async\" class=\"alignnone \" src=\"\/\/sc04.alicdn.com\/kf\/H7c50a57b8e1c4d26b2b8a400a9ca0dc7u\/250444449\/H7c50a57b8e1c4d26b2b8a400a9ca0dc7u.jpg\" width=\"544\" height=\"395\" \/><\/p>\n<p>&nbsp;<\/p>\n<p><img loading=\"lazy\" decoding=\"async\" class=\"alignnone \" src=\"\/\/sc04.alicdn.com\/kf\/Hde0aa39de65148789078a5c7487a01f60\/250444449\/Hde0aa39de65148789078a5c7487a01f60.jpg\" width=\"538\" height=\"376\" \/><\/p>\n<\/div>\n<\/div>\n<div id=\"ali-anchor-AliPostDhMb-8gnme\" class=\"mceSectionContainer\" style=\"padding-top: 8px;\" data-section=\"AliPostDhMb-8gnme\" data-section-title=\"Exhibition\">\n<div id=\"ali-title-AliPostDhMb-8gnme\" style=\"padding: 8px 0; border-bottom: 1px solid #ddd;\"><span style=\"background-color: #ddd; color: #333; font-weight: bold; padding: 8px 10px; line-height: 12px;\">Exhibition<\/span><\/div>\n<div style=\"padding: 10px 0;\">\n<p><img loading=\"lazy\" decoding=\"async\" class=\"alignnone \" src=\"\/\/sc04.alicdn.com\/kf\/H52cf1dc99fb54f2f94e45fe407a4e5b6S\/250444449\/H52cf1dc99fb54f2f94e45fe407a4e5b6S.jpg\" width=\"541\" height=\"443\" \/><\/p>\n<\/div>\n<\/div>\n<div id=\"ali-anchor-AliPostDhMb-8l66y\" class=\"mceSectionContainer\" style=\"padding-top: 8px;\" data-section=\"AliPostDhMb-8l66y\" data-section-title=\"FAQ\">\n<div id=\"ali-title-AliPostDhMb-8l66y\" style=\"padding: 8px 0; border-bottom: 1px solid #ddd;\"><span style=\"background-color: #ddd; color: #333; font-weight: bold; padding: 8px 10px; line-height: 12px;\">FAQ<\/span><\/div>\n<div style=\"padding: 10px 0;\">\n<p style=\"box-sizing: content-box; font-size: 12px; line-height: inherit; margin: 0pt; font-weight: 400; padding: 0pt; border: 0px; font-style: normal; font-family: Arial; vertical-align: baseline; background-color: #ffffff; color: #000000;\"><strong><span style=\"box-sizing: content-box; margin: 0px; padding: 0px; border: 0px; font-style: normal; font-weight: bold; font-size: 12pt; line-height: 24px; font-family: Arial; vertical-align: baseline; color: #000000;\">Q<\/span><\/strong><strong><span style=\"box-sizing: content-box; margin: 0px; padding: 0px; border: 0px; font-style: normal; font-weight: bold; font-size: 12pt; line-height: 24px; vertical-align: baseline; color: #000000;\">1<\/span><\/strong><strong><span style=\"box-sizing: content-box; margin: 0px; padding: 0px; border: 0px; font-style: normal; font-weight: bold; font-size: 12pt; line-height: 24px; font-family: Arial; vertical-align: baseline; color: #000000;\">.\u00a0What\u00a0is\u00a0your\u00a0terms\u00a0of\u00a0payment?<\/span><\/strong><\/p>\n<p style=\"box-sizing: content-box; font-size: 12px; line-height: inherit; margin: 0pt; font-weight: 400; padding: 0pt; border: 0px; font-style: normal; font-family: Arial; vertical-align: baseline; background-color: #ffffff; color: #000000;\"><span style=\"box-sizing: content-box; margin: 0px; padding: 0px; border: 0px; font-style: normal; font-weight: normal; font-size: 12pt; line-height: 24px; font-family: Arial; vertical-align: baseline; color: #000000;\">\u00a0A:T\/T. 30%\u00a0before production. 70%<\/span><span style=\"box-sizing: content-box; margin: 0px; padding: 0px; border: 0px; font-style: normal; font-weight: normal; font-size: 12pt; line-height: 24px; vertical-align: baseline; color: #000000;\">\u00a0<\/span><span style=\"box-sizing: content-box; margin: 0px; padding: 0px; border: 0px; font-style: normal; font-weight: normal; font-size: 12pt; line-height: 24px; font-family: Arial; vertical-align: baseline; color: #000000;\">before\u00a0shipment.\u00a0We&#8217;ll\u00a0show\u00a0you\u00a0the\u00a0photos<\/span><\/p>\n<p style=\"box-sizing: content-box; font-size: 12px; line-height: inherit; margin: 0pt; font-weight: 400; padding: 0pt; border: 0px; font-style: normal; font-family: Arial; vertical-align: baseline; background-color: #ffffff; color: #000000;\"><span style=\"box-sizing: content-box; margin: 0px; padding: 0px; border: 0px; font-style: normal; font-weight: normal; font-size: 12pt; line-height: 24px; font-family: Arial; vertical-align: baseline; color: #000000;\">of\u00a0the\u00a0products\u00a0and\u00a0packages\u00a0before\u00a0delivery.<\/span><\/p>\n<p style=\"box-sizing: content-box; font-size: 12px; line-height: inherit; margin: 0pt; font-weight: 400; padding: 0pt; border: 0px; font-style: normal; font-family: Arial; vertical-align: baseline; background-color: #ffffff; color: #000000;\"><span style=\"box-sizing: content-box; margin: 0px; padding: 0px; border: 0px; font-style: normal; font-weight: normal; font-size: 9pt; line-height: 18px; font-family: Arial; vertical-align: baseline; color: #000000;\">\u00a0<\/span><strong><span style=\"box-sizing: content-box; margin: 0px; padding: 0px; border: 0px; font-style: normal; font-weight: bold; font-size: 12pt; line-height: 24px; font-family: Arial; vertical-align: baseline; color: #000000;\">Q<\/span><\/strong><strong><span style=\"box-sizing: content-box; margin: 0px; padding: 0px; border: 0px; font-style: normal; font-weight: bold; font-size: 12pt; line-height: 24px; vertical-align: baseline; color: #000000;\">2<\/span><\/strong><strong><span style=\"box-sizing: content-box; margin: 0px; padding: 0px; border: 0px; font-style: normal; font-weight: bold; font-size: 12pt; line-height: 24px; font-family: Arial; vertical-align: baseline; color: #000000;\">.\u00a0What\u00a0is\u00a0your\u00a0terms\u00a0of\u00a0delivery?<\/span><\/strong><\/p>\n<p style=\"box-sizing: content-box; font-size: 12px; line-height: inherit; margin: 0pt; font-weight: 400; padding: 0pt; border: 0px; font-style: normal; font-family: Arial; vertical-align: baseline; background-color: #ffffff; color: #000000;\"><span style=\"box-sizing: content-box; margin: 0px; padding: 0px; border: 0px; font-style: normal; font-weight: normal; font-size: 12pt; line-height: 24px; font-family: Arial; vertical-align: baseline; color: #000000;\">\u00a0A:\u00a0EXW,\u00a0FOB,\u00a0CFR,\u00a0CIF<\/span><\/p>\n<p style=\"box-sizing: content-box; font-size: 12px; line-height: inherit; margin: 0pt; font-weight: 400; padding: 0pt; border: 0px; font-style: normal; font-family: Arial; vertical-align: baseline; background-color: #ffffff; color: #000000;\"><span style=\"box-sizing: content-box; margin: 0px; padding: 0px; border: 0px; font-style: normal; font-weight: normal; font-size: 9pt; line-height: 18px; font-family: Arial; vertical-align: baseline; color: #000000;\">\u00a0<\/span><strong><span style=\"box-sizing: content-box; margin: 0px; padding: 0px; border: 0px; font-style: normal; font-weight: bold; font-size: 12pt; line-height: 24px; font-family: Arial; vertical-align: baseline; color: #000000;\">Q<\/span><\/strong><strong><span style=\"box-sizing: content-box; margin: 0px; padding: 0px; border: 0px; font-style: normal; font-weight: bold; font-size: 12pt; line-height: 24px; vertical-align: baseline; color: #000000;\">3<\/span><\/strong><strong><span style=\"box-sizing: content-box; margin: 0px; padding: 0px; border: 0px; font-style: normal; font-weight: bold; font-size: 12pt; line-height: 24px; font-family: Arial; vertical-align: baseline; color: #000000;\">.\u00a0How\u00a0about\u00a0your\u00a0delivery\u00a0time?<\/span><\/strong><\/p>\n<p style=\"box-sizing: content-box; font-size: 12px; line-height: inherit; margin: 0pt; font-weight: 400; padding: 0pt; border: 0px; font-style: normal; font-family: Arial; vertical-align: baseline; background-color: #ffffff; color: #000000;\"><span style=\"box-sizing: content-box; margin: 0px; padding: 0px; border: 0px; font-style: normal; font-weight: normal; font-size: 12pt; line-height: 24px; font-family: Arial; vertical-align: baseline; color: #000000;\">\u00a0A:\u00a0Generally,\u00a0it\u00a0will\u00a0take\u00a0<\/span><span style=\"box-sizing: content-box; margin: 0px; padding: 0px; border: 0px; font-style: normal; font-weight: normal; font-size: 12pt; line-height: 24px; vertical-align: baseline; color: #000000;\">15-25<\/span><span style=\"box-sizing: content-box; margin: 0px; padding: 0px; border: 0px; font-style: normal; font-weight: normal; font-size: 12pt; line-height: 24px; font-family: Arial; vertical-align: baseline; color: #000000;\">\u00a0days\u00a0upon your payment.\u00a0The\u00a0specific\u00a0delivery\u00a0time\u00a0depends<\/span><\/p>\n<p style=\"box-sizing: content-box; font-size: 12px; line-height: inherit; margin: 0pt; font-weight: 400; padding: 0pt; border: 0px; font-style: normal; font-family: Arial; vertical-align: baseline; background-color: #ffffff; color: #000000;\"><span style=\"box-sizing: content-box; margin: 0px; padding: 0px; border: 0px; font-style: normal; font-weight: normal; font-size: 12pt; line-height: 24px; font-family: Arial; vertical-align: baseline; color: #000000;\">on\u00a0the\u00a0items\u00a0and\u00a0the\u00a0quantity\u00a0of\u00a0your\u00a0order.<\/span><\/p>\n<p style=\"box-sizing: content-box; font-size: 12px; line-height: inherit; margin: 0pt; font-weight: 400; padding: 0pt; border: 0px; font-style: normal; font-family: Arial; vertical-align: baseline; background-color: #ffffff; color: #000000;\"><span style=\"box-sizing: content-box; margin: 0px; padding: 0px; border: 0px; font-style: normal; font-weight: normal; font-size: 9pt; line-height: 18px; font-family: Arial; vertical-align: baseline; color: #000000;\">\u00a0<\/span><strong><span style=\"box-sizing: content-box; margin: 0px; padding: 0px; border: 0px; font-style: normal; font-weight: bold; font-size: 12pt; line-height: 24px; font-family: Arial; vertical-align: baseline; color: #000000;\">Q<\/span><\/strong><strong><span style=\"box-sizing: content-box; margin: 0px; padding: 0px; border: 0px; font-style: normal; font-weight: bold; font-size: 12pt; line-height: 24px; vertical-align: baseline; color: #000000;\">4<\/span><\/strong><strong><span style=\"box-sizing: content-box; margin: 0px; padding: 0px; border: 0px; font-style: normal; font-weight: bold; font-size: 12pt; line-height: 24px; font-family: Arial; vertical-align: baseline; color: #000000;\">.\u00a0Can\u00a0you\u00a0produce\u00a0according\u00a0to\u00a0the\u00a0samples?<\/span><\/strong><\/p>\n<p style=\"box-sizing: content-box; font-size: 12px; line-height: inherit; margin: 0pt; font-weight: 400; padding: 0pt; border: 0px; font-style: normal; font-family: Arial; vertical-align: baseline; background-color: #ffffff; color: #000000;\"><span style=\"box-sizing: content-box; margin: 0px; padding: 0px; border: 0px; font-style: normal; font-weight: normal; font-size: 12pt; line-height: 24px; font-family: Arial; vertical-align: baseline; color: #000000;\">\u00a0A:\u00a0Yes,\u00a0we\u00a0can\u00a0produce\u00a0by\u00a0your\u00a0samples\u00a0or\u00a0technical\u00a0drawings.We\u00a0can\u00a0build\u00a0the\u00a0molds\u00a0and\u00a0fixtures.<\/span><\/p>\n<p style=\"box-sizing: content-box; font-size: 12px; line-height: inherit; margin: 0pt; font-weight: 400; padding: 0pt; border: 0px; font-style: normal; font-family: Arial; vertical-align: baseline; background-color: #ffffff; color: #000000;\"><strong><span style=\"box-sizing: content-box; margin: 0px; padding: 0px; border: 0px; font-style: normal; font-weight: bold; font-size: 12pt; line-height: 24px; font-family: Arial; vertical-align: baseline; color: #000000;\">Q<\/span><\/strong><strong><span style=\"box-sizing: content-box; margin: 0px; padding: 0px; border: 0px; font-style: normal; font-weight: bold; font-size: 12pt; line-height: 24px; vertical-align: baseline; color: #000000;\">5<\/span><\/strong><strong><span style=\"box-sizing: content-box; margin: 0px; padding: 0px; border: 0px; font-style: normal; font-weight: bold; font-size: 12pt; line-height: 24px; font-family: Arial; vertical-align: baseline; color: #000000;\">.\u00a0What\u00a0is\u00a0your\u00a0sample\u00a0policy?<\/span><\/strong><\/p>\n<p style=\"box-sizing: content-box; font-size: 12px; line-height: inherit; margin: 0pt; font-weight: 400; padding: 0pt; border: 0px; font-style: normal; font-family: Arial; vertical-align: baseline; background-color: #ffffff; color: #000000;\"><span style=\"box-sizing: content-box; margin: 0px; padding: 0px; border: 0px; font-style: normal; font-weight: normal; font-size: 12pt; line-height: 24px; font-family: Arial; vertical-align: baseline; color: #000000;\">\u00a0A:\u00a0We\u00a0can\u00a0supply\u00a0the\u00a0sample\u00a0if\u00a0we\u00a0have\u00a0ready\u00a0parts\u00a0in\u00a0stock,\u00a0but\u00a0the\u00a0customers\u00a0have\u00a0to\u00a0pay<\/span><span style=\"box-sizing: content-box; margin: 0px; padding: 0px; border: 0px; font-style: normal; font-weight: normal; font-size: 12pt; line-height: 24px; vertical-align: baseline; color: #000000;\">\u00a0<\/span><span style=\"box-sizing: content-box; margin: 0px; padding: 0px; border: 0px; font-style: normal; font-weight: normal; font-size: 12pt; line-height: 24px; font-family: Arial; vertical-align: baseline; color: #000000;\">the\u00a0sample\u00a0cost\u00a0and\u00a0the\u00a0courier\u00a0cost.<\/span><\/p>\n<p style=\"box-sizing: content-box; font-size: 12px; line-height: inherit; margin: 0pt; font-weight: 400; padding: 0pt; border: 0px; font-style: normal; font-family: Arial; vertical-align: baseline; background-color: #ffffff; color: #000000;\"><strong><span style=\"box-sizing: content-box; margin: 0px; padding: 0px; border: 0px; font-style: normal; font-weight: bold; font-size: 12pt; line-height: 24px; font-family: Arial; vertical-align: baseline; color: #000000;\">Q<\/span><\/strong><strong><span style=\"box-sizing: content-box; margin: 0px; padding: 0px; border: 0px; font-style: normal; font-weight: bold; font-size: 12pt; line-height: 24px; vertical-align: baseline; color: #000000;\">6<\/span><\/strong><strong><span style=\"box-sizing: content-box; margin: 0px; padding: 0px; border: 0px; font-style: normal; font-weight: bold; font-size: 12pt; line-height: 24px; font-family: Arial; vertical-align: baseline; color: #000000;\">.\u00a0Do\u00a0you\u00a0test\u00a0all\u00a0your\u00a0goods\u00a0before\u00a0delivery?<\/span><\/strong><\/p>\n<p style=\"box-sizing: content-box; font-size: 12px; line-height: inherit; margin: 0pt; font-weight: 400; padding: 0pt; border: 0px; font-style: normal; font-family: Arial; vertical-align: baseline; background-color: #ffffff; color: #000000;\"><span style=\"box-sizing: content-box; margin: 0px; padding: 0px; border: 0px; font-style: normal; font-weight: normal; font-size: 12pt; line-height: 24px; font-family: Arial; vertical-align: baseline; color: #000000;\">\u00a0A:\u00a0Yes,\u00a0we\u00a0have\u00a0quality control system to make sure products delivered\u00a0perfect.<\/span><\/p>\n<\/div>\n<\/div>\n<div><\/div>\n<div><\/div>\n<div id=\"dxb-extension-app\"><\/div>\n<\/div>\n","protected":false},"excerpt":{"rendered":"<p>Description du produit Description du produit Salle d&#039;exposition de r\u00e9alit\u00e9 3D Produits connexes Sp\u00e9cification Sp\u00e9cification Garantie 2 ans Service apr\u00e8s-vente Technique en ligne<\/p>","protected":false},"featured_media":30703,"comment_status":"open","ping_status":"closed","template":"","meta":[],"product_cat":[195,192,167],"product_tag":[],"class_list":{"0":"post-30704","1":"product","2":"type-product","3":"status-publish","4":"has-post-thumbnail","6":"product_cat-deodorant-floor-drains","7":"product_cat-floor-drains","8":"product_cat-sanitary-ware","10":"first","11":"instock","12":"shipping-taxable","13":"purchasable","14":"product-type-simple"},"_links":{"self":[{"href":"https:\/\/meconstructionsupplies.com\/fr\/wp-json\/wp\/v2\/product\/30704","targetHints":{"allow":["GET"]}}],"collection":[{"href":"https:\/\/meconstructionsupplies.com\/fr\/wp-json\/wp\/v2\/product"}],"about":[{"href":"https:\/\/meconstructionsupplies.com\/fr\/wp-json\/wp\/v2\/types\/product"}],"replies":[{"embeddable":true,"href":"https:\/\/meconstructionsupplies.com\/fr\/wp-json\/wp\/v2\/comments?post=30704"}],"version-history":[{"count":2,"href":"https:\/\/meconstructionsupplies.com\/fr\/wp-json\/wp\/v2\/product\/30704\/revisions"}],"predecessor-version":[{"id":31106,"href":"https:\/\/meconstructionsupplies.com\/fr\/wp-json\/wp\/v2\/product\/30704\/revisions\/31106"}],"wp:featuredmedia":[{"embeddable":true,"href":"https:\/\/meconstructionsupplies.com\/fr\/wp-json\/wp\/v2\/media\/30703"}],"wp:attachment":[{"href":"https:\/\/meconstructionsupplies.com\/fr\/wp-json\/wp\/v2\/media?parent=30704"}],"wp:term":[{"taxonomy":"product_cat","embeddable":true,"href":"https:\/\/meconstructionsupplies.com\/fr\/wp-json\/wp\/v2\/product_cat?post=30704"},{"taxonomy":"product_tag","embeddable":true,"href":"https:\/\/meconstructionsupplies.com\/fr\/wp-json\/wp\/v2\/product_tag?post=30704"}],"curies":[{"name":"wp","href":"https:\/\/api.w.org\/{rel}","templated":true}]}}