{"id":30865,"date":"2024-11-19T06:05:25","date_gmt":"2024-11-19T06:05:25","guid":{"rendered":"https:\/\/meconstructionsupplies.com\/product\/0-3-0-5-0-75-1-1-5-2-2-5-4mm2-electrical-wire-high-temperature-resistant-glass-fiber-braid-rubber-insulated-cold-wire\/"},"modified":"2024-12-02T08:07:38","modified_gmt":"2024-12-02T08:07:38","slug":"0-3-0-5-0-75-1-1-5-2-2-5-4mm2-electrical-wire-high-temperature-resistant-glass-fiber-braid-rubber-insulated-cold-wire","status":"publish","type":"product","link":"https:\/\/meconstructionsupplies.com\/fr\/product\/0-3-0-5-0-75-1-1-5-2-2-5-4mm2-electrical-wire-high-temperature-resistant-glass-fiber-braid-rubber-insulated-cold-wire\/","title":{"rendered":"Fil \u00e9lectrique 0,3\/0,5\/0,75\/1\/1,5\/2\/2,5\/4 mm2, fil froid isol\u00e9 en caoutchouc tress\u00e9 en fibre de verre r\u00e9sistant aux hautes temp\u00e9ratures"},"content":{"rendered":"<h3><span style=\"background-color: #f2f2f2; border-radius: 3px; padding: 0 10px; display: inline-block; line-height: 36px; text-align: left;\">Description du produit<\/span><\/h3>\n<div>\n<div style=\"border: 0px; font-variant-caps: normal; padding: 0px; margin: 0px; color: #333333; font-weight: 400; vertical-align: baseline; font-size: 12px; font-variant-east-asian: inherit; line-height: inherit; font-stretch: inherit; font-style: normal; font-family: Arial, Helvetica, sans-serif; font-variant-numeric: inherit; font-variant-ligatures: normal; text-align: start;\">\n<p><span style=\"font-size: 14px;\">1. Cable type: high temperature electrical wire<\/p>\n<p>2. Temperature range: -60~+300C degrees<\/p>\n<p>3. Feature: Tin-plated stranded copper wire (soft, low resistance, anti-oxidation)<\/p>\n<p>4. Applications: It has the characteristics of cold resistance, high temperature resistance, wear resistance, high environmental protection, high flame retardant and fire prevention. It is widely used in various high-temperature places such as household appliances, lighting fixtures, industrial machines and electric heating products.<\/p>\n<p><\/span><\/p>\n<p><img fetchpriority=\"high\" decoding=\"async\" class=\"alignnone\" src=\"http:\/\/sc04.alicdn.com\/kf\/H0862363d63bc448ba67bbe46dc386dc1g\/206183773\/H0862363d63bc448ba67bbe46dc386dc1g.jpg\" width=\"541\" height=\"279\" \/><\/p>\n<p>&nbsp;<\/p>\n<div id=\"1703144498617\" style=\"padding: 10px 0; font-weight: normal; line-height: 24px; border-bottom: 1px solid #dfdfdf; text-align: left;\"><span style=\"background-color: #f2f2f2; border-radius: 3px; padding: 0 10px; display: inline-block; line-height: 36px; text-align: left;\">Product Parameters<\/span><\/div>\n<div>\n<div>\n<div style=\"display: flex; background-color: #f2f2f2; padding: 10px; border-bottom: 1px solid #ddd;\">\n<div style=\"width: 40%; font-weight: bold;\">Taper<\/div>\n<div style=\"width: 60%;\">insulated<\/div>\n<\/div>\n<div style=\"display: flex; background-color: #e9ecef; padding: 10px; border-bottom: 1px solid #ddd;\">\n<div style=\"width: 40%; font-weight: bold;\">Application<\/div>\n<div style=\"width: 60%;\">Connect the heating cable with power supply<\/div>\n<\/div>\n<div style=\"display: flex; background-color: #f2f2f2; padding: 10px; border-bottom: 1px solid #ddd;\">\n<div style=\"width: 40%; font-weight: bold;\">Conductor Material<\/div>\n<div style=\"width: 60%;\">Copper<\/div>\n<\/div>\n<div style=\"display: flex; background-color: #e9ecef; padding: 10px; border-bottom: 1px solid #ddd;\">\n<div style=\"width: 40%; font-weight: bold;\">Conductor Type<\/div>\n<div style=\"width: 60%;\">Stranded<\/div>\n<\/div>\n<div style=\"display: flex; background-color: #f2f2f2; padding: 10px; border-bottom: 1px solid #ddd;\">\n<div style=\"width: 40%; font-weight: bold;\">Insulation Material<\/div>\n<div style=\"width: 60%;\">Rubber<\/div>\n<\/div>\n<div style=\"display: flex; background-color: #e9ecef; padding: 10px; border-bottom: 1px solid #ddd;\">\n<div style=\"width: 40%; font-weight: bold;\">Temperature range<\/div>\n<div style=\"width: 60%;\">-60~ + 300C degrees<\/div>\n<\/div>\n<div style=\"display: flex; background-color: #f2f2f2; padding: 10px; border-bottom: 1px solid #ddd;\">\n<div style=\"width: 40%; font-weight: bold;\">is_customized<\/div>\n<div style=\"width: 60%;\">Oui<\/div>\n<\/div>\n<div style=\"display: flex; background-color: #e9ecef; padding: 10px; border-bottom: 1px solid #ddd;\">\n<div style=\"width: 40%; font-weight: bold;\">Couleur<\/div>\n<div style=\"width: 60%;\">Red ,Yellow ,Black ,Blue<\/div>\n<\/div>\n<div style=\"display: flex; background-color: #f2f2f2; padding: 10px; border-bottom: 1px solid #ddd;\">\n<div style=\"width: 40%; font-weight: bold;\">Cross-sectional area<\/div>\n<div style=\"width: 60%;\">0.3mm\u00b2, 0.5mm\u00b2, 0.75mm\u00b2, 1mm\u00b2, 1.5mm\u00b2, 2mm\u00b2, 2.5mm\u00b2, 4mm\u00b2<\/div>\n<\/div>\n<div style=\"display: flex; background-color: #e9ecef; padding: 10px; border-bottom: 1px solid #ddd;\">\n<div style=\"width: 40%; font-weight: bold;\">Emballage<\/div>\n<div style=\"width: 60%;\">Roll<\/div>\n<\/div>\n<div style=\"display: flex; background-color: #f2f2f2; padding: 10px; border-bottom: 1px solid #ddd;\">\n<div style=\"width: 40%; font-weight: bold;\">Quantit\u00e9 minimale de commande<\/div>\n<div style=\"width: 60%;\">1 Meters<\/div>\n<\/div>\n<div style=\"display: flex; background-color: #e9ecef; padding: 10px; border-bottom: 1px solid #ddd;\">\n<div style=\"width: 40%; font-weight: bold;\">Feature<\/div>\n<div style=\"width: 60%;\">tin-plated stranded copper wire<\/div>\n<\/div>\n<\/div>\n<\/div>\n<\/div>\n<div style=\"border: 0px; font-variant-caps: normal; padding: 0px; margin: 0px; color: #333333; font-weight: 400; vertical-align: baseline; font-size: 12px; font-variant-east-asian: inherit; line-height: inherit; font-stretch: inherit; font-style: normal; font-family: Arial, Helvetica, sans-serif; font-variant-numeric: inherit; font-variant-ligatures: normal; text-align: start;\">\n<div id=\"1703144498618\" style=\"padding: 10px 0; font-weight: normal; line-height: 24px; border-bottom: 1px solid #dfdfdf; text-align: left;\"><span style=\"background-color: #f2f2f2; border-radius: 3px; padding: 0 10px; display: inline-block; line-height: 36px;\">Detailed Photos<\/span><\/div>\n<p><img decoding=\"async\" class=\"alignnone\" src=\"http:\/\/sc04.alicdn.com\/kf\/H767a864c3871418c99ec2f9607bd8090A\/206183773\/H767a864c3871418c99ec2f9607bd8090A.jpg\" width=\"543\" height=\"543\" \/><\/p>\n<p><img decoding=\"async\" class=\"alignnone\" src=\"http:\/\/sc04.alicdn.com\/kf\/H074f17fddbec46f28e51b837458e1f99n\/206183773\/H074f17fddbec46f28e51b837458e1f99n.jpg\" width=\"540\" height=\"540\" \/><\/p>\n<p><img loading=\"lazy\" decoding=\"async\" class=\"alignnone\" src=\"http:\/\/sc04.alicdn.com\/kf\/H3f8285b39c554d669f04d462e6fea825T\/206183773\/H3f8285b39c554d669f04d462e6fea825T.jpg\" width=\"541\" height=\"541\" \/><\/p>\n<p><img loading=\"lazy\" decoding=\"async\" class=\"alignnone\" src=\"http:\/\/sc04.alicdn.com\/kf\/He24667c8fa9c48a6b304d0a61fb6f0d22\/206183773\/He24667c8fa9c48a6b304d0a61fb6f0d22.jpg\" width=\"541\" height=\"541\" \/><\/p>\n<p><img loading=\"lazy\" decoding=\"async\" class=\"alignnone\" src=\"http:\/\/sc04.alicdn.com\/kf\/Hf78e4ea2e20c44298bd6eb34111caa7aX\/206183773\/Hf78e4ea2e20c44298bd6eb34111caa7aX.jpg\" width=\"543\" height=\"543\" \/><\/p>\n<p><img loading=\"lazy\" decoding=\"async\" class=\"alignnone\" src=\"http:\/\/sc04.alicdn.com\/kf\/Hee066bd7811e42c0b0ccedbc26f43fe5E\/206183773\/Hee066bd7811e42c0b0ccedbc26f43fe5E.jpg\" width=\"541\" height=\"541\" \/><\/p>\n<p><img loading=\"lazy\" decoding=\"async\" class=\"alignnone\" src=\"http:\/\/sc04.alicdn.com\/kf\/H74780a90638b4d5db6d7b5107a64cdc08\/206183773\/H74780a90638b4d5db6d7b5107a64cdc08.jpg\" width=\"541\" height=\"541\" \/><\/p>\n<div id=\"1703144498620\" style=\"padding: 10px 0; font-weight: normal; line-height: 24px; border-bottom: 1px solid #dfdfdf; text-align: left;\"><span style=\"background-color: #f2f2f2; border-radius: 3px; padding: 0 10px; display: inline-block; line-height: 36px; text-align: left;\">Main Products<\/span><\/div>\n<p><img loading=\"lazy\" decoding=\"async\" class=\"alignnone\" src=\"http:\/\/sc04.alicdn.com\/kf\/H518866bf9747490f9f557ec83b00cf96v\/206183773\/H518866bf9747490f9f557ec83b00cf96v.jpg\" width=\"542\" height=\"755\" \/><\/p>\n<\/div>\n<\/div>","protected":false},"excerpt":{"rendered":"<p>Description du produit 1. Type de c\u00e2ble : fil \u00e9lectrique haute temp\u00e9rature 2. Plage de temp\u00e9rature : -60 \u00e0 +300 \u00b0C 3. Caract\u00e9ristique : fil de cuivre toronn\u00e9 \u00e9tam\u00e9<\/p>","protected":false},"featured_media":30864,"comment_status":"open","ping_status":"closed","template":"","meta":[],"product_cat":[203,196],"product_tag":[],"class_list":{"0":"post-30865","1":"product","2":"type-product","3":"status-publish","4":"has-post-thumbnail","6":"product_cat-electric-wire","7":"product_cat-engineering-supplies","9":"first","10":"instock","11":"shipping-taxable","12":"purchasable","13":"product-type-simple"},"_links":{"self":[{"href":"https:\/\/meconstructionsupplies.com\/fr\/wp-json\/wp\/v2\/product\/30865","targetHints":{"allow":["GET"]}}],"collection":[{"href":"https:\/\/meconstructionsupplies.com\/fr\/wp-json\/wp\/v2\/product"}],"about":[{"href":"https:\/\/meconstructionsupplies.com\/fr\/wp-json\/wp\/v2\/types\/product"}],"replies":[{"embeddable":true,"href":"https:\/\/meconstructionsupplies.com\/fr\/wp-json\/wp\/v2\/comments?post=30865"}],"version-history":[{"count":2,"href":"https:\/\/meconstructionsupplies.com\/fr\/wp-json\/wp\/v2\/product\/30865\/revisions"}],"predecessor-version":[{"id":31154,"href":"https:\/\/meconstructionsupplies.com\/fr\/wp-json\/wp\/v2\/product\/30865\/revisions\/31154"}],"wp:featuredmedia":[{"embeddable":true,"href":"https:\/\/meconstructionsupplies.com\/fr\/wp-json\/wp\/v2\/media\/30864"}],"wp:attachment":[{"href":"https:\/\/meconstructionsupplies.com\/fr\/wp-json\/wp\/v2\/media?parent=30865"}],"wp:term":[{"taxonomy":"product_cat","embeddable":true,"href":"https:\/\/meconstructionsupplies.com\/fr\/wp-json\/wp\/v2\/product_cat?post=30865"},{"taxonomy":"product_tag","embeddable":true,"href":"https:\/\/meconstructionsupplies.com\/fr\/wp-json\/wp\/v2\/product_tag?post=30865"}],"curies":[{"name":"wp","href":"https:\/\/api.w.org\/{rel}","templated":true}]}}