{"id":30873,"date":"2024-11-19T06:08:30","date_gmt":"2024-11-19T06:08:30","guid":{"rendered":"https:\/\/meconstructionsupplies.com\/product\/factory-price-0-5mm2-2-5-mm-1-5mm-house-wiring-pvc-insulated-copper-aluminum-electrical-wire-cable-roll\/"},"modified":"2024-12-02T08:07:08","modified_gmt":"2024-12-02T08:07:08","slug":"factory-price-0-5mm2-2-5-mm-1-5mm-house-wiring-pvc-insulated-copper-aluminum-electrical-wire-cable-roll","status":"publish","type":"product","link":"https:\/\/meconstructionsupplies.com\/fr\/product\/factory-price-0-5mm2-2-5-mm-1-5mm-house-wiring-pvc-insulated-copper-aluminum-electrical-wire-cable-roll\/","title":{"rendered":"Rouleau de c\u00e2ble \u00e9lectrique en cuivre et aluminium isol\u00e9 en PVC, 0,5 mm2, 2,5 mm, 1,5 mm, prix d&#039;usine"},"content":{"rendered":"<div style=\"width: 540px;\" class=\"wp-video\"><!--[if lt IE 9]><script>document.createElement('video');<\/script><![endif]-->\n<video class=\"wp-video-shortcode\" id=\"video-30873-1\" width=\"540\" height=\"960\" preload=\"metadata\" controls=\"controls\"><source type=\"video\/mp4\" src=\"\/\/play.video.alibaba.com\/play\/u\/2153292369\/p\/1\/e\/6\/t\/10300\/280695107396.mp4?_=1\" \/><a href=\"\/\/play.video.alibaba.com\/play\/u\/2153292369\/p\/1\/e\/6\/t\/10300\/280695107396.mp4\">\/\/play.video.alibaba.com\/play\/u\/2153292369\/p\/1\/e\/6\/t\/10300\/280695107396.mp4<\/a><\/video><\/div>\n<h3><strong>Specification<\/strong><\/h3>\n<hr style=\"border: 2px solid #000; margin-top: 5px; margin-bottom: 5px;\" \/>\n<div style=\"display: flex; background-color: #f2f2f2; padding: 10px; border-bottom: 1px solid #ddd;\">\n<div style=\"width: 40%; font-weight: bold;\">item<\/div>\n<div style=\"width: 60%;\">value<\/div>\n<\/div>\n<div style=\"display: flex; background-color: #ffffff; padding: 10px; border-bottom: 1px solid #ddd;\">\n<div style=\"width: 40%; font-weight: bold;\">Place of Origin<\/div>\n<div style=\"width: 60%;\">China\u00a0Guangdong<\/div>\n<\/div>\n<div style=\"display: flex; background-color: #f2f2f2; padding: 10px; border-bottom: 1px solid #ddd;\">\n<div style=\"width: 40%; font-weight: bold;\">Brand Name<\/div>\n<div style=\"width: 60%;\">DONGZHANWANG<\/div>\n<\/div>\n<div style=\"display: flex; background-color: #ffffff; padding: 10px; border-bottom: 1px solid #ddd;\">\n<div style=\"width: 40%; font-weight: bold;\">Model Number<\/div>\n<div style=\"width: 60%;\">UL 1007<\/div>\n<\/div>\n<div style=\"display: flex; background-color: #f2f2f2; padding: 10px; border-bottom: 1px solid #ddd;\">\n<div style=\"width: 40%; font-weight: bold;\">Application<\/div>\n<div style=\"width: 60%;\">Heating<\/div>\n<\/div>\n<div style=\"display: flex; background-color: #ffffff; padding: 10px; border-bottom: 1px solid #ddd;\">\n<div style=\"width: 40%; font-weight: bold;\">Product name<\/div>\n<div style=\"width: 60%;\">UL 1007 Electric Wire<\/div>\n<\/div>\n<div style=\"display: flex; background-color: #f2f2f2; padding: 10px; border-bottom: 1px solid #ddd;\">\n<div style=\"width: 40%; font-weight: bold;\">Brand Name<\/div>\n<div style=\"width: 60%;\">DONGZHANWANG<\/div>\n<\/div>\n<div style=\"display: flex; background-color: #ffffff; padding: 10px; border-bottom: 1px solid #ddd;\">\n<div style=\"width: 40%; font-weight: bold;\">Model Number<\/div>\n<div style=\"width: 60%;\">Single Cable<\/div>\n<\/div>\n<div style=\"display: flex; background-color: #f2f2f2; padding: 10px; border-bottom: 1px solid #ddd;\">\n<div style=\"width: 40%; font-weight: bold;\">Type<\/div>\n<div style=\"width: 60%;\">insulated<\/div>\n<\/div>\n<div style=\"display: flex; background-color: #ffffff; padding: 10px; border-bottom: 1px solid #ddd;\">\n<div style=\"width: 40%; font-weight: bold;\">Application<\/div>\n<div style=\"width: 60%;\">Heating, Indoor\/ Outdoor \/Industray Supply<\/div>\n<\/div>\n<div style=\"display: flex; background-color: #f2f2f2; padding: 10px; border-bottom: 1px solid #ddd;\">\n<div style=\"width: 40%; font-weight: bold;\">Insulation Material<\/div>\n<div style=\"width: 60%;\">PVC<\/div>\n<\/div>\n<div style=\"display: flex; background-color: #ffffff; padding: 10px; border-bottom: 1px solid #ddd;\">\n<div style=\"width: 40%; font-weight: bold;\">Jacket<\/div>\n<div style=\"width: 60%;\">PVC<\/div>\n<\/div>\n<div style=\"display: flex; background-color: #f2f2f2; padding: 10px; border-bottom: 1px solid #ddd;\">\n<div style=\"width: 40%; font-weight: bold;\">Color<\/div>\n<div style=\"width: 60%;\">Red\/Blue\/Yellow\/Green<\/div>\n<\/div>\n<div style=\"display: flex; background-color: #ffffff; padding: 10px; border-bottom: 1px solid #ddd;\">\n<div style=\"width: 40%; font-weight: bold;\">Certification<\/div>\n<div style=\"width: 60%;\">CCC\/ISO9001<\/div>\n<\/div>\n<div style=\"display: flex; background-color: #f2f2f2; padding: 10px; border-bottom: 1px solid #ddd;\">\n<div style=\"width: 40%; font-weight: bold;\">Voltage<\/div>\n<div style=\"width: 60%;\">450\/750V300\/500V300\/300V.(600\/1000V<\/div>\n<\/div>\n<h3><strong>Product Description<\/strong><\/h3>\n<hr style=\"border: 2px solid #000; margin-top: 5px; margin-bottom: 5px;\" \/>\n<p>&nbsp;<\/p>\n<p><img fetchpriority=\"high\" decoding=\"async\" class=\"alignnone \" src=\"https:\/\/sc01.alicdn.com\/kf\/H6662ae84b87443e381862118ff44ea03j.jpg\" width=\"539\" height=\"539\" \/><\/p>\n<p><img decoding=\"async\" class=\"alignnone \" src=\"https:\/\/sc01.alicdn.com\/kf\/H5a6a423d12ca4c1da09e4484ccbd27e7x.jpg\" width=\"540\" height=\"540\" \/><\/p>\n<p><img decoding=\"async\" class=\"alignnone \" src=\"https:\/\/sc02.alicdn.com\/kf\/H12f49f80e456484b81b61b10d9bbcd9dj.jpg\" width=\"543\" height=\"543\" \/><\/p>\n<p><img loading=\"lazy\" decoding=\"async\" class=\"alignnone \" src=\"https:\/\/sc01.alicdn.com\/kf\/Hbac4e849b4e245d4a4cf932bf6f47c336.jpg\" width=\"542\" height=\"542\" \/><\/p>\n<p><img loading=\"lazy\" decoding=\"async\" class=\"alignnone \" src=\"https:\/\/sc02.alicdn.com\/kf\/H086028a0cab64fe994f9c4f0a6c936a8d.jpg\" width=\"541\" height=\"541\" \/><\/p>\n<p><img loading=\"lazy\" decoding=\"async\" class=\"alignnone \" src=\"\/\/sc01.alicdn.com\/kf\/H53810f15abf449b7aacb2c258339407fb\/243248352\/H53810f15abf449b7aacb2c258339407fb.jpg\" width=\"539\" height=\"287\" \/><\/p>\n<p>&nbsp;<\/p>\n<h3><strong>Production Process<\/strong><\/h3>\n<hr style=\"border: 2px solid #000; margin-top: 5px; margin-bottom: 5px;\" \/>\n<p><img loading=\"lazy\" decoding=\"async\" class=\"alignnone \" src=\"\/\/sc01.alicdn.com\/kf\/H31af79111a9f43ce81bf79b6619297f6P\/243248352\/H31af79111a9f43ce81bf79b6619297f6P.jpg\" width=\"545\" height=\"275\" \/><\/p>\n<h3><strong>Packing &amp; Delivery<\/strong><\/h3>\n<hr style=\"border: 2px solid #000; margin-top: 5px; margin-bottom: 5px;\" \/>\n<p><img loading=\"lazy\" decoding=\"async\" class=\"alignnone \" src=\"\/\/sc02.alicdn.com\/kf\/He84009dfb79b4c319cd8de32d5d3401fT\/243248352\/He84009dfb79b4c319cd8de32d5d3401fT.jpg\" width=\"541\" height=\"398\" \/><\/p>\n<h3><strong>FAQ<\/strong><\/h3>\n<hr style=\"border: 2px solid #000; margin-top: 5px; margin-bottom: 5px;\" \/>\n<p><b>1. who are we?<\/b><\/p>\n<p><b>2. how can we guarantee quality?<\/b><br \/>\nAlways a pre-production sample before mass production;<br \/>\nAlways final Inspection before shipment;<\/p>\n<p><b>3.what can you buy from us?<\/b><br \/>\nPower Cord,Extension Cord,DC Cable,USB Cable,Internal Wiring<\/p>\n<p><b>4. why should you buy from us not from other suppliers?<\/b><br \/>\n&#8211; A complete source of manufacture for Electronic Wire &amp; Cable Products- Standard &amp; Custom Options; Advanced R&amp;D; Materials Testing Lab- Passionate about creating high-quality custom solutions, more than a manufacturer!<\/p>\n<p><b>5. what services can we provide?<\/b><br \/>\nAccepted Delivery Terms: FOB,CIF,EXW,DDP\uff1b<br \/>\nAccepted Payment Currency:USD,EUR,JPY,CAD,AUD,HKD,GBP,CNY,CHF;<br \/>\nAccepted Payment Type: T\/T,L\/C,D\/P D\/A,MoneyGram,Credit Card,Western Union,Cash,Escrow;<br \/>\nLanguage Spoken:English,Chinese,Spanish<\/p>\n","protected":false},"excerpt":{"rendered":"<p>Valeur de l&#039;article de sp\u00e9cification Lieu d&#039;origine Chine Guangdong Nom de marque DONGZHANWANG Num\u00e9ro de mod\u00e8le UL 1007 Application Chauffage Nom du produit UL 1007<\/p>","protected":false},"featured_media":30872,"comment_status":"open","ping_status":"closed","template":"","meta":[],"product_cat":[203,196],"product_tag":[],"class_list":{"0":"post-30873","1":"product","2":"type-product","3":"status-publish","4":"has-post-thumbnail","6":"product_cat-electric-wire","7":"product_cat-engineering-supplies","9":"first","10":"instock","11":"shipping-taxable","12":"purchasable","13":"product-type-simple"},"_links":{"self":[{"href":"https:\/\/meconstructionsupplies.com\/fr\/wp-json\/wp\/v2\/product\/30873","targetHints":{"allow":["GET"]}}],"collection":[{"href":"https:\/\/meconstructionsupplies.com\/fr\/wp-json\/wp\/v2\/product"}],"about":[{"href":"https:\/\/meconstructionsupplies.com\/fr\/wp-json\/wp\/v2\/types\/product"}],"replies":[{"embeddable":true,"href":"https:\/\/meconstructionsupplies.com\/fr\/wp-json\/wp\/v2\/comments?post=30873"}],"version-history":[{"count":2,"href":"https:\/\/meconstructionsupplies.com\/fr\/wp-json\/wp\/v2\/product\/30873\/revisions"}],"predecessor-version":[{"id":31156,"href":"https:\/\/meconstructionsupplies.com\/fr\/wp-json\/wp\/v2\/product\/30873\/revisions\/31156"}],"wp:featuredmedia":[{"embeddable":true,"href":"https:\/\/meconstructionsupplies.com\/fr\/wp-json\/wp\/v2\/media\/30872"}],"wp:attachment":[{"href":"https:\/\/meconstructionsupplies.com\/fr\/wp-json\/wp\/v2\/media?parent=30873"}],"wp:term":[{"taxonomy":"product_cat","embeddable":true,"href":"https:\/\/meconstructionsupplies.com\/fr\/wp-json\/wp\/v2\/product_cat?post=30873"},{"taxonomy":"product_tag","embeddable":true,"href":"https:\/\/meconstructionsupplies.com\/fr\/wp-json\/wp\/v2\/product_tag?post=30873"}],"curies":[{"name":"wp","href":"https:\/\/api.w.org\/{rel}","templated":true}]}}