{"id":30881,"date":"2024-11-19T06:13:20","date_gmt":"2024-11-19T06:13:20","guid":{"rendered":"https:\/\/meconstructionsupplies.com\/product\/ce-approved-cable-ties-wholesale-price-4-6300-cable-tie-production-350-400-450mm-cable-tie-stainless-steel\/"},"modified":"2024-12-02T08:07:08","modified_gmt":"2024-12-02T08:07:08","slug":"ce-approved-cable-ties-wholesale-price-4-6300-cable-tie-production-350-400-450mm-cable-tie-stainless-steel","status":"publish","type":"product","link":"https:\/\/meconstructionsupplies.com\/fr\/product\/ce-approved-cable-ties-wholesale-price-4-6300-cable-tie-production-350-400-450mm-cable-tie-stainless-steel\/","title":{"rendered":"Colliers de serrage approuv\u00e9s CE prix de gros 4.6*300 colliers de serrage production 350\/400\/450mm colliers de serrage en acier inoxydable"},"content":{"rendered":"<div style=\"width: 540px;\" class=\"wp-video\"><!--[if lt IE 9]><script>document.createElement('video');<\/script><![endif]-->\n<video class=\"wp-video-shortcode\" id=\"video-30881-1\" width=\"540\" height=\"960\" preload=\"metadata\" controls=\"controls\"><source type=\"video\/mp4\" src=\"\/\/play.video.alibaba.com\/play\/u\/2153292369\/p\/1\/e\/6\/t\/10300\/431157529945.mp4?_=1\" \/><a href=\"\/\/play.video.alibaba.com\/play\/u\/2153292369\/p\/1\/e\/6\/t\/10300\/431157529945.mp4\">\/\/play.video.alibaba.com\/play\/u\/2153292369\/p\/1\/e\/6\/t\/10300\/431157529945.mp4<\/a><\/video><\/div>\n<h3><strong>Products Description<\/strong><\/h3>\n<hr style=\"border: 2px solid #000; margin-top: 5px; margin-bottom: 5px;\" \/>\n<p><img fetchpriority=\"high\" decoding=\"async\" class=\"alignnone \" src=\"\/\/sc04.alicdn.com\/kf\/H7dedcf379ac14b2e999ea02260255d01G\/275190757\/H7dedcf379ac14b2e999ea02260255d01G.jpg\" width=\"541\" height=\"664\" \/><\/p>\n<p><img decoding=\"async\" class=\"alignnone \" src=\"\/\/sc04.alicdn.com\/kf\/H9064ae64611b4a9c998bd1f444c3a97aX\/275190757\/H9064ae64611b4a9c998bd1f444c3a97aX.jpg\" width=\"542\" height=\"772\" \/><\/p>\n<p><img decoding=\"async\" class=\"alignnone \" src=\"\/\/sc04.alicdn.com\/kf\/H9b50bc700f6346b0965009e9951080cfE\/275190757\/H9b50bc700f6346b0965009e9951080cfE.jpg\" width=\"541\" height=\"745\" \/><\/p>\n<p><img loading=\"lazy\" decoding=\"async\" class=\"alignnone \" src=\"\/\/sc04.alicdn.com\/kf\/H4d15578f8810441d8f93f45e6129118fs\/275190757\/H4d15578f8810441d8f93f45e6129118fs.jpg\" width=\"541\" height=\"730\" \/><\/p>\n<p><img loading=\"lazy\" decoding=\"async\" class=\"alignnone \" src=\"\/\/sc04.alicdn.com\/kf\/H01dc508baffd423dbfeba381387b7f83v\/275190757\/H01dc508baffd423dbfeba381387b7f83v.jpg\" width=\"542\" height=\"722\" \/><\/p>\n<h3>FAQ<\/h3>\n<h3>Q1: Are you a factory or a trading company? We are a reliable professional manufacturer. We have our own factories in China, and we can guarantee that the price is first-hand and cheap.Q2: What materials are used in the product?All of our products comply with international quality standards and greatly appreciated in variety of different market throughout the world.Q3\uff1aCan I get a price discount for a large order?Yes, you will enjoy reasonable discount, more quantity more discount.Q4\uff1aWhat is the exact delivery time?It depends on the order quantity and the season you place the order. Usually we can ship within 7-15days for small quantity, and about a month for large quantity.Q5\uff1aHow to arrange customized products?You can send us your design and drawing, and We welcome you to visit us for authorization and discussion.Q3: How does the factory do regarding quality control? All the products will be 100% checked before the shipment. We have International quality system certifications as ISO, CE RoHS etc..<\/h3>\n","protected":false},"excerpt":{"rendered":"<p>Description des produits FAQ Q1 : \u00cates-vous une usine ou une soci\u00e9t\u00e9 commerciale ? Nous sommes un fabricant professionnel fiable. Nous avons<\/p>","protected":false},"featured_media":30880,"comment_status":"open","ping_status":"closed","template":"","meta":[],"product_cat":[204,196],"product_tag":[],"class_list":{"0":"post-30881","1":"product","2":"type-product","3":"status-publish","4":"has-post-thumbnail","6":"product_cat-cable-tie","7":"product_cat-engineering-supplies","9":"first","10":"instock","11":"shipping-taxable","12":"purchasable","13":"product-type-simple"},"_links":{"self":[{"href":"https:\/\/meconstructionsupplies.com\/fr\/wp-json\/wp\/v2\/product\/30881","targetHints":{"allow":["GET"]}}],"collection":[{"href":"https:\/\/meconstructionsupplies.com\/fr\/wp-json\/wp\/v2\/product"}],"about":[{"href":"https:\/\/meconstructionsupplies.com\/fr\/wp-json\/wp\/v2\/types\/product"}],"replies":[{"embeddable":true,"href":"https:\/\/meconstructionsupplies.com\/fr\/wp-json\/wp\/v2\/comments?post=30881"}],"version-history":[{"count":2,"href":"https:\/\/meconstructionsupplies.com\/fr\/wp-json\/wp\/v2\/product\/30881\/revisions"}],"predecessor-version":[{"id":31159,"href":"https:\/\/meconstructionsupplies.com\/fr\/wp-json\/wp\/v2\/product\/30881\/revisions\/31159"}],"wp:featuredmedia":[{"embeddable":true,"href":"https:\/\/meconstructionsupplies.com\/fr\/wp-json\/wp\/v2\/media\/30880"}],"wp:attachment":[{"href":"https:\/\/meconstructionsupplies.com\/fr\/wp-json\/wp\/v2\/media?parent=30881"}],"wp:term":[{"taxonomy":"product_cat","embeddable":true,"href":"https:\/\/meconstructionsupplies.com\/fr\/wp-json\/wp\/v2\/product_cat?post=30881"},{"taxonomy":"product_tag","embeddable":true,"href":"https:\/\/meconstructionsupplies.com\/fr\/wp-json\/wp\/v2\/product_tag?post=30881"}],"curies":[{"name":"wp","href":"https:\/\/api.w.org\/{rel}","templated":true}]}}