{"id":30975,"date":"2024-11-19T07:12:01","date_gmt":"2024-11-19T07:12:01","guid":{"rendered":"https:\/\/meconstructionsupplies.com\/product\/the-construction-flat-12-16-18-gauge-electro-galvanized-gi-iron-binding-wire-hot-dipped-galvanized-steel-wire\/"},"modified":"2024-12-02T08:07:08","modified_gmt":"2024-12-02T08:07:08","slug":"the-construction-flat-12-16-18-gauge-electro-galvanized-gi-iron-binding-wire-hot-dipped-galvanized-steel-wire","status":"publish","type":"product","link":"https:\/\/meconstructionsupplies.com\/fr\/product\/the-construction-flat-12-16-18-gauge-electro-galvanized-gi-iron-binding-wire-hot-dipped-galvanized-steel-wire\/","title":{"rendered":"Fil de fer galvanis\u00e9 \u00e9lectro-galvanis\u00e9 plat de calibre 12\/16\/18 pour la construction Fil d&#039;acier galvanis\u00e9 \u00e0 chaud"},"content":{"rendered":"<div style=\"width: 540px;\" class=\"wp-video\"><!--[if lt IE 9]><script>document.createElement('video');<\/script><![endif]-->\n<video class=\"wp-video-shortcode\" id=\"video-30975-1\" width=\"540\" height=\"960\" preload=\"metadata\" controls=\"controls\"><source type=\"video\/mp4\" src=\"\/\/play.video.alibaba.com\/play\/u\/2153292369\/p\/1\/e\/6\/t\/10300\/397480402181.mp4?_=1\" \/><a href=\"\/\/play.video.alibaba.com\/play\/u\/2153292369\/p\/1\/e\/6\/t\/10300\/397480402181.mp4\">\/\/play.video.alibaba.com\/play\/u\/2153292369\/p\/1\/e\/6\/t\/10300\/397480402181.mp4<\/a><\/video><\/div>\n<p>&nbsp;<\/p>\n<p><img fetchpriority=\"high\" decoding=\"async\" class=\"alignnone \" src=\"\/\/sc04.alicdn.com\/kf\/H1c0918977a7542ae84329fca7ab8ba23w\/252577569\/H1c0918977a7542ae84329fca7ab8ba23w.jpg\" width=\"539\" height=\"287\" \/><\/p>\n<p><img decoding=\"async\" class=\"alignnone size-medium\" src=\"\/\/sc04.alicdn.com\/kf\/H62b3b865ebf74891a33ecdbca3ef0b8eJ\/252577569\/H62b3b865ebf74891a33ecdbca3ef0b8eJ.jpg\" width=\"640\" height=\"560\" \/><\/p>\n<p><b><span style=\"color: #2196ed;\">Galvanized Iron Wire<b> is designed to prevent rusting and shiny silver in color. It is solid,durable and extremely versatile, it is widely used by landscapers, craft makers, building and constructions,ribbon manufacturers, jewelers and contractors.Its aversion to rust makes it extremely useful around the shipyard,in the backyard, etc.<br \/>\nGalvanized wire is divided into hot dipped galvanized wire and cold galvanized wire (electro galvanized wire). Galvanized wire has good toughness and flexibility, the maximum amount of zinc can reach 350 g \/sqm. With zinc coating thickness, corrosion resistance and other characteristics.<br \/>\n<b>Electro galvanized wire<b>, also called cold galvanized wire, is made of high quality carbon steel wire. The processing of this wire is to use electrolytic equipment for galvanizing. In general, the zinc coating is not very thick, but the electro galvanized wire has enough anti-corrosion and anti-oxidation. In addition, the zinc coating surface is very average, smooth and bright. Electro galvanized wire zinc coated commonly is 8\u201350 g\/m2. This wire is mainly used to make nails and wire ropes, wire mesh and fencing, binding of flowers and wire mesh weaving.<br \/>\n<b>Hot dipped galvanized wire<b> belongs to the primary wire products of galvanization. The common sizes of hot dipped galvanized are from 8 gauge to 16 gauge, we also accept smaller or bigger diameter for customers&#8217; choices. Hot dipped galvanized wire with firm zinc coating provides strong corrosion resistance and high tensile strength. This kind of wire is widely used for making handicrafts, woven wire mesh, forming fencing mesh, packing products and other daily uses.<\/p>\n<p>Application:<br \/>\n* Mesh weaving.<br \/>\n* Tying wire in architectural site.<br \/>\n* Making handicrafts.<br \/>\n* Material of mesh and fence.<br \/>\n* Packing life products.<br \/>\n<\/b><\/b><\/b><\/b><\/b><\/span><\/b><\/p>\n<div style=\"display: flex; background-color: #f2f2f2; padding: 10px; border-bottom: 1px solid #ddd;\">\n<div style=\"width: 40%; font-weight: bold;\">Product name<\/div>\n<div style=\"width: 60%;\">Galvanized wire<\/div>\n<\/div>\n<div style=\"display: flex; background-color: #ffffff; padding: 10px; border-bottom: 1px solid #ddd;\">\n<div style=\"width: 40%; font-weight: bold;\">Type<\/div>\n<div style=\"width: 60%;\">Loop tie wire<\/div>\n<\/div>\n<div style=\"display: flex; background-color: #f2f2f2; padding: 10px; border-bottom: 1px solid #ddd;\">\n<div style=\"width: 40%; font-weight: bold;\">Function<\/div>\n<div style=\"width: 60%;\">Binding wire, Construction wire mesh maunfacturing<\/div>\n<\/div>\n<div style=\"display: flex; background-color: #ffffff; padding: 10px; border-bottom: 1px solid #ddd;\">\n<div style=\"width: 40%; font-weight: bold;\">Material<\/div>\n<div style=\"width: 60%;\">Q195 \/Q235<\/div>\n<\/div>\n<div style=\"display: flex; background-color: #f2f2f2; padding: 10px; border-bottom: 1px solid #ddd;\">\n<div style=\"width: 40%; font-weight: bold;\">Certification<\/div>\n<div style=\"width: 60%;\">BSCI, TUV, SGS, ISO, etc<\/div>\n<\/div>\n<div style=\"display: flex; background-color: #ffffff; padding: 10px; border-bottom: 1px solid #ddd;\">\n<div style=\"width: 40%; font-weight: bold;\">Product packaging size<\/div>\n<div style=\"width: 60%;\">65cm*65cm*8cm<\/div>\n<\/div>\n<div style=\"display: flex; background-color: #f2f2f2; padding: 10px; border-bottom: 1px solid #ddd;\">\n<div style=\"width: 40%; font-weight: bold;\">Gross weight<\/div>\n<div style=\"width: 60%;\">500kg<\/div>\n<\/div>\n<div style=\"display: flex; background-color: #ffffff; padding: 10px; border-bottom: 1px solid #ddd;\">\n<div style=\"width: 40%; font-weight: bold;\">Packing<\/div>\n<div style=\"width: 60%;\">Plastic inner and outer knitting, inner plastic outer hemp, carton, pallet<\/div>\n<\/div>\n<p><img decoding=\"async\" class=\"alignnone \" src=\"\/\/sc04.alicdn.com\/kf\/Hec23edb0b7fe4cf9a1d6b9cf00728775o\/252577569\/Hec23edb0b7fe4cf9a1d6b9cf00728775o.jpg\" width=\"536\" height=\"31\" \/><\/p>\n<p><img loading=\"lazy\" decoding=\"async\" class=\"alignnone \" src=\"\/\/sc04.alicdn.com\/kf\/Hf4f250eec9d54e3995024f77089abdfcH\/252577569\/Hf4f250eec9d54e3995024f77089abdfcH.jpg\" width=\"544\" height=\"296\" \/><\/p>\n<p><img loading=\"lazy\" decoding=\"async\" class=\"alignnone \" src=\"\/\/sc04.alicdn.com\/kf\/He7667231870b4343b4b26ca44eed5a29p\/252577569\/He7667231870b4343b4b26ca44eed5a29p.jpg\" width=\"541\" height=\"506\" \/><\/p>\n<p><img loading=\"lazy\" decoding=\"async\" class=\"alignnone \" src=\"\/\/sc04.alicdn.com\/kf\/H17e96d04099c41d7aeb513177fdf8bb6d\/252577569\/H17e96d04099c41d7aeb513177fdf8bb6d.jpg\" width=\"542\" height=\"999\" \/><\/p>\n<p><img loading=\"lazy\" decoding=\"async\" class=\"alignnone \" src=\"\/\/sc04.alicdn.com\/kf\/H0b02f32d00e24899996fdf9410dd00592\/252577569\/H0b02f32d00e24899996fdf9410dd00592.jpg\" width=\"536\" height=\"31\" \/><\/p>\n<p><img loading=\"lazy\" decoding=\"async\" class=\"alignnone \" src=\"\/\/sc04.alicdn.com\/kf\/He76ec38ffbeb4d3e97520d409b8d7c90U\/252577569\/He76ec38ffbeb4d3e97520d409b8d7c90U.jpg\" width=\"541\" height=\"310\" \/><\/p>\n<p><b>Packing &amp; shipping<b><br \/>\n(1)Deliver by sea to normal sea ports in full containers available, also accept LCL shipping.(2)Deliver by air, by rail also acceptable.(3)Packing: plastic parts packed with PP film and bubble bags outside, steel parts packed in cotton and cartons. <\/b><\/b><\/p>\n<p><img loading=\"lazy\" decoding=\"async\" class=\"alignnone \" src=\"\/\/sc04.alicdn.com\/kf\/Ha68a3f71c43743d89da77fbf4cf08a52G\/252577569\/Ha68a3f71c43743d89da77fbf4cf08a52G.jpg\" width=\"536\" height=\"31\" \/><\/p>\n<p><img loading=\"lazy\" decoding=\"async\" class=\"alignnone \" src=\"\/\/sc04.alicdn.com\/kf\/H3d22dfec548b490aa19f94cdda8c8383Z\/252577569\/H3d22dfec548b490aa19f94cdda8c8383Z.jpg\" width=\"542\" height=\"393\" \/><\/p>\n<p><img loading=\"lazy\" decoding=\"async\" class=\"alignnone \" src=\"\/\/sc04.alicdn.com\/kf\/Ha8de8f5060cb42c38c73918f6e24fe819\/252577569\/Ha8de8f5060cb42c38c73918f6e24fe819.jpg\" width=\"539\" height=\"246\" \/><\/p>\n<p>&nbsp;<\/p>\n<p>&nbsp;<\/p>\n<p><img loading=\"lazy\" decoding=\"async\" class=\"alignnone \" src=\"\/\/sc04.alicdn.com\/kf\/H396ec0752aef4ac0813800051034e243t\/252577569\/H396ec0752aef4ac0813800051034e243t.jpg\" width=\"540\" height=\"382\" \/><\/p>\n<p><img loading=\"lazy\" decoding=\"async\" class=\"alignnone size-medium\" src=\"\/\/sc04.alicdn.com\/kf\/Hf4f57f8e6e9b4269924200178f757bdeF\/252577569\/Hf4f57f8e6e9b4269924200178f757bdeF.jpg\" width=\"640\" height=\"560\" \/><\/p>\n<p><b><span style=\"color: #2196ed;\">1:Q What certification does the product pass?<b><span>A:Product passed the attestation of Chinese environment mark, SGS detection, CE certification,NSCC identity certification such as quality certification.<b><span style=\"color: #2196ed;\">2:Q What is the after sale service please?<b>A:24 hours reply to answer all your questions.<span><b><span style=\"color: #2196ed;\">3:Q Can you arrange the shipment for us please?<b>A:Yes, by sea, by air or by express, we have professional sales and shipment team to offer the best and prompt service.<span><b><span style=\"color: #2196ed;\">4:Q Could I put my own logo on it?<b>A:Sure,Welcome to design for you freely, for any sizes, any prices and other accessaries.<span><b><span style=\"color: #2196ed;\">5:Q What is your trade terms?<b>A:Term of price: FOB,CIF,EXWA:Term of payment: After the order, the product is produced, after delivery of the final payment, you can ship.<span><b><span style=\"color: #2196ed;\">6:Q What&#8217;s your payment term ?<b>A:Our normal payment term is 30% as deposit, balance before loading by T\/T. For large order, we accept LC At sight .A:Payment method: TT, Trade assurance,paypal, western union,LC at sight<span><b><span style=\"color: #2196ed;\">7:Q How can I place order?<b>A:Sign contract&#8211; Pay deposit &#8212; Production&#8211; Pay balance&#8211;Loading &#8212; Delivery.<span><b><span style=\"color: #2196ed;\">8:Q What&#8217;s your delivery time?<b>A:It is based on the quantity you order. But normally, our production time is 10 to 20 working days.<br \/>\n<\/b><\/span><\/b><\/span><\/b><\/span><\/b><\/span><\/b><\/span><\/b><\/span><\/b><\/span><\/b><\/span><\/b><\/span><\/b><\/span><\/b><\/span><\/b><\/span><\/b><\/span><\/b><\/span><\/b><\/span><\/b><\/p>\n<p><img loading=\"lazy\" decoding=\"async\" class=\"alignnone \" src=\"\/\/sc04.alicdn.com\/kf\/Hcf0bfe09dc6940b19aad001d79c2fff1G\/252577569\/Hcf0bfe09dc6940b19aad001d79c2fff1G.jpg\" width=\"539\" height=\"161\" \/><\/p>\n","protected":false},"excerpt":{"rendered":"<p>&nbsp; Le fil de fer galvanis\u00e9 est con\u00e7u pour \u00e9viter la rouille et pr\u00e9sente une couleur argent\u00e9e brillante. Il est solide, durable et extr\u00eamement polyvalent,<\/p>","protected":false},"featured_media":30974,"comment_status":"open","ping_status":"closed","template":"","meta":[],"product_cat":[196,208],"product_tag":[],"class_list":{"0":"post-30975","1":"product","2":"type-product","3":"status-publish","4":"has-post-thumbnail","6":"product_cat-engineering-supplies","7":"product_cat-iron-wire","9":"first","10":"instock","11":"shipping-taxable","12":"purchasable","13":"product-type-simple"},"_links":{"self":[{"href":"https:\/\/meconstructionsupplies.com\/fr\/wp-json\/wp\/v2\/product\/30975","targetHints":{"allow":["GET"]}}],"collection":[{"href":"https:\/\/meconstructionsupplies.com\/fr\/wp-json\/wp\/v2\/product"}],"about":[{"href":"https:\/\/meconstructionsupplies.com\/fr\/wp-json\/wp\/v2\/types\/product"}],"replies":[{"embeddable":true,"href":"https:\/\/meconstructionsupplies.com\/fr\/wp-json\/wp\/v2\/comments?post=30975"}],"version-history":[{"count":2,"href":"https:\/\/meconstructionsupplies.com\/fr\/wp-json\/wp\/v2\/product\/30975\/revisions"}],"predecessor-version":[{"id":31193,"href":"https:\/\/meconstructionsupplies.com\/fr\/wp-json\/wp\/v2\/product\/30975\/revisions\/31193"}],"wp:featuredmedia":[{"embeddable":true,"href":"https:\/\/meconstructionsupplies.com\/fr\/wp-json\/wp\/v2\/media\/30974"}],"wp:attachment":[{"href":"https:\/\/meconstructionsupplies.com\/fr\/wp-json\/wp\/v2\/media?parent=30975"}],"wp:term":[{"taxonomy":"product_cat","embeddable":true,"href":"https:\/\/meconstructionsupplies.com\/fr\/wp-json\/wp\/v2\/product_cat?post=30975"},{"taxonomy":"product_tag","embeddable":true,"href":"https:\/\/meconstructionsupplies.com\/fr\/wp-json\/wp\/v2\/product_tag?post=30975"}],"curies":[{"name":"wp","href":"https:\/\/api.w.org\/{rel}","templated":true}]}}