{"id":31022,"date":"2024-11-19T07:49:24","date_gmt":"2024-11-19T07:49:24","guid":{"rendered":"https:\/\/meconstructionsupplies.com\/product\/stainless-steel-high-quality-silicone-hose-stainless-steel-hose-clamp-wiring-accessories-cable-tie\/"},"modified":"2024-12-02T08:07:08","modified_gmt":"2024-12-02T08:07:08","slug":"stainless-steel-high-quality-silicone-hose-stainless-steel-hose-clamp-wiring-accessories-cable-tie","status":"publish","type":"product","link":"https:\/\/meconstructionsupplies.com\/fr\/product\/stainless-steel-high-quality-silicone-hose-stainless-steel-hose-clamp-wiring-accessories-cable-tie\/","title":{"rendered":"Collier de serrage en acier inoxydable pour tuyau en silicone de haute qualit\u00e9, accessoires de c\u00e2blage, serre-c\u00e2ble"},"content":{"rendered":"<div style=\"width: 540px;\" class=\"wp-video\"><!--[if lt IE 9]><script>document.createElement('video');<\/script><![endif]-->\n<video class=\"wp-video-shortcode\" id=\"video-31022-1\" width=\"540\" height=\"960\" preload=\"metadata\" controls=\"controls\"><source type=\"video\/mp4\" src=\"\/\/play.video.alibaba.com\/play\/u\/2153292369\/p\/1\/e\/6\/t\/10300\/474419621071.mp4?_=1\" \/><a href=\"\/\/play.video.alibaba.com\/play\/u\/2153292369\/p\/1\/e\/6\/t\/10300\/474419621071.mp4\">\/\/play.video.alibaba.com\/play\/u\/2153292369\/p\/1\/e\/6\/t\/10300\/474419621071.mp4<\/a><\/video><\/div>\n<p>&nbsp;<\/p>\n<p><img fetchpriority=\"high\" decoding=\"async\" class=\"alignnone \" src=\"\/\/sc04.alicdn.com\/kf\/Hde8652f478f94b40aa34ebf04799552eW\/200106147\/Hde8652f478f94b40aa34ebf04799552eW.jpg\" width=\"544\" height=\"323\" \/><\/p>\n<p><img decoding=\"async\" class=\"alignnone \" src=\"\/\/sc04.alicdn.com\/kf\/H3864c6f3bad34303a458b7c00588a7ebd\/200106147\/H3864c6f3bad34303a458b7c00588a7ebd.jpg\" width=\"542\" height=\"172\" \/><\/p>\n<p><img decoding=\"async\" class=\"alignnone \" src=\"\/\/sc04.alicdn.com\/kf\/H9359a1272f9e41c3bdae0af21ac2e7860\/200106147\/H9359a1272f9e41c3bdae0af21ac2e7860.jpg\" width=\"542\" height=\"542\" \/><\/p>\n<p><img loading=\"lazy\" decoding=\"async\" class=\"alignnone \" src=\"\/\/sc04.alicdn.com\/kf\/H8e54376649334835ae81d1874af77408Q\/200106147\/H8e54376649334835ae81d1874af77408Q.jpg\" width=\"541\" height=\"541\" \/><\/p>\n<p><img loading=\"lazy\" decoding=\"async\" class=\"alignnone \" src=\"\/\/sc04.alicdn.com\/kf\/H454331a2d928457093427e41acaa2d0dp\/200106147\/H454331a2d928457093427e41acaa2d0dp.jpg\" width=\"540\" height=\"540\" \/><\/p>\n<div style=\"display: flex; background-color: #f2f2f2; padding: 10px; border-bottom: 1px solid #ddd;\">\n<div style=\"width: 40%; font-weight: bold;\">13-23<\/div>\n<div style=\"width: 60%;\">\n<p>12MM<\/p><\/div>\n<\/div>\n<p><img loading=\"lazy\" decoding=\"async\" class=\"alignnone \" src=\"\/\/sc04.alicdn.com\/kf\/H9e350375afb34a7f840ade07713bc56cG\/200106147\/H9e350375afb34a7f840ade07713bc56cG.jpg\" width=\"543\" height=\"202\" \/><\/p>\n<p><img loading=\"lazy\" decoding=\"async\" class=\"alignnone \" src=\"\/\/sc04.alicdn.com\/kf\/H06f0e5a0d71d47c980fd5284e27d7d81X\/200106147\/H06f0e5a0d71d47c980fd5284e27d7d81X.jpg\" width=\"542\" height=\"749\" \/><\/p>\n<p>&nbsp;<\/p>\n<p>&nbsp;<\/p>\n<p><img loading=\"lazy\" decoding=\"async\" class=\"alignnone \" src=\"\/\/sc04.alicdn.com\/kf\/H8552b8c6fe164f69b1b742ba04d6144b9\/200106147\/H8552b8c6fe164f69b1b742ba04d6144b9.jpg\" width=\"543\" height=\"659\" \/><\/p>\n<p><img loading=\"lazy\" decoding=\"async\" class=\"alignnone \" src=\"\/\/sc04.alicdn.com\/kf\/Hfcf6d386e96245b5a0a4e7e3a5712c989\/200106147\/Hfcf6d386e96245b5a0a4e7e3a5712c989.jpg\" width=\"543\" height=\"542\" \/><\/p>\n<p><img loading=\"lazy\" decoding=\"async\" class=\"alignnone \" src=\"\/\/sc04.alicdn.com\/kf\/Hcc664e0d4f1f4b34be4fe16345bf4d7dz\/200106147\/Hcc664e0d4f1f4b34be4fe16345bf4d7dz.jpg\" width=\"539\" height=\"43\" \/><\/p>\n<h3>1. who are we?<\/h3>\n<h3>2. how can we guarantee quality?Always a pre-production sample before mass production;Always final Inspection before shipment;<\/h3>\n<h3>3.what can you buy from us?Springs,Compression Springs,rake teeth,agricultural spring teeth,extension spring<\/h3>\n<h3>4. why should you buy from us not from other suppliers?In 2007, the company passed the ISO9001:2000. We have won a good reputation from customers relying on good quality, considerate service and competitive prices.The company is cooperating with many big corporation like Class, New Holland, John Deere!<\/h3>\n<h3>5. what services can we provide?Accepted Delivery Terms: FOB,CIF,EXW\uff1bAccepted Payment Currency:USD,EUR,CNY;Accepted Payment Type: T\/T,Western Union;Language Spoken:English,Chinese,Japanese<\/h3>\n","protected":false},"excerpt":{"rendered":"<p>&nbsp; 13-23 12MM 1. Qui sommes-nous ? 2. Comment pouvons-nous garantir la qualit\u00e9 ? Toujours un \u00e9chantillon de pr\u00e9-production avant la production en s\u00e9rie<\/p>","protected":false},"featured_media":31021,"comment_status":"open","ping_status":"closed","template":"","meta":[],"product_cat":[204,196],"product_tag":[],"class_list":{"0":"post-31022","1":"product","2":"type-product","3":"status-publish","4":"has-post-thumbnail","6":"product_cat-cable-tie","7":"product_cat-engineering-supplies","9":"first","10":"instock","11":"shipping-taxable","12":"purchasable","13":"product-type-simple"},"_links":{"self":[{"href":"https:\/\/meconstructionsupplies.com\/fr\/wp-json\/wp\/v2\/product\/31022","targetHints":{"allow":["GET"]}}],"collection":[{"href":"https:\/\/meconstructionsupplies.com\/fr\/wp-json\/wp\/v2\/product"}],"about":[{"href":"https:\/\/meconstructionsupplies.com\/fr\/wp-json\/wp\/v2\/types\/product"}],"replies":[{"embeddable":true,"href":"https:\/\/meconstructionsupplies.com\/fr\/wp-json\/wp\/v2\/comments?post=31022"}],"version-history":[{"count":2,"href":"https:\/\/meconstructionsupplies.com\/fr\/wp-json\/wp\/v2\/product\/31022\/revisions"}],"predecessor-version":[{"id":31203,"href":"https:\/\/meconstructionsupplies.com\/fr\/wp-json\/wp\/v2\/product\/31022\/revisions\/31203"}],"wp:featuredmedia":[{"embeddable":true,"href":"https:\/\/meconstructionsupplies.com\/fr\/wp-json\/wp\/v2\/media\/31021"}],"wp:attachment":[{"href":"https:\/\/meconstructionsupplies.com\/fr\/wp-json\/wp\/v2\/media?parent=31022"}],"wp:term":[{"taxonomy":"product_cat","embeddable":true,"href":"https:\/\/meconstructionsupplies.com\/fr\/wp-json\/wp\/v2\/product_cat?post=31022"},{"taxonomy":"product_tag","embeddable":true,"href":"https:\/\/meconstructionsupplies.com\/fr\/wp-json\/wp\/v2\/product_tag?post=31022"}],"curies":[{"name":"wp","href":"https:\/\/api.w.org\/{rel}","templated":true}]}}