{"id":31535,"date":"2024-11-21T01:59:04","date_gmt":"2024-11-21T01:59:04","guid":{"rendered":"https:\/\/meconstructionsupplies.com\/product\/reinforcing-steel-bar-stirrup-bending-machine-rebar-hoop-bender-automatic-steel-bar-bending-machine\/"},"modified":"2024-12-02T08:06:18","modified_gmt":"2024-12-02T08:06:18","slug":"reinforcing-steel-bar-stirrup-bending-machine-rebar-hoop-bender-automatic-steel-bar-bending-machine","status":"publish","type":"product","link":"https:\/\/meconstructionsupplies.com\/fr\/product\/reinforcing-steel-bar-stirrup-bending-machine-rebar-hoop-bender-automatic-steel-bar-bending-machine\/","title":{"rendered":"Machine de pliage d&#039;\u00e9triers pour barres d&#039;acier d&#039;armature Machine de pliage automatique de barres d&#039;acier"},"content":{"rendered":"<div style=\"width: 540px;\" class=\"wp-video\"><!--[if lt IE 9]><script>document.createElement('video');<\/script><![endif]-->\n<video class=\"wp-video-shortcode\" id=\"video-31535-1\" width=\"540\" height=\"960\" preload=\"metadata\" controls=\"controls\"><source type=\"video\/mp4\" src=\"\/\/play.video.alibaba.com\/play\/u\/2153292369\/p\/1\/e\/6\/t\/10300\/6000276662292.mp4?_=1\" \/><a href=\"\/\/play.video.alibaba.com\/play\/u\/2153292369\/p\/1\/e\/6\/t\/10300\/6000276662292.mp4\">\/\/play.video.alibaba.com\/play\/u\/2153292369\/p\/1\/e\/6\/t\/10300\/6000276662292.mp4<\/a><\/video><\/div>\n<h3><strong>Product Description<\/strong><\/h3>\n<hr style=\"border: 2px solid #000; margin-top: 5px; margin-bottom: 5px;\" \/>\n<p>GF20 Rebar Stirrup Bending Machine Construction Automatic Steel Bar Stirrup Bender 6-20mmGF20 semi-automatic bending machine is used in engineering. The process is simplified and easy to use. Bending angle and size can<br \/>\nbe adjusted arbitrarily. GF20 processes 6-20mm round steel.<\/p>\n<p><img fetchpriority=\"high\" decoding=\"async\" class=\"alignnone \" src=\"\/\/sc04.alicdn.com\/kf\/Af31259a85c5d490c8a34678c3090190aT\/276858865\/Af31259a85c5d490c8a34678c3090190aT.png\" width=\"541\" height=\"541\" \/><\/p>\n<p><img decoding=\"async\" class=\"alignnone \" src=\"\/\/sc04.alicdn.com\/kf\/A90704662d5ae413aa184ab64f13e0a30F\/276858865\/A90704662d5ae413aa184ab64f13e0a30F.png\" width=\"541\" height=\"541\" \/><\/p>\n<p><img decoding=\"async\" class=\"alignnone \" src=\"\/\/sc04.alicdn.com\/kf\/Ad4b6469538ca4edb814ef9ccd5f44fbc9\/276858865\/Ad4b6469538ca4edb814ef9ccd5f44fbc9.png\" width=\"539\" height=\"539\" \/><\/p>\n<h3><strong>Packing &amp; Delivery<\/strong><\/h3>\n<hr style=\"border: 2px solid #000; margin-top: 5px; margin-bottom: 5px;\" \/>\n<p><img loading=\"lazy\" decoding=\"async\" class=\"alignnone \" src=\"\/\/sc04.alicdn.com\/kf\/H7b43605f479847db839761fa0dd72f67I\/276858865\/H7b43605f479847db839761fa0dd72f67I.jpg\" width=\"540\" height=\"313\" \/><\/p>\n<h3>Packing:<\/h3>\n<h3>Machine packing inside is plastic films and outside is fumigation wooden case.<br \/>\nOur wooden case is very strong,it can bear long<br \/>\ntime shipping on the sea.<br \/>\nAnd machine with preservative film, it can stop the salt sea water enter into the machine and make the machine corrosion.<\/h3>\n<h3>Delivery:<\/h3>\n<h3>For machines are big and heavy parcel, and different country with different delivery cost,so we suggest below delivery solution:1. Over 1CBM or 100KG, we suggest send by Sea. 2. Below 1CBM or 100KG, we suggest send by Air. 3. Below 0.5CBM or 50KG, we suggest send by Express. The price show on our website just the machine EXW price, please contact us for confirm delivery cost before you place order.<\/h3>\n<h3><strong>FAQ<\/strong><\/h3>\n<hr style=\"border: 2px solid #000; margin-top: 5px; margin-bottom: 5px;\" \/>\n<p><b>Q: Are you trading company or manufacturer\uff1f <b>A:Yes, We are factory, all machine is made by ourself and we can provide customize service according to your requirement. <b>Q: Can you guarantee your quality?<b>A: Of course. We are the manufacture factory. Moreimportantly, we put a high value on our reputation. Best quality is our principle all the time. You can be assured on our production completely. <b>Q:What should I do if we are not able to operate the machine when we receive it?<b>A:Operation manual and video demonstration sent along with the machine to give instructions. Besides, we have professional after-sale group to customer&#8217;s site to solve any problems. <b>Q: How could I get the spares on machines? <b>A: We will send extra sets of easy broken spares and accessories etc. Non-artificial damaged spares will be sent freely and shipping free during 1 year&#8217;s warranty. <b>Q: Is there any installation direction after we received the machine? <b>A: Yes, we have a professional technical team and warm after service. We will solve any problem you meet during the installation and packing production in time. <b>Q: Is there any ensurance to guarantee my order from your company? <b>A: We are an onsite check factory from Alibaba, and the quality, delivery time, your payment are all ensured by Alibaba trade assurance. The machine will have two years warranty. During the warranty year if any of the parts broken not by man-made. We will free charge to replace the new one to you .The warranty will begin after the machine send out we receivedthe B\/L.<br \/>\n<\/b><\/b><\/b><\/b><\/b><\/b><\/b><\/b><\/b><\/b><\/b><\/b><\/p>\n<h3>Pre-sale services:<\/h3>\n<h3>1. Providing professional technical support. 2. Send the product catalog and instruction manual. 3. If you have any question PLScontact us online or send us email, we promise we will give you a reply at the first time! 4. Personal call or visit are warmlywelcome.<\/h3>\n<h3>Sale of services:<\/h3>\n<h3>1. We promise honest and fair, it&#8217;s our pleasure to serve you as your purchasing consultant. 2. We guarantee punctuality, qualityand quantities strictly implement the terms of contract.<\/h3>\n<h3>After-sales service:<\/h3>\n<h3>1. Where to buy our products for 1 years warranty and life long maintenance. 2. 24-hours telephone service. 3. A large stock of components and parts, easily-worn parts.<\/h3>\n","protected":false},"excerpt":{"rendered":"<p>Description du produit Cintreuse d&#039;\u00e9triers pour barres d&#039;armature GF20 Cintreuse d&#039;\u00e9triers pour barres d&#039;acier automatique de construction 6-20 mm La cintreuse semi-automatique GF20 est utilis\u00e9e dans<\/p>","protected":false},"featured_media":31534,"comment_status":"open","ping_status":"closed","template":"","meta":[],"product_cat":[224,227],"product_tag":[],"class_list":{"0":"post-31535","1":"product","2":"type-product","3":"status-publish","4":"has-post-thumbnail","6":"product_cat-reinforcing-steel-machinery","7":"product_cat-steel-bar-hoop-bending-machine","9":"first","10":"instock","11":"shipping-taxable","12":"purchasable","13":"product-type-simple"},"_links":{"self":[{"href":"https:\/\/meconstructionsupplies.com\/fr\/wp-json\/wp\/v2\/product\/31535","targetHints":{"allow":["GET"]}}],"collection":[{"href":"https:\/\/meconstructionsupplies.com\/fr\/wp-json\/wp\/v2\/product"}],"about":[{"href":"https:\/\/meconstructionsupplies.com\/fr\/wp-json\/wp\/v2\/types\/product"}],"replies":[{"embeddable":true,"href":"https:\/\/meconstructionsupplies.com\/fr\/wp-json\/wp\/v2\/comments?post=31535"}],"version-history":[{"count":3,"href":"https:\/\/meconstructionsupplies.com\/fr\/wp-json\/wp\/v2\/product\/31535\/revisions"}],"predecessor-version":[{"id":31569,"href":"https:\/\/meconstructionsupplies.com\/fr\/wp-json\/wp\/v2\/product\/31535\/revisions\/31569"}],"wp:featuredmedia":[{"embeddable":true,"href":"https:\/\/meconstructionsupplies.com\/fr\/wp-json\/wp\/v2\/media\/31534"}],"wp:attachment":[{"href":"https:\/\/meconstructionsupplies.com\/fr\/wp-json\/wp\/v2\/media?parent=31535"}],"wp:term":[{"taxonomy":"product_cat","embeddable":true,"href":"https:\/\/meconstructionsupplies.com\/fr\/wp-json\/wp\/v2\/product_cat?post=31535"},{"taxonomy":"product_tag","embeddable":true,"href":"https:\/\/meconstructionsupplies.com\/fr\/wp-json\/wp\/v2\/product_tag?post=31535"}],"curies":[{"name":"wp","href":"https:\/\/api.w.org\/{rel}","templated":true}]}}