{"id":31642,"date":"2024-11-21T03:29:12","date_gmt":"2024-11-21T03:29:12","guid":{"rendered":"https:\/\/meconstructionsupplies.com\/product\/high-power-fast-speed-compact-power-router-woodworking-tools-electric-wood-routers-can-carve-patterned-devices-on-wood-surfaces\/"},"modified":"2024-12-02T08:06:18","modified_gmt":"2024-12-02T08:06:18","slug":"high-power-fast-speed-compact-power-router-woodworking-tools-electric-wood-routers-can-carve-patterned-devices-on-wood-surfaces","status":"publish","type":"product","link":"https:\/\/meconstructionsupplies.com\/fr\/product\/high-power-fast-speed-compact-power-router-woodworking-tools-electric-wood-routers-can-carve-patterned-devices-on-wood-surfaces\/","title":{"rendered":"Routeur \u00e9lectrique compact \u00e0 grande vitesse et \u00e0 haute puissance Outils de travail du bois Les routeurs \u00e0 bois \u00e9lectriques peuvent sculpter des dispositifs \u00e0 motifs sur des surfaces en bois"},"content":{"rendered":"<div style=\"width: 540px;\" class=\"wp-video\"><!--[if lt IE 9]><script>document.createElement('video');<\/script><![endif]-->\n<video class=\"wp-video-shortcode\" id=\"video-31642-1\" width=\"540\" height=\"960\" preload=\"metadata\" controls=\"controls\"><source type=\"video\/mp4\" src=\"\/\/play.video.alibaba.com\/play\/u\/2153292369\/p\/1\/e\/6\/t\/10300\/429358062803.mp4?_=1\" \/><a href=\"\/\/play.video.alibaba.com\/play\/u\/2153292369\/p\/1\/e\/6\/t\/10300\/429358062803.mp4\">\/\/play.video.alibaba.com\/play\/u\/2153292369\/p\/1\/e\/6\/t\/10300\/429358062803.mp4<\/a><\/video><\/div>\n<p>Product Description<\/p>\n<p><img fetchpriority=\"high\" decoding=\"async\" class=\"alignnone \" src=\"\/\/sc04.alicdn.com\/kf\/H234f0f2d8ffb4c6fae7afda6c5b787beR\/274590735\/H234f0f2d8ffb4c6fae7afda6c5b787beR.jpg\" width=\"542\" height=\"542\" \/><\/p>\n<p><img decoding=\"async\" class=\"alignnone \" src=\"\/\/sc04.alicdn.com\/kf\/H76357ca1ee27441899ae2b21ec6c88dac\/274590735\/H76357ca1ee27441899ae2b21ec6c88dac.jpg\" width=\"542\" height=\"476\" \/><\/p>\n<p><img decoding=\"async\" class=\"alignnone \" src=\"\/\/sc04.alicdn.com\/kf\/H2e70c59336154d129d92d9696fbfc5edt\/274590735\/H2e70c59336154d129d92d9696fbfc5edt.jpg\" width=\"541\" height=\"433\" \/><\/p>\n<h3>Machine Feature:<\/h3>\n<h3>\u00a0\u00a0Machine Parameter<\/h3>\n<div style=\"display: flex; background-color: #f2f2f2; padding: 10px; border-bottom: 1px solid #ddd;\">\n<div style=\"width: 40%; font-weight: bold;\">Rated Voltage<\/div>\n<div style=\"width: 60%;\">220\/230V<\/div>\n<\/div>\n<div style=\"display: flex; background-color: #ffffff; padding: 10px; border-bottom: 1px solid #ddd;\">\n<div style=\"width: 40%; font-weight: bold;\">Frequency<\/div>\n<div style=\"width: 60%;\">50\/60Hz<\/div>\n<\/div>\n<div style=\"display: flex; background-color: #f2f2f2; padding: 10px; border-bottom: 1px solid #ddd;\">\n<div style=\"width: 40%; font-weight: bold;\">Dimensions<\/div>\n<div style=\"width: 60%;\">59*34\/33<\/div>\n<\/div>\n<div style=\"display: flex; background-color: #ffffff; padding: 10px; border-bottom: 1px solid #ddd;\">\n<div style=\"width: 40%; font-weight: bold;\">Weight<\/div>\n<div style=\"width: 60%;\">22<\/div>\n<\/div>\n<div style=\"display: flex; background-color: #f2f2f2; padding: 10px; border-bottom: 1px solid #ddd;\">\n<div style=\"width: 40%; font-weight: bold;\">Power Source<\/div>\n<div style=\"width: 60%;\">Electric<\/div>\n<\/div>\n<div style=\"display: flex; background-color: #ffffff; padding: 10px; border-bottom: 1px solid #ddd;\">\n<div style=\"width: 40%; font-weight: bold;\">Power Source<\/div>\n<div style=\"width: 60%;\">Electricity<\/div>\n<\/div>\n<div style=\"display: flex; background-color: #f2f2f2; padding: 10px; border-bottom: 1px solid #ddd;\">\n<div style=\"width: 40%; font-weight: bold;\">Product name<\/div>\n<div style=\"width: 60%;\">electric router<\/div>\n<\/div>\n<div style=\"display: flex; background-color: #ffffff; padding: 10px; border-bottom: 1px solid #ddd;\">\n<div style=\"width: 40%; font-weight: bold;\">MOQ<\/div>\n<div style=\"width: 60%;\">300pcs<\/div>\n<\/div>\n<div style=\"display: flex; background-color: #f2f2f2; padding: 10px; border-bottom: 1px solid #ddd;\">\n<div style=\"width: 40%; font-weight: bold;\">Collect Diameter<\/div>\n<div style=\"width: 60%;\">12 mm<\/div>\n<\/div>\n<div style=\"display: flex; background-color: #ffffff; padding: 10px; border-bottom: 1px solid #ddd;\">\n<div style=\"width: 40%; font-weight: bold;\">Rated Voltage<\/div>\n<div style=\"width: 60%;\">220\/230v<\/div>\n<\/div>\n<div style=\"display: flex; background-color: #f2f2f2; padding: 10px; border-bottom: 1px solid #ddd;\">\n<div style=\"width: 40%; font-weight: bold;\">Rated Frequency<\/div>\n<div style=\"width: 60%;\">50\/60Hz<\/div>\n<\/div>\n<div style=\"display: flex; background-color: #ffffff; padding: 10px; border-bottom: 1px solid #ddd;\">\n<div style=\"width: 40%; font-weight: bold;\">No-Load speed<\/div>\n<div style=\"width: 60%;\">4000-26000r\/min<\/div>\n<\/div>\n<div style=\"display: flex; background-color: #f2f2f2; padding: 10px; border-bottom: 1px solid #ddd;\">\n<div style=\"width: 40%; font-weight: bold;\">Rated power Input<\/div>\n<div style=\"width: 60%;\">1800w<\/div>\n<\/div>\n<div style=\"display: flex; background-color: #ffffff; padding: 10px; border-bottom: 1px solid #ddd;\">\n<div style=\"width: 40%; font-weight: bold;\">N.W\/G.W<\/div>\n<div style=\"width: 60%;\">20\/22KG<\/div>\n<\/div>\n<div style=\"display: flex; background-color: #f2f2f2; padding: 10px; border-bottom: 1px solid #ddd;\">\n<div style=\"width: 40%; font-weight: bold;\">Packing<\/div>\n<div style=\"width: 60%;\">59*34*33CM 4PCS<\/div>\n<\/div>\n<p><img loading=\"lazy\" decoding=\"async\" class=\"alignnone \" src=\"\/\/sc04.alicdn.com\/kf\/Hda361e7c2c2149b4804b911482761618k\/274590735\/Hda361e7c2c2149b4804b911482761618k.jpg\" width=\"540\" height=\"346\" \/><\/p>\n<p><img loading=\"lazy\" decoding=\"async\" class=\"alignnone \" src=\"\/\/sc04.alicdn.com\/kf\/H09d68e69bf6c4d4bb4c15d64b862bdecB\/274590735\/H09d68e69bf6c4d4bb4c15d64b862bdecB.jpg\" width=\"542\" height=\"122\" \/><\/p>\n<p>Packing &amp; Delivery<\/p>\n<p><img loading=\"lazy\" decoding=\"async\" class=\"alignnone \" src=\"\/\/sc04.alicdn.com\/kf\/Hdc2e68af46b84fd4a06038925335ee58p\/274590735\/Hdc2e68af46b84fd4a06038925335ee58p.jpg\" width=\"542\" height=\"314\" \/><\/p>\n<p><strong>Packing:<strong><br \/>\nMachine packing inside is plastic films and outside is fumigation wooden case.<\/strong><\/strong><\/p>\n<p>Our wooden case is very strong,it can bear long time shipping on the sea.<\/p>\n<p>And machine with preservative film, it can stop the salt sea water enter into the machine and make the machine corrosion.<strong>Delivery:<strong><br \/>\nFor machines are big and heavy parcel, and different country with different delivery cost,so we suggest below delivery solution:<br \/>\n1. Over 1CBM or 100KG, we suggest send by Sea.<br \/>\n2. Below 1CBM or 100KG, we suggest send by Air.<br \/>\n3. Below 0.5CBM or 50KG, we suggest send by Express.<br \/>\nThe price show on our website just the machine EXW price, please contact us for confirm delivery cost before you place order.Company Profile<\/strong><\/strong><\/p>\n<p><img loading=\"lazy\" decoding=\"async\" class=\"alignnone \" src=\"\/\/sc04.alicdn.com\/kf\/He4849ea7fdf44dd69b025ea5ca71b16am\/274590735\/He4849ea7fdf44dd69b025ea5ca71b16am.jpg\" width=\"540\" height=\"349\" \/><\/p>\n<p>&nbsp;<\/p>\n<p>FAQ<\/p>\n<h3>Q: Are you trading company or manufacturer ?<\/h3>\n<h3>A:Yes, We are factory, all machine is made by ourself and we can provide customize service according to your requirement.<\/h3>\n<h3>Q: Can you guarantee your quality?<\/h3>\n<h3>A: Of course. We are the manufacture factory. More importantly, we put a high value on our reputation. Best quality is our<br \/>\nprinciple all the time. You can be assured on our production completely.<\/h3>\n<h3>Q:What should I do if we are not able to operate the machine when we receive it?<\/h3>\n<h3>A:Operation manual and video demonstration sent along with the machine to give instructions. Besides, we have professional<br \/>\nafter-sale group to customer &#8216;s site to solve any problems.<\/h3>\n<h3>Q: How could I get the spares on machines?<\/h3>\n<h3>A: We will send extra sets of easy broken spares and accessories etc. Non-artificial damaged spares will be sent freely and<br \/>\nshipping free during 1 year&#8217;s warranty.<\/h3>\n<h3>Q: Is there any installation direction after we received the machine?<\/h3>\n<h3>A: We are an onsite check factory from Alibaba, and the quality, delivery time, your payment are all ensured by Alibaba trade<br \/>\nassurance. The machine will have two years warranty. During the warranty year if any of the parts broken not by man-made. We will<br \/>\nfree charge to replace the new one to you . The warranty will begin after the machine send out we received the B\/L .<\/h3>\n<h3>Q: Is there any ensurance to guarantee my order from your company?<\/h3>\n<h3>Semi-Automatic PET Bottle Blowing Machine Bottle Making Machine Bottle Moulding Machine PET Bottle Making Machine is suitable for producing PET plastic containers and bottles in all shapes.<u><strong>Pre-sale services:<u><\/u><\/strong><\/u><\/h3>\n<p>1. Providing professional technical support.<br \/>\n2. Send the product catalog and instruction manual.<br \/>\n3. If you have any question PLS contact us online or send us email, we promise we will give you a reply at the first time!<br \/>\n4. Personal call or visit are warmly welcome.<strong>Sale of services:<\/strong><\/p>\n<p>1. We promise honest and fair, it&#8217;s our pleasure to serve you as your purchasing consultant.<\/p>\n<p>2. We guarantee punctuality, quality and quantities strictly implement the terms of contract.<strong>After-sales service:<\/strong><\/p>\n<p>1. Where to buy our products for 1 years warranty and life long maintenance.<\/p>\n<p>2. 24-hours telephone service.<\/p>\n<p>3. A large stock of components and parts, easily-worn parts.<\/p>\n","protected":false},"excerpt":{"rendered":"<table id=\"tablepress-1\" class=\"tablepress tablepress-id-1\">\n<thead>\n<tr class=\"row-1\">\n<th class=\"column-1\">Num\u00e9ro de mod\u00e8le<\/th>\n<th class=\"column-2\">ST-01<\/th>\n<\/tr>\n<\/thead>\n<tbody class=\"row-striping row-hover\">\n<\/tbody>\n<\/table>\n<p><!-- #tablepress-1 from cache --><\/p>","protected":false},"featured_media":31641,"comment_status":"open","ping_status":"closed","template":"","meta":[],"product_cat":[113,119,112],"product_tag":[],"class_list":{"0":"post-31642","1":"product","2":"type-product","3":"status-publish","4":"has-post-thumbnail","6":"product_cat-cutting-tools","7":"product_cat-electric-routers","8":"product_cat-woodworking-tools","10":"first","11":"instock","12":"shipping-taxable","13":"purchasable","14":"product-type-simple"},"_links":{"self":[{"href":"https:\/\/meconstructionsupplies.com\/fr\/wp-json\/wp\/v2\/product\/31642","targetHints":{"allow":["GET"]}}],"collection":[{"href":"https:\/\/meconstructionsupplies.com\/fr\/wp-json\/wp\/v2\/product"}],"about":[{"href":"https:\/\/meconstructionsupplies.com\/fr\/wp-json\/wp\/v2\/types\/product"}],"replies":[{"embeddable":true,"href":"https:\/\/meconstructionsupplies.com\/fr\/wp-json\/wp\/v2\/comments?post=31642"}],"version-history":[{"count":5,"href":"https:\/\/meconstructionsupplies.com\/fr\/wp-json\/wp\/v2\/product\/31642\/revisions"}],"predecessor-version":[{"id":39537,"href":"https:\/\/meconstructionsupplies.com\/fr\/wp-json\/wp\/v2\/product\/31642\/revisions\/39537"}],"wp:featuredmedia":[{"embeddable":true,"href":"https:\/\/meconstructionsupplies.com\/fr\/wp-json\/wp\/v2\/media\/31641"}],"wp:attachment":[{"href":"https:\/\/meconstructionsupplies.com\/fr\/wp-json\/wp\/v2\/media?parent=31642"}],"wp:term":[{"taxonomy":"product_cat","embeddable":true,"href":"https:\/\/meconstructionsupplies.com\/fr\/wp-json\/wp\/v2\/product_cat?post=31642"},{"taxonomy":"product_tag","embeddable":true,"href":"https:\/\/meconstructionsupplies.com\/fr\/wp-json\/wp\/v2\/product_tag?post=31642"}],"curies":[{"name":"wp","href":"https:\/\/api.w.org\/{rel}","templated":true}]}}