{"id":39833,"date":"2024-12-20T06:57:05","date_gmt":"2024-12-20T06:57:05","guid":{"rendered":"https:\/\/meconstructionsupplies.com\/product\/lampada-dimmable-modern-ceiling-lights-fixture-19inch-72w-nest-design-recessed-led-smart-ceiling-lamps-for-living-room-2025\/"},"modified":"2024-12-20T07:36:56","modified_gmt":"2024-12-20T07:36:56","slug":"lampada-dimmable-modern-ceiling-lights-fixture-19inch-72w-nest-design-recessed-led-smart-ceiling-lamps-for-living-room-2025","status":"publish","type":"product","link":"https:\/\/meconstructionsupplies.com\/fr\/product\/lampada-dimmable-modern-ceiling-lights-fixture-19inch-72w-nest-design-recessed-led-smart-ceiling-lamps-for-living-room-2025\/","title":{"rendered":"Plafonniers modernes \u00e0 intensit\u00e9 variable Lampada 19 pouces 72 W Nest Design Lampes de plafond LED encastr\u00e9es intelligentes pour salon 2025"},"content":{"rendered":"<div style=\"width: 540px;\" class=\"wp-video\"><!--[if lt IE 9]><script>document.createElement('video');<\/script><![endif]-->\n<video class=\"wp-video-shortcode\" id=\"video-39833-1\" width=\"540\" height=\"960\" preload=\"metadata\" controls=\"controls\"><source type=\"video\/mp4\" src=\"\/\/play.video.alibaba.com\/play\/u\/2153292369\/p\/1\/e\/6\/t\/10300\/441189347498.mp4?_=1\" \/><a href=\"\/\/play.video.alibaba.com\/play\/u\/2153292369\/p\/1\/e\/6\/t\/10300\/441189347498.mp4\">\/\/play.video.alibaba.com\/play\/u\/2153292369\/p\/1\/e\/6\/t\/10300\/441189347498.mp4<\/a><\/video><\/div>\n<h3><strong>Product Description<\/strong><\/h3>\n<hr style=\"border: 2px solid #000; margin-top: 5px; margin-bottom: 5px;\" \/>\n<p><img fetchpriority=\"high\" decoding=\"async\" class=\"alignnone \" src=\"\/\/sc04.alicdn.com\/kf\/H9918c7b640aa4da992057ed4c4883e507\/274260009\/H9918c7b640aa4da992057ed4c4883e507.jpg\" width=\"542\" height=\"542\" \/><\/p>\n<p><img decoding=\"async\" class=\"alignnone \" src=\"\/\/sc04.alicdn.com\/kf\/Hd0d7073b4f0d4bc1b3665025ad675e68J\/274260009\/Hd0d7073b4f0d4bc1b3665025ad675e68J.jpg\" width=\"542\" height=\"542\" \/><\/p>\n<p><img decoding=\"async\" class=\"alignnone \" src=\"\/\/sc04.alicdn.com\/kf\/H8f83a3f66ba14a3ab1ddfc324ba9f7089\/274260009\/H8f83a3f66ba14a3ab1ddfc324ba9f7089.jpg\" width=\"540\" height=\"540\" \/><\/p>\n<p><img loading=\"lazy\" decoding=\"async\" class=\"alignnone \" src=\"\/\/sc04.alicdn.com\/kf\/H45651c662626428589fa4474a65ee00cx\/274260009\/H45651c662626428589fa4474a65ee00cx.jpg\" width=\"543\" height=\"543\" \/><\/p>\n<h3><strong>Packing&amp;Shipping<\/strong><\/h3>\n<hr style=\"border: 2px solid #000; margin-top: 5px; margin-bottom: 5px;\" \/>\n<p><img loading=\"lazy\" decoding=\"async\" class=\"alignnone \" src=\"\/\/sc04.alicdn.com\/kf\/Ha77091379daa4bf3a69fd5ad60078b7aT\/274260009\/Ha77091379daa4bf3a69fd5ad60078b7aT.jpg\" width=\"541\" height=\"541\" \/><\/p>\n<h3><strong>Product Presentation<\/strong><\/h3>\n<hr style=\"border: 2px solid #000; margin-top: 5px; margin-bottom: 5px;\" \/>\n<p><img loading=\"lazy\" decoding=\"async\" class=\"alignnone \" src=\"\/\/sc04.alicdn.com\/kf\/H16d20c46a22440df9ec5932b6f1ec2c2Q\/274260009\/H16d20c46a22440df9ec5932b6f1ec2c2Q.jpg\" width=\"542\" height=\"542\" \/><\/p>\n<div style=\"display: flex; background-color: #f2f2f2; padding: 10px; border-bottom: 1px solid #ddd;\">\n<div style=\"width: 40%; font-weight: bold;\"><b><br \/>\n<b><b>Product Name<b><\/b><\/b><\/b><\/b><\/div>\n<div style=\"width: 60%;\">CEILING LIGHT<\/div>\n<\/div>\n<div style=\"display: flex; background-color: #ffffff; padding: 10px; border-bottom: 1px solid #ddd;\">\n<div style=\"width: 40%; font-weight: bold;\"><b data-spm-anchor-id=\"0.0.0.i1.231c4f05KDVVg8\"><br \/>\n<b><b data-spm-anchor-id=\"0.0.0.i1.231c4f05KDVVg8\">Material<b><\/b><\/b><\/b><\/b><\/div>\n<div style=\"width: 60%;\">PLASTIC+IRON<\/div>\n<\/div>\n<div style=\"display: flex; background-color: #f2f2f2; padding: 10px; border-bottom: 1px solid #ddd;\">\n<div style=\"width: 40%; font-weight: bold;\"><b><br \/>\n<b><b>Power<b><\/b><\/b><\/b><\/b><\/div>\n<div style=\"width: 60%;\">36W*2<\/div>\n<\/div>\n<div style=\"display: flex; background-color: #ffffff; padding: 10px; border-bottom: 1px solid #ddd;\">\n<div style=\"width: 40%; font-weight: bold;\"><b data-spm-anchor-id=\"0.0.0.i3.231c4f05KDVVg8\"><br \/>\n<b><b data-spm-anchor-id=\"0.0.0.i3.231c4f05KDVVg8\">Voltage<b><\/b><\/b><\/b><\/b><\/div>\n<div style=\"width: 60%;\">AC165-265V<\/div>\n<\/div>\n<div style=\"display: flex; background-color: #f2f2f2; padding: 10px; border-bottom: 1px solid #ddd;\">\n<div style=\"width: 40%; font-weight: bold;\"><b data-spm-anchor-id=\"0.0.0.i4.231c4f05KDVVg8\"><br \/>\n<b><b>CCT<b><\/b><\/b><\/b><\/b><\/div>\n<div style=\"width: 60%;\">3000K\/6500K\/4000K<\/div>\n<\/div>\n<div style=\"display: flex; background-color: #ffffff; padding: 10px; border-bottom: 1px solid #ddd;\">\n<div style=\"width: 40%; font-weight: bold;\"><b><br \/>\n<b><b>Lamp Color<b><\/b><\/b><\/b><\/b><\/div>\n<div style=\"width: 60%;\">White\/Black\/Gold<\/div>\n<\/div>\n<div style=\"display: flex; background-color: #f2f2f2; padding: 10px; border-bottom: 1px solid #ddd;\">\n<div style=\"width: 40%; font-weight: bold;\"><b><br \/>\n<b><b>Style<b><\/b><\/b><\/b><\/b><\/div>\n<div style=\"width: 60%;\">Modern<\/div>\n<\/div>\n<h3><strong>Company Introduction<\/strong><\/h3>\n<hr style=\"border: 2px solid #000; margin-top: 5px; margin-bottom: 5px;\" \/>\n<p>&nbsp;<\/p>\n<p><img loading=\"lazy\" decoding=\"async\" class=\"alignnone \" src=\"\/\/sc04.alicdn.com\/kf\/H64401e9b77b94de48da65ae52058d10aa\/274260009\/H64401e9b77b94de48da65ae52058d10aa.jpg\" width=\"541\" height=\"361\" \/><\/p>\n<p><img loading=\"lazy\" decoding=\"async\" class=\"alignnone \" src=\"\/\/sc04.alicdn.com\/kf\/Hcb1e426e8a1d4d5799f27c1a31eac5a2p\/274260009\/Hcb1e426e8a1d4d5799f27c1a31eac5a2p.jpg\" width=\"543\" height=\"362\" \/><\/p>\n<h3><strong>FAQ<\/strong><\/h3>\n<hr style=\"border: 2px solid #000; margin-top: 5px; margin-bottom: 5px;\" \/>\n<p>Q1: Where is your factory?<br \/>\nQ2: How to guanranty the quality of your products? A2\uff1aThere are professional QC in our factory who will inspect production lines and works all the day, in addition, there is aging test for each product, the defected products will be quited once tested.<br \/>\nQ3:How about the shipping ? A3:Shipping by sea, by air, by local logistics are all supported, professional shipping agent will be recommed to you if needed.<\/p>\n","protected":false},"excerpt":{"rendered":"<p>Description du produit Emballage et exp\u00e9dition Pr\u00e9sentation du produit Nom du produit PLAFONNIER Mat\u00e9riau PLASTIQUE + FER Puissance 36 W * 2 Tension AC165-265 V CCT 3000 K \/ 6500 K \/ 4000 K Couleur de la lampe Blanc \/ Noir \/ Or<\/p>","protected":false},"featured_media":39832,"comment_status":"open","ping_status":"closed","template":"","meta":[],"product_cat":[303,167],"product_tag":[],"class_list":{"0":"post-39833","1":"product","2":"type-product","3":"status-publish","4":"has-post-thumbnail","6":"product_cat-ceiling-lamp","7":"product_cat-sanitary-ware","9":"first","10":"instock","11":"shipping-taxable","12":"purchasable","13":"product-type-simple"},"_links":{"self":[{"href":"https:\/\/meconstructionsupplies.com\/fr\/wp-json\/wp\/v2\/product\/39833","targetHints":{"allow":["GET"]}}],"collection":[{"href":"https:\/\/meconstructionsupplies.com\/fr\/wp-json\/wp\/v2\/product"}],"about":[{"href":"https:\/\/meconstructionsupplies.com\/fr\/wp-json\/wp\/v2\/types\/product"}],"replies":[{"embeddable":true,"href":"https:\/\/meconstructionsupplies.com\/fr\/wp-json\/wp\/v2\/comments?post=39833"}],"version-history":[{"count":4,"href":"https:\/\/meconstructionsupplies.com\/fr\/wp-json\/wp\/v2\/product\/39833\/revisions"}],"predecessor-version":[{"id":39866,"href":"https:\/\/meconstructionsupplies.com\/fr\/wp-json\/wp\/v2\/product\/39833\/revisions\/39866"}],"wp:featuredmedia":[{"embeddable":true,"href":"https:\/\/meconstructionsupplies.com\/fr\/wp-json\/wp\/v2\/media\/39832"}],"wp:attachment":[{"href":"https:\/\/meconstructionsupplies.com\/fr\/wp-json\/wp\/v2\/media?parent=39833"}],"wp:term":[{"taxonomy":"product_cat","embeddable":true,"href":"https:\/\/meconstructionsupplies.com\/fr\/wp-json\/wp\/v2\/product_cat?post=39833"},{"taxonomy":"product_tag","embeddable":true,"href":"https:\/\/meconstructionsupplies.com\/fr\/wp-json\/wp\/v2\/product_tag?post=39833"}],"curies":[{"name":"wp","href":"https:\/\/api.w.org\/{rel}","templated":true}]}}