{"id":39864,"date":"2024-12-20T07:36:55","date_gmt":"2024-12-20T07:36:55","guid":{"rendered":"https:\/\/meconstructionsupplies.com\/product\/the-listing-modern-white-remote-control-abs-blade-ceiling-fan-with-led-light-new-app-celling-light-60w-lamp\/"},"modified":"2024-12-20T07:48:26","modified_gmt":"2024-12-20T07:48:26","slug":"the-listing-modern-white-remote-control-abs-blade-ceiling-fan-with-led-light-new-app-celling-light-60w-lamp","status":"publish","type":"product","link":"https:\/\/meconstructionsupplies.com\/fr\/product\/the-listing-modern-white-remote-control-abs-blade-ceiling-fan-with-led-light-new-app-celling-light-60w-lamp\/","title":{"rendered":"Le ventilateur de plafond moderne \u00e0 lame ABS avec t\u00e9l\u00e9commande blanche avec lumi\u00e8re LED, nouvelle application, lampe de plafond 60 W"},"content":{"rendered":"<div style=\"width: 540px;\" class=\"wp-video\"><!--[if lt IE 9]><script>document.createElement('video');<\/script><![endif]-->\n<video class=\"wp-video-shortcode\" id=\"video-39864-1\" width=\"540\" height=\"960\" preload=\"metadata\" controls=\"controls\"><source type=\"video\/mp4\" src=\"\/\/play.video.alibaba.com\/play\/u\/2153292369\/p\/1\/e\/6\/t\/10300\/403845932368.mp4?_=1\" \/><a href=\"\/\/play.video.alibaba.com\/play\/u\/2153292369\/p\/1\/e\/6\/t\/10300\/403845932368.mp4\">\/\/play.video.alibaba.com\/play\/u\/2153292369\/p\/1\/e\/6\/t\/10300\/403845932368.mp4<\/a><\/video><\/div>\n<h3>1.Why Choose Ours Fans<\/h3>\n<h3>1. *20 years of experience in product customization and practical industry application.<br \/>\nSpecial program technical team with rapid response. Tailored products and solutions with high pertinence and applicability are<br \/>\ndelivered after the comprehensive planning and evaluation based on the customer&#8217;s actual usage.2. *Own R &amp; D team, unique core algorithm.3. *Quick problem solving skills4. * Support APP, fan, service, logo, packaging, customization 2.Product Details<\/h3>\n<p><img fetchpriority=\"high\" decoding=\"async\" class=\"alignnone \" src=\"\/\/sc04.alicdn.com\/kf\/H1508583d27df4528bf826cabb7d50dfcU\/258441493\/H1508583d27df4528bf826cabb7d50dfcU.jpg\" width=\"540\" height=\"741\" \/><\/p>\n<p>&nbsp;<\/p>\n<p><img decoding=\"async\" class=\"alignnone \" src=\"\/\/sc04.alicdn.com\/kf\/H3ff6789c5c254ee9934852ad5d33485fG\/258441493\/H3ff6789c5c254ee9934852ad5d33485fG.jpg\" width=\"540\" height=\"561\" \/><\/p>\n<p><img decoding=\"async\" class=\"alignnone \" src=\"\/\/sc04.alicdn.com\/kf\/H0287c4237fa847e592f4d13fa3b9fa52A\/258441493\/H0287c4237fa847e592f4d13fa3b9fa52A.jpg\" width=\"542\" height=\"395\" \/><\/p>\n<p><img loading=\"lazy\" decoding=\"async\" class=\"alignnone \" src=\"\/\/sc04.alicdn.com\/kf\/H8dae9451bb084924b83d76cfc886f8efa\/258441493\/H8dae9451bb084924b83d76cfc886f8efa.jpg\" width=\"541\" height=\"719\" \/><\/p>\n<p><img loading=\"lazy\" decoding=\"async\" class=\"alignnone \" src=\"\/\/sc04.alicdn.com\/kf\/H5a2b8c576812401abc89aa2d607711dcg\/258441493\/H5a2b8c576812401abc89aa2d607711dcg.jpg\" width=\"541\" height=\"1163\" \/><\/p>\n<p><img loading=\"lazy\" decoding=\"async\" class=\"alignnone \" src=\"\/\/sc04.alicdn.com\/kf\/H8a4add6125ee48a9ad31199751dbb03e1\/258441493\/H8a4add6125ee48a9ad31199751dbb03e1.jpg\" width=\"543\" height=\"682\" \/><\/p>\n<p><img loading=\"lazy\" decoding=\"async\" class=\"alignnone \" src=\"\/\/sc04.alicdn.com\/kf\/H50d6fbb06ded46828e025a4a1676f5dfS\/258441493\/H50d6fbb06ded46828e025a4a1676f5dfS.jpg\" width=\"543\" height=\"1276\" \/><\/p>\n<p><img loading=\"lazy\" decoding=\"async\" class=\"alignnone \" src=\"\/\/sc04.alicdn.com\/kf\/H7d26cd2c01a24e1ebbd15a52b6b434d9l\/258441493\/H7d26cd2c01a24e1ebbd15a52b6b434d9l.jpg\" width=\"541\" height=\"915\" \/><\/p>\n<p><img loading=\"lazy\" decoding=\"async\" class=\"alignnone \" src=\"\/\/sc04.alicdn.com\/kf\/H3c61f190a3454a199ab130c51a23243b8\/258441493\/H3c61f190a3454a199ab130c51a23243b8.jpg\" width=\"542\" height=\"740\" \/><\/p>\n<p><img loading=\"lazy\" decoding=\"async\" class=\"alignnone \" src=\"\/\/sc04.alicdn.com\/kf\/Hcfb1f42e9fcb45d48d0661927c4825dbD\/258441493\/Hcfb1f42e9fcb45d48d0661927c4825dbD.jpg\" width=\"542\" height=\"1105\" \/><\/p>\n<p><img loading=\"lazy\" decoding=\"async\" class=\"alignnone \" src=\"\/\/sc04.alicdn.com\/kf\/Hb2f76a758b214857b6f1f54e568822d0D\/258441493\/Hb2f76a758b214857b6f1f54e568822d0D.jpg\" width=\"542\" height=\"1152\" \/><\/p>\n<h3>3.parameter list<\/h3>\n<div style=\"display: flex; background-color: #f2f2f2; padding: 10px; border-bottom: 1px solid #ddd;\">\n<div style=\"width: 40%; font-weight: bold;\">Model Number:<\/div>\n<div style=\"width: 60%;\">8225-500<\/div>\n<\/div>\n<div style=\"display: flex; background-color: #ffffff; padding: 10px; border-bottom: 1px solid #ddd;\">\n<div style=\"width: 40%; font-weight: bold;\">Certificate:<\/div>\n<div style=\"width: 60%;\">FCC<\/div>\n<\/div>\n<div style=\"display: flex; background-color: #f2f2f2; padding: 10px; border-bottom: 1px solid #ddd;\">\n<div style=\"width: 40%; font-weight: bold;\">Application:<\/div>\n<div style=\"width: 60%;\">Bedroom<\/div>\n<\/div>\n<div style=\"display: flex; background-color: #ffffff; padding: 10px; border-bottom: 1px solid #ddd;\">\n<div style=\"width: 40%; font-weight: bold;\">Design Style:<\/div>\n<div style=\"width: 60%;\">Modern<\/div>\n<\/div>\n<div style=\"display: flex; background-color: #f2f2f2; padding: 10px; border-bottom: 1px solid #ddd;\">\n<div style=\"width: 40%; font-weight: bold;\">Wind Type:<\/div>\n<div style=\"width: 60%;\">Natural Wind<\/div>\n<\/div>\n<div style=\"display: flex; background-color: #ffffff; padding: 10px; border-bottom: 1px solid #ddd;\">\n<div style=\"width: 40%; font-weight: bold;\">Warranty(Years):<\/div>\n<div style=\"width: 60%;\">5 Years Warranty For Motor<\/div>\n<\/div>\n<div style=\"display: flex; background-color: #f2f2f2; padding: 10px; border-bottom: 1px solid #ddd;\">\n<div style=\"width: 40%; font-weight: bold;\">Color:<\/div>\n<div style=\"width: 60%;\">3000K,4000K,6500K<\/div>\n<\/div>\n<div style=\"display: flex; background-color: #ffffff; padding: 10px; border-bottom: 1px solid #ddd;\">\n<div style=\"width: 40%; font-weight: bold;\">Temperature(CCT):<\/div>\n<div style=\"width: 60%;\">3000-6500K<\/div>\n<\/div>\n<div style=\"display: flex; background-color: #f2f2f2; padding: 10px; border-bottom: 1px solid #ddd;\">\n<div style=\"width: 40%; font-weight: bold;\">Lighting solutions:<\/div>\n<div style=\"width: 60%;\">Lighting and circuitry design<\/div>\n<\/div>\n<div style=\"display: flex; background-color: #ffffff; padding: 10px; border-bottom: 1px solid #ddd;\">\n<div style=\"width: 40%; font-weight: bold;\">Lamp Luminous:<\/div>\n<div style=\"width: 60%;\">110lm\/W-120lm\/W<\/div>\n<\/div>\n<div style=\"display: flex; background-color: #f2f2f2; padding: 10px; border-bottom: 1px solid #ddd;\">\n<div style=\"width: 40%; font-weight: bold;\">Flux(lm):<\/div>\n<div style=\"width: 60%;\">3300lm-3600lm<\/div>\n<\/div>\n<div style=\"display: flex; background-color: #ffffff; padding: 10px; border-bottom: 1px solid #ddd;\">\n<div style=\"width: 40%; font-weight: bold;\">The light body color:<\/div>\n<div style=\"width: 60%;\">\u6c99\u767d<\/div>\n<\/div>\n<div style=\"display: flex; background-color: #f2f2f2; padding: 10px; border-bottom: 1px solid #ddd;\">\n<div style=\"width: 40%; font-weight: bold;\">Emitting color:<\/div>\n<div style=\"width: 60%;\">White light\u3001Natural light\u3001Warm light<\/div>\n<\/div>\n<div style=\"display: flex; background-color: #ffffff; padding: 10px; border-bottom: 1px solid #ddd;\">\n<div style=\"width: 40%; font-weight: bold;\">Size:<\/div>\n<div style=\"width: 60%;\">\u00d8500*145mm<\/div>\n<\/div>\n<div style=\"display: flex; background-color: #f2f2f2; padding: 10px; border-bottom: 1px solid #ddd;\">\n<div style=\"width: 40%; font-weight: bold;\">Pad Size:<\/div>\n<div style=\"width: 60%;\">\u00d8200*55mm<\/div>\n<\/div>\n<div style=\"display: flex; background-color: #ffffff; padding: 10px; border-bottom: 1px solid #ddd;\">\n<div style=\"width: 40%; font-weight: bold;\">CRI (Ra&gt;):<\/div>\n<div style=\"width: 60%;\">\u226580<\/div>\n<\/div>\n<div style=\"display: flex; background-color: #f2f2f2; padding: 10px; border-bottom: 1px solid #ddd;\">\n<div style=\"width: 40%; font-weight: bold;\">Power:<\/div>\n<div style=\"width: 60%;\">30W*2<\/div>\n<\/div>\n<div style=\"display: flex; background-color: #ffffff; padding: 10px; border-bottom: 1px solid #ddd;\">\n<div style=\"width: 40%; font-weight: bold;\">Working:<\/div>\n<div style=\"width: 60%;\">100000<\/div>\n<\/div>\n<div style=\"display: flex; background-color: #f2f2f2; padding: 10px; border-bottom: 1px solid #ddd;\">\n<div style=\"width: 40%; font-weight: bold;\">Lifetime(Hour):<\/div>\n<div style=\"width: 60%;\">100000<\/div>\n<\/div>\n<div style=\"display: flex; background-color: #ffffff; padding: 10px; border-bottom: 1px solid #ddd;\">\n<div style=\"width: 40%; font-weight: bold;\">Warranty(Year):<\/div>\n<div style=\"width: 60%;\">2-Year<\/div>\n<\/div>\n<div style=\"display: flex; background-color: #f2f2f2; padding: 10px; border-bottom: 1px solid #ddd;\">\n<div style=\"width: 40%; font-weight: bold;\">Support Dimmer:<\/div>\n<div style=\"width: 60%;\">Yes<\/div>\n<\/div>\n<div style=\"display: flex; background-color: #ffffff; padding: 10px; border-bottom: 1px solid #ddd;\">\n<div style=\"width: 40%; font-weight: bold;\">Remote control:<\/div>\n<div style=\"width: 60%;\">Support<\/div>\n<\/div>\n<div style=\"display: flex; background-color: #f2f2f2; padding: 10px; border-bottom: 1px solid #ddd;\">\n<div style=\"width: 40%; font-weight: bold;\">Speed:<\/div>\n<div style=\"width: 60%;\">6 Speed Choice<\/div>\n<\/div>\n<div style=\"display: flex; background-color: #ffffff; padding: 10px; border-bottom: 1px solid #ddd;\">\n<div style=\"width: 40%; font-weight: bold;\">Light Source:<\/div>\n<div style=\"width: 60%;\">LED2835<\/div>\n<\/div>\n<div style=\"display: flex; background-color: #f2f2f2; padding: 10px; border-bottom: 1px solid #ddd;\">\n<div style=\"width: 40%; font-weight: bold;\">Switch Style:<\/div>\n<div style=\"width: 60%;\">remote control<\/div>\n<\/div>\n<div style=\"display: flex; background-color: #ffffff; padding: 10px; border-bottom: 1px solid #ddd;\">\n<div style=\"width: 40%; font-weight: bold;\">Lamp Body Color:<\/div>\n<div style=\"width: 60%;\">white<\/div>\n<\/div>\n<div style=\"display: flex; background-color: #f2f2f2; padding: 10px; border-bottom: 1px solid #ddd;\">\n<div style=\"width: 40%; font-weight: bold;\">Blade Material:<\/div>\n<div style=\"width: 60%;\">PVC<\/div>\n<\/div>\n<div style=\"display: flex; background-color: #ffffff; padding: 10px; border-bottom: 1px solid #ddd;\">\n<div style=\"width: 40%; font-weight: bold;\">AC Traffic Motor:<\/div>\n<div style=\"width: 60%;\">No<\/div>\n<\/div>\n<div style=\"display: flex; background-color: #f2f2f2; padding: 10px; border-bottom: 1px solid #ddd;\">\n<div style=\"width: 40%; font-weight: bold;\">DC Direct Current Motor:<\/div>\n<div style=\"width: 60%;\">Yes<\/div>\n<\/div>\n<div style=\"display: flex; background-color: #ffffff; padding: 10px; border-bottom: 1px solid #ddd;\">\n<div style=\"width: 40%; font-weight: bold;\">Frequency Conversion:<\/div>\n<div style=\"width: 60%;\">Yes<\/div>\n<\/div>\n<div style=\"display: flex; background-color: #f2f2f2; padding: 10px; border-bottom: 1px solid #ddd;\">\n<div style=\"width: 40%; font-weight: bold;\">Unit Weight(KG):<\/div>\n<div style=\"width: 60%;\">3KG<\/div>\n<\/div>\n<div style=\"display: flex; background-color: #ffffff; padding: 10px; border-bottom: 1px solid #ddd;\">\n<div style=\"width: 40%; font-weight: bold;\">Pack List<\/div>\n<div style=\"width: 60%;\">Fan Lamp X 1 Piece<\/div>\n<\/div>\n<p>&nbsp;<\/p>\n<p>&nbsp;<\/p>\n<p><img loading=\"lazy\" decoding=\"async\" class=\"alignnone \" src=\"\/\/sc04.alicdn.com\/kf\/H898ef2fc83f0458da73aa0408d7e079bu\/258441493\/H898ef2fc83f0458da73aa0408d7e079bu.jpg\" width=\"543\" height=\"904\" \/><\/p>\n<p><img loading=\"lazy\" decoding=\"async\" class=\"alignnone \" src=\"\/\/img.alicdn.com\/tfs\/TB1boqfbq67gK0jSZFHXXa9jVXa-750-308.png\" width=\"538\" height=\"221\" \/><\/p>\n<h3>4.FAQ<\/h3>\n<h3>Q1:What are your strengths?<\/h3>\n<p>A1: High-quality products,<br \/>\nA2: Support for small orders,<br \/>\nA3: Competitive prices,<br \/>\nA4: Fast delivery,<br \/>\nA5: More than 12 years of production and export experience.<\/p>\n<p>Q2:What is the quality of the ceiling fan light?<\/p>\n<p>A: Our main products have got CCC, CE, ROHS etc&#8230; certificate.<\/p>\n<p>Q3:What is your MOQ?<\/p>\n<p>A: We can produce 50pcs even 10pcs for you.<\/p>\n<p>Q4.How would I get a price list for a wholesaler?<\/p>\n<p>A: Pls e-mail us, and tell us about your market with MOQ for each order. We would send the competitive price list to you ASAP.<\/p>\n<p>Q5:How quickly would we get a sample from u? Charges?<\/p>\n<p>A: Within 15-30 days for the new development samples, within 5-7 days for normal items.<br \/>\nDouble charge for the new develop samples. Equal charge for the normal items.<br \/>\nAll sample fees will be returned to customer when place bulk order.<\/p>\n","protected":false},"excerpt":{"rendered":"<p>1. Pourquoi choisir nos ventilateurs 1. * 20 ans d&#039;exp\u00e9rience dans la personnalisation de produits et l&#039;application pratique dans l&#039;industrie. \u00c9quipe technique de programme sp\u00e9cial<\/p>","protected":false},"featured_media":39863,"comment_status":"open","ping_status":"closed","template":"","meta":[],"product_cat":[303,167],"product_tag":[],"class_list":{"0":"post-39864","1":"product","2":"type-product","3":"status-publish","4":"has-post-thumbnail","6":"product_cat-ceiling-lamp","7":"product_cat-sanitary-ware","9":"first","10":"instock","11":"shipping-taxable","12":"purchasable","13":"product-type-simple"},"_links":{"self":[{"href":"https:\/\/meconstructionsupplies.com\/fr\/wp-json\/wp\/v2\/product\/39864","targetHints":{"allow":["GET"]}}],"collection":[{"href":"https:\/\/meconstructionsupplies.com\/fr\/wp-json\/wp\/v2\/product"}],"about":[{"href":"https:\/\/meconstructionsupplies.com\/fr\/wp-json\/wp\/v2\/types\/product"}],"replies":[{"embeddable":true,"href":"https:\/\/meconstructionsupplies.com\/fr\/wp-json\/wp\/v2\/comments?post=39864"}],"version-history":[{"count":3,"href":"https:\/\/meconstructionsupplies.com\/fr\/wp-json\/wp\/v2\/product\/39864\/revisions"}],"predecessor-version":[{"id":39886,"href":"https:\/\/meconstructionsupplies.com\/fr\/wp-json\/wp\/v2\/product\/39864\/revisions\/39886"}],"wp:featuredmedia":[{"embeddable":true,"href":"https:\/\/meconstructionsupplies.com\/fr\/wp-json\/wp\/v2\/media\/39863"}],"wp:attachment":[{"href":"https:\/\/meconstructionsupplies.com\/fr\/wp-json\/wp\/v2\/media?parent=39864"}],"wp:term":[{"taxonomy":"product_cat","embeddable":true,"href":"https:\/\/meconstructionsupplies.com\/fr\/wp-json\/wp\/v2\/product_cat?post=39864"},{"taxonomy":"product_tag","embeddable":true,"href":"https:\/\/meconstructionsupplies.com\/fr\/wp-json\/wp\/v2\/product_tag?post=39864"}],"curies":[{"name":"wp","href":"https:\/\/api.w.org\/{rel}","templated":true}]}}