{"id":39876,"date":"2024-12-20T07:41:37","date_gmt":"2024-12-20T07:41:37","guid":{"rendered":"https:\/\/meconstructionsupplies.com\/product\/hot-selling-10-inch-12-inch-double-ring-2700k-5000k-5cct-dimmable-led-surface-mount-ceiling-light\/"},"modified":"2024-12-20T07:53:35","modified_gmt":"2024-12-20T07:53:35","slug":"hot-selling-10-inch-12-inch-double-ring-2700k-5000k-5cct-dimmable-led-surface-mount-ceiling-light","status":"publish","type":"product","link":"https:\/\/meconstructionsupplies.com\/fr\/product\/hot-selling-10-inch-12-inch-double-ring-2700k-5000k-5cct-dimmable-led-surface-mount-ceiling-light\/","title":{"rendered":"Plafonnier LED \u00e0 double anneau de 10 pouces et 12 pouces \u00e0 intensit\u00e9 variable 2700K-5000K 5CCT \u00e0 montage en surface"},"content":{"rendered":"<div style=\"width: 540px;\" class=\"wp-video\"><!--[if lt IE 9]><script>document.createElement('video');<\/script><![endif]-->\n<video class=\"wp-video-shortcode\" id=\"video-39876-1\" width=\"540\" height=\"960\" preload=\"metadata\" controls=\"controls\"><source type=\"video\/mp4\" src=\"\/\/play.video.alibaba.com\/play\/u\/2153292369\/p\/1\/e\/6\/t\/10300\/463270029775.mp4?_=1\" \/><a href=\"\/\/play.video.alibaba.com\/play\/u\/2153292369\/p\/1\/e\/6\/t\/10300\/463270029775.mp4\">\/\/play.video.alibaba.com\/play\/u\/2153292369\/p\/1\/e\/6\/t\/10300\/463270029775.mp4<\/a><\/video><\/div>\n<p><b><b>1.Production factory<br \/>\n2.Delivery time: 72 hours<br \/>\n3.Transport damage: free resplacement &amp; shipping<br \/>\n4.Warranty: 5 years, free replacement &amp; shipping<b><\/b><\/b><\/b><\/p>\n<h3><strong>Product Description<\/strong><\/h3>\n<hr style=\"border: 2px solid #000; margin-top: 5px; margin-bottom: 5px;\" \/>\n<p><img fetchpriority=\"high\" decoding=\"async\" class=\"alignnone \" src=\"\/\/sc04.alicdn.com\/kf\/H71b3d08a33054bcd8e9407ad2be6b387D\/233042897\/H71b3d08a33054bcd8e9407ad2be6b387D.jpg\" width=\"540\" height=\"263\" \/><\/p>\n<p><img decoding=\"async\" class=\"alignnone \" src=\"\/\/sc04.alicdn.com\/kf\/Ha7667814154d47bca5dd7a7765fdd815B\/233042897\/Ha7667814154d47bca5dd7a7765fdd815B.jpg\" width=\"539\" height=\"532\" \/><\/p>\n<p><img decoding=\"async\" class=\"alignnone \" src=\"\/\/sc04.alicdn.com\/kf\/H633f7d81f55a4b629aeaf2c5279c87dbg\/233042897\/H633f7d81f55a4b629aeaf2c5279c87dbg.jpg\" width=\"541\" height=\"587\" \/><\/p>\n<p><img loading=\"lazy\" decoding=\"async\" class=\"alignnone \" src=\"\/\/sc04.alicdn.com\/kf\/H8f14be87e84a4869862dbddab8f27e3ff\/233042897\/H8f14be87e84a4869862dbddab8f27e3ff.jpg\" width=\"543\" height=\"1022\" \/><\/p>\n<p><img loading=\"lazy\" decoding=\"async\" class=\"alignnone \" src=\"\/\/sc04.alicdn.com\/kf\/H9e75d8d15eb34b7ba26af3e3077eb97b1\/233042897\/H9e75d8d15eb34b7ba26af3e3077eb97b1.jpg\" width=\"543\" height=\"960\" \/><\/p>\n<p><img loading=\"lazy\" decoding=\"async\" class=\"alignnone \" src=\"\/\/sc04.alicdn.com\/kf\/Hcaf6c07acceb45949133c967a6c30cd8L\/233042897\/Hcaf6c07acceb45949133c967a6c30cd8L.jpg\" width=\"544\" height=\"770\" \/><\/p>\n<h3><strong>Product Presentation<\/strong><\/h3>\n<hr style=\"border: 2px solid #000; margin-top: 5px; margin-bottom: 5px;\" \/>\n<div style=\"display: flex; background-color: #f2f2f2; padding: 10px; border-bottom: 1px solid #ddd;\">\n<div style=\"width: 40%; font-weight: bold;\"><b data-spm-anchor-id=\"0.0.0.i3.79584f052DKDjw\">Item<b><\/b><\/b><\/div>\n<div style=\"width: 60%;\">YC-CE01<\/div>\n<\/div>\n<div style=\"display: flex; background-color: #ffffff; padding: 10px; border-bottom: 1px solid #ddd;\">\n<div style=\"width: 40%; font-weight: bold;\"><b data-spm-anchor-id=\"0.0.0.i0.79584f05xnkU9w\">Certification<b><br \/>\n<\/b><\/b><\/div>\n<div style=\"width: 60%;\">ETL (5026773)<\/div>\n<\/div>\n<div style=\"display: flex; background-color: #f2f2f2; padding: 10px; border-bottom: 1px solid #ddd;\">\n<div style=\"width: 40%; font-weight: bold;\"><b>LED<b><\/b><\/b><\/div>\n<div style=\"width: 60%;\"><span data-spm-anchor-id=\"a2700.pc-decorate.0.i3.20853333yS30oD\">Certificated COB Led<\/span><\/div>\n<\/div>\n<div style=\"display: flex; background-color: #ffffff; padding: 10px; border-bottom: 1px solid #ddd;\">\n<div style=\"width: 40%; font-weight: bold;\"><b>LM\/W<b><\/b><\/b><\/div>\n<div style=\"width: 60%;\">100LM\/W<\/div>\n<\/div>\n<div style=\"display: flex; background-color: #f2f2f2; padding: 10px; border-bottom: 1px solid #ddd;\">\n<div style=\"width: 40%; font-weight: bold;\"><b>CRI(ra)<b><\/b><\/b><\/div>\n<div style=\"width: 60%;\">\u226580<\/div>\n<\/div>\n<div style=\"display: flex; background-color: #ffffff; padding: 10px; border-bottom: 1px solid #ddd;\">\n<div style=\"width: 40%; font-weight: bold;\"><b>CCT<b><\/b><\/b><\/div>\n<div style=\"width: 60%;\">2700K 3000K 4000K 5000K 6500K<\/div>\n<\/div>\n<div style=\"display: flex; background-color: #f2f2f2; padding: 10px; border-bottom: 1px solid #ddd;\">\n<div style=\"width: 40%; font-weight: bold;\"><b data-spm-anchor-id=\"0.0.0.i6.79584f05xnkU9w\">Size<b><\/b><\/b><\/div>\n<div style=\"width: 60%;\">10&#8243;\/12&#8243;<\/div>\n<\/div>\n<div style=\"display: flex; background-color: #ffffff; padding: 10px; border-bottom: 1px solid #ddd;\">\n<div style=\"width: 40%; font-weight: bold;\"><b>LED Chips<b><br \/>\n<\/b><\/b><\/div>\n<div style=\"width: 60%;\">2835<\/div>\n<\/div>\n<div style=\"display: flex; background-color: #f2f2f2; padding: 10px; border-bottom: 1px solid #ddd;\">\n<div style=\"width: 40%; font-weight: bold;\"><b data-spm-anchor-id=\"0.0.0.i26.79584f05u4RNhN\">Power<b><\/b><\/b><\/div>\n<div style=\"width: 60%;\">18W\/24W<\/div>\n<\/div>\n<div style=\"display: flex; background-color: #ffffff; padding: 10px; border-bottom: 1px solid #ddd;\">\n<div style=\"width: 40%; font-weight: bold;\"><b data-spm-anchor-id=\"0.0.0.i27.79584f05u4RNhN\">Beam Angle<b><\/b><\/b><\/div>\n<div style=\"width: 60%;\">120 Degree<\/div>\n<\/div>\n<div style=\"display: flex; background-color: #f2f2f2; padding: 10px; border-bottom: 1px solid #ddd;\">\n<div style=\"width: 40%; font-weight: bold;\"><b>Drive<b><br \/>\n<\/b><\/b><\/div>\n<div style=\"width: 60%;\">ISOLATED 0.9PF<\/div>\n<\/div>\n<div style=\"display: flex; background-color: #ffffff; padding: 10px; border-bottom: 1px solid #ddd;\">\n<div style=\"width: 40%; font-weight: bold;\"><b>Feature<b><\/b><\/b><\/div>\n<div style=\"width: 60%;\">12W 18W 24W 36W ETL 5CCT Dimmable Surface Flush Mount COB Corridor Led Ceiling Light Round Ceiling Lamp for Indoor Home Lighting<\/div>\n<\/div>\n<p>&nbsp;<\/p>\n<h3><strong>Company Introduction<\/strong><\/h3>\n<hr style=\"border: 2px solid #000; margin-top: 5px; margin-bottom: 5px;\" \/>\n<p><img loading=\"lazy\" decoding=\"async\" class=\"alignnone \" src=\"\/\/sc04.alicdn.com\/kf\/Hf9cb9b6d05c947b6b636703f48fca4ff3\/233042897\/Hf9cb9b6d05c947b6b636703f48fca4ff3.png\" width=\"543\" height=\"297\" \/><\/p>\n<p>&nbsp;<\/p>\n<p><img loading=\"lazy\" decoding=\"async\" class=\"alignnone \" src=\"\/\/sc04.alicdn.com\/kf\/Hf5e779c248d74a4fbc643a10b55efee41\/233042897\/Hf5e779c248d74a4fbc643a10b55efee41.png\" width=\"541\" height=\"580\" \/><\/p>\n<p><img loading=\"lazy\" decoding=\"async\" class=\"alignnone \" src=\"\/\/sc04.alicdn.com\/kf\/H703fa695b5634ab1b96dacfdb6725ae2C\/233042897\/H703fa695b5634ab1b96dacfdb6725ae2C.png\" width=\"544\" height=\"881\" \/><\/p>\n<p><img loading=\"lazy\" decoding=\"async\" class=\"alignnone \" src=\"\/\/sc04.alicdn.com\/kf\/Hae381a7f73ed4e4faf51343db02b6eacE\/233042897\/Hae381a7f73ed4e4faf51343db02b6eacE.png\" width=\"541\" height=\"876\" \/><\/p>\n<p><img loading=\"lazy\" decoding=\"async\" class=\"alignnone \" src=\"\/\/sc04.alicdn.com\/kf\/H2ab43af374744360bf8b1c2dd809c861c\/233042897\/H2ab43af374744360bf8b1c2dd809c861c.png\" width=\"540\" height=\"874\" \/><\/p>\n<h3><strong>Our Advantages<\/strong><\/h3>\n<hr style=\"border: 2px solid #000; margin-top: 5px; margin-bottom: 5px;\" \/>\n<p><img loading=\"lazy\" decoding=\"async\" class=\"alignnone \" src=\"\/\/sc04.alicdn.com\/kf\/H3ae44cd1416f4800b88269fd6165d481P\/233042897\/H3ae44cd1416f4800b88269fd6165d481P.jpg\" width=\"541\" height=\"1082\" \/><\/p>\n<h3><strong>FAQ<\/strong><\/h3>\n<hr style=\"border: 2px solid #000; margin-top: 5px; margin-bottom: 5px;\" \/>\n<p><b>Q1. How long is the lead time?<b>A: If adequate stocks are available, led tube lights can be delivered in 1 day. Otherwise, for sample orders, normal samples canbe sent in 3-5 days; for large quantity orders, products will depart from Shenzhen \/Guangzhou\/Zhongshan within 15-20days after the deposit is received.<br \/>\n<b>Q2. Do you have any MOQ limit for the led light order?<b><br \/>\nA: Yes, led tube lights can be customized according to your requirements, such as logo printing, and package printing.MOQ will be different depending on the products available or not.<b>Q3 : Can you provide ODM\/OEM service ?<b><br \/>\nA:Yes,we have more than 15years experience in lighting business and we are sure can provide ODM\/OEM service for customers.<br \/>\n<b>Q4 : How to proceed an order for light?<b><br \/>\nA: Firstly let us know your requirements or application.Secondly We quote according to your requirements or our suggestions.Thirdly customer confirms the samples and places deposit for formal order.Fourthly We arrange the production.<br \/>\n<b>Q5: How you can control your quality?<b><br \/>\nA:100% of the lights will be tested and keep lighting for 24 hours to test its quality reliability, and we will test its temperature after 24 hours&#8217; lighting.Then after it is cool we will test 100% of the lights to see if it still work well. Each lamp should pass all these QC procedures before shipping to customer.<br \/>\n<b>Q7 :What is your Payment Terms?<b><br \/>\nA:Regular payment terms are T\/T, L\/C, Western Union, other payment terms can be negotiated. We suggest using Alibaba Trade Assuranceto protect your orders from payment to delivery.<br \/>\n<b>Q8 :Can I be your agent?<b><br \/>\n<span style=\"font-family: Arial;\">A:Yes, if you want to become our distributor in your place, we are pleasure that we share profits and cooperate. <\/span><\/b><\/b><\/b><\/b><\/b><\/b><\/b><\/b><\/b><\/b><\/b><\/b><\/b><\/b><\/p>\n","protected":false},"excerpt":{"rendered":"<p>1. Usine de production 2. D\u00e9lai de livraison : 72 heures 3. Dommages de transport : remplacement et exp\u00e9dition gratuits 4. Garantie : 5 ans, remplacement et exp\u00e9dition gratuits du produit<\/p>","protected":false},"featured_media":39875,"comment_status":"open","ping_status":"closed","template":"","meta":[],"product_cat":[303,167],"product_tag":[],"class_list":{"0":"post-39876","1":"product","2":"type-product","3":"status-publish","4":"has-post-thumbnail","6":"product_cat-ceiling-lamp","7":"product_cat-sanitary-ware","9":"first","10":"instock","11":"shipping-taxable","12":"purchasable","13":"product-type-simple"},"_links":{"self":[{"href":"https:\/\/meconstructionsupplies.com\/fr\/wp-json\/wp\/v2\/product\/39876","targetHints":{"allow":["GET"]}}],"collection":[{"href":"https:\/\/meconstructionsupplies.com\/fr\/wp-json\/wp\/v2\/product"}],"about":[{"href":"https:\/\/meconstructionsupplies.com\/fr\/wp-json\/wp\/v2\/types\/product"}],"replies":[{"embeddable":true,"href":"https:\/\/meconstructionsupplies.com\/fr\/wp-json\/wp\/v2\/comments?post=39876"}],"version-history":[{"count":3,"href":"https:\/\/meconstructionsupplies.com\/fr\/wp-json\/wp\/v2\/product\/39876\/revisions"}],"predecessor-version":[{"id":39897,"href":"https:\/\/meconstructionsupplies.com\/fr\/wp-json\/wp\/v2\/product\/39876\/revisions\/39897"}],"wp:featuredmedia":[{"embeddable":true,"href":"https:\/\/meconstructionsupplies.com\/fr\/wp-json\/wp\/v2\/media\/39875"}],"wp:attachment":[{"href":"https:\/\/meconstructionsupplies.com\/fr\/wp-json\/wp\/v2\/media?parent=39876"}],"wp:term":[{"taxonomy":"product_cat","embeddable":true,"href":"https:\/\/meconstructionsupplies.com\/fr\/wp-json\/wp\/v2\/product_cat?post=39876"},{"taxonomy":"product_tag","embeddable":true,"href":"https:\/\/meconstructionsupplies.com\/fr\/wp-json\/wp\/v2\/product_tag?post=39876"}],"curies":[{"name":"wp","href":"https:\/\/api.w.org\/{rel}","templated":true}]}}