{"id":40021,"date":"2024-12-21T02:15:24","date_gmt":"2024-12-21T02:15:24","guid":{"rendered":"https:\/\/meconstructionsupplies.com\/product\/antique-copper-bathroom-wall-mount-shower-head-shower-column-set\/"},"modified":"2024-12-21T02:20:56","modified_gmt":"2024-12-21T02:20:56","slug":"antique-copper-bathroom-wall-mount-shower-head-shower-column-set","status":"publish","type":"product","link":"https:\/\/meconstructionsupplies.com\/fr\/product\/antique-copper-bathroom-wall-mount-shower-head-shower-column-set\/","title":{"rendered":"Ensemble de colonne de douche \u00e0 montage mural en cuivre antique pour salle de bain"},"content":{"rendered":"<div style=\"width: 540px;\" class=\"wp-video\"><!--[if lt IE 9]><script>document.createElement('video');<\/script><![endif]-->\n<video class=\"wp-video-shortcode\" id=\"video-40021-1\" width=\"540\" height=\"960\" preload=\"metadata\" controls=\"controls\"><source type=\"video\/mp4\" src=\"\/\/play.video.alibaba.com\/play\/u\/2153292369\/p\/1\/e\/6\/t\/10300\/50107920918.mp4?_=1\" \/><a href=\"\/\/play.video.alibaba.com\/play\/u\/2153292369\/p\/1\/e\/6\/t\/10300\/50107920918.mp4\">\/\/play.video.alibaba.com\/play\/u\/2153292369\/p\/1\/e\/6\/t\/10300\/50107920918.mp4<\/a><\/video><\/div>\n<div id=\"ali-anchor-AliPostDhMb-ne8ac\" class=\"mceSectionContainer\" style=\"padding-top: 8px;\" data-section=\"AliPostDhMb-ne8ac\" data-section-title=\"Product Description\">\n<div id=\"ali-title-AliPostDhMb-ne8ac\" style=\"padding: 8px 0; border-bottom: 1px solid #ddd;\"><span style=\"background-color: #ddd; color: #333; font-weight: bold; padding: 8px 10px; line-height: 12px;\">Product Description<\/span><\/div>\n<div style=\"padding: 10px 0;\">\n<p><span style=\"font-size: 14px;\">Wall Mount Top Rainfall Showerhead Set<\/span><\/p>\n<p style=\"margin: 0px; padding: 0px; color: #000000; font-family: Arial; font-size: 12px; font-style: normal; font-weight: normal; background-color: #ffffff;\"><span style=\"line-height: 21px; font-size: 14px;\">Features:<\/span><\/p>\n<p style=\"margin: 0px; padding: 0px; color: #000000; font-family: Arial; font-size: 12px; font-style: normal; font-weight: normal; background-color: #ffffff;\"><span style=\"line-height: 18px; box-sizing: border-box; color: #111111; font-size: 14px;\">&#8211; Features two functions: rain shower and hand shower.<\/span><\/p>\n<p style=\"margin: 0px; padding: 0px; color: #000000; font-family: Arial; font-size: 12px; font-style: normal; font-weight: normal; background-color: #ffffff;\"><span style=\"line-height: 18px; box-sizing: border-box; color: #111111; font-size: 14px;\">&#8211; Solid brass construction and golden plated for long lasting durability.<\/span><\/p>\n<p style=\"margin: 0px; padding: 0px; color: #000000; font-family: Arial; font-size: 12px; font-style: normal; font-weight: normal; background-color: #ffffff;\"><span style=\"line-height: 18px; box-sizing: border-box; color: #111111; font-size: 14px;\">&#8211; Hand shower with 60&#8243; (1500mm) shower\u00a0hose included.<\/span><\/p>\n<p style=\"margin: 0px; padding: 0px; color: #000000; font-family: Arial; font-size: 12px; font-style: normal; font-weight: normal; background-color: #ffffff;\"><span style=\"font-size: 14px;\">\u00a0<\/span><\/p>\n<p style=\"margin: 0px; padding: 0px; color: #000000; font-family: Arial; font-size: 12px; font-style: normal; font-weight: normal; background-color: #ffffff;\"><span style=\"font-size: 14px;\"><span style=\"line-height: 21px;\">Package Include:<\/span><span style=\"line-height: 21px;\"><br \/>\n<\/span><\/span><\/p>\n<p style=\"margin: 0px; padding: 0px; color: #000000; font-family: Arial; font-size: 12px; font-style: normal; font-weight: normal; background-color: #ffffff;\"><span style=\"line-height: 18px; font-size: 14px;\">1 * rain shower head<\/span><br \/>\n<span style=\"line-height: 18px; font-size: 14px;\">1 * hand shower <\/span><br \/>\n<span style=\"line-height: 18px; font-size: 14px;\">1 * 60&#8243;Shower hose<\/span><br \/>\n<span style=\"line-height: 18px; font-size: 14px;\">1 * Ceramic Valve<\/span><\/p>\n<p style=\"margin: 0px; padding: 0px; color: #000000; font-family: Arial; font-size: 12px; font-style: normal; font-weight: normal; background-color: #ffffff;\">1 * <span style=\"font-size: 14px;\">Slide Bar<\/span><br \/>\n<span style=\"line-height: 18px; font-size: 14px;\">All mounting hardware<\/span><\/p>\n<div>\n<div style=\"display: flex; background-color: #f2f2f2; padding: 10px; border-bottom: 1px solid #ddd;\">\n<div style=\"width: 40%; font-weight: bold;\">Material<\/div>\n<div style=\"width: 60%;\">Brass body, ceramic cartridge<\/div>\n<\/div>\n<div style=\"display: flex; background-color: #e9ecef; padding: 10px; border-bottom: 1px solid #ddd;\">\n<div style=\"width: 40%; font-weight: bold;\">Surface treatment<\/div>\n<div style=\"width: 60%;\">Gold<\/div>\n<\/div>\n<div style=\"display: flex; background-color: #f2f2f2; padding: 10px; border-bottom: 1px solid #ddd;\">\n<div style=\"width: 40%; font-weight: bold;\">Cartridge life time<\/div>\n<div style=\"width: 60%;\">No leakage after 500,000 times using<\/div>\n<\/div>\n<div style=\"display: flex; background-color: #e9ecef; padding: 10px; border-bottom: 1px solid #ddd;\">\n<div style=\"width: 40%; font-weight: bold;\">Water pressure testing<\/div>\n<div style=\"width: 60%;\">0.1~1.6MPa<\/div>\n<\/div>\n<div style=\"display: flex; background-color: #f2f2f2; padding: 10px; border-bottom: 1px solid #ddd;\">\n<div style=\"width: 40%; font-weight: bold;\">Water flow<\/div>\n<div style=\"width: 60%;\">8 L\/min<\/div>\n<\/div>\n<div style=\"display: flex; background-color: #e9ecef; padding: 10px; border-bottom: 1px solid #ddd;\">\n<div style=\"width: 40%; font-weight: bold;\">Quality guarantee<\/div>\n<div style=\"width: 60%;\">3 years<\/div>\n<\/div>\n<div style=\"display: flex; background-color: #f2f2f2; padding: 10px; border-bottom: 1px solid #ddd;\">\n<div style=\"width: 40%; font-weight: bold;\">OEM\/ ODM service<\/div>\n<div style=\"width: 60%;\">laser logo, OEM packaging<\/div>\n<\/div>\n<\/div>\n<\/div>\n<div id=\"ali-anchor-AliPostDhMb-h89ym\" class=\"mceSectionContainer\" style=\"padding-top: 8px;\" data-section=\"AliPostDhMb-h89ym\" data-section-title=\"Detailed Images\">\n<div id=\"ali-title-AliPostDhMb-h89ym\" style=\"padding: 8px 0; border-bottom: 1px solid #ddd;\"><span style=\"background-color: #ddd; color: #333; font-weight: bold; padding: 8px 10px; line-height: 12px;\">Detailed Images<\/span><\/div>\n<div style=\"padding: 10px 0;\">\n<p><img fetchpriority=\"high\" decoding=\"async\" class=\"alignnone \" src=\"\/\/sc04.alicdn.com\/kf\/Hb33b94dfeea64c6ebde723a693e86ca0d\/231778281\/Hb33b94dfeea64c6ebde723a693e86ca0d.png\" width=\"542\" height=\"542\" \/><\/p>\n<p><img decoding=\"async\" class=\"alignnone \" src=\"\/\/sc02.alicdn.com\/kf\/HTB1rWj9qOCYBuNkHFCc763HtVXaq\/231778281\/HTB1rWj9qOCYBuNkHFCc763HtVXaq.png\" width=\"542\" height=\"377\" \/><\/p>\n<p><img decoding=\"async\" class=\"alignnone \" src=\"\/\/sc01.alicdn.com\/kf\/HTB1dHhQzXmWBuNjSspd762ugXXap\/231778281\/HTB1dHhQzXmWBuNjSspd762ugXXap.png\" width=\"542\" height=\"341\" \/><\/p>\n<p><img loading=\"lazy\" decoding=\"async\" class=\"alignnone \" src=\"\/\/sc02.alicdn.com\/kf\/HTB1VMK2iVooBKNjSZFP760a2XXab\/231778281\/HTB1VMK2iVooBKNjSZFP760a2XXab.png\" width=\"543\" height=\"353\" \/><\/p>\n<p><img loading=\"lazy\" decoding=\"async\" class=\"alignnone \" src=\"\/\/sc02.alicdn.com\/kf\/HTB1HxKOiYZnBKNjSZFK763GOVXaO\/231778281\/HTB1HxKOiYZnBKNjSZFK763GOVXaO.png\" width=\"540\" height=\"371\" \/><\/p>\n<p><img loading=\"lazy\" decoding=\"async\" class=\"alignnone \" src=\"\/\/sc02.alicdn.com\/kf\/HTB1FDeTi2ImBKNjSZFl76343FXae\/231778281\/HTB1FDeTi2ImBKNjSZFl76343FXae.png\" width=\"543\" height=\"376\" \/><\/p>\n<\/div>\n<\/div>\n<div id=\"ali-anchor-AliPostDhMb-6cvb6\" class=\"mceSectionContainer\" style=\"padding-top: 8px;\" data-section=\"AliPostDhMb-6cvb6\" data-section-title=\"Find More Products\">\n<div id=\"ali-title-AliPostDhMb-6cvb6\" style=\"padding: 8px 0; border-bottom: 1px solid #ddd;\"><span style=\"background-color: #ddd; color: #333; font-weight: bold; padding: 8px 10px; line-height: 12px;\">Find More Products<\/span><\/div>\n<div style=\"padding: 10px 0;\">\n<table style=\"box-sizing: content-box; margin: 0px; padding: 0px; font-style: normal; font-weight: normal; font-size: 12px; line-height: normal; font-family: Arial; border-collapse: collapse; width: 540px; color: #000000; height: 87px; background-color: #ffffff; border: 1px solid #000000;\" border=\"1\">\n<tbody>\n<tr style=\"box-sizing: content-box; margin: 0px; padding: 0px; font-style: inherit; font-weight: inherit; font-size: 12px; line-height: inherit; height: 34px;\">\n<td style=\"box-sizing: content-box; margin: 8px; padding: 0px; font-style: inherit; font-weight: 400; font-size: 12px; line-height: inherit; font-family: Verdana, Arial, Helvetica, sans-serif; float: none; color: #000000; width: 698px; text-align: center; height: 34px; border: 1px solid #000000;\" colspan=\"4\">\n<p style=\"box-sizing: content-box; margin: 0px; padding: 0px; border: 0px; font-style: inherit; font-weight: inherit; font-size: inherit; line-height: inherit; vertical-align: baseline;\"><span style=\"box-sizing: content-box; margin: 0px; padding: 0px; border: 0px; font-style: inherit; font-weight: inherit; font-size: inherit; line-height: 18px; font-family: arial, helvetica, sans-serif; vertical-align: baseline; color: #333333;\"><strong><span style=\"box-sizing: content-box; margin: 0px; padding: 0px; border: 0px; font-style: inherit; font-weight: inherit; font-size: 18px; line-height: 27px; vertical-align: baseline;\">Hongdec main products<\/span><\/strong><\/span><\/p>\n<p style=\"box-sizing: content-box; margin: 0px; padding: 0px; border: 0px; font-style: inherit; font-weight: inherit; font-size: inherit; line-height: inherit; vertical-align: baseline; text-align: left;\">\n<\/td>\n<\/tr>\n<tr style=\"box-sizing: content-box; margin: 0px; padding: 0px; font-style: inherit; font-weight: inherit; font-size: 12px; line-height: inherit; height: 42px;\">\n<td style=\"box-sizing: content-box; margin: 8px; padding: 0px; font-style: inherit; font-weight: 400; font-size: 12px; line-height: inherit; font-family: Verdana, Arial, Helvetica, sans-serif; float: none; color: #000000; width: 171px; height: 42px; text-align: center; vertical-align: middle; border: 1px solid #000000;\">\n<p style=\"box-sizing: content-box; margin: 0px; padding: 0px; border: 0px; font-style: inherit; font-weight: inherit; font-size: inherit; line-height: inherit; vertical-align: baseline;\">\n<\/td>\n<td style=\"box-sizing: content-box; margin: 8px; padding: 0px; font-style: inherit; font-weight: 400; font-size: 12px; line-height: inherit; font-family: Verdana, Arial, Helvetica, sans-serif; float: none; color: #000000; width: 172px; height: 42px; text-align: center; vertical-align: middle; border: 1px solid #000000;\">\n<p style=\"box-sizing: content-box; margin: 0px; padding: 0px; border: 0px; font-style: inherit; font-weight: inherit; font-size: inherit; line-height: inherit; vertical-align: baseline;\">\n<\/td>\n<td style=\"box-sizing: content-box; margin: 8px; padding: 0px; font-style: inherit; font-weight: 400; font-size: 12px; line-height: inherit; font-family: Verdana, Arial, Helvetica, sans-serif; float: none; color: #000000; width: 183px; height: 42px; text-align: center; vertical-align: middle; border: 1px solid #000000;\">\n<p style=\"box-sizing: content-box; margin: 0px; padding: 0px; border: 0px; font-style: inherit; font-weight: inherit; font-size: inherit; line-height: inherit; vertical-align: baseline;\">\n<\/td>\n<td style=\"box-sizing: content-box; margin: 8px; padding: 0px; font-style: inherit; font-weight: 400; font-size: 12px; line-height: inherit; font-family: Verdana, Arial, Helvetica, sans-serif; float: none; color: #000000; width: 169px; height: 42px; text-align: center; vertical-align: middle; border: 1px solid #000000;\"><\/td>\n<\/tr>\n<\/tbody>\n<\/table>\n<p><img loading=\"lazy\" decoding=\"async\" class=\"alignnone \" src=\"\/\/sc01.alicdn.com\/kf\/HTB1.Tv3h_XYBeNkHFrd763iuVXaD\/231778281\/HTB1.Tv3h_XYBeNkHFrd763iuVXaD.png\" width=\"541\" height=\"148\" \/><\/p>\n<p><img loading=\"lazy\" decoding=\"async\" class=\"alignnone \" src=\"\/\/sc01.alicdn.com\/kf\/HTB1v0fTib3nBKNjSZFM761USFXan\/231778281\/HTB1v0fTib3nBKNjSZFM761USFXan.png\" width=\"541\" height=\"470\" \/><\/p>\n<\/div>\n<\/div>\n<div id=\"ali-anchor-AliPostDhMb-plkhj\" class=\"mceSectionContainer\" style=\"padding-top: 8px;\" data-section=\"AliPostDhMb-plkhj\" data-section-title=\"Packaging &amp; Shipping\">\n<div id=\"ali-title-AliPostDhMb-plkhj\" style=\"padding: 8px 0; border-bottom: 1px solid #ddd;\"><span style=\"background-color: #ddd; color: #333; font-weight: bold; padding: 8px 10px; line-height: 12px;\">Packaging &amp; Shipping<\/span><\/div>\n<div style=\"padding: 10px 0;\">\n<p><img loading=\"lazy\" decoding=\"async\" class=\"alignnone \" src=\"\/\/sc02.alicdn.com\/kf\/HTB1R.GOpQSWBuNjSszdq6zeSpXaV\/231778281\/HTB1R.GOpQSWBuNjSszdq6zeSpXaV.jpg\" width=\"543\" height=\"740\" \/><\/p>\n<\/div>\n<\/div>\n<div id=\"ali-anchor-AliPostDhMb-9dxw8\" class=\"mceSectionContainer\" style=\"padding-top: 8px;\" data-section=\"AliPostDhMb-9dxw8\" data-section-title=\"FAQ\">\n<div id=\"ali-title-AliPostDhMb-9dxw8\" style=\"padding: 8px 0; border-bottom: 1px solid #ddd;\"><span style=\"background-color: #ddd; color: #333; font-weight: bold; padding: 8px 10px; line-height: 12px;\">FAQ<\/span><\/div>\n<div style=\"padding: 10px 0;\">\n<h3 style=\"font-weight: bold; line-height: 20px; font-size: 16px; margin: 0px; font-family: Arial; font-style: inherit; box-sizing: content-box; padding: 0px; border: 0px; vertical-align: baseline; color: #333333; background-color: #ffffff;\"><span style=\"line-height: 18px; font-size: 10px;\">1.Can I visit factory? Can your factory arrange transportation for me? <\/span><br \/>\n<span style=\"line-height: 18px; font-size: 10px;\">My dear, it is our pleasure to invite you to visit our factory. Our factory is based on Shuikou <\/span><br \/>\n<span style=\"line-height: 18px; font-size: 10px;\">Town, Kaiping City, Guangdong province, which will take about 2 hours by bus from Guangzhou city to our factory;<\/span><\/h3>\n<h3 style=\"font-weight: bold; line-height: 20px; font-size: 16px; margin: 0px; font-family: Arial; font-style: inherit; box-sizing: content-box; padding: 0px; border: 0px; vertical-align: baseline; color: #333333; background-color: #ffffff;\"><span style=\"line-height: 18px; font-size: 10px;\">one and half hours from Foshan City to our factory. We can arrange our driver to pick you up from your hotel when you<\/span><\/h3>\n<h3 style=\"font-weight: bold; line-height: 20px; font-size: 16px; margin: 0px; font-family: Arial; font-style: inherit; box-sizing: content-box; padding: 0px; border: 0px; vertical-align: baseline; color: #333333; background-color: #ffffff;\"><span style=\"line-height: 18px; font-size: 10px;\">arrived in Guangzhou City or Foshan City. <\/span><\/h3>\n<p><span style=\"line-height: 18px; font-size: 10px;\">2.Can your factory print our brand on the product? <\/span><br \/>\n<span style=\"line-height: 18px; font-size: 10px;\">Our factory can laser print customer\u2019s logo on the product with the permission from customers.<\/span><\/p>\n<h3 style=\"font-weight: bold; line-height: 20px; font-size: 16px; margin: 0px; font-family: Arial; font-style: inherit; box-sizing: content-box; padding: 0px; border: 0px; vertical-align: baseline; color: #333333; background-color: #ffffff;\"><span style=\"line-height: 18px; font-size: 10px;\">Customers need to provide us a logo usage authorization letter to allow us to print customer\u2019s logo on the products.\u00a0<\/span><\/h3>\n<h3 style=\"font-weight: bold; line-height: 20px; font-size: 16px; margin: 0px; font-family: Arial; font-style: inherit; box-sizing: content-box; padding: 0px; border: 0px; vertical-align: baseline; color: #333333; background-color: #ffffff;\"><span style=\"line-height: 18px; font-size: 10px;\">3.Is your factory able to design our own package and help us in market planning? <\/span><br \/>\n<span style=\"line-height: 18px; font-size: 10px;\">we willing to help our customers to design their package box with their own logo.<\/span><\/h3>\n<h3 style=\"font-weight: bold; line-height: 20px; font-size: 16px; margin: 0px; font-family: Arial; font-style: inherit; box-sizing: content-box; padding: 0px; border: 0px; vertical-align: baseline; color: #333333; background-color: #ffffff;\"><span style=\"line-height: 18px; font-size: 10px;\">We have a design team and a marketing plan design Team to service our customers for this. <\/span><\/h3>\n<p><span style=\"line-height: 18px; font-size: 10px;\">4.Does your factory have the design and development capabilities, we need the customized products? <\/span><br \/>\n<span style=\"line-height: 18px; font-size: 10px;\">The staffs in our R&amp;D department are well experienced in the faucet industry,<\/span><\/p>\n<h3 style=\"font-weight: bold; line-height: 20px; font-size: 16px; margin: 0px; font-family: Arial; font-style: inherit; box-sizing: content-box; padding: 0px; border: 0px; vertical-align: baseline; color: #333333; background-color: #ffffff;\"><span style=\"line-height: 18px; font-size: 10px;\">with more than 5 to 10 years experience.<\/span><\/h3>\n<h3 style=\"font-weight: bold; line-height: 20px; font-size: 16px; margin: 0px; font-family: Arial; font-style: inherit; box-sizing: content-box; padding: 0px; border: 0px; vertical-align: baseline; color: #333333; background-color: #ffffff;\"><span style=\"line-height: 18px; font-size: 10px;\">Every year, we will launch 2 to 3 new series to keep out customers in a competitive stage.<\/span><\/h3>\n<h3 style=\"font-weight: bold; line-height: 20px; font-size: 16px; margin: 0px; font-family: Arial; font-style: inherit; box-sizing: content-box; padding: 0px; border: 0px; vertical-align: baseline; color: #333333; background-color: #ffffff;\"><span style=\"line-height: 18px; font-size: 10px;\">We can make customized products especially for you; please kindly contact us for more details. <\/span><\/h3>\n<p><span style=\"line-height: 18px; font-size: 10px;\">5.Can your factory produce the low-lead faucet? <\/span><br \/>\n<span style=\"line-height: 18px; font-size: 10px;\">We also can produce the low-lead faucet according to your requirement of lead content. <\/span><\/p>\n<p><span style=\"line-height: 18px; font-size: 10px;\">6.How is your factory production capability? <\/span><br \/>\n<span style=\"line-height: 18px; font-size: 10px;\">Our factory has a Full production line including Gravity Casting Line, Machining Line,<\/span><\/p>\n<h3 style=\"font-weight: bold; line-height: 20px; font-size: 16px; margin: 0px; font-family: Arial; font-style: inherit; box-sizing: content-box; padding: 0px; border: 0px; vertical-align: baseline; color: #333333; background-color: #ffffff;\"><span style=\"line-height: 18px; font-size: 10px;\">Polishing Line and Assembling line.We can manufacture products up to 1500 pcs per week. <\/span><br \/>\n<span style=\"line-height: 18px; font-size: 10px;\">We will show you these in our workshop during your visiting.<\/span><\/h3>\n<h3 style=\"font-weight: bold; line-height: 20px; font-size: 16px; margin: 0px; font-family: Arial; font-style: inherit; box-sizing: content-box; padding: 0px; border: 0px; vertical-align: baseline; color: #333333; background-color: #ffffff;\"><span style=\"line-height: 18px; font-size: 10px;\">If you are interested in our products, please contact us for further information without hesitate.<\/span><\/h3>\n<h3 style=\"font-weight: bold; line-height: 20px; font-size: 16px; margin: 0px; font-family: Arial; font-style: inherit; box-sizing: content-box; padding: 0px; border: 0px; vertical-align: baseline; color: #333333; background-color: #ffffff;\"><span style=\"line-height: 18px; font-size: 10px;\">We will reply you as soon as we receive your inquiry. <\/span><br \/>\n<span style=\"line-height: 18px; font-size: 10px;\">Looking forword to your cooperation.<\/span><\/h3>\n<p><span style=\"font-family: arial, helvetica, sans-serif;\">We are professional comprehensive sports facility supplier with <span style=\"color: #ff0000;\">12 years<\/span> experience, we make sure to offer the best solution <\/span><\/p>\n<p><span style=\"font-family: arial, helvetica, sans-serif;\">of sport count project! So, send your inquiry details i nthe below, click &#8220;<span style=\"color: #ff0000;\">Send<\/span>&#8221; now!<\/span><\/p>\n<p><span style=\"font-family: arial, helvetica, sans-serif;\">We are looking fordward to forming successful business relationships with new clients around the world in the future.<\/span><\/p>\n<\/div>\n<\/div>\n<\/div>\n","protected":false},"excerpt":{"rendered":"<p>Description du produit Ensemble de pommeau de douche \u00e0 effet pluie \u00e0 montage mural Caract\u00e9ristiques : \u2013 Comprend deux fonctions : douche \u00e0 effet pluie et douche \u00e0 main. \u2013 Solide<\/p>","protected":false},"featured_media":40020,"comment_status":"open","ping_status":"closed","template":"","meta":[],"product_cat":[305,167,184],"product_tag":[],"class_list":{"0":"post-40021","1":"product","2":"type-product","3":"status-publish","4":"has-post-thumbnail","6":"product_cat-copper-bathroom-shower","7":"product_cat-sanitary-ware","8":"product_cat-shower-heads","10":"first","11":"instock","12":"shipping-taxable","13":"purchasable","14":"product-type-simple"},"_links":{"self":[{"href":"https:\/\/meconstructionsupplies.com\/fr\/wp-json\/wp\/v2\/product\/40021","targetHints":{"allow":["GET"]}}],"collection":[{"href":"https:\/\/meconstructionsupplies.com\/fr\/wp-json\/wp\/v2\/product"}],"about":[{"href":"https:\/\/meconstructionsupplies.com\/fr\/wp-json\/wp\/v2\/types\/product"}],"replies":[{"embeddable":true,"href":"https:\/\/meconstructionsupplies.com\/fr\/wp-json\/wp\/v2\/comments?post=40021"}],"version-history":[{"count":4,"href":"https:\/\/meconstructionsupplies.com\/fr\/wp-json\/wp\/v2\/product\/40021\/revisions"}],"predecessor-version":[{"id":40030,"href":"https:\/\/meconstructionsupplies.com\/fr\/wp-json\/wp\/v2\/product\/40021\/revisions\/40030"}],"wp:featuredmedia":[{"embeddable":true,"href":"https:\/\/meconstructionsupplies.com\/fr\/wp-json\/wp\/v2\/media\/40020"}],"wp:attachment":[{"href":"https:\/\/meconstructionsupplies.com\/fr\/wp-json\/wp\/v2\/media?parent=40021"}],"wp:term":[{"taxonomy":"product_cat","embeddable":true,"href":"https:\/\/meconstructionsupplies.com\/fr\/wp-json\/wp\/v2\/product_cat?post=40021"},{"taxonomy":"product_tag","embeddable":true,"href":"https:\/\/meconstructionsupplies.com\/fr\/wp-json\/wp\/v2\/product_tag?post=40021"}],"curies":[{"name":"wp","href":"https:\/\/api.w.org\/{rel}","templated":true}]}}