{"id":40033,"date":"2024-12-21T02:21:08","date_gmt":"2024-12-21T02:21:08","guid":{"rendered":"https:\/\/meconstructionsupplies.com\/product\/brass-rainfall-bathroom-brushed-gold-shower-health-faucet-set-tap-bath-shower-mixer-faucet-rain-system-golden-shower-set\/"},"modified":"2024-12-21T02:30:32","modified_gmt":"2024-12-21T02:30:32","slug":"brass-rainfall-bathroom-brushed-gold-shower-health-faucet-set-tap-bath-shower-mixer-faucet-rain-system-golden-shower-set","status":"publish","type":"product","link":"https:\/\/meconstructionsupplies.com\/fr\/product\/brass-rainfall-bathroom-brushed-gold-shower-health-faucet-set-tap-bath-shower-mixer-faucet-rain-system-golden-shower-set\/","title":{"rendered":"Ensemble de robinet de douche \u00e0 effet pluie en laiton bross\u00e9 dor\u00e9 pour salle de bain Robinet m\u00e9langeur de bain-douche Robinet Syst\u00e8me de pluie Ensemble de douche dor\u00e9"},"content":{"rendered":"<div style=\"width: 540px;\" class=\"wp-video\"><!--[if lt IE 9]><script>document.createElement('video');<\/script><![endif]-->\n<video class=\"wp-video-shortcode\" id=\"video-40033-1\" width=\"540\" height=\"960\" preload=\"metadata\" controls=\"controls\"><source type=\"video\/mp4\" src=\"\/\/play.video.alibaba.com\/play\/u\/2153292369\/p\/1\/e\/6\/t\/10300\/6000284180161.mp4?_=1\" \/><a href=\"\/\/play.video.alibaba.com\/play\/u\/2153292369\/p\/1\/e\/6\/t\/10300\/6000284180161.mp4\">\/\/play.video.alibaba.com\/play\/u\/2153292369\/p\/1\/e\/6\/t\/10300\/6000284180161.mp4<\/a><\/video><\/div>\n<div id=\"ali-anchor-AliPostDhMb-f5kil\" class=\"mceSectionContainer\" style=\"padding-top: 8px;\" data-section=\"AliPostDhMb-f5kil\" data-section-title=\"Product Description\">\n<div id=\"ali-title-AliPostDhMb-f5kil\" style=\"padding: 8px 0; border-bottom: 1px solid #ddd;\"><span style=\"background-color: #ddd; color: #333; font-weight: bold; padding: 8px 10px; line-height: 12px;\">Product Description<\/span><\/div>\n<p><img decoding=\"async\" class=\"alignnone \" src=\"\/\/sc01.alicdn.com\/kf\/HTB1UtLPajnuK1RkSmFPq6AuzFXai\/224789413\/HTB1UtLPajnuK1RkSmFPq6AuzFXai.jpg\" width=\"540\" height=\"27\" \/><\/p>\n<div>\n<div style=\"display: flex; background-color: #f2f2f2; padding: 10px; border-bottom: 1px solid #ddd;\">\n<div style=\"width: 40%; font-weight: bold;\">\u00a0 \u00a0 \u00a0Model Number<\/div>\n<div style=\"width: 60%;\">\u00a0 \u00a0 \u00a0 \u00a0 \u00a0 \u00a0 \u00a0 \u00a0 \u00a0 \u00a0SL0134(00)<\/div>\n<\/div>\n<div style=\"display: flex; background-color: #e9ecef; padding: 10px; border-bottom: 1px solid #ddd;\">\n<div style=\"width: 40%; font-weight: bold;\">\u00a0 \u00a0 \u00a0Material<\/div>\n<div style=\"width: 60%;\">\u00a0 \u00a0 \u00a0 \u00a0 \u00a0 \u00a0 \u00a0 \u00a0 \u00a0 \u00a0Brass HBP 59-1<\/div>\n<\/div>\n<div style=\"display: flex; background-color: #f2f2f2; padding: 10px; border-bottom: 1px solid #ddd;\">\n<div style=\"width: 40%; font-weight: bold;\">\u00a0 \u00a0 \u00a0Finish\/Surface<\/div>\n<div style=\"width: 60%;\">\u00a0 \u00a0 \u00a0 \u00a0 \u00a0 \u00a0 \u00a0 \u00a0 \u00a0 \u00a0Chrome\/Original brass polish\/golden plating<\/div>\n<\/div>\n<div style=\"display: flex; background-color: #e9ecef; padding: 10px; border-bottom: 1px solid #ddd;\">\n<div style=\"width: 40%; font-weight: bold;\">\u00a0 \u00a0 \u00a0Function<\/div>\n<div style=\"width: 60%;\">\u00a0 \u00a0 \u00a0 \u00a0 \u00a0 \u00a0 \u00a0 \u00a0 \u00a0 \u00a0shower room<\/div>\n<\/div>\n<div style=\"display: flex; background-color: #f2f2f2; padding: 10px; border-bottom: 1px solid #ddd;\">\n<div style=\"width: 40%; font-weight: bold;\">\u00a0 \u00a0 \u00a0Size<\/div>\n<div style=\"width: 60%;\">\u00a0 \u00a0 \u00a0 \u00a0 \u00a0 \u00a0 \u00a0 \u00a0 \u00a0 \u00a0580*415*130mm<\/div>\n<\/div>\n<div style=\"display: flex; background-color: #e9ecef; padding: 10px; border-bottom: 1px solid #ddd;\">\n<div style=\"width: 40%; font-weight: bold;\">\u00a0 \u00a0 \u00a0Certificate<\/div>\n<div style=\"width: 60%;\">\u00a0 \u00a0 \u00a0 \u00a0 \u00a0 \u00a0 \u00a0 \u00a0 \u00a0 \u00a0WRAS&amp;TMV-2<\/div>\n<\/div>\n<div style=\"display: flex; background-color: #f2f2f2; padding: 10px; border-bottom: 1px solid #ddd;\">\n<div style=\"width: 40%; font-weight: bold;\">\u00a0 \u00a0 \u00a0Security stop<\/div>\n<div style=\"width: 60%;\">\u00a0 \u00a0 \u00a0 \u00a0 \u00a0 \u00a0 \u00a0 \u00a0 \u00a0 \u00a0Cu\u2265 59%<\/div>\n<\/div>\n<div style=\"display: flex; background-color: #e9ecef; padding: 10px; border-bottom: 1px solid #ddd;\">\n<div style=\"width: 40%; font-weight: bold;\">\u00a0 \u00a0 \u00a0 Water flow<\/div>\n<div style=\"width: 60%;\">\u00a0 \u00a0 \u00a0 \u00a0 \u00a0 \u00a0 \u00a0 \u00a0 \u00a0 \u00a0Bath\/shower mixer \u2265 18L\/min<\/div>\n<\/div>\n<\/div>\n<p><img decoding=\"async\" class=\"alignnone \" src=\"\/\/sc01.alicdn.com\/kf\/HTB1sjfFacfrK1RjSszcq6xGGFXa4\/224789413\/HTB1sjfFacfrK1RjSszcq6xGGFXa4.jpg\" width=\"540\" height=\"27\" \/><\/p>\n<p><img fetchpriority=\"high\" decoding=\"async\" class=\"alignnone \" src=\"\/\/sc01.alicdn.com\/kf\/HTB1r_3UKXzqK1RjSZFvq6AB7VXae\/224789413\/HTB1r_3UKXzqK1RjSZFvq6AB7VXae.jpg\" width=\"540\" height=\"540\" \/><\/p>\n<p><img loading=\"lazy\" decoding=\"async\" class=\"alignnone \" src=\"\/\/sc04.alicdn.com\/kf\/Hcfb1f1af5b114bf7bb66ad882d0268e8w\/224789413\/Hcfb1f1af5b114bf7bb66ad882d0268e8w.jpg\" width=\"540\" height=\"405\" \/><\/p>\n<p><img loading=\"lazy\" decoding=\"async\" class=\"alignnone \" src=\"\/\/sc04.alicdn.com\/kf\/H561f71bc5dc24ca5b0b2e867c9682466y\/224789413\/H561f71bc5dc24ca5b0b2e867c9682466y.jpg\" width=\"541\" height=\"541\" \/><\/p>\n<p><img loading=\"lazy\" decoding=\"async\" class=\"alignnone \" src=\"\/\/sc04.alicdn.com\/kf\/H311872dd3c5645f495acf3eb85b202b0I\/224789413\/H311872dd3c5645f495acf3eb85b202b0I.jpg\" width=\"543\" height=\"543\" \/><\/p>\n<p><img loading=\"lazy\" decoding=\"async\" class=\"alignnone \" src=\"\/\/sc04.alicdn.com\/kf\/H1cf9502641ab42adad4a221c9ef6a883t\/224789413\/H1cf9502641ab42adad4a221c9ef6a883t.jpg\" width=\"541\" height=\"541\" \/><\/p>\n<p><img loading=\"lazy\" decoding=\"async\" class=\"alignnone \" src=\"\/\/sc04.alicdn.com\/kf\/H085c47b6484a4e69892f26b7dcdad13ea\/224789413\/H085c47b6484a4e69892f26b7dcdad13ea.jpg\" width=\"542\" height=\"542\" \/><\/p>\n<p><img loading=\"lazy\" decoding=\"async\" class=\"alignnone \" src=\"\/\/sc01.alicdn.com\/kf\/HTB1JmvDao_rK1Rjy0Fcq6zEvVXaw\/224789413\/HTB1JmvDao_rK1Rjy0Fcq6zEvVXaw.jpg\" width=\"540\" height=\"27\" \/><\/p>\n<p><img loading=\"lazy\" decoding=\"async\" class=\"alignnone \" src=\"\/\/sc02.alicdn.com\/kf\/HTB1UcP9ax_rK1RkHFqDq6yJAFXam\/224789413\/HTB1UcP9ax_rK1RkHFqDq6yJAFXam.jpg\" width=\"542\" height=\"542\" \/><\/p>\n<p>&nbsp;<\/p>\n<div id=\"ali-anchor-AliPostDhMb-5f8gb\" class=\"mceSectionContainer\" style=\"padding-top: 8px;\" data-section=\"AliPostDhMb-5f8gb\" data-section-title=\"Our Services\">\n<div id=\"ali-title-AliPostDhMb-5f8gb\" style=\"padding: 8px 0; border-bottom: 1px solid #ddd;\"><span style=\"background-color: #ddd; color: #333; font-weight: bold; padding: 8px 10px; line-height: 12px;\">Our Services<\/span><\/div>\n<\/div>\n<p><img loading=\"lazy\" decoding=\"async\" class=\"alignnone \" src=\"https:\/\/sc01.alicdn.com\/kf\/HTB1WqlxXoY1gK0jSZFMq6yWcVXaF\/224789413\/HTB1WqlxXoY1gK0jSZFMq6yWcVXaF.jpg\" width=\"541\" height=\"623\" \/><\/p>\n<map name=\"Map\">\n<area coords=\"107,243,77\" shape=\"circle\" href=\"https:\/\/www.alibaba.com\/product-detail\/Luxury-new-Hbp-59-1-SL2101_60863296848.html?spm=a2747.manage.0.0.3d6371d2WAd03v\" target=\"_blank\" \/>\n<area coords=\"283,243,75\" shape=\"circle\" href=\"https:\/\/www.alibaba.com\/product-detail\/Dual-Handle-Bathroom-Vessel-Sink-Faucet_60739049245.html?spm=a2747.manage.0.0.3d6371d2WAd03v\" target=\"_blank\" \/>\n<area coords=\"464,251,76\" shape=\"circle\" href=\"https:\/\/www.alibaba.com\/product-detail\/Brass-copper-YUHUAN-1-hole-2_62100099151.html?spm=a2747.manage.0.0.3d6371d2WAd03v\" target=\"_blank\" \/>\n<area coords=\"646,250,74\" shape=\"circle\" href=\"https:\/\/www.alibaba.com\/product-detail\/Single-Handle-Hole-Waterfall-Spout-Bathroom_60742186979.html?spm=a2747.manage.0.0.3d6371d2WAd03v\" target=\"_blank\" \/>\n<area coords=\"104,489,79\" shape=\"circle\" href=\"https:\/\/www.alibaba.com\/product-detail\/China-YUHUAN-high-quality-factory-Anti_60717018359.html?spm=a2747.manage.0.0.3d6371d2WAd03v\" target=\"_blank\" \/>\n<area coords=\"282,485,81\" shape=\"circle\" href=\"https:\/\/zjslion.en.alibaba.com\/product\/62002239042-803258209\/Brass_one_hole_hot_and_cold_water_Rotatable_basin_mixer_taps_Split_type.html?spm=a2700.icbuShop.41413.7.169d6292DsAh87\" target=\"_blank\" \/>\n<area coords=\"462,485,84\" shape=\"circle\" href=\"https:\/\/www.alibaba.com\/product-detail\/Dual-handles-basin-mixer_60682445485.html?spm=a2747.manage.0.0.3d6371d2WAd03v\" target=\"_blank\" \/>\n<area coords=\"648,486,83\" shape=\"circle\" href=\"https:\/\/zjslion.en.alibaba.com\/product\/60830133321-803166612\/High_quality_brass_thermostatic_exposed_TMV_2_shower_valve.html?spm=a2700.icbuShop.41413.9.52bb78ac88r3SQ\" target=\"_blank\" \/>\n<area coords=\"106,741,80\" shape=\"circle\" href=\"https:\/\/www.alibaba.com\/product-detail\/Thermostatic-brass-TMV-2-WRAS-shower_60833367756.html?spm=a2747.manage.0.0.3d6371d2WAd03v\" target=\"_blank\" \/>\n<area coords=\"281,746,81\" shape=\"circle\" href=\"https:\/\/www.alibaba.com\/product-detail\/ABS-door-elderly-portable-lowes-walk_60715158875.html?spm=a2747.manage.0.0.3d6371d2WAd03v\" target=\"_blank\" \/> <\/map>\n<\/div>\n","protected":false},"excerpt":{"rendered":"<p>Description du produit Num\u00e9ro de mod\u00e8le SL0134(00) Mat\u00e9riau \u00a0<\/p>","protected":false},"featured_media":40032,"comment_status":"open","ping_status":"closed","template":"","meta":[],"product_cat":[305,167,184],"product_tag":[],"class_list":{"0":"post-40033","1":"product","2":"type-product","3":"status-publish","4":"has-post-thumbnail","6":"product_cat-copper-bathroom-shower","7":"product_cat-sanitary-ware","8":"product_cat-shower-heads","10":"first","11":"instock","12":"shipping-taxable","13":"purchasable","14":"product-type-simple"},"_links":{"self":[{"href":"https:\/\/meconstructionsupplies.com\/fr\/wp-json\/wp\/v2\/product\/40033","targetHints":{"allow":["GET"]}}],"collection":[{"href":"https:\/\/meconstructionsupplies.com\/fr\/wp-json\/wp\/v2\/product"}],"about":[{"href":"https:\/\/meconstructionsupplies.com\/fr\/wp-json\/wp\/v2\/types\/product"}],"replies":[{"embeddable":true,"href":"https:\/\/meconstructionsupplies.com\/fr\/wp-json\/wp\/v2\/comments?post=40033"}],"version-history":[{"count":3,"href":"https:\/\/meconstructionsupplies.com\/fr\/wp-json\/wp\/v2\/product\/40033\/revisions"}],"predecessor-version":[{"id":40050,"href":"https:\/\/meconstructionsupplies.com\/fr\/wp-json\/wp\/v2\/product\/40033\/revisions\/40050"}],"wp:featuredmedia":[{"embeddable":true,"href":"https:\/\/meconstructionsupplies.com\/fr\/wp-json\/wp\/v2\/media\/40032"}],"wp:attachment":[{"href":"https:\/\/meconstructionsupplies.com\/fr\/wp-json\/wp\/v2\/media?parent=40033"}],"wp:term":[{"taxonomy":"product_cat","embeddable":true,"href":"https:\/\/meconstructionsupplies.com\/fr\/wp-json\/wp\/v2\/product_cat?post=40033"},{"taxonomy":"product_tag","embeddable":true,"href":"https:\/\/meconstructionsupplies.com\/fr\/wp-json\/wp\/v2\/product_tag?post=40033"}],"curies":[{"name":"wp","href":"https:\/\/api.w.org\/{rel}","templated":true}]}}