{"id":40055,"date":"2024-12-21T03:07:55","date_gmt":"2024-12-21T03:07:55","guid":{"rendered":"https:\/\/meconstructionsupplies.com\/product\/factory-cheap-wholesale-all-copper-european-multifunctional-ceramic-shower\/"},"modified":"2024-12-21T03:14:50","modified_gmt":"2024-12-21T03:14:50","slug":"factory-cheap-wholesale-all-copper-european-multifunctional-ceramic-shower","status":"publish","type":"product","link":"https:\/\/meconstructionsupplies.com\/fr\/product\/factory-cheap-wholesale-all-copper-european-multifunctional-ceramic-shower\/","title":{"rendered":"Douche en c\u00e9ramique multifonctionnelle europ\u00e9enne enti\u00e8rement en cuivre \u00e0 bas prix"},"content":{"rendered":"<div style=\"width: 540px;\" class=\"wp-video\"><!--[if lt IE 9]><script>document.createElement('video');<\/script><![endif]-->\n<video class=\"wp-video-shortcode\" id=\"video-40055-1\" width=\"540\" height=\"960\" preload=\"metadata\" controls=\"controls\"><source type=\"video\/mp4\" src=\"\/\/play.video.alibaba.com\/play\/u\/2153292369\/p\/1\/e\/6\/t\/10300\/363857402463.mp4?_=1\" \/><a href=\"\/\/play.video.alibaba.com\/play\/u\/2153292369\/p\/1\/e\/6\/t\/10300\/363857402463.mp4\">\/\/play.video.alibaba.com\/play\/u\/2153292369\/p\/1\/e\/6\/t\/10300\/363857402463.mp4<\/a><\/video><\/div>\n<div style=\"display: flex; background-color: #f2f2f2; padding: 10px; border-bottom: 1px solid #ddd;\">\n<div style=\"width: 40%; font-weight: bold;\">item<\/div>\n<div style=\"width: 60%;\">value<\/div>\n<\/div>\n<div style=\"display: flex; background-color: #ffffff; padding: 10px; border-bottom: 1px solid #ddd;\">\n<div style=\"width: 40%; font-weight: bold;\">Warranty<\/div>\n<div style=\"width: 60%;\">3 years<\/div>\n<\/div>\n<div style=\"display: flex; background-color: #f2f2f2; padding: 10px; border-bottom: 1px solid #ddd;\">\n<div style=\"width: 40%; font-weight: bold;\">Material<\/div>\n<div style=\"width: 60%;\">Brass<\/div>\n<\/div>\n<div style=\"display: flex; background-color: #ffffff; padding: 10px; border-bottom: 1px solid #ddd;\">\n<div style=\"width: 40%; font-weight: bold;\">After-sale Service<\/div>\n<div style=\"width: 60%;\">Online technical support, Other<\/div>\n<\/div>\n<div style=\"display: flex; background-color: #f2f2f2; padding: 10px; border-bottom: 1px solid #ddd;\">\n<div style=\"width: 40%; font-weight: bold;\">Project Solution Capability<\/div>\n<div style=\"width: 60%;\">graphic design, total solution for projects, Others<\/div>\n<\/div>\n<div style=\"display: flex; background-color: #ffffff; padding: 10px; border-bottom: 1px solid #ddd;\">\n<div style=\"width: 40%; font-weight: bold;\">Application<\/div>\n<div style=\"width: 60%;\">Hotel<\/div>\n<\/div>\n<div style=\"display: flex; background-color: #f2f2f2; padding: 10px; border-bottom: 1px solid #ddd;\">\n<div style=\"width: 40%; font-weight: bold;\">Design Style<\/div>\n<div style=\"width: 60%;\">Modern<\/div>\n<\/div>\n<div style=\"display: flex; background-color: #ffffff; padding: 10px; border-bottom: 1px solid #ddd;\">\n<div style=\"width: 40%; font-weight: bold;\">Place of Origin<\/div>\n<div style=\"width: 60%;\">China<\/div>\n<\/div>\n<div style=\"display: flex; background-color: #f2f2f2; padding: 10px; border-bottom: 1px solid #ddd;\">\n<div style=\"width: 40%; font-weight: bold;\">Model Number<\/div>\n<div style=\"width: 60%;\">HS-132<\/div>\n<\/div>\n<div style=\"display: flex; background-color: #ffffff; padding: 10px; border-bottom: 1px solid #ddd;\">\n<div style=\"width: 40%; font-weight: bold;\">Surface Finishing<\/div>\n<div style=\"width: 60%;\">chrome plating<\/div>\n<\/div>\n<div style=\"display: flex; background-color: #f2f2f2; padding: 10px; border-bottom: 1px solid #ddd;\">\n<div style=\"width: 40%; font-weight: bold;\">Surface Treatment<\/div>\n<div style=\"width: 60%;\">chrome plating<\/div>\n<\/div>\n<div style=\"display: flex; background-color: #ffffff; padding: 10px; border-bottom: 1px solid #ddd;\">\n<div style=\"width: 40%; font-weight: bold;\">Exposed Shower Faucet Feature<\/div>\n<div style=\"width: 60%;\">With Slide Bar<\/div>\n<\/div>\n<div style=\"display: flex; background-color: #f2f2f2; padding: 10px; border-bottom: 1px solid #ddd;\">\n<div style=\"width: 40%; font-weight: bold;\">Number of Handles<\/div>\n<div style=\"width: 60%;\">Single Handle<\/div>\n<\/div>\n<div style=\"display: flex; background-color: #ffffff; padding: 10px; border-bottom: 1px solid #ddd;\">\n<div style=\"width: 40%; font-weight: bold;\">Style<\/div>\n<div style=\"width: 60%;\">Contemporary<\/div>\n<\/div>\n<div style=\"display: flex; background-color: #f2f2f2; padding: 10px; border-bottom: 1px solid #ddd;\">\n<div style=\"width: 40%; font-weight: bold;\">Valve Core Material<\/div>\n<div style=\"width: 60%;\">Ceramic<\/div>\n<\/div>\n<div style=\"display: flex; background-color: #ffffff; padding: 10px; border-bottom: 1px solid #ddd;\">\n<div style=\"width: 40%; font-weight: bold;\">Spray Pattern<\/div>\n<div style=\"width: 60%;\">Rain<\/div>\n<\/div>\n<div style=\"display: flex; background-color: #f2f2f2; padding: 10px; border-bottom: 1px solid #ddd;\">\n<div style=\"width: 40%; font-weight: bold;\">Material<\/div>\n<div style=\"width: 60%;\">Brass Body<\/div>\n<\/div>\n<div style=\"display: flex; background-color: #ffffff; padding: 10px; border-bottom: 1px solid #ddd;\">\n<div style=\"width: 40%; font-weight: bold;\">Product Name<\/div>\n<div style=\"width: 60%;\">Bathroom Shower Faucet Sets<\/div>\n<\/div>\n<div style=\"display: flex; background-color: #f2f2f2; padding: 10px; border-bottom: 1px solid #ddd;\">\n<div style=\"width: 40%; font-weight: bold;\">Function<\/div>\n<div style=\"width: 60%;\">Hot Cold Water<\/div>\n<\/div>\n<div style=\"display: flex; background-color: #ffffff; padding: 10px; border-bottom: 1px solid #ddd;\">\n<div style=\"width: 40%; font-weight: bold;\">Color<\/div>\n<div style=\"width: 60%;\">Gold<\/div>\n<\/div>\n<div style=\"display: flex; background-color: #f2f2f2; padding: 10px; border-bottom: 1px solid #ddd;\">\n<div style=\"width: 40%; font-weight: bold;\">Usage<\/div>\n<div style=\"width: 60%;\">Bathroom Shower Room<\/div>\n<\/div>\n<div style=\"display: flex; background-color: #ffffff; padding: 10px; border-bottom: 1px solid #ddd;\">\n<div style=\"width: 40%; font-weight: bold;\">Type<\/div>\n<div style=\"width: 60%;\">Brass Bathroom Shower Faucet<\/div>\n<\/div>\n<div style=\"display: flex; background-color: #f2f2f2; padding: 10px; border-bottom: 1px solid #ddd;\">\n<div style=\"width: 40%; font-weight: bold;\">Body Material<\/div>\n<div style=\"width: 60%;\">Brass<\/div>\n<\/div>\n<div style=\"display: flex; background-color: #ffffff; padding: 10px; border-bottom: 1px solid #ddd;\">\n<div style=\"width: 40%; font-weight: bold;\">Finish<\/div>\n<div style=\"width: 60%;\">Chrome Finshing<\/div>\n<\/div>\n<div style=\"display: flex; background-color: #f2f2f2; padding: 10px; border-bottom: 1px solid #ddd;\">\n<div style=\"width: 40%; font-weight: bold;\">Installation<\/div>\n<div style=\"width: 60%;\">In-Wall Mounted<\/div>\n<\/div>\n<div style=\"display: flex; background-color: #ffffff; padding: 10px; border-bottom: 1px solid #ddd;\">\n<div style=\"width: 40%; font-weight: bold;\">MOQ<\/div>\n<div style=\"width: 60%;\">1 set<\/div>\n<\/div>\n<p><img decoding=\"async\" class=\"alignnone \" src=\"\/\/sc04.alicdn.com\/kf\/Hdcbd3a20b2bd454ab87f24c9c87438eex\/251907651\/Hdcbd3a20b2bd454ab87f24c9c87438eex.jpg\" width=\"543\" height=\"90\" \/><\/p>\n<p><img fetchpriority=\"high\" decoding=\"async\" class=\"alignnone \" src=\"\/\/sc04.alicdn.com\/kf\/Hd5badb2ce74d40a6a8d3ae7b1a1194dct\/251907651\/Hd5badb2ce74d40a6a8d3ae7b1a1194dct.jpg\" width=\"540\" height=\"540\" \/><\/p>\n<p><img decoding=\"async\" class=\"alignnone \" src=\"\/\/sc04.alicdn.com\/kf\/H009c4fad580642c685b64719731e1c4aY\/251907651\/H009c4fad580642c685b64719731e1c4aY.jpg\" width=\"541\" height=\"541\" \/><\/p>\n<p><img loading=\"lazy\" decoding=\"async\" class=\"alignnone \" src=\"\/\/sc04.alicdn.com\/kf\/H55cae9775f3e4ebbbb2d4a6abaa4ce70B\/251907651\/H55cae9775f3e4ebbbb2d4a6abaa4ce70B.jpg\" width=\"542\" height=\"511\" \/><\/p>\n<p><img loading=\"lazy\" decoding=\"async\" class=\"alignnone \" src=\"\/\/sc04.alicdn.com\/kf\/Hb0e85bdf31e84f858a68e96bee5f60e7f\/251907651\/Hb0e85bdf31e84f858a68e96bee5f60e7f.jpg\" width=\"542\" height=\"638\" \/><\/p>\n<p><img loading=\"lazy\" decoding=\"async\" class=\"alignnone \" src=\"\/\/sc04.alicdn.com\/kf\/H0b78cdb7766b488cba4254af47d1b115e\/251907651\/H0b78cdb7766b488cba4254af47d1b115e.jpg\" width=\"541\" height=\"675\" \/><\/p>\n<p><img loading=\"lazy\" decoding=\"async\" class=\"alignnone \" src=\"\/\/sc04.alicdn.com\/kf\/H5a10cdc618304277b76a1466ae439b596\/251907651\/H5a10cdc618304277b76a1466ae439b596.jpg\" width=\"542\" height=\"655\" \/><\/p>\n<p><img loading=\"lazy\" decoding=\"async\" class=\"alignnone \" src=\"\/\/sc04.alicdn.com\/kf\/H0c114750ab914124b4af260e28da9472A\/251907651\/H0c114750ab914124b4af260e28da9472A.jpg\" width=\"544\" height=\"580\" \/><\/p>\n<p><img loading=\"lazy\" decoding=\"async\" class=\"alignnone \" src=\"\/\/sc04.alicdn.com\/kf\/Hf3012b46f6b248dc9f796908ad708cd0o\/251907651\/Hf3012b46f6b248dc9f796908ad708cd0o.jpg\" width=\"542\" height=\"960\" \/><\/p>\n<p><img loading=\"lazy\" decoding=\"async\" class=\"alignnone \" src=\"\/\/sc04.alicdn.com\/kf\/H8458a11369fe45609e41024a1ce89874X\/251907651\/H8458a11369fe45609e41024a1ce89874X.jpg\" width=\"541\" height=\"598\" \/><\/p>\n<p><img loading=\"lazy\" decoding=\"async\" class=\"alignnone \" src=\"\/\/sc04.alicdn.com\/kf\/H74fd5be1284d45ddac6d204b921c154d6\/251907651\/H74fd5be1284d45ddac6d204b921c154d6.jpg\" width=\"542\" height=\"725\" \/><\/p>\n<p>&nbsp;<\/p>\n<p><img loading=\"lazy\" decoding=\"async\" class=\"alignnone \" src=\"\/\/sc04.alicdn.com\/kf\/H5c3f41e71423478f83807e0bded9b7cab\/251907651\/H5c3f41e71423478f83807e0bded9b7cab.jpg\" width=\"540\" height=\"81\" \/><\/p>\n<p>&nbsp;<\/p>\n<p>&nbsp;<\/p>\n<p>&nbsp;<\/p>\n<p><img loading=\"lazy\" decoding=\"async\" class=\"alignnone \" src=\"\/\/sc04.alicdn.com\/kf\/Hfb9fcaa428644448bf4ae77e293d52da1\/251907651\/Hfb9fcaa428644448bf4ae77e293d52da1.jpg\" width=\"543\" height=\"129\" \/><\/p>\n<p>&nbsp;<\/p>\n<p><img loading=\"lazy\" decoding=\"async\" class=\"alignnone \" src=\"\/\/sc04.alicdn.com\/kf\/H82b55e6c4cb7470883081b7664e96e8cj\/251907651\/H82b55e6c4cb7470883081b7664e96e8cj.jpg\" width=\"542\" height=\"449\" \/><\/p>\n<p><img loading=\"lazy\" decoding=\"async\" class=\"alignnone \" src=\"\/\/sc04.alicdn.com\/kf\/H5ac5223760b042279a8717e5098ea2dd7\/251907651\/H5ac5223760b042279a8717e5098ea2dd7.jpg\" width=\"542\" height=\"457\" \/><\/p>\n<p><img loading=\"lazy\" decoding=\"async\" class=\"alignnone \" src=\"\/\/sc04.alicdn.com\/kf\/H5c25d34e0bfd4e2a86d03d99002718ac3\/251907651\/H5c25d34e0bfd4e2a86d03d99002718ac3.jpg\" width=\"541\" height=\"114\" \/><\/p>\n<p><b>Q1: What is your sample policy?<b><span style=\"color: #000000;\">A1: We glad that you order samples for product quality testing and marketing. Mixed samples are acceptable. But we are not offer free sample, and you need pay the freight.<b>Q2: How is the quality of your company products?<b>A2: Our company products all produced in factory by three times QC checking, during produce, after produce and before package.<b>Q3: How about your delivery time?<b>A3: Generally, it will take\u00a030 to 45\u00a0days after receiving your advance payment. The specific delivery time depends\u00a0on the items and the quantity of your order.<b>Q4: Do you accept the OEM&amp;ODM service?<b>A4: Yes, of course. You can send your design to us. We can follow your demand make goods for you.<b>Q5: Can you accept small order?<b>A5: Yes. We understand that it is not easy for you to order big quantity for a new item, so in the beginning we could accept small quantity to help you open your market step by step.<b>Q6: How do you make our business long-term and good relationship?<b>A6: 1) We maintain good quality and competitive prices to ensure that our customers benefit. 2) We respect every customer as our friend and we sincerely do business with them,\u00a0no matter where they come from. <\/b><\/b><\/b><\/b><\/b><\/b><\/b><\/b><\/b><\/b><\/span><\/b><\/b><\/p>\n<p><img loading=\"lazy\" decoding=\"async\" class=\"alignnone \" src=\"\/\/sc04.alicdn.com\/kf\/Hc40f63e21366411f9a7c96d599e63bdcq\/251907651\/Hc40f63e21366411f9a7c96d599e63bdcq.jpg\" width=\"543\" height=\"708\" \/><\/p>\n<p><img loading=\"lazy\" decoding=\"async\" class=\"alignnone \" src=\"\/\/sc04.alicdn.com\/kf\/H5f97cf5b807e44c2bb530aed2ccfdbaaC\/251907651\/H5f97cf5b807e44c2bb530aed2ccfdbaaC.jpg\" width=\"540\" height=\"527\" \/><\/p>\n","protected":false},"excerpt":{"rendered":"<p>valeur de l&#039;article Garantie 3 ans Mat\u00e9riau Laiton Service apr\u00e8s-vente Assistance technique en ligne, Autre Capacit\u00e9 de solution de projet conception graphique, solution totale<\/p>","protected":false},"featured_media":40054,"comment_status":"open","ping_status":"closed","template":"","meta":[],"product_cat":[305,167,184],"product_tag":[],"class_list":{"0":"post-40055","1":"product","2":"type-product","3":"status-publish","4":"has-post-thumbnail","6":"product_cat-copper-bathroom-shower","7":"product_cat-sanitary-ware","8":"product_cat-shower-heads","10":"first","11":"instock","12":"shipping-taxable","13":"purchasable","14":"product-type-simple"},"_links":{"self":[{"href":"https:\/\/meconstructionsupplies.com\/fr\/wp-json\/wp\/v2\/product\/40055","targetHints":{"allow":["GET"]}}],"collection":[{"href":"https:\/\/meconstructionsupplies.com\/fr\/wp-json\/wp\/v2\/product"}],"about":[{"href":"https:\/\/meconstructionsupplies.com\/fr\/wp-json\/wp\/v2\/types\/product"}],"replies":[{"embeddable":true,"href":"https:\/\/meconstructionsupplies.com\/fr\/wp-json\/wp\/v2\/comments?post=40055"}],"version-history":[{"count":3,"href":"https:\/\/meconstructionsupplies.com\/fr\/wp-json\/wp\/v2\/product\/40055\/revisions"}],"predecessor-version":[{"id":40072,"href":"https:\/\/meconstructionsupplies.com\/fr\/wp-json\/wp\/v2\/product\/40055\/revisions\/40072"}],"wp:featuredmedia":[{"embeddable":true,"href":"https:\/\/meconstructionsupplies.com\/fr\/wp-json\/wp\/v2\/media\/40054"}],"wp:attachment":[{"href":"https:\/\/meconstructionsupplies.com\/fr\/wp-json\/wp\/v2\/media?parent=40055"}],"wp:term":[{"taxonomy":"product_cat","embeddable":true,"href":"https:\/\/meconstructionsupplies.com\/fr\/wp-json\/wp\/v2\/product_cat?post=40055"},{"taxonomy":"product_tag","embeddable":true,"href":"https:\/\/meconstructionsupplies.com\/fr\/wp-json\/wp\/v2\/product_tag?post=40055"}],"curies":[{"name":"wp","href":"https:\/\/api.w.org\/{rel}","templated":true}]}}