{"id":40100,"date":"2024-12-23T02:31:06","date_gmt":"2024-12-23T02:31:06","guid":{"rendered":"https:\/\/meconstructionsupplies.com\/product\/uk-eu-standard-electric-10a-1-gang-switches-and-socket-pc-panel-wall-light-push-button-switch\/"},"modified":"2024-12-23T02:36:19","modified_gmt":"2024-12-23T02:36:19","slug":"uk-eu-standard-electric-10a-1-gang-switches-and-socket-pc-panel-wall-light-push-button-switch","status":"publish","type":"product","link":"https:\/\/meconstructionsupplies.com\/fr\/product\/uk-eu-standard-electric-10a-1-gang-switches-and-socket-pc-panel-wall-light-push-button-switch\/","title":{"rendered":"Interrupteur \u00e0 bouton-poussoir mural pour panneau PC, norme UK\/EU, 10 A, 1 interrupteur et prise"},"content":{"rendered":"<div style=\"width: 540px;\" class=\"wp-video\"><!--[if lt IE 9]><script>document.createElement('video');<\/script><![endif]-->\n<video class=\"wp-video-shortcode\" id=\"video-40100-1\" width=\"540\" height=\"960\" preload=\"metadata\" controls=\"controls\"><source type=\"video\/mp4\" src=\"\/\/play.video.alibaba.com\/play\/u\/2153292369\/p\/1\/e\/6\/t\/10300\/468819423589.mp4?_=1\" \/><a href=\"\/\/play.video.alibaba.com\/play\/u\/2153292369\/p\/1\/e\/6\/t\/10300\/468819423589.mp4\">\/\/play.video.alibaba.com\/play\/u\/2153292369\/p\/1\/e\/6\/t\/10300\/468819423589.mp4<\/a><\/video><\/div>\n<h3><strong>Product Description<\/strong><\/h3>\n<hr style=\"border: 2px solid #000; margin-top: 5px; margin-bottom: 5px;\" \/>\n<p><img fetchpriority=\"high\" decoding=\"async\" class=\"alignnone \" src=\"\/\/sc04.alicdn.com\/kf\/H7d894fc8b54b4aae963cdd58a25a0850D\/239182653\/H7d894fc8b54b4aae963cdd58a25a0850D.jpg\" width=\"541\" height=\"942\" \/><\/p>\n<p><img decoding=\"async\" class=\"alignnone \" src=\"\/\/sc04.alicdn.com\/kf\/H08ad9a223c2f4f65830fffc92b8e937eh\/239182653\/H08ad9a223c2f4f65830fffc92b8e937eh.jpg\" width=\"542\" height=\"706\" \/><\/p>\n<p><img decoding=\"async\" class=\"alignnone \" src=\"\/\/sc04.alicdn.com\/kf\/H2915a005f3584fdd8ea395361d0dbeda0\/239182653\/H2915a005f3584fdd8ea395361d0dbeda0.jpg\" width=\"543\" height=\"918\" \/><\/p>\n<p><img loading=\"lazy\" decoding=\"async\" class=\"alignnone \" src=\"\/\/sc04.alicdn.com\/kf\/H1bbd579fe56f4048bddf3d6f8835fdb0L\/239182653\/H1bbd579fe56f4048bddf3d6f8835fdb0L.jpg\" width=\"542\" height=\"892\" \/><\/p>\n<p><img loading=\"lazy\" decoding=\"async\" class=\"alignnone \" src=\"\/\/sc04.alicdn.com\/kf\/Hbb5a4485b46c4bdb92ae7e5c9870b154S\/239182653\/Hbb5a4485b46c4bdb92ae7e5c9870b154S.jpg\" width=\"541\" height=\"990\" \/><\/p>\n<p><img loading=\"lazy\" decoding=\"async\" class=\"alignnone \" src=\"\/\/sc04.alicdn.com\/kf\/H466d0dfad52e43d1a8806fb2150b077dT\/239182653\/H466d0dfad52e43d1a8806fb2150b077dT.jpg\" width=\"547\" height=\"1012\" \/><\/p>\n<p><img loading=\"lazy\" decoding=\"async\" class=\"alignnone \" src=\"\/\/sc04.alicdn.com\/kf\/Hf0e92b1b43b14db89a1ff76797784253Z\/239182653\/Hf0e92b1b43b14db89a1ff76797784253Z.jpg\" width=\"540\" height=\"916\" \/><\/p>\n<p><img loading=\"lazy\" decoding=\"async\" class=\"alignnone \" src=\"\/\/sc04.alicdn.com\/kf\/H838f4d0ca94f4f91aa87a7562e4f15ecg\/239182653\/H838f4d0ca94f4f91aa87a7562e4f15ecg.jpg\" width=\"541\" height=\"915\" \/><\/p>\n<p><img loading=\"lazy\" decoding=\"async\" class=\"alignnone \" src=\"\/\/sc04.alicdn.com\/kf\/H7489e78bae4d4835821c1d0ded1fa516J\/239182653\/H7489e78bae4d4835821c1d0ded1fa516J.jpg\" width=\"541\" height=\"1379\" \/><\/p>\n<p><img loading=\"lazy\" decoding=\"async\" class=\"alignnone \" src=\"https:\/\/sc01.alicdn.com\/kf\/H8b849585933d42079143e1c66bb9454dr.jpg\" width=\"543\" height=\"536\" \/><\/p>\n<h3><strong>Specification<\/strong><\/h3>\n<hr style=\"border: 2px solid #000; margin-top: 5px; margin-bottom: 5px;\" \/>\n<div style=\"display: flex; background-color: #f2f2f2; padding: 10px; border-bottom: 1px solid #ddd;\">\n<div style=\"width: 40%; font-weight: bold;\">item<\/div>\n<div style=\"width: 60%;\">value<\/div>\n<\/div>\n<h3><strong>Packing &amp; Delivery<\/strong><\/h3>\n<hr style=\"border: 2px solid #000; margin-top: 5px; margin-bottom: 5px;\" \/>\n<p><img loading=\"lazy\" decoding=\"async\" class=\"alignnone \" src=\"\/\/sc01.alicdn.com\/kf\/H2633bc069f8f456fa0dbeb5b80ab936bV\/200042360\/H2633bc069f8f456fa0dbeb5b80ab936bV.png\" width=\"540\" height=\"432\" \/><\/p>\n<p><img loading=\"lazy\" decoding=\"async\" class=\"alignnone \" src=\"\/\/sc01.alicdn.com\/kf\/H819336b14bd84ae1921239460b410fads\/200042360\/H819336b14bd84ae1921239460b410fads.png\" width=\"543\" height=\"434\" \/><\/p>\n<p>To better ensure the safety of your goods, professional, environmentally friendly, convenient and efficient packaging services will be provided.<\/p>\n<h3><strong>FAQ<\/strong><\/h3>\n<hr style=\"border: 2px solid #000; margin-top: 5px; margin-bottom: 5px;\" \/>\n<p><b>1. who are we?<b><br \/>\nWe are based in Fujian, China, start from 2014,sell to Southern Europe(40.00%),North America(30.00%),Domestic Market(15.00%),Africa(10.00%),Oceania(5.00%). There are total about 11-50 people in our office.<\/b><\/b><\/p>\n<p><b>2. how can we guarantee quality?<b><br \/>\nAlways a pre-production sample before mass production;<br \/>\nAlways final Inspection before shipment;<\/b><\/b><\/p>\n<p><b>3.what can you buy from us?<b><br \/>\nSocket&amp;Switch\/Smart Switch, Smart Home<\/b><\/b><\/p>\n<p><b>4. why should you buy from us not from other suppliers?<b><br \/>\nBaijiang is an intelligent electrical appliance brand integrating design, R &amp; D and production. The company has a number of production, research and development and sales areas. The company has perfect quality management system and automatic production equ<\/b><\/b><\/p>\n<p><b>5. what services can we provide?<b><br \/>\nAccepted Delivery Terms: FOB,CFR,CIF,EXW,FAS,CIP,FCA,CPT,DEQ,DDP,DDU,Express Delivery,DAF,DES\uff1b<br \/>\nAccepted Payment Currency:USD,EUR,JPY,CAD,AUD,HKD,GBP,CNY,CHF;<br \/>\nAccepted Payment Type: T\/T,L\/C,D\/P D\/A,MoneyGram,Credit Card,PayPal,Western Union,Cash,Escrow;<br \/>\nLanguage Spoken:English,Chinese,Spanish,Japanese,Portuguese,German,Arabic,French,Russian,Korean,Hindi,Italian <\/b><\/b><\/p>\n","protected":false},"excerpt":{"rendered":"<p>Description du produit Sp\u00e9cification Valeur de l&#039;article Emballage et livraison Pour mieux assurer la s\u00e9curit\u00e9 de vos marchandises, professionnel, respectueux de l&#039;environnement, pratique<\/p>","protected":false},"featured_media":40099,"comment_status":"open","ping_status":"closed","template":"","meta":[],"product_cat":[205,196],"product_tag":[],"class_list":{"0":"post-40100","1":"product","2":"type-product","3":"status-publish","4":"has-post-thumbnail","6":"product_cat-electrical-switch","7":"product_cat-engineering-supplies","9":"first","10":"instock","11":"shipping-taxable","12":"purchasable","13":"product-type-simple"},"_links":{"self":[{"href":"https:\/\/meconstructionsupplies.com\/fr\/wp-json\/wp\/v2\/product\/40100","targetHints":{"allow":["GET"]}}],"collection":[{"href":"https:\/\/meconstructionsupplies.com\/fr\/wp-json\/wp\/v2\/product"}],"about":[{"href":"https:\/\/meconstructionsupplies.com\/fr\/wp-json\/wp\/v2\/types\/product"}],"replies":[{"embeddable":true,"href":"https:\/\/meconstructionsupplies.com\/fr\/wp-json\/wp\/v2\/comments?post=40100"}],"version-history":[{"count":3,"href":"https:\/\/meconstructionsupplies.com\/fr\/wp-json\/wp\/v2\/product\/40100\/revisions"}],"predecessor-version":[{"id":40108,"href":"https:\/\/meconstructionsupplies.com\/fr\/wp-json\/wp\/v2\/product\/40100\/revisions\/40108"}],"wp:featuredmedia":[{"embeddable":true,"href":"https:\/\/meconstructionsupplies.com\/fr\/wp-json\/wp\/v2\/media\/40099"}],"wp:attachment":[{"href":"https:\/\/meconstructionsupplies.com\/fr\/wp-json\/wp\/v2\/media?parent=40100"}],"wp:term":[{"taxonomy":"product_cat","embeddable":true,"href":"https:\/\/meconstructionsupplies.com\/fr\/wp-json\/wp\/v2\/product_cat?post=40100"},{"taxonomy":"product_tag","embeddable":true,"href":"https:\/\/meconstructionsupplies.com\/fr\/wp-json\/wp\/v2\/product_tag?post=40100"}],"curies":[{"name":"wp","href":"https:\/\/api.w.org\/{rel}","templated":true}]}}