{"id":40111,"date":"2024-12-23T02:45:24","date_gmt":"2024-12-23T02:45:24","guid":{"rendered":"https:\/\/meconstructionsupplies.com\/product\/q195-or-q235-low-carbon-steel-iron-wire-drawn-wire-for-nail-making-in-china-with-low-factory-price\/"},"modified":"2024-12-23T02:53:35","modified_gmt":"2024-12-23T02:53:35","slug":"q195-or-q235-low-carbon-steel-iron-wire-drawn-wire-for-nail-making-in-china-with-low-factory-price","status":"publish","type":"product","link":"https:\/\/meconstructionsupplies.com\/fr\/product\/q195-or-q235-low-carbon-steel-iron-wire-drawn-wire-for-nail-making-in-china-with-low-factory-price\/","title":{"rendered":"Fil tr\u00e9fil\u00e9 en acier \u00e0 faible teneur en carbone Q195 ou Q235 pour la fabrication de clous en Chine \u00e0 bas prix d&#039;usine"},"content":{"rendered":"<div style=\"width: 540px;\" class=\"wp-video\"><!--[if lt IE 9]><script>document.createElement('video');<\/script><![endif]-->\n<video class=\"wp-video-shortcode\" id=\"video-40111-1\" width=\"540\" height=\"960\" preload=\"metadata\" controls=\"controls\"><source type=\"video\/mp4\" src=\"\/\/play.video.alibaba.com\/play\/u\/2153292369\/p\/1\/e\/6\/t\/10300\/475479528596.mp4?_=1\" \/><a href=\"\/\/play.video.alibaba.com\/play\/u\/2153292369\/p\/1\/e\/6\/t\/10300\/475479528596.mp4\">\/\/play.video.alibaba.com\/play\/u\/2153292369\/p\/1\/e\/6\/t\/10300\/475479528596.mp4<\/a><\/video><\/div>\n<h3><strong>Products Description<\/strong><\/h3>\n<hr style=\"border: 2px solid #000; margin-top: 5px; margin-bottom: 5px;\" \/>\n<div style=\"display: flex; background-color: #f2f2f2; padding: 10px; border-bottom: 1px solid #ddd;\">\n<div style=\"width: 40%; font-weight: bold;\"><b>Steel Grade<b><\/b><\/b><\/div>\n<div style=\"width: 60%;\">high carbon steel 60#65#70#etc<\/div>\n<\/div>\n<div style=\"display: flex; background-color: #ffffff; padding: 10px; border-bottom: 1px solid #ddd;\">\n<div style=\"width: 40%; font-weight: bold;\"><b>Standard<b><\/b><\/b><\/div>\n<div style=\"width: 60%;\">AiSi, AISI, ASTM, GB,JIS<\/div>\n<\/div>\n<div style=\"display: flex; background-color: #f2f2f2; padding: 10px; border-bottom: 1px solid #ddd;\">\n<div style=\"width: 40%; font-weight: bold;\"><b>Type<b><\/b><\/b><\/div>\n<div style=\"width: 60%;\">Drawn Wire\/Spring\/Galvanized<\/div>\n<\/div>\n<div style=\"display: flex; background-color: #ffffff; padding: 10px; border-bottom: 1px solid #ddd;\">\n<div style=\"width: 40%; font-weight: bold;\"><b>Application<b><\/b><\/b><\/div>\n<div style=\"width: 60%;\">Fencing,Netting,PACKAGING,Rope,NAIL,etc.<\/div>\n<\/div>\n<div style=\"display: flex; background-color: #f2f2f2; padding: 10px; border-bottom: 1px solid #ddd;\">\n<div style=\"width: 40%; font-weight: bold;\"><b>Tolerance<b><\/b><\/b><\/div>\n<div style=\"width: 60%;\">\u00b13%<\/div>\n<\/div>\n<div style=\"display: flex; background-color: #ffffff; padding: 10px; border-bottom: 1px solid #ddd;\">\n<div style=\"width: 40%; font-weight: bold;\"><b>Delivery Time<b><\/b><\/b><\/div>\n<div style=\"width: 60%;\">15-21 days<\/div>\n<\/div>\n<div style=\"display: flex; background-color: #f2f2f2; padding: 10px; border-bottom: 1px solid #ddd;\">\n<div style=\"width: 40%; font-weight: bold;\"><b>Steel Grade<b><\/b><\/b><\/div>\n<div style=\"width: 60%;\">Q195\/Q235\/SAE1006\/SAE1008<\/div>\n<\/div>\n<div style=\"display: flex; background-color: #ffffff; padding: 10px; border-bottom: 1px solid #ddd;\">\n<div style=\"width: 40%; font-weight: bold;\"><b>Surface<b><\/b><\/b><\/div>\n<div style=\"width: 60%;\">Galvanised Zinc<\/div>\n<\/div>\n<div style=\"display: flex; background-color: #f2f2f2; padding: 10px; border-bottom: 1px solid #ddd;\">\n<div style=\"width: 40%; font-weight: bold;\"><b>Wire Gauge<b><\/b><\/b><\/div>\n<div style=\"width: 60%;\">0.8-30mm<\/div>\n<\/div>\n<div style=\"display: flex; background-color: #ffffff; padding: 10px; border-bottom: 1px solid #ddd;\">\n<div style=\"width: 40%; font-weight: bold;\"><b>Tensile strength<b><\/b><\/b><\/div>\n<div style=\"width: 60%;\">1370-2160MPA<\/div>\n<\/div>\n<div style=\"display: flex; background-color: #f2f2f2; padding: 10px; border-bottom: 1px solid #ddd;\">\n<div style=\"width: 40%; font-weight: bold;\"><b>Technique<b><\/b><\/b><\/div>\n<div style=\"width: 60%;\">Cold Rolled,Hot Rolled,Galvanized<\/div>\n<\/div>\n<div style=\"display: flex; background-color: #ffffff; padding: 10px; border-bottom: 1px solid #ddd;\">\n<div style=\"width: 40%; font-weight: bold;\"><b>Certificate<b><\/b><\/b><\/div>\n<div style=\"width: 60%;\">ISO9001:2015<\/div>\n<\/div>\n<div style=\"display: flex; background-color: #f2f2f2; padding: 10px; border-bottom: 1px solid #ddd;\">\n<div style=\"width: 40%; font-weight: bold;\"><b>Payment terms<b><\/b><\/b><\/div>\n<div style=\"width: 60%;\">30%TT Advance + 70% Balance<\/div>\n<\/div>\n<div style=\"display: flex; background-color: #ffffff; padding: 10px; border-bottom: 1px solid #ddd;\">\n<div style=\"width: 40%; font-weight: bold;\"><b>Packing<b><\/b><\/b><\/div>\n<div style=\"width: 60%;\">Standard Seaworthy Packing<\/div>\n<\/div>\n<p><img fetchpriority=\"high\" decoding=\"async\" class=\"alignnone \" src=\"\/\/sc04.alicdn.com\/kf\/Ha7c8fba582984047988908ba21500a8bU\/257936272\/Ha7c8fba582984047988908ba21500a8bU.jpg\" width=\"542\" height=\"542\" \/><\/p>\n<p><img decoding=\"async\" class=\"alignnone \" src=\"\/\/sc04.alicdn.com\/kf\/H30b8ee7c42fd40a19635fe77832f722fn\/257936272\/H30b8ee7c42fd40a19635fe77832f722fn.jpg\" width=\"543\" height=\"543\" \/><\/p>\n<p><img decoding=\"async\" class=\"alignnone \" src=\"\/\/sc04.alicdn.com\/kf\/Ha9eac8cd6d9d4a008caae4d7caabe064a\/257936272\/Ha9eac8cd6d9d4a008caae4d7caabe064a.jpg\" width=\"542\" height=\"542\" \/><\/p>\n<p><img loading=\"lazy\" decoding=\"async\" class=\"alignnone \" src=\"\/\/sc04.alicdn.com\/kf\/H6fbe47cecf994fbb99bbba518e7fea1bZ\/257936272\/H6fbe47cecf994fbb99bbba518e7fea1bZ.jpg\" width=\"542\" height=\"542\" \/><\/p>\n<p><img loading=\"lazy\" decoding=\"async\" class=\"alignnone \" src=\"\/\/sc04.alicdn.com\/kf\/H57472d5536c8424fb8f1bac32cb14528q\/257936272\/H57472d5536c8424fb8f1bac32cb14528q.jpg\" width=\"542\" height=\"542\" \/><\/p>\n<h3><strong>Company Profile<\/strong><\/h3>\n<hr style=\"border: 2px solid #000; margin-top: 5px; margin-bottom: 5px;\" \/>\n<p>&nbsp;<\/p>\n<p><img loading=\"lazy\" decoding=\"async\" class=\"alignnone \" src=\"\/\/sc04.alicdn.com\/kf\/H1c0616bf9aee4ef8b36f6d39968811bek\/257936272\/H1c0616bf9aee4ef8b36f6d39968811bek.jpg\" width=\"541\" height=\"401\" \/><\/p>\n<p><img loading=\"lazy\" decoding=\"async\" class=\"alignnone \" src=\"\/\/sc04.alicdn.com\/kf\/H20b8b477e01b49368b3d46ad7e767386D\/257936272\/H20b8b477e01b49368b3d46ad7e767386D.jpg\" width=\"541\" height=\"541\" \/><\/p>\n<p><img loading=\"lazy\" decoding=\"async\" class=\"alignnone \" src=\"\/\/sc04.alicdn.com\/kf\/Hf9026d1a5c434a1580b287afaa97f3f8h\/257936272\/Hf9026d1a5c434a1580b287afaa97f3f8h.jpg\" width=\"540\" height=\"721\" \/><\/p>\n<p><img loading=\"lazy\" decoding=\"async\" class=\"alignnone \" src=\"\/\/sc04.alicdn.com\/kf\/H620bc2c52386440bb0204075a4b7e6d9m\/257936272\/H620bc2c52386440bb0204075a4b7e6d9m.jpg\" width=\"541\" height=\"541\" \/><\/p>\n<p><img loading=\"lazy\" decoding=\"async\" class=\"alignnone \" src=\"\/\/sc04.alicdn.com\/kf\/Habdb7dda1166452aa1fe3e57020df366v\/257936272\/Habdb7dda1166452aa1fe3e57020df366v.jpg\" width=\"541\" height=\"541\" \/><\/p>\n<p><img loading=\"lazy\" decoding=\"async\" class=\"alignnone \" src=\"\/\/sc04.alicdn.com\/kf\/Ha8a501b4376e4c41b52205654ad6da70b\/257936272\/Ha8a501b4376e4c41b52205654ad6da70b.jpg\" width=\"541\" height=\"406\" \/><\/p>\n<p><img loading=\"lazy\" decoding=\"async\" class=\"alignnone \" src=\"\/\/sc04.alicdn.com\/kf\/Hbdae0af6418142a4af390d85af3b15f1v\/257936272\/Hbdae0af6418142a4af390d85af3b15f1v.jpg\" width=\"543\" height=\"407\" \/><\/p>\n<h3><strong>Exhibition<\/strong><\/h3>\n<hr style=\"border: 2px solid #000; margin-top: 5px; margin-bottom: 5px;\" \/>\n<p><img loading=\"lazy\" decoding=\"async\" class=\"alignnone \" src=\"\/\/sc04.alicdn.com\/kf\/Hff791b3ad8874cebb1fc53f2cf0fd1a33\/257936272\/Hff791b3ad8874cebb1fc53f2cf0fd1a33.jpg\" width=\"541\" height=\"541\" \/><\/p>\n<p><img loading=\"lazy\" decoding=\"async\" class=\"alignnone \" src=\"\/\/sc04.alicdn.com\/kf\/Ha46180e539d945f793a862bebcffebc1O\/257936272\/Ha46180e539d945f793a862bebcffebc1O.jpg\" width=\"543\" height=\"407\" \/><\/p>\n<p><img loading=\"lazy\" decoding=\"async\" class=\"alignnone \" src=\"\/\/sc04.alicdn.com\/kf\/H5b248847081346a193635c1ab3ced14cW\/257936272\/H5b248847081346a193635c1ab3ced14cW.jpg\" width=\"541\" height=\"406\" \/><\/p>\n<h3><strong>Certifications<\/strong><\/h3>\n<hr style=\"border: 2px solid #000; margin-top: 5px; margin-bottom: 5px;\" \/>\n<p>&nbsp;<\/p>\n<p><img loading=\"lazy\" decoding=\"async\" class=\"alignnone \" src=\"\/\/sc04.alicdn.com\/kf\/H9582576cfcb94bc8a2a3339306adb75fc\/257936272\/H9582576cfcb94bc8a2a3339306adb75fc.jpg\" width=\"541\" height=\"580\" \/><\/p>\n<p><img loading=\"lazy\" decoding=\"async\" class=\"alignnone \" src=\"\/\/sc04.alicdn.com\/kf\/Hf41a029d93574aec95e0dba3eb8ac825V\/257936272\/Hf41a029d93574aec95e0dba3eb8ac825V.jpg\" width=\"541\" height=\"580\" \/><\/p>\n<h3><strong>Shipping&amp;Payment<\/strong><\/h3>\n<hr style=\"border: 2px solid #000; margin-top: 5px; margin-bottom: 5px;\" \/>\n<p><img loading=\"lazy\" decoding=\"async\" class=\"alignnone \" src=\"\/\/sc04.alicdn.com\/kf\/Hce7db85848624570a9acf45e723c35d5s\/257936272\/Hce7db85848624570a9acf45e723c35d5s.jpg\" width=\"541\" height=\"543\" \/><\/p>\n<h3><strong>FAQ<\/strong><\/h3>\n<hr style=\"border: 2px solid #000; margin-top: 5px; margin-bottom: 5px;\" \/>\n<p><b>Q1: What&#8217;s your terms of payment?<b><br \/>\nA: 30%T\/T as the upfront deposit, 70% before delivery, We will show you the photos and package before you pay the balance.<br \/>\n<b>Q2: What&#8217;s the terms of delivery?<b><br \/>\nA: EXW, FOB, CFR, CIF<br \/>\n<b>Q3: What&#8217;s the terms of packing?<b><br \/>\nA: Generally,we pack our goods in bundles or coils with rods or belts, we could also pack the goods as the customers&#8217; requirement.<br \/>\n<b>Q4: What&#8217;s your delivery time?<b><br \/>\nA: For stocks, we could transport the goods to loading port within 7 work days after we received the deposit.For production period,it usually takes about 15 days to 30 days after we received the deposit.<br \/>\n<b>Q5: Could you produce according to the samples?<b><br \/>\nA: Yes, we can customer-made by your samples or technique drawings, we can build the mold and fixtures.<br \/>\n<b>Q6: Could youprovide the compliment samples?<b><br \/>\nA: Yes, we could provide the free samples on condition that it is available in stocks, however,the transportation fee is borne by buyer.<br \/>\n<b>Q7: How could you guarantee your products quality?<b><br \/>\nA: Each piece of products is manufactured by certified workshops, inspected by us piece by piece according to national QA\/QC standard. We also could issue the warranty to customer to guarantee the quality.<br \/>\n<b>Q8:What are the advantages of your company?<b><br \/>\nA:(1): Prime quality and reasonable price.<br \/>\n(2): Wide excellent experiences with after-sale service.<br \/>\n(3): Every process will be checked by responsible QC which insures every product&#8217;s quality.<br \/>\n(4): Professional packing teams which keep every packing safely.<br \/>\n(5): Trial order can be done in one week.<br \/>\n(6): Samples can be provided as your requirements. <\/b><\/b><\/b><\/b><\/b><\/b><\/b><\/b><\/b><\/b><\/b><\/b><\/b><\/b><\/b><\/b><\/p>\n","protected":false},"excerpt":{"rendered":"<p>Description des produits Nuance d&#039;acier Acier \u00e0 haute teneur en carbone 60#65#70#etc Norme AiSi, AISI, ASTM, GB, JIS Type Fil tr\u00e9fil\u00e9\/ressort\/galvanis\u00e9 Application Cl\u00f4tures, filets, EMBALLAGES, cordes, CLOUS, etc. Tol\u00e9rance \u00b13%<\/p>","protected":false},"featured_media":40110,"comment_status":"open","ping_status":"closed","template":"","meta":[],"product_cat":[196,208],"product_tag":[],"class_list":{"0":"post-40111","1":"product","2":"type-product","3":"status-publish","4":"has-post-thumbnail","6":"product_cat-engineering-supplies","7":"product_cat-iron-wire","9":"first","10":"instock","11":"shipping-taxable","12":"purchasable","13":"product-type-simple"},"_links":{"self":[{"href":"https:\/\/meconstructionsupplies.com\/fr\/wp-json\/wp\/v2\/product\/40111","targetHints":{"allow":["GET"]}}],"collection":[{"href":"https:\/\/meconstructionsupplies.com\/fr\/wp-json\/wp\/v2\/product"}],"about":[{"href":"https:\/\/meconstructionsupplies.com\/fr\/wp-json\/wp\/v2\/types\/product"}],"replies":[{"embeddable":true,"href":"https:\/\/meconstructionsupplies.com\/fr\/wp-json\/wp\/v2\/comments?post=40111"}],"version-history":[{"count":3,"href":"https:\/\/meconstructionsupplies.com\/fr\/wp-json\/wp\/v2\/product\/40111\/revisions"}],"predecessor-version":[{"id":40128,"href":"https:\/\/meconstructionsupplies.com\/fr\/wp-json\/wp\/v2\/product\/40111\/revisions\/40128"}],"wp:featuredmedia":[{"embeddable":true,"href":"https:\/\/meconstructionsupplies.com\/fr\/wp-json\/wp\/v2\/media\/40110"}],"wp:attachment":[{"href":"https:\/\/meconstructionsupplies.com\/fr\/wp-json\/wp\/v2\/media?parent=40111"}],"wp:term":[{"taxonomy":"product_cat","embeddable":true,"href":"https:\/\/meconstructionsupplies.com\/fr\/wp-json\/wp\/v2\/product_cat?post=40111"},{"taxonomy":"product_tag","embeddable":true,"href":"https:\/\/meconstructionsupplies.com\/fr\/wp-json\/wp\/v2\/product_tag?post=40111"}],"curies":[{"name":"wp","href":"https:\/\/api.w.org\/{rel}","templated":true}]}}