{"id":40120,"date":"2024-12-23T02:50:40","date_gmt":"2024-12-23T02:50:40","guid":{"rendered":"https:\/\/meconstructionsupplies.com\/product\/torch-on-plastic-sbs-app-modified-bitumen-waterproofing-membrane-bituminous-sheet-impermeable-heating-asphalt-waterproof-roll\/"},"modified":"2024-12-23T02:59:01","modified_gmt":"2024-12-23T02:59:01","slug":"torch-on-plastic-sbs-app-modified-bitumen-waterproofing-membrane-bituminous-sheet-impermeable-heating-asphalt-waterproof-roll","status":"publish","type":"product","link":"https:\/\/meconstructionsupplies.com\/fr\/product\/torch-on-plastic-sbs-app-modified-bitumen-waterproofing-membrane-bituminous-sheet-impermeable-heating-asphalt-waterproof-roll\/","title":{"rendered":"Torche sur plastique SBS APP membrane d&#039;\u00e9tanch\u00e9it\u00e9 en bitume modifi\u00e9 feuille bitumineuse imperm\u00e9able chauffage asphalte rouleau \u00e9tanche"},"content":{"rendered":"<div style=\"width: 540px;\" class=\"wp-video\"><!--[if lt IE 9]><script>document.createElement('video');<\/script><![endif]-->\n<video class=\"wp-video-shortcode\" id=\"video-40120-1\" width=\"540\" height=\"960\" preload=\"metadata\" controls=\"controls\"><source type=\"video\/mp4\" src=\"\/\/play.video.alibaba.com\/play\/u\/2153292369\/p\/1\/e\/6\/t\/10300\/311233267348.mp4?_=1\" \/><a href=\"\/\/play.video.alibaba.com\/play\/u\/2153292369\/p\/1\/e\/6\/t\/10300\/311233267348.mp4\">\/\/play.video.alibaba.com\/play\/u\/2153292369\/p\/1\/e\/6\/t\/10300\/311233267348.mp4<\/a><\/video><\/div>\n<h3><strong>Product Description<\/strong><\/h3>\n<hr style=\"border: 2px solid #000; margin-top: 5px; margin-bottom: 5px;\" \/>\n<p><img fetchpriority=\"high\" decoding=\"async\" class=\"alignnone \" src=\"\/\/sc04.alicdn.com\/kf\/HTB1VGaARXXXXXXwXVXXq6xXFXXXj\/229432473\/HTB1VGaARXXXXXXwXVXXq6xXFXXXj.jpg\" width=\"540\" height=\"243\" \/><\/p>\n<p><img decoding=\"async\" class=\"alignnone \" src=\"\/\/sc04.alicdn.com\/kf\/HTB1i0eTRXXXXXc4XXXXq6xXFXXXB\/229432473\/HTB1i0eTRXXXXXc4XXXXq6xXFXXXB.jpg\" width=\"541\" height=\"406\" \/><\/p>\n<p><img decoding=\"async\" class=\"alignnone \" src=\"\/\/sc04.alicdn.com\/kf\/HTB1cbtKNVXXXXbKXXXXq6xXFXXXt\/229432473\/HTB1cbtKNVXXXXbKXXXXq6xXFXXXt.jpg\" width=\"543\" height=\"122\" \/><\/p>\n<h3>Product Overview:<\/h3>\n<h3>The product is made of elastomer (SBS) or thermoplastic energy (ASP, APAO, etc.) modified asphalt impregnated tire base, both sides coated with elastic or plastic body modified asphalt coating layer, the top surface is spread with fine sand, mineral particles (sheets) or polyethylene film.<\/h3>\n<p><img loading=\"lazy\" decoding=\"async\" class=\"alignnone \" src=\"https:\/\/sc01.alicdn.com\/kf\/Hc4530788fb1c4b8285d23b4ef74e2630C.jpg\" width=\"543\" height=\"543\" \/><\/p>\n<p><img loading=\"lazy\" decoding=\"async\" class=\"alignnone \" src=\"https:\/\/sc04.alicdn.com\/kf\/Hc5bee2877e8d4af1b5f6e1efd16fa64eH.jpg\" width=\"542\" height=\"542\" \/><\/p>\n<p><img loading=\"lazy\" decoding=\"async\" class=\"alignnone \" src=\"\/\/sc04.alicdn.com\/kf\/HTB17yLtCH9YBuNjy0Fgq6AxcXXa1\/229432473\/HTB17yLtCH9YBuNjy0Fgq6AxcXXa1.jpg\" width=\"543\" height=\"168\" \/><\/p>\n<h3>Note:<\/h3>\n<h3>1. The basement is a complicated environment, do a good job of receiving treatment is very important, so careful construction, sealing lap (or joint) is to ensure the integrity of the waterproof layer.<\/h3>\n<p>2. Operators shall not wear nail shoes. They should wear soft flat shoes construction.<\/p>\n<p>3. Winter construction should choose the products that temperature gentleness is lower than 10\u2103. And the membrane should stored in a place above 0\u2103.<\/p>\n<p><img loading=\"lazy\" decoding=\"async\" class=\"alignnone \" src=\"\/\/sc04.alicdn.com\/kf\/HTB1..bJSpXXXXakXpXXq6xXFXXXF\/229432473\/HTB1..bJSpXXXXakXpXXq6xXFXXXF.jpg\" width=\"539\" height=\"600\" \/><\/p>\n<h3>Product Features<\/h3>\n<h3>Strong impervious property;<br \/>\nHigh tensile strength, large elongation, good dimensional stability and strong adaptability to base shrinkage deformation and cracking;<br \/>\nSBS is suitable for building waterproofing in low temperature environment, while APP is suitable for building waterproofing in high temperature environment.<br \/>\nPuncture resistance, abrasion resistance, tear resistance, corrosion resistance, mildew resistance, weather resistance;<\/h3>\n<p><img loading=\"lazy\" decoding=\"async\" class=\"alignnone \" src=\"\/\/sc04.alicdn.com\/kf\/Hacb9d306ef4d4915b1eaaeee96ed97adP\/229432473\/Hacb9d306ef4d4915b1eaaeee96ed97adP.jpg\" width=\"543\" height=\"257\" \/><\/p>\n<p><img loading=\"lazy\" decoding=\"async\" class=\"alignnone \" src=\"\/\/sc04.alicdn.com\/kf\/Hf9c0c90e2014498d9e3371eff90716154\/229432473\/Hf9c0c90e2014498d9e3371eff90716154.jpg\" width=\"540\" height=\"540\" \/><\/p>\n<p><img loading=\"lazy\" decoding=\"async\" class=\"alignnone \" src=\"\/\/sc04.alicdn.com\/kf\/H1ceba4de761545ad96760d9ad2f651bfM\/229432473\/H1ceba4de761545ad96760d9ad2f651bfM.jpg\" width=\"541\" height=\"541\" \/><\/p>\n<p><img loading=\"lazy\" decoding=\"async\" class=\"alignnone \" src=\"\/\/sc04.alicdn.com\/kf\/HTB1ecpzQXXXXXcUXFXXq6xXFXXXv\/229432473\/HTB1ecpzQXXXXXcUXFXXq6xXFXXXv.jpg\" width=\"543\" height=\"465\" \/><\/p>\n<h3>Packing, transportation and storage:<\/h3>\n<h3>1. The product is packaged by paper or plastic tape into rolls.<br \/>\n2. Preventing the sun and rain during transportation. Prohibit of approaching fire source, prevent collision, and protect the package in good condition.<br \/>\n3. The products should be sealed in the warehouse, stored in a ventilated and cool place, and prohibited from approaching the fire source.<br \/>\n4. Under normal storage and transportation condition.<\/h3>\n<p><img loading=\"lazy\" decoding=\"async\" class=\"alignnone \" src=\"\/\/sc04.alicdn.com\/kf\/HTB182oQNpXXXXcIXFXXq6xXFXXX9\/229432473\/HTB182oQNpXXXXcIXFXXq6xXFXXX9.jpg\" width=\"540\" height=\"255\" \/><\/p>\n<h3><b>Application<b><\/b><\/b><\/h3>\n<p><img loading=\"lazy\" decoding=\"async\" class=\"alignnone \" src=\"\/\/sc04.alicdn.com\/kf\/HTB1avGRRXXXXXXPXpXXq6xXFXXX6\/229432473\/HTB1avGRRXXXXXXPXpXXq6xXFXXX6.jpg\" width=\"540\" height=\"184\" \/><\/p>\n<h3><strong>Specification<\/strong><\/h3>\n<hr style=\"border: 2px solid #000; margin-top: 5px; margin-bottom: 5px;\" \/>\n<div style=\"display: flex; background-color: #f2f2f2; padding: 10px; border-bottom: 1px solid #ddd;\">\n<div style=\"width: 40%; font-weight: bold;\">item<\/div>\n<div style=\"width: 60%;\">value<\/div>\n<\/div>\n<div style=\"display: flex; background-color: #ffffff; padding: 10px; border-bottom: 1px solid #ddd;\">\n<div style=\"width: 40%; font-weight: bold;\">Warranty<\/div>\n<div style=\"width: 60%;\">1 Year<\/div>\n<\/div>\n<div style=\"display: flex; background-color: #f2f2f2; padding: 10px; border-bottom: 1px solid #ddd;\">\n<div style=\"width: 40%; font-weight: bold;\">After-sale Service<\/div>\n<div style=\"width: 60%;\">Online technical support, Return and Replacement<\/div>\n<\/div>\n<div style=\"display: flex; background-color: #ffffff; padding: 10px; border-bottom: 1px solid #ddd;\">\n<div style=\"width: 40%; font-weight: bold;\">Project Solution Capability<\/div>\n<div style=\"width: 60%;\">graphic design, Cross Categories Consolidation<\/div>\n<\/div>\n<div style=\"display: flex; background-color: #f2f2f2; padding: 10px; border-bottom: 1px solid #ddd;\">\n<div style=\"width: 40%; font-weight: bold;\">Application<\/div>\n<div style=\"width: 60%;\">tunnel, swimming pool, roof, roofing, basement<\/div>\n<\/div>\n<div style=\"display: flex; background-color: #ffffff; padding: 10px; border-bottom: 1px solid #ddd;\">\n<div style=\"width: 40%; font-weight: bold;\">Design Style<\/div>\n<div style=\"width: 60%;\">Chinese<\/div>\n<\/div>\n<div style=\"display: flex; background-color: #f2f2f2; padding: 10px; border-bottom: 1px solid #ddd;\">\n<div style=\"width: 40%; font-weight: bold;\">Place of Origin<\/div>\n<div style=\"width: 60%;\">China<\/div>\n<\/div>\n<div style=\"display: flex; background-color: #ffffff; padding: 10px; border-bottom: 1px solid #ddd;\">\n<div style=\"width: 40%; font-weight: bold;\">Brand Name<\/div>\n<div style=\"width: 60%;\">JLY<\/div>\n<\/div>\n<div style=\"display: flex; background-color: #f2f2f2; padding: 10px; border-bottom: 1px solid #ddd;\">\n<div style=\"width: 40%; font-weight: bold;\">Model Number<\/div>\n<div style=\"width: 60%;\">GB18242-2008<\/div>\n<\/div>\n<div style=\"display: flex; background-color: #ffffff; padding: 10px; border-bottom: 1px solid #ddd;\">\n<div style=\"width: 40%; font-weight: bold;\">Type<\/div>\n<div style=\"width: 60%;\">PE, PET, Mineral grain, Sand, Aluminum<\/div>\n<\/div>\n<div style=\"display: flex; background-color: #f2f2f2; padding: 10px; border-bottom: 1px solid #ddd;\">\n<div style=\"width: 40%; font-weight: bold;\">Thickness<\/div>\n<div style=\"width: 60%;\">3mm\/4mm<\/div>\n<\/div>\n<div style=\"display: flex; background-color: #ffffff; padding: 10px; border-bottom: 1px solid #ddd;\">\n<div style=\"width: 40%; font-weight: bold;\">Length<\/div>\n<div style=\"width: 60%;\">10m\/roll<\/div>\n<\/div>\n<div style=\"display: flex; background-color: #f2f2f2; padding: 10px; border-bottom: 1px solid #ddd;\">\n<div style=\"width: 40%; font-weight: bold;\">Width<\/div>\n<div style=\"width: 60%;\">1.0m<\/div>\n<\/div>\n<div style=\"display: flex; background-color: #ffffff; padding: 10px; border-bottom: 1px solid #ddd;\">\n<div style=\"width: 40%; font-weight: bold;\">Weight<\/div>\n<div style=\"width: 60%;\">40kg 50kg\/roll<\/div>\n<\/div>\n<div style=\"display: flex; background-color: #f2f2f2; padding: 10px; border-bottom: 1px solid #ddd;\">\n<div style=\"width: 40%; font-weight: bold;\">Low temperature flexibility<\/div>\n<div style=\"width: 60%;\">-25 degree centigrade<\/div>\n<\/div>\n<div style=\"display: flex; background-color: #ffffff; padding: 10px; border-bottom: 1px solid #ddd;\">\n<div style=\"width: 40%; font-weight: bold;\">Thermostability<\/div>\n<div style=\"width: 60%;\">105 degree centigrade<\/div>\n<\/div>\n<div style=\"display: flex; background-color: #f2f2f2; padding: 10px; border-bottom: 1px solid #ddd;\">\n<div style=\"width: 40%; font-weight: bold;\">Soluble content<\/div>\n<div style=\"width: 60%;\">3500g\/m2<\/div>\n<\/div>\n<div style=\"display: flex; background-color: #ffffff; padding: 10px; border-bottom: 1px solid #ddd;\">\n<div style=\"width: 40%; font-weight: bold;\">Waterproofness<\/div>\n<div style=\"width: 60%;\">0.3MPa<\/div>\n<\/div>\n<p><img loading=\"lazy\" decoding=\"async\" class=\"alignnone \" src=\"\/\/sc04.alicdn.com\/kf\/HTB1uDmNRFXXXXblaXXXq6xXFXXXQ\/229432473\/HTB1uDmNRFXXXXblaXXXq6xXFXXXQ.jpg\" width=\"540\" height=\"453\" \/><\/p>\n<h3><strong>Packing &amp; Delivery<\/strong><\/h3>\n<hr style=\"border: 2px solid #000; margin-top: 5px; margin-bottom: 5px;\" \/>\n<p>Packing : carton , pallet or customized<\/p>\n<p><img loading=\"lazy\" decoding=\"async\" class=\"alignnone \" src=\"\/\/sc04.alicdn.com\/kf\/Ha7ef838e8f344514ae4e5c9164e7e8d1X\/229432473\/Ha7ef838e8f344514ae4e5c9164e7e8d1X.jpg\" width=\"541\" height=\"406\" \/><\/p>\n<p><img loading=\"lazy\" decoding=\"async\" class=\"alignnone \" src=\"\/\/sc04.alicdn.com\/kf\/H1ceba4de761545ad96760d9ad2f651bfM\/229432473\/H1ceba4de761545ad96760d9ad2f651bfM.jpg\" width=\"542\" height=\"542\" \/><\/p>\n<p>To better ensure the safety of your goods, professional, environmentally friendly, convenient and efficient packaging services will be provided.<\/p>\n<p><img loading=\"lazy\" decoding=\"async\" class=\"alignnone \" src=\"\/\/sc04.alicdn.com\/kf\/H4adab06f5f164b5aa430e0162b997de7N\/229432473\/H4adab06f5f164b5aa430e0162b997de7N.jpg\" width=\"542\" height=\"333\" \/><\/p>\n<h3><strong>Company Profile<\/strong><\/h3>\n<hr style=\"border: 2px solid #000; margin-top: 5px; margin-bottom: 5px;\" \/>\n<p><img loading=\"lazy\" decoding=\"async\" class=\"alignnone \" src=\"\/\/sc04.alicdn.com\/kf\/H3d65d1f1ccae4da6bffa5f1f710bf9d8N\/229432473\/H3d65d1f1ccae4da6bffa5f1f710bf9d8N.png\" width=\"541\" height=\"406\" \/><\/p>\n<p><img loading=\"lazy\" decoding=\"async\" class=\"alignnone \" src=\"\/\/sc04.alicdn.com\/kf\/Hc27bdc1e789b438da9c96f2442ed1c9bP\/229432473\/Hc27bdc1e789b438da9c96f2442ed1c9bP.jpg\" width=\"543\" height=\"464\" \/><\/p>\n<p><img loading=\"lazy\" decoding=\"async\" class=\"alignnone \" src=\"\/\/sc04.alicdn.com\/kf\/H208c044a72db4dc3be4725c3be2cd24ea\/229432473\/H208c044a72db4dc3be4725c3be2cd24ea.jpg\" width=\"540\" height=\"466\" \/><\/p>\n<p><img loading=\"lazy\" decoding=\"async\" class=\"alignnone \" src=\"\/\/sc04.alicdn.com\/kf\/H7334e3d74603424b9de781bea4594a2cB\/229432473\/H7334e3d74603424b9de781bea4594a2cB.jpg\" width=\"540\" height=\"462\" \/><\/p>\n<p>&nbsp;<\/p>\n<h3><strong>FAQ<\/strong><\/h3>\n<hr style=\"border: 2px solid #000; margin-top: 5px; margin-bottom: 5px;\" \/>\n<p><b>1. who are we?<b><br \/>\nWe are based in Shandong, China, start from 2014,sell to North America(20.00%),Southeast Asia(20.00%),Eastern Europe(10.00%),South Asia(5.00%),Eastern Asia(5.00%),South America(5.00%),Oceania(5.00%),Western Europe(5.00%),Southern Europe(5.00%),Central America(5.00%),Northern Europe(5.00%),Africa(5.00%),Mid East(5.00%),Domestic Market(0.00%). There are total about 51-100 people in our office.<\/b><\/b><\/p>\n<p><b>2. how can we guarantee quality?<b><br \/>\nAlways a pre-production sample before mass production;<br \/>\nAlways final Inspection before shipment;<\/b><\/b><\/p>\n<p><b>3.what can you buy from us?<b><br \/>\nBitumen Waterproof Membrane, High Polymer Waterproof Membrane, Waterpoof Coating<\/b><\/b><\/p>\n<p><b>4. why should you buy from us not from other suppliers?<b><br \/>\nOur factory is specialized in manufacturing the waterproof membrane and the waterproof coating. It covers an area of about 10000 square meters, 80 technicists and six advanced production line.,we are specialist and have the best price and quality.<\/b><\/b><\/p>\n<p><b>5. what services can we provide?<b><br \/>\nAccepted Delivery Terms: FOB,CFR,CIF,EXW\uff1b<br \/>\nAccepted Payment Currency:USD,EUR;<br \/>\nAccepted Payment Type: T\/T,L\/C,MoneyGram;<br \/>\nLanguage Spoken:English,Chinese,Japanese,Portuguese,Korean <\/b><\/b><\/p>\n","protected":false},"excerpt":{"rendered":"<p>Description du produit Pr\u00e9sentation du produit : Le produit est fabriqu\u00e9 \u00e0 partir d&#039;\u00e9lastom\u00e8re (SBS) ou d&#039;asphalte modifi\u00e9 par \u00e9nergie thermoplastique (ASP, APAO, etc.) impr\u00e9gn\u00e9<\/p>","protected":false},"featured_media":40119,"comment_status":"open","ping_status":"closed","template":"","meta":[],"product_cat":[209,196],"product_tag":[],"class_list":{"0":"post-40120","1":"product","2":"type-product","3":"status-publish","4":"has-post-thumbnail","6":"product_cat-asphalt-roll","7":"product_cat-engineering-supplies","9":"first","10":"instock","11":"shipping-taxable","12":"purchasable","13":"product-type-simple"},"_links":{"self":[{"href":"https:\/\/meconstructionsupplies.com\/fr\/wp-json\/wp\/v2\/product\/40120","targetHints":{"allow":["GET"]}}],"collection":[{"href":"https:\/\/meconstructionsupplies.com\/fr\/wp-json\/wp\/v2\/product"}],"about":[{"href":"https:\/\/meconstructionsupplies.com\/fr\/wp-json\/wp\/v2\/types\/product"}],"replies":[{"embeddable":true,"href":"https:\/\/meconstructionsupplies.com\/fr\/wp-json\/wp\/v2\/comments?post=40120"}],"version-history":[{"count":3,"href":"https:\/\/meconstructionsupplies.com\/fr\/wp-json\/wp\/v2\/product\/40120\/revisions"}],"predecessor-version":[{"id":40130,"href":"https:\/\/meconstructionsupplies.com\/fr\/wp-json\/wp\/v2\/product\/40120\/revisions\/40130"}],"wp:featuredmedia":[{"embeddable":true,"href":"https:\/\/meconstructionsupplies.com\/fr\/wp-json\/wp\/v2\/media\/40119"}],"wp:attachment":[{"href":"https:\/\/meconstructionsupplies.com\/fr\/wp-json\/wp\/v2\/media?parent=40120"}],"wp:term":[{"taxonomy":"product_cat","embeddable":true,"href":"https:\/\/meconstructionsupplies.com\/fr\/wp-json\/wp\/v2\/product_cat?post=40120"},{"taxonomy":"product_tag","embeddable":true,"href":"https:\/\/meconstructionsupplies.com\/fr\/wp-json\/wp\/v2\/product_tag?post=40120"}],"curies":[{"name":"wp","href":"https:\/\/api.w.org\/{rel}","templated":true}]}}