{"id":40133,"date":"2024-12-23T03:00:00","date_gmt":"2024-12-23T03:00:00","guid":{"rendered":"https:\/\/meconstructionsupplies.com\/product\/bathroom-music-shower-set-ceiling-mounted-380580mm-rainfall-waterfall-misty-led-shower-head-5-ways-thermostatic-diverter-faucet\/"},"modified":"2024-12-23T03:05:21","modified_gmt":"2024-12-23T03:05:21","slug":"bathroom-music-shower-set-ceiling-mounted-380580mm-rainfall-waterfall-misty-led-shower-head-5-ways-thermostatic-diverter-faucet","status":"publish","type":"product","link":"https:\/\/meconstructionsupplies.com\/fr\/product\/bathroom-music-shower-set-ceiling-mounted-380580mm-rainfall-waterfall-misty-led-shower-head-5-ways-thermostatic-diverter-faucet\/","title":{"rendered":"Ensemble de douche musicale pour salle de bain, montage au plafond, 380 x 580 mm, pommeau de douche \u00e0 effet pluie, cascade, brume, LED, robinet thermostatique \u00e0 5 voies"},"content":{"rendered":"<div style=\"width: 540px;\" class=\"wp-video\"><!--[if lt IE 9]><script>document.createElement('video');<\/script><![endif]-->\n<video class=\"wp-video-shortcode\" id=\"video-40133-1\" width=\"540\" height=\"960\" preload=\"metadata\" controls=\"controls\"><source type=\"video\/mp4\" src=\"\/\/play.video.alibaba.com\/play\/u\/2153292369\/p\/1\/e\/6\/t\/10300\/348151443124.mp4?_=1\" \/><a href=\"\/\/play.video.alibaba.com\/play\/u\/2153292369\/p\/1\/e\/6\/t\/10300\/348151443124.mp4\">\/\/play.video.alibaba.com\/play\/u\/2153292369\/p\/1\/e\/6\/t\/10300\/348151443124.mp4<\/a><\/video><\/div>\n<div style=\"display: flex; background-color: #f2f2f2; padding: 10px; border-bottom: 1px solid #ddd;\">\n<div style=\"width: 40%; font-weight: bold;\">Code number<\/div>\n<div style=\"width: 60%;\">HM-MU838580<\/div>\n<\/div>\n<div style=\"display: flex; background-color: #ffffff; padding: 10px; border-bottom: 1px solid #ddd;\">\n<div style=\"width: 40%; font-weight: bold;\">Shower head size<\/div>\n<div style=\"width: 60%;\">380*580MM<\/div>\n<\/div>\n<div style=\"display: flex; background-color: #f2f2f2; padding: 10px; border-bottom: 1px solid #ddd;\">\n<div style=\"width: 40%; font-weight: bold;\">Shower mixer<\/div>\n<div style=\"width: 60%;\">5+1 thermostatic large flow shower mixer<\/div>\n<\/div>\n<div style=\"display: flex; background-color: #ffffff; padding: 10px; border-bottom: 1px solid #ddd;\">\n<div style=\"width: 40%; font-weight: bold;\">LED<\/div>\n<div style=\"width: 60%;\">Multi LED color ,controlled by a remote controller<\/div>\n<\/div>\n<div style=\"display: flex; background-color: #f2f2f2; padding: 10px; border-bottom: 1px solid #ddd;\">\n<div style=\"width: 40%; font-weight: bold;\">Music<\/div>\n<div style=\"width: 60%;\">Controlled by a phone music APP<\/div>\n<\/div>\n<div style=\"display: flex; background-color: #ffffff; padding: 10px; border-bottom: 1px solid #ddd;\">\n<div style=\"width: 40%; font-weight: bold;\">Shower thread<\/div>\n<div style=\"width: 60%;\">G1\/2&#8221; and G3\/4&#8221;<\/div>\n<\/div>\n<div style=\"display: flex; background-color: #f2f2f2; padding: 10px; border-bottom: 1px solid #ddd;\">\n<div style=\"width: 40%; font-weight: bold;\">Material<\/div>\n<div style=\"width: 60%;\">304Stainless steel for the shower head and shower hoseBrass for shower mixer,hand shower ,shower holder ,down water spout<\/div>\n<\/div>\n<div style=\"display: flex; background-color: #ffffff; padding: 10px; border-bottom: 1px solid #ddd;\">\n<div style=\"width: 40%; font-weight: bold;\">Functions<\/div>\n<div style=\"width: 60%;\">1.Rainfall mode2.SPA MIST mode3.waterfall mode4.Water column mode5.hand shower mode+down water spout<\/div>\n<\/div>\n<div style=\"display: flex; background-color: #f2f2f2; padding: 10px; border-bottom: 1px solid #ddd;\">\n<div style=\"width: 40%; font-weight: bold;\">6Product&#8217;s list<\/div>\n<div style=\"width: 60%;\">1.A 380*580MM shower head2.A 5+1 thermostatic mixer<br \/>\n3.A hand shower<br \/>\n4.A shower holder<br \/>\n5.A shower hose<br \/>\n6.A down water spout<\/div>\n<\/div>\n<h3><strong>Products Description<\/strong><\/h3>\n<hr style=\"border: 2px solid #000; margin-top: 5px; margin-bottom: 5px;\" \/>\n<p>Our goods are popular in USA,Europe, South Africa etc. Our Ascendency:Perfect after-sale service &amp; Good quality &amp; competitive price &amp; good at the different surface treatment and styleWelcome your inquiry!Function shower,popular design ,reasonbale price with high quality! Pls contact us to get more details.<\/p>\n<p><img fetchpriority=\"high\" decoding=\"async\" class=\"alignnone \" src=\"\/\/sc04.alicdn.com\/kf\/H6ade916c880348409a7ecb30137a9d50s\/200606247\/H6ade916c880348409a7ecb30137a9d50s.jpg\" width=\"542\" height=\"542\" \/><\/p>\n<p><img decoding=\"async\" class=\"alignnone \" src=\"\/\/sc04.alicdn.com\/kf\/H27e3a5ff670f4389b7bc6cb5e5e6735eI\/200606247\/H27e3a5ff670f4389b7bc6cb5e5e6735eI.jpg\" width=\"541\" height=\"406\" \/><\/p>\n<p><img decoding=\"async\" class=\"alignnone \" src=\"\/\/sc04.alicdn.com\/kf\/H382f54685fb14ecfb482d8888a3143faB\/200606247\/H382f54685fb14ecfb482d8888a3143faB.jpg\" width=\"542\" height=\"334\" \/><\/p>\n<p><img loading=\"lazy\" decoding=\"async\" class=\"alignnone \" src=\"\/\/sc04.alicdn.com\/kf\/H2bf3fadaddd54f10a4edb0f692bb1374L\/200606247\/H2bf3fadaddd54f10a4edb0f692bb1374L.jpg\" width=\"543\" height=\"714\" \/><\/p>\n<p><img loading=\"lazy\" decoding=\"async\" class=\"alignnone \" src=\"\/\/sc04.alicdn.com\/kf\/H7a066dc03f374217a54e71731aebe3f3k\/200606247\/H7a066dc03f374217a54e71731aebe3f3k.jpg\" width=\"542\" height=\"705\" \/><\/p>\n<p><img loading=\"lazy\" decoding=\"async\" class=\"alignnone \" src=\"\/\/sc04.alicdn.com\/kf\/H3bc211f5b4624bfdb420350fc289cac5r\/200606247\/H3bc211f5b4624bfdb420350fc289cac5r.jpg\" width=\"544\" height=\"408\" \/><\/p>\n<p><img loading=\"lazy\" decoding=\"async\" class=\"alignnone \" src=\"\/\/sc04.alicdn.com\/kf\/Hce8046b82c1843759d1c0b00d5f9b6fbf\/200606247\/Hce8046b82c1843759d1c0b00d5f9b6fbf.jpg\" width=\"542\" height=\"493\" \/><\/p>\n<p><img loading=\"lazy\" decoding=\"async\" class=\"alignnone \" src=\"\/\/sc04.alicdn.com\/kf\/H2146561e79d9447e801e8c0e3d151026d\/200606247\/H2146561e79d9447e801e8c0e3d151026d.jpg\" width=\"540\" height=\"444\" \/><\/p>\n<p><img loading=\"lazy\" decoding=\"async\" class=\"alignnone \" src=\"\/\/sc04.alicdn.com\/kf\/H873f2d4abde64085a2061a6c6dd3ba20B\/200606247\/H873f2d4abde64085a2061a6c6dd3ba20B.jpg\" width=\"542\" height=\"361\" \/><\/p>\n<p><img loading=\"lazy\" decoding=\"async\" class=\"alignnone \" src=\"\/\/sc04.alicdn.com\/kf\/Ha45d8486773e4528bb1117b1776e1e3cQ\/200606247\/Ha45d8486773e4528bb1117b1776e1e3cQ.jpg\" width=\"542\" height=\"678\" \/><\/p>\n<p>&nbsp;<\/p>\n<p><img loading=\"lazy\" decoding=\"async\" class=\"alignnone \" src=\"\/\/sc04.alicdn.com\/kf\/H640a2ea447ca404e8994dadb7bde16e7t\/200606247\/H640a2ea447ca404e8994dadb7bde16e7t.jpg\" width=\"544\" height=\"587\" \/><\/p>\n<p>&nbsp;<\/p>\n<p><img loading=\"lazy\" decoding=\"async\" class=\"alignnone \" src=\"\/\/sc04.alicdn.com\/kf\/He8f5dc2c1e914d4fb5393a0a9ce41d1fx\/200606247\/He8f5dc2c1e914d4fb5393a0a9ce41d1fx.jpg\" width=\"541\" height=\"414\" \/><\/p>\n<p><img loading=\"lazy\" decoding=\"async\" class=\"alignnone \" src=\"\/\/sc04.alicdn.com\/kf\/H574b830ca134488d88290e0aa0b01660Y\/200606247\/H574b830ca134488d88290e0aa0b01660Y.jpg\" width=\"540\" height=\"410\" \/><\/p>\n<p><img loading=\"lazy\" decoding=\"async\" class=\"alignnone \" src=\"\/\/sc04.alicdn.com\/kf\/Hbc9feb2640484f63b2e70a750dfadd33s\/200606247\/Hbc9feb2640484f63b2e70a750dfadd33s.jpg\" width=\"541\" height=\"519\" \/><\/p>\n<p><img loading=\"lazy\" decoding=\"async\" class=\"alignnone \" src=\"\/\/sc04.alicdn.com\/kf\/H76acfc84cd4943859302d612e2acfb0fR\/200606247\/H76acfc84cd4943859302d612e2acfb0fR.jpg\" width=\"540\" height=\"491\" \/><\/p>\n<h3><strong>FAQ<\/strong><\/h3>\n<hr style=\"border: 2px solid #000; margin-top: 5px; margin-bottom: 5px;\" \/>\n<p><b><b>Thank you very much for your interest in Hengmei Sanitary Ware products. Here are some answers for the questions you may want to know. <b>1. Can I get samples? <b>Yes, sample orders are always welcome and there is no MOQ request for a sample order or trial order.<br \/>\n<b>2. What\u2019s your MOQ? <b>100pcs for most items but for new client, less quantity is also welcome as trial order,MOQ=1.<br \/>\n<b>3. Can I order the products with my own brand? <b>Yes, we can laser print customer\u2019s logo on the product with the permission and authorization letter from customers.<br \/>\n<b>4. How is your factory production capability? <b>Hengmei Sanitary Ware factory has a 3 production line including Gravity Casting Line, Machining Line, Polishing Line and Assembling line.We can manufacture products up to 60000 pcs per month. <b>5.What\u2019s your payment method and payment term?<br \/>\n<b>Payment method: T\/T, western union, online payment, L\/C,Paypal,D\/P,D\/A,MoneyGram. Payment terms: 30% deposit in advance, 70% balance before shipment for big order. It\u2019s suggest 100% payment in advance for small order less than 1000USD in order to save bank charges.<br \/>\n<b>6. What\u2019s your production time? <b>We have spare parts stocks for most items. 3-7days for sample or small orders, 15-35 days for a 20ft container.<br \/>\n<b>7. How can I visit your factory or office? <b>Warmly welcome you visit our factory or office for business communication. Please try to contact our staff by email or mobile first. We will make the soonest appointment and arrangement for pick up. Thank you.<br \/>\n<b> 8.How long is the warranty\uff1f <b>Main body 5 years warranty. <\/b><\/b><\/b><\/b><\/b><\/b><\/b><\/b><\/b><\/b><\/b><\/b><\/b><\/b><\/b><\/b><\/b><\/b><\/p>\n<p>&nbsp;<\/p>\n","protected":false},"excerpt":{"rendered":"<p>Num\u00e9ro de code HM-MU838580 Taille du pommeau de douche 380*580MM Mitigeur de douche 5+1 mitigeur de douche thermostatique \u00e0 grand d\u00e9bit LED Multi LED couleur, contr\u00f4l\u00e9<\/p>","protected":false},"featured_media":40132,"comment_status":"open","ping_status":"closed","template":"","meta":[],"product_cat":[186,167,184],"product_tag":[],"class_list":{"0":"post-40133","1":"product","2":"type-product","3":"status-publish","4":"has-post-thumbnail","6":"product_cat-ceiling-mounted-shower-heads","7":"product_cat-sanitary-ware","8":"product_cat-shower-heads","10":"first","11":"instock","12":"shipping-taxable","13":"purchasable","14":"product-type-simple"},"_links":{"self":[{"href":"https:\/\/meconstructionsupplies.com\/fr\/wp-json\/wp\/v2\/product\/40133","targetHints":{"allow":["GET"]}}],"collection":[{"href":"https:\/\/meconstructionsupplies.com\/fr\/wp-json\/wp\/v2\/product"}],"about":[{"href":"https:\/\/meconstructionsupplies.com\/fr\/wp-json\/wp\/v2\/types\/product"}],"replies":[{"embeddable":true,"href":"https:\/\/meconstructionsupplies.com\/fr\/wp-json\/wp\/v2\/comments?post=40133"}],"version-history":[{"count":3,"href":"https:\/\/meconstructionsupplies.com\/fr\/wp-json\/wp\/v2\/product\/40133\/revisions"}],"predecessor-version":[{"id":40141,"href":"https:\/\/meconstructionsupplies.com\/fr\/wp-json\/wp\/v2\/product\/40133\/revisions\/40141"}],"wp:featuredmedia":[{"embeddable":true,"href":"https:\/\/meconstructionsupplies.com\/fr\/wp-json\/wp\/v2\/media\/40132"}],"wp:attachment":[{"href":"https:\/\/meconstructionsupplies.com\/fr\/wp-json\/wp\/v2\/media?parent=40133"}],"wp:term":[{"taxonomy":"product_cat","embeddable":true,"href":"https:\/\/meconstructionsupplies.com\/fr\/wp-json\/wp\/v2\/product_cat?post=40133"},{"taxonomy":"product_tag","embeddable":true,"href":"https:\/\/meconstructionsupplies.com\/fr\/wp-json\/wp\/v2\/product_tag?post=40133"}],"curies":[{"name":"wp","href":"https:\/\/api.w.org\/{rel}","templated":true}]}}