{"id":40165,"date":"2024-12-23T03:38:59","date_gmt":"2024-12-23T03:38:59","guid":{"rendered":"https:\/\/meconstructionsupplies.com\/product\/high-quality-concealed-cistern-back-to-wall-wc-toilet-set-bathroom-tankless-intelligent-wall-hung-smart-toilet\/"},"modified":"2024-12-23T03:47:57","modified_gmt":"2024-12-23T03:47:57","slug":"high-quality-concealed-cistern-back-to-wall-wc-toilet-set-bathroom-tankless-intelligent-wall-hung-smart-toilet","status":"publish","type":"product","link":"https:\/\/meconstructionsupplies.com\/fr\/product\/high-quality-concealed-cistern-back-to-wall-wc-toilet-set-bathroom-tankless-intelligent-wall-hung-smart-toilet\/","title":{"rendered":"Ensemble de toilettes \u00e0 r\u00e9servoir dissimul\u00e9 de haute qualit\u00e9, toilettes murales intelligentes sans r\u00e9servoir pour salle de bain"},"content":{"rendered":"<div style=\"width: 540px;\" class=\"wp-video\"><!--[if lt IE 9]><script>document.createElement('video');<\/script><![endif]-->\n<video class=\"wp-video-shortcode\" id=\"video-40165-1\" width=\"540\" height=\"960\" preload=\"metadata\" controls=\"controls\"><source type=\"video\/mp4\" src=\"\/\/play.video.alibaba.com\/play\/u\/2153292369\/p\/1\/e\/6\/t\/10300\/406146346359.mp4?_=1\" \/><a href=\"\/\/play.video.alibaba.com\/play\/u\/2153292369\/p\/1\/e\/6\/t\/10300\/406146346359.mp4\">\/\/play.video.alibaba.com\/play\/u\/2153292369\/p\/1\/e\/6\/t\/10300\/406146346359.mp4<\/a><\/video><\/div>\n<p>High Quality Concealed Cistern Back To Wall WC Toilet Set Bathroom Tankless Intelligent Wall Hung Smart Toilet<\/p>\n<p><img fetchpriority=\"high\" decoding=\"async\" class=\"alignnone \" src=\"\/\/sc04.alicdn.com\/kf\/Hb9e1cf63bfd14e6fa81ad4ec1e6b69e6f\/268216849\/Hb9e1cf63bfd14e6fa81ad4ec1e6b69e6f.jpg\" width=\"542\" height=\"289\" \/><\/p>\n<h3><strong>Product Description<\/strong><\/h3>\n<hr style=\"border: 2px solid #000; margin-top: 5px; margin-bottom: 5px;\" \/>\n<p><b>There are different versions of Smart Toilet, please contact us to confirm the function and voltage.<b> <\/b><\/b><\/p>\n<div style=\"display: flex; background-color: #f2f2f2; padding: 10px; border-bottom: 1px solid #ddd;\">\n<div style=\"width: 40%; font-weight: bold;\"><b>Product Name<b><\/b><\/b><\/div>\n<div style=\"width: 60%;\">Smart Toilet<\/div>\n<\/div>\n<div style=\"display: flex; background-color: #ffffff; padding: 10px; border-bottom: 1px solid #ddd;\">\n<div style=\"width: 40%; font-weight: bold;\"><b>Size<b><\/b><\/b><\/div>\n<div style=\"width: 60%;\">380*590*370MM<\/div>\n<\/div>\n<div style=\"display: flex; background-color: #f2f2f2; padding: 10px; border-bottom: 1px solid #ddd;\">\n<div style=\"width: 40%; font-weight: bold;\"><b>Toilet Seat Material<b><\/b><\/b><\/div>\n<div style=\"width: 60%;\">Soft Close PP Toilet Seat<\/div>\n<\/div>\n<div style=\"display: flex; background-color: #ffffff; padding: 10px; border-bottom: 1px solid #ddd;\">\n<div style=\"width: 40%; font-weight: bold;\"><b>Packing<b><\/b><\/b><\/div>\n<div style=\"width: 60%;\">5-Layer Export Carton Packing<\/div>\n<\/div>\n<div style=\"display: flex; background-color: #f2f2f2; padding: 10px; border-bottom: 1px solid #ddd;\">\n<div style=\"width: 40%; font-weight: bold;\"><b>Service<b><\/b><\/b><\/div>\n<div style=\"width: 60%;\">OEM\/ODMAccepted<\/div>\n<\/div>\n<p><img decoding=\"async\" class=\"alignnone \" src=\"\/\/sc04.alicdn.com\/kf\/H3ec8e1ddb1ad4ec8acd2d05754ee8153g\/268216849\/H3ec8e1ddb1ad4ec8acd2d05754ee8153g.jpg\" width=\"541\" height=\"1212\" \/><\/p>\n<p><img decoding=\"async\" class=\"alignnone \" src=\"\/\/sc04.alicdn.com\/kf\/H46c108cf45ba4eed99b0e517113df6d8T\/268216849\/H46c108cf45ba4eed99b0e517113df6d8T.jpg\" width=\"542\" height=\"800\" \/><\/p>\n<p><img loading=\"lazy\" decoding=\"async\" class=\"alignnone \" src=\"\/\/sc04.alicdn.com\/kf\/H1c420c60e68e4818b3616aec59ba2d92d\/268216849\/H1c420c60e68e4818b3616aec59ba2d92d.jpg\" width=\"536\" height=\"334\" \/><\/p>\n<p><img loading=\"lazy\" decoding=\"async\" class=\"alignnone \" src=\"\/\/sc04.alicdn.com\/kf\/H5880e0dcd6ae476fb6f290ea5f690a5aY\/268216849\/H5880e0dcd6ae476fb6f290ea5f690a5aY.jpg\" width=\"541\" height=\"828\" \/><\/p>\n<p><img loading=\"lazy\" decoding=\"async\" class=\"alignnone \" src=\"\/\/sc04.alicdn.com\/kf\/H2efcde610fb340a382b77bd364d37f2dq\/268216849\/H2efcde610fb340a382b77bd364d37f2dq.jpg\" width=\"538\" height=\"567\" \/><\/p>\n<p><img loading=\"lazy\" decoding=\"async\" class=\"alignnone \" src=\"\/\/sc04.alicdn.com\/kf\/H1b21cdc49b4d40cabb3efe8d8a9fea5ey\/268216849\/H1b21cdc49b4d40cabb3efe8d8a9fea5ey.jpg\" width=\"541\" height=\"1131\" \/><\/p>\n<p><img loading=\"lazy\" decoding=\"async\" class=\"alignnone \" src=\"\/\/sc04.alicdn.com\/kf\/Ha36f1aac88d247a190b500a113498bed1\/268216849\/Ha36f1aac88d247a190b500a113498bed1.jpg\" width=\"542\" height=\"939\" \/><\/p>\n<p><img loading=\"lazy\" decoding=\"async\" class=\"alignnone \" src=\"\/\/sc04.alicdn.com\/kf\/H301b8b63bb1b422ca02a5088c061d4524\/268216849\/H301b8b63bb1b422ca02a5088c061d4524.jpg\" width=\"542\" height=\"1106\" \/><\/p>\n<p><img loading=\"lazy\" decoding=\"async\" class=\"alignnone \" src=\"\/\/sc04.alicdn.com\/kf\/H8fabdc2deda4471b865baa1a235567a3I\/268216849\/H8fabdc2deda4471b865baa1a235567a3I.jpg\" width=\"543\" height=\"704\" \/><\/p>\n<p><img loading=\"lazy\" decoding=\"async\" class=\"alignnone \" src=\"\/\/sc04.alicdn.com\/kf\/H02bae599e8744e07b12169c1bbe68c5eH\/268216849\/H02bae599e8744e07b12169c1bbe68c5eH.jpg\" width=\"541\" height=\"557\" \/><\/p>\n<h3><strong>Packing &amp; Delivery<\/strong><\/h3>\n<hr style=\"border: 2px solid #000; margin-top: 5px; margin-bottom: 5px;\" \/>\n<p><img loading=\"lazy\" decoding=\"async\" class=\"alignnone \" src=\"\/\/sc04.alicdn.com\/kf\/Hdd80c9b259834ca798cf5712dbd0282aJ\/268216849\/Hdd80c9b259834ca798cf5712dbd0282aJ.jpg\" width=\"538\" height=\"347\" \/><\/p>\n<h3><strong>FAQ<\/strong><\/h3>\n<hr style=\"border: 2px solid #000; margin-top: 5px; margin-bottom: 5px;\" \/>\n<p><b>Q1. Are you manufactory or trading company?<b><br \/>\n<b>A.\u00a0<b>We are manufacturer with 25-years experience and with professional foreign trade team. Located in Chaozhou city, China. we use good raw materials as our source and strictly control every process until loading. Our products include toilets, wash basins, bathroom cabinets, smart mirrors, water taps and other bathroom products. We are also constantly coming up with new product designs to support one-stop shopping for various decorative styles. We always insist on excellence in quality and services and warmly welcome you to visit our factory to show you our large-scale supply system.<\/b><\/b><\/b><\/b><\/p>\n<p><b>Q2.Can you produce according to the samples ?<b><br \/>\n<b>A.<b> Yes ,we provide OEM&amp;ODM service, we can do customization according to customer\u2019s requirements.(including shapes , printing logo, colors, packing etc.).<\/b><\/b><\/b><\/b><\/p>\n<p><b>Q3.What is your terms of delivery ?<b><br \/>\n<b>A.<b> EXW,FOB<\/b><\/b><\/b><\/b><\/p>\n<p><b>Q4.How long is your delivery time ?<b><br \/>\n<b>A.<b> Generally it is 10-15 days if the goods are in stock. And 15-25 days if the goods are not in stock, it also depends on the order quantity.<\/b><\/b><\/b><\/b><\/p>\n<p><b>Q5.Do you test all your goods before delivery?<b><br \/>\n<b>A.<b> Yes, we have 100% test before delivery. We make pre-production sample before mass production and do final Inspection before shipment.<\/b><\/b><\/b><\/b><\/p>\n<p><b>Q6.What is your terms of payment ?<b><br \/>\n<b>A.<b>TT\/ DP (negotiate) Payment&lt;=2000USD, 100% in advance. Payment&gt;=2000USD, 30% deposit in advance, 70% balance before shipment. We support final payment after inspection of the goods. Or customers can pay the balance after we show you the finished product package. <\/b><\/b><\/b><\/b><\/p>\n","protected":false},"excerpt":{"rendered":"<p>Ensemble de toilettes \u00e0 r\u00e9servoir dissimul\u00e9 de haute qualit\u00e9, toilettes murales intelligentes sans r\u00e9servoir pour salle de bain Description du produit Il<\/p>","protected":false},"featured_media":40164,"comment_status":"open","ping_status":"closed","template":"","meta":[],"product_cat":[167,170,172],"product_tag":[],"class_list":{"0":"post-40165","1":"product","2":"type-product","3":"status-publish","4":"has-post-thumbnail","6":"product_cat-sanitary-ware","7":"product_cat-toilets","8":"product_cat-two-piece-toilets","10":"first","11":"instock","12":"shipping-taxable","13":"purchasable","14":"product-type-simple"},"_links":{"self":[{"href":"https:\/\/meconstructionsupplies.com\/fr\/wp-json\/wp\/v2\/product\/40165","targetHints":{"allow":["GET"]}}],"collection":[{"href":"https:\/\/meconstructionsupplies.com\/fr\/wp-json\/wp\/v2\/product"}],"about":[{"href":"https:\/\/meconstructionsupplies.com\/fr\/wp-json\/wp\/v2\/types\/product"}],"replies":[{"embeddable":true,"href":"https:\/\/meconstructionsupplies.com\/fr\/wp-json\/wp\/v2\/comments?post=40165"}],"version-history":[{"count":3,"href":"https:\/\/meconstructionsupplies.com\/fr\/wp-json\/wp\/v2\/product\/40165\/revisions"}],"predecessor-version":[{"id":40184,"href":"https:\/\/meconstructionsupplies.com\/fr\/wp-json\/wp\/v2\/product\/40165\/revisions\/40184"}],"wp:featuredmedia":[{"embeddable":true,"href":"https:\/\/meconstructionsupplies.com\/fr\/wp-json\/wp\/v2\/media\/40164"}],"wp:attachment":[{"href":"https:\/\/meconstructionsupplies.com\/fr\/wp-json\/wp\/v2\/media?parent=40165"}],"wp:term":[{"taxonomy":"product_cat","embeddable":true,"href":"https:\/\/meconstructionsupplies.com\/fr\/wp-json\/wp\/v2\/product_cat?post=40165"},{"taxonomy":"product_tag","embeddable":true,"href":"https:\/\/meconstructionsupplies.com\/fr\/wp-json\/wp\/v2\/product_tag?post=40165"}],"curies":[{"name":"wp","href":"https:\/\/api.w.org\/{rel}","templated":true}]}}