{"id":40230,"date":"2024-12-23T06:40:59","date_gmt":"2024-12-23T06:40:59","guid":{"rendered":"https:\/\/meconstructionsupplies.com\/product\/road-machine-2000kg-3000kg-2ton-3ton-mechanical-articulated-road-roller-with-double-drum\/"},"modified":"2024-12-25T07:45:38","modified_gmt":"2024-12-25T07:45:38","slug":"road-machine-2000kg-3000kg-2ton-3ton-mechanical-articulated-road-roller-with-double-drum","status":"publish","type":"product","link":"https:\/\/meconstructionsupplies.com\/fr\/product\/road-machine-2000kg-3000kg-2ton-3ton-mechanical-articulated-road-roller-with-double-drum\/","title":{"rendered":"Rouleau compresseur m\u00e9canique articul\u00e9 \u00e0 double tambour pour machine routi\u00e8re 2000kg 3000kg 2ton 3ton"},"content":{"rendered":"<div style=\"width: 540px;\" class=\"wp-video\"><!--[if lt IE 9]><script>document.createElement('video');<\/script><![endif]-->\n<video class=\"wp-video-shortcode\" id=\"video-40230-1\" width=\"540\" height=\"960\" preload=\"metadata\" controls=\"controls\"><source type=\"video\/mp4\" src=\"\/\/play.video.alibaba.com\/play\/u\/2153292369\/p\/1\/e\/6\/t\/10300\/6000283616742.mp4?_=1\" \/><a href=\"\/\/play.video.alibaba.com\/play\/u\/2153292369\/p\/1\/e\/6\/t\/10300\/6000283616742.mp4\">\/\/play.video.alibaba.com\/play\/u\/2153292369\/p\/1\/e\/6\/t\/10300\/6000283616742.mp4<\/a><\/video><\/div>\n<p><img fetchpriority=\"high\" decoding=\"async\" class=\"alignnone \" src=\"\/\/sc04.alicdn.com\/kf\/Hfec0a1ff7e2044a297586a395977ee34C\/279873139\/Hfec0a1ff7e2044a297586a395977ee34C.jpg\" width=\"542\" height=\"540\" \/><\/p>\n<div style=\"display: flex; background-color: #f2f2f2; padding: 10px; border-bottom: 1px solid #ddd;\">\n<div style=\"width: 40%; font-weight: bold;\">item<\/div>\n<div style=\"width: 60%;\">value<\/div>\n<\/div>\n<div style=\"display: flex; background-color: #ffffff; padding: 10px; border-bottom: 1px solid #ddd;\">\n<div style=\"width: 40%; font-weight: bold;\">Grade Ability<\/div>\n<div style=\"width: 60%;\">30%<\/div>\n<\/div>\n<div style=\"display: flex; background-color: #f2f2f2; padding: 10px; border-bottom: 1px solid #ddd;\">\n<div style=\"width: 40%; font-weight: bold;\">Power<\/div>\n<div style=\"width: 60%;\">4.5 KW, 4.8 Kw, 7.5 KW, 15.7 kw, 5.5 KW<\/div>\n<\/div>\n<div style=\"display: flex; background-color: #ffffff; padding: 10px; border-bottom: 1px solid #ddd;\">\n<div style=\"width: 40%; font-weight: bold;\">Engine Brand<\/div>\n<div style=\"width: 60%;\">CHANGCHAI<\/div>\n<\/div>\n<div style=\"display: flex; background-color: #f2f2f2; padding: 10px; border-bottom: 1px solid #ddd;\">\n<div style=\"width: 40%; font-weight: bold;\">Type<\/div>\n<div style=\"width: 60%;\">Static Roller<\/div>\n<\/div>\n<div style=\"display: flex; background-color: #ffffff; padding: 10px; border-bottom: 1px solid #ddd;\">\n<div style=\"width: 40%; font-weight: bold;\">Travel Speed<\/div>\n<div style=\"width: 60%;\">0~12Km\/h<\/div>\n<\/div>\n<div style=\"display: flex; background-color: #f2f2f2; padding: 10px; border-bottom: 1px solid #ddd;\">\n<div style=\"width: 40%; font-weight: bold;\">Place of Origin<\/div>\n<div style=\"width: 60%;\">China<\/div>\n<\/div>\n<div style=\"display: flex; background-color: #ffffff; padding: 10px; border-bottom: 1px solid #ddd;\">\n<div style=\"width: 40%; font-weight: bold;\">Model Number<\/div>\n<div style=\"width: 60%;\">Road roller<\/div>\n<\/div>\n<div style=\"display: flex; background-color: #f2f2f2; padding: 10px; border-bottom: 1px solid #ddd;\">\n<div style=\"width: 40%; font-weight: bold;\">Warranty<\/div>\n<div style=\"width: 60%;\">3 years<\/div>\n<\/div>\n<div style=\"display: flex; background-color: #ffffff; padding: 10px; border-bottom: 1px solid #ddd;\">\n<div style=\"width: 40%; font-weight: bold;\">UNIQUE SELLING POINT<\/div>\n<div style=\"width: 60%;\">Fully hydraulic system<\/div>\n<\/div>\n<div style=\"display: flex; background-color: #f2f2f2; padding: 10px; border-bottom: 1px solid #ddd;\">\n<div style=\"width: 40%; font-weight: bold;\">Drum<\/div>\n<div style=\"width: 60%;\">Double Drum Roller<\/div>\n<\/div>\n<div style=\"display: flex; background-color: #ffffff; padding: 10px; border-bottom: 1px solid #ddd;\">\n<div style=\"width: 40%; font-weight: bold;\">Exciting Force<\/div>\n<div style=\"width: 60%;\">18KN<\/div>\n<\/div>\n<div style=\"display: flex; background-color: #f2f2f2; padding: 10px; border-bottom: 1px solid #ddd;\">\n<div style=\"width: 40%; font-weight: bold;\">Core Components<\/div>\n<div style=\"width: 60%;\">Pressure vessel, Motor, Other, Bearing, Pump, Gear, PLC<\/div>\n<\/div>\n<div style=\"display: flex; background-color: #ffffff; padding: 10px; border-bottom: 1px solid #ddd;\">\n<div style=\"width: 40%; font-weight: bold;\">Brand Name<\/div>\n<div style=\"width: 60%;\">Tuomei<\/div>\n<\/div>\n<div style=\"display: flex; background-color: #f2f2f2; padding: 10px; border-bottom: 1px solid #ddd;\">\n<div style=\"width: 40%; font-weight: bold;\">Hydraulic Pump Brand<\/div>\n<div style=\"width: 60%;\">Huade<\/div>\n<\/div>\n<div style=\"display: flex; background-color: #ffffff; padding: 10px; border-bottom: 1px solid #ddd;\">\n<div style=\"width: 40%; font-weight: bold;\">Hydraulic Valve Brand<\/div>\n<div style=\"width: 60%;\">HYDAC<\/div>\n<\/div>\n<div style=\"display: flex; background-color: #f2f2f2; padding: 10px; border-bottom: 1px solid #ddd;\">\n<div style=\"width: 40%; font-weight: bold;\">Make<\/div>\n<div style=\"width: 60%;\">Tuomei<\/div>\n<\/div>\n<div style=\"display: flex; background-color: #ffffff; padding: 10px; border-bottom: 1px solid #ddd;\">\n<div style=\"width: 40%; font-weight: bold;\">Dimension(L*W*H)<\/div>\n<div style=\"width: 60%;\">1150x930x1200mm<\/div>\n<\/div>\n<div style=\"display: flex; background-color: #f2f2f2; padding: 10px; border-bottom: 1px solid #ddd;\">\n<div style=\"width: 40%; font-weight: bold;\">Drum diameter<\/div>\n<div style=\"width: 60%;\">380mm<\/div>\n<\/div>\n<div style=\"display: flex; background-color: #ffffff; padding: 10px; border-bottom: 1px solid #ddd;\">\n<div style=\"width: 40%; font-weight: bold;\">Machinery Test Report<\/div>\n<div style=\"width: 60%;\">Provided<\/div>\n<\/div>\n<div style=\"display: flex; background-color: #f2f2f2; padding: 10px; border-bottom: 1px solid #ddd;\">\n<div style=\"width: 40%; font-weight: bold;\">Video outgoing-inspection<\/div>\n<div style=\"width: 60%;\">Provided<\/div>\n<\/div>\n<h3><strong>Product Description<\/strong><\/h3>\n<hr style=\"border: 2px solid #000; margin-top: 5px; margin-bottom: 5px;\" \/>\n<p><img decoding=\"async\" class=\"alignnone \" src=\"https:\/\/sc01.alicdn.com\/kf\/H56252e4fd3804d598af448bace4a5c19b.jpg\" width=\"542\" height=\"542\" \/><\/p>\n<p><img decoding=\"async\" class=\"alignnone \" src=\"https:\/\/sc01.alicdn.com\/kf\/H1d252ec29ec144fc81b5db156e7d4ca8B.jpg\" width=\"543\" height=\"543\" \/><\/p>\n<p><img loading=\"lazy\" decoding=\"async\" class=\"alignnone \" src=\"https:\/\/sc01.alicdn.com\/kf\/Hfed6dc4de7d04cc2b1dfe3569cd333eaN.jpg\" width=\"542\" height=\"542\" \/><\/p>\n<p><img loading=\"lazy\" decoding=\"async\" class=\"alignnone \" src=\"https:\/\/sc01.alicdn.com\/kf\/H2aa28c688a0b4d7e81bfaaa776c04c9dv.jpg\" width=\"540\" height=\"540\" \/><\/p>\n<p><img loading=\"lazy\" decoding=\"async\" class=\"alignnone \" src=\"https:\/\/sc01.alicdn.com\/kf\/H28ad08043cda45bc8ddc45baa2e7773cc.jpg\" width=\"540\" height=\"540\" \/><\/p>\n<p>&nbsp;<\/p>\n<p>&nbsp;<\/p>\n<p>&nbsp;<\/p>\n<p><b>1. who are we?<b><br \/>\nWe are based in Hebei, China, start from 2019,sell to North America(20.00%),South America(20.00%),Eastern Europe(20.00%),Southeast Asia(10.00%),Mid East(10.00%),Western Europe(10.00%),Northern Europe(10.00%). There are total about 51-100 people in our office.<\/b><\/b><\/p>\n<p><b>2. how can we guarantee quality?<b><br \/>\nAlways a pre-production sample before mass production;<br \/>\nAlways final Inspection before shipment;<\/b><\/b><\/p>\n<p><b>3.what can you buy from us?<b><br \/>\nConcrete pump,mixing integrated spraying machine,mortar spraying machine,road roller<\/b><\/b><\/p>\n<p><b>4. why should you buy from us not from other suppliers?<b><br \/>\nXingtai Tuomei Machinery Factory is an enterpise in the feld of machinery manufacturing. The company&#8217;s mailn products include concrete pump, mixing integrated spraying machine and mortar spraying machine.<\/b><\/b><\/p>\n<p><b>5. what services can we provide?<b><br \/>\nAccepted Delivery Terms: FOB,EXW,DDP\uff1b<br \/>\nAccepted Payment Currency:USD,CNY;<br \/>\nAccepted Payment Type: T\/T;<br \/>\nLanguage Spoken:English <\/b><\/b><\/p>\n","protected":false},"excerpt":{"rendered":"<p>valeur de l&#039;article Grade Capacit\u00e9 30% Puissance 4,5 KW, 4,8 Kw, 7,5 KW, 15,7 kw, 5,5 KW Marque du moteur CHANGCHAI Type<\/p>","protected":false},"featured_media":40229,"comment_status":"open","ping_status":"closed","template":"","meta":[],"product_cat":[230,240],"product_tag":[],"class_list":{"0":"post-40230","1":"product","2":"type-product","3":"status-publish","4":"has-post-thumbnail","6":"product_cat-road-machinery","7":"product_cat-road-rolling-machine","9":"first","10":"instock","11":"shipping-taxable","12":"purchasable","13":"product-type-simple"},"_links":{"self":[{"href":"https:\/\/meconstructionsupplies.com\/fr\/wp-json\/wp\/v2\/product\/40230","targetHints":{"allow":["GET"]}}],"collection":[{"href":"https:\/\/meconstructionsupplies.com\/fr\/wp-json\/wp\/v2\/product"}],"about":[{"href":"https:\/\/meconstructionsupplies.com\/fr\/wp-json\/wp\/v2\/types\/product"}],"replies":[{"embeddable":true,"href":"https:\/\/meconstructionsupplies.com\/fr\/wp-json\/wp\/v2\/comments?post=40230"}],"version-history":[{"count":4,"href":"https:\/\/meconstructionsupplies.com\/fr\/wp-json\/wp\/v2\/product\/40230\/revisions"}],"predecessor-version":[{"id":40626,"href":"https:\/\/meconstructionsupplies.com\/fr\/wp-json\/wp\/v2\/product\/40230\/revisions\/40626"}],"wp:featuredmedia":[{"embeddable":true,"href":"https:\/\/meconstructionsupplies.com\/fr\/wp-json\/wp\/v2\/media\/40229"}],"wp:attachment":[{"href":"https:\/\/meconstructionsupplies.com\/fr\/wp-json\/wp\/v2\/media?parent=40230"}],"wp:term":[{"taxonomy":"product_cat","embeddable":true,"href":"https:\/\/meconstructionsupplies.com\/fr\/wp-json\/wp\/v2\/product_cat?post=40230"},{"taxonomy":"product_tag","embeddable":true,"href":"https:\/\/meconstructionsupplies.com\/fr\/wp-json\/wp\/v2\/product_tag?post=40230"}],"curies":[{"name":"wp","href":"https:\/\/api.w.org\/{rel}","templated":true}]}}