{"id":40257,"date":"2024-12-23T07:03:12","date_gmt":"2024-12-23T07:03:12","guid":{"rendered":"https:\/\/meconstructionsupplies.com\/product\/best-selling-concrete-grinder-for-grinding-terrazzo-tile-floor-grinder-concrete-floor-polishing-machine\/"},"modified":"2024-12-25T07:53:02","modified_gmt":"2024-12-25T07:53:02","slug":"best-selling-concrete-grinder-for-grinding-terrazzo-tile-floor-grinder-concrete-floor-polishing-machine","status":"publish","type":"product","link":"https:\/\/meconstructionsupplies.com\/fr\/product\/best-selling-concrete-grinder-for-grinding-terrazzo-tile-floor-grinder-concrete-floor-polishing-machine\/","title":{"rendered":"Meilleure vente de meuleuse \u00e0 b\u00e9ton pour le meulage des carreaux de terrazzo, machine de polissage de sol en b\u00e9ton"},"content":{"rendered":"<div style=\"width: 540px;\" class=\"wp-video\"><!--[if lt IE 9]><script>document.createElement('video');<\/script><![endif]-->\n<video class=\"wp-video-shortcode\" id=\"video-40257-1\" width=\"540\" height=\"960\" preload=\"metadata\" controls=\"controls\"><source type=\"video\/mp4\" src=\"\/\/play.video.alibaba.com\/play\/u\/2153292369\/p\/1\/e\/6\/t\/10300\/422135676694.mp4?_=1\" \/><a href=\"\/\/play.video.alibaba.com\/play\/u\/2153292369\/p\/1\/e\/6\/t\/10300\/422135676694.mp4\">\/\/play.video.alibaba.com\/play\/u\/2153292369\/p\/1\/e\/6\/t\/10300\/422135676694.mp4<\/a><\/video><\/div>\n<h3><strong>Product Paramenters<\/strong><\/h3>\n<hr style=\"border: 2px solid #000; margin-top: 5px; margin-bottom: 5px;\" \/>\n<div style=\"display: flex; background-color: #f2f2f2; padding: 10px; border-bottom: 1px solid #ddd;\">\n<div style=\"width: 40%; font-weight: bold;\"><b>Product Model<b><\/b><\/b><\/div>\n<div style=\"width: 60%;\"><b>JADE-900CR<b><\/b><\/b><\/div>\n<\/div>\n<p><img fetchpriority=\"high\" decoding=\"async\" class=\"alignnone \" src=\"\/\/sc04.alicdn.com\/kf\/H650856f2464c44b686ecaf663dd394fdt\/245666485\/H650856f2464c44b686ecaf663dd394fdt.jpg\" width=\"542\" height=\"459\" \/><\/p>\n<h3><strong>APPLICATION CASE<\/strong><\/h3>\n<hr style=\"border: 2px solid #000; margin-top: 5px; margin-bottom: 5px;\" \/>\n<p><img decoding=\"async\" class=\"alignnone \" src=\"\/\/sc04.alicdn.com\/kf\/Hf5f4cfdcdfae43c187bf64444ba4fe84i\/245666485\/Hf5f4cfdcdfae43c187bf64444ba4fe84i.jpg\" width=\"539\" height=\"267\" \/><\/p>\n<h3><strong>Product Distribution<\/strong><\/h3>\n<hr style=\"border: 2px solid #000; margin-top: 5px; margin-bottom: 5px;\" \/>\n<p><img decoding=\"async\" class=\"alignnone \" src=\"\/\/sc04.alicdn.com\/kf\/H9ad457dfd13a462caf80bdbf5c5f2ef2U\/245666485\/H9ad457dfd13a462caf80bdbf5c5f2ef2U.jpg\" width=\"543\" height=\"650\" \/><\/p>\n<h3><strong>Products Description<\/strong><\/h3>\n<hr style=\"border: 2px solid #000; margin-top: 5px; margin-bottom: 5px;\" \/>\n<p><img loading=\"lazy\" decoding=\"async\" class=\"alignnone \" src=\"\/\/sc04.alicdn.com\/kf\/H53b63e0ef4e74321b46e67c1291ffb94y\/245666485\/H53b63e0ef4e74321b46e67c1291ffb94y.jpg\" width=\"542\" height=\"589\" \/><\/p>\n<p><img loading=\"lazy\" decoding=\"async\" class=\"alignnone \" src=\"\/\/sc04.alicdn.com\/kf\/H61bb155b9dad418f9f23ecaf835682cfZ\/245666485\/H61bb155b9dad418f9f23ecaf835682cfZ.jpg\" width=\"539\" height=\"625\" \/><\/p>\n<h3><strong>Our Advantages<\/strong><\/h3>\n<hr style=\"border: 2px solid #000; margin-top: 5px; margin-bottom: 5px;\" \/>\n<p><img loading=\"lazy\" decoding=\"async\" class=\"alignnone \" src=\"\/\/sc04.alicdn.com\/kf\/H4e879cef24984a0c8f7049946c1bbc52t\/245666485\/H4e879cef24984a0c8f7049946c1bbc52t.jpg\" width=\"543\" height=\"307\" \/><\/p>\n<p><img loading=\"lazy\" decoding=\"async\" class=\"alignnone \" src=\"\/\/sc04.alicdn.com\/kf\/H7c7da6a6341742b9903cb2269d272e06Z\/245666485\/H7c7da6a6341742b9903cb2269d272e06Z.jpg\" width=\"541\" height=\"960\" \/><\/p>\n<h3><strong>Company Profile<\/strong><\/h3>\n<p>&nbsp;<\/p>\n<p><img loading=\"lazy\" decoding=\"async\" class=\"alignnone \" src=\"\/\/sc04.alicdn.com\/kf\/H8a47243a38db4821bde482a2e180e549p\/245666485\/H8a47243a38db4821bde482a2e180e549p.jpg\" width=\"541\" height=\"204\" \/><\/p>\n<h3><strong>FACTORY DISPLAY<\/strong><\/h3>\n<hr style=\"border: 2px solid #000; margin-top: 5px; margin-bottom: 5px;\" \/>\n<p><img loading=\"lazy\" decoding=\"async\" class=\"alignnone \" src=\"\/\/sc04.alicdn.com\/kf\/H84c886fa465042959fa4b41ac6fd2cd9u\/245666485\/H84c886fa465042959fa4b41ac6fd2cd9u.jpg\" width=\"542\" height=\"367\" \/><\/p>\n<h3><strong>Product packaging<\/strong><\/h3>\n<hr style=\"border: 2px solid #000; margin-top: 5px; margin-bottom: 5px;\" \/>\n<p><img loading=\"lazy\" decoding=\"async\" class=\"alignnone \" src=\"\/\/sc04.alicdn.com\/kf\/H00feaf81b0fd4d2ab4af7b6b8a7b6715D\/245666485\/H00feaf81b0fd4d2ab4af7b6b8a7b6715D.jpg\" width=\"543\" height=\"425\" \/><\/p>\n<h3><strong>Exhibition<\/strong><\/h3>\n<hr style=\"border: 2px solid #000; margin-top: 5px; margin-bottom: 5px;\" \/>\n<p><img loading=\"lazy\" decoding=\"async\" class=\"alignnone \" src=\"\/\/sc04.alicdn.com\/kf\/Hce089265536542f294012bb104391163p\/245666485\/Hce089265536542f294012bb104391163p.jpg\" width=\"540\" height=\"281\" \/><\/p>\n<h3><strong>FAQ<\/strong><\/h3>\n<hr style=\"border: 2px solid #000; margin-top: 5px; margin-bottom: 5px;\" \/>\n<p><b>1. who are we?<b><br \/>\nWe are located in Yuji Industrial Park Yuji Town, Jiangbei Watertown tourism Resort, Liaocheng city Shandong province with convenient transportation access.established in 2016, is a professional engaged in the research, development, sale and service of wood chipper, leaf blower,cylinder mower, floor grinder, corn seed planter.<br \/>\n<b>2. how can we guarantee quality?<b><br \/>\nAlways a pre-production sample before mass production;<br \/>\nAlways final Inspection before shipment;<br \/>\n<b>3.what can you buy from us?<b><br \/>\nConcrete Floor Grinder\uff0cWood Chipper, Leaf Blower, ZTR Mower, Corn Seed Planter<br \/>\n<b>4. why should you buy from us not from other suppliers?<b><br \/>\nOur experienced staff is committed to strict quality control and attentive customer service and is always available to discuss your requirements to ensure complete customer satisfaction.<br \/>\n<b>5. what services can we provide?<b><br \/>\nAccepted Delivery Terms: FOB,CIF,FCA,DDP,DDU,Express Delivery\uff1b<br \/>\nAccepted Payment Currency:USD;<br \/>\nAccepted Payment Type: T\/T,L\/C;<br \/>\n<\/b><\/b><\/b><\/b><\/b><\/b><\/b><\/b><\/b><\/b><\/p>\n<p>&nbsp;<\/p>\n","protected":false},"excerpt":{"rendered":"<p>Param\u00e8tres du produit Mod\u00e8le de produit JADE-900CR CAS D&#039;APPLICATION Distribution du produit Description du produit Nos avantages Profil de l&#039;entreprise AFFICHAGE D&#039;USINE Emballage du produit<\/p>","protected":false},"featured_media":40256,"comment_status":"open","ping_status":"closed","template":"","meta":[],"product_cat":[235,230],"product_tag":[],"class_list":{"0":"post-40257","1":"product","2":"type-product","3":"status-publish","4":"has-post-thumbnail","6":"product_cat-concrete-terrazzo-polishing-machine","7":"product_cat-road-machinery","9":"first","10":"instock","11":"shipping-taxable","12":"purchasable","13":"product-type-simple"},"_links":{"self":[{"href":"https:\/\/meconstructionsupplies.com\/fr\/wp-json\/wp\/v2\/product\/40257","targetHints":{"allow":["GET"]}}],"collection":[{"href":"https:\/\/meconstructionsupplies.com\/fr\/wp-json\/wp\/v2\/product"}],"about":[{"href":"https:\/\/meconstructionsupplies.com\/fr\/wp-json\/wp\/v2\/types\/product"}],"replies":[{"embeddable":true,"href":"https:\/\/meconstructionsupplies.com\/fr\/wp-json\/wp\/v2\/comments?post=40257"}],"version-history":[{"count":4,"href":"https:\/\/meconstructionsupplies.com\/fr\/wp-json\/wp\/v2\/product\/40257\/revisions"}],"predecessor-version":[{"id":40632,"href":"https:\/\/meconstructionsupplies.com\/fr\/wp-json\/wp\/v2\/product\/40257\/revisions\/40632"}],"wp:featuredmedia":[{"embeddable":true,"href":"https:\/\/meconstructionsupplies.com\/fr\/wp-json\/wp\/v2\/media\/40256"}],"wp:attachment":[{"href":"https:\/\/meconstructionsupplies.com\/fr\/wp-json\/wp\/v2\/media?parent=40257"}],"wp:term":[{"taxonomy":"product_cat","embeddable":true,"href":"https:\/\/meconstructionsupplies.com\/fr\/wp-json\/wp\/v2\/product_cat?post=40257"},{"taxonomy":"product_tag","embeddable":true,"href":"https:\/\/meconstructionsupplies.com\/fr\/wp-json\/wp\/v2\/product_tag?post=40257"}],"curies":[{"name":"wp","href":"https:\/\/api.w.org\/{rel}","templated":true}]}}