{"id":40275,"date":"2024-12-23T07:20:54","date_gmt":"2024-12-23T07:20:54","guid":{"rendered":"https:\/\/meconstructionsupplies.com\/product\/roadway-6m-length-high-quality-3000square-per-day-floor-leveling-machine-boom-type-concrete-laser-screed\/"},"modified":"2024-12-25T07:58:50","modified_gmt":"2024-12-25T07:58:50","slug":"roadway-6m-length-high-quality-3000square-per-day-floor-leveling-machine-boom-type-concrete-laser-screed","status":"publish","type":"product","link":"https:\/\/meconstructionsupplies.com\/fr\/product\/roadway-6m-length-high-quality-3000square-per-day-floor-leveling-machine-boom-type-concrete-laser-screed\/","title":{"rendered":"Machine de nivellement de sol de 6 m de longueur, haute qualit\u00e9, 3 000 m\u00b2 par jour, type fl\u00e8che, r\u00e8gle laser pour b\u00e9ton"},"content":{"rendered":"<div style=\"width: 540px;\" class=\"wp-video\"><!--[if lt IE 9]><script>document.createElement('video');<\/script><![endif]-->\n<video class=\"wp-video-shortcode\" id=\"video-40275-1\" width=\"540\" height=\"960\" preload=\"metadata\" controls=\"controls\"><source type=\"video\/mp4\" src=\"\/\/play.video.alibaba.com\/play\/u\/2153292369\/p\/1\/e\/6\/t\/10300\/311499381176.mp4?_=1\" \/><a href=\"\/\/play.video.alibaba.com\/play\/u\/2153292369\/p\/1\/e\/6\/t\/10300\/311499381176.mp4\">\/\/play.video.alibaba.com\/play\/u\/2153292369\/p\/1\/e\/6\/t\/10300\/311499381176.mp4<\/a><\/video><\/div>\n<h3><strong>Product Description<\/strong><\/h3>\n<hr style=\"border: 2px solid #000; margin-top: 5px; margin-bottom: 5px;\" \/>\n<p><img fetchpriority=\"high\" decoding=\"async\" class=\"alignnone \" src=\"\/\/sc04.alicdn.com\/kf\/Hc3d28fedfb8b4cdd8ff3f82078fd8700n\/232853010\/Hc3d28fedfb8b4cdd8ff3f82078fd8700n.jpg\" width=\"542\" height=\"361\" \/><\/p>\n<p><img decoding=\"async\" class=\"alignnone \" src=\"\/\/sc04.alicdn.com\/kf\/H90a320103e09467abd4ab0220a40cee66\/232853010\/H90a320103e09467abd4ab0220a40cee66.jpg\" width=\"541\" height=\"361\" \/><\/p>\n<p><img decoding=\"async\" class=\"alignnone \" src=\"https:\/\/sc01.alicdn.com\/kf\/H6925cdf804d04195a8bf34cc8d3ae47d5.jpg\" width=\"541\" height=\"359\" \/><\/p>\n<p><img loading=\"lazy\" decoding=\"async\" class=\"alignnone \" src=\"\/\/sc04.alicdn.com\/kf\/Hb2bbea1480d04b03937407b10ac81b6fW\/232853010\/Hb2bbea1480d04b03937407b10ac81b6fW.jpg\" width=\"540\" height=\"360\" \/><\/p>\n<p><img loading=\"lazy\" decoding=\"async\" class=\"alignnone \" src=\"\/\/sc04.alicdn.com\/kf\/H53fd5a701bb0467a8da45f21d7f5db6bp\/232853010\/H53fd5a701bb0467a8da45f21d7f5db6bp.jpg\" width=\"543\" height=\"362\" \/><\/p>\n<p><img loading=\"lazy\" decoding=\"async\" class=\"alignnone \" src=\"\/\/sc04.alicdn.com\/kf\/Hfdc4575d2afd4fba99aa6fda9cff9992j\/232853010\/Hfdc4575d2afd4fba99aa6fda9cff9992j.png\" width=\"540\" height=\"361\" \/><\/p>\n<p><img loading=\"lazy\" decoding=\"async\" class=\"alignnone \" src=\"\/\/sc04.alicdn.com\/kf\/H1be67ada5b7d4bae8fb2b57b829bb333g\/232853010\/H1be67ada5b7d4bae8fb2b57b829bb333g.jpg\" width=\"543\" height=\"543\" \/><\/p>\n<h3><strong>Specification<\/strong><\/h3>\n<hr style=\"border: 2px solid #000; margin-top: 5px; margin-bottom: 5px;\" \/>\n<div style=\"display: flex; background-color: #f2f2f2; padding: 10px; border-bottom: 1px solid #ddd;\">\n<div style=\"width: 40%; font-weight: bold;\">Item<\/div>\n<div style=\"width: 60%;\">Value<\/div>\n<\/div>\n<div style=\"display: flex; background-color: #ffffff; padding: 10px; border-bottom: 1px solid #ddd;\">\n<div style=\"width: 40%; font-weight: bold;\">Applicable Industries<\/div>\n<div style=\"width: 60%;\">Construction works<\/div>\n<\/div>\n<div style=\"display: flex; background-color: #f2f2f2; padding: 10px; border-bottom: 1px solid #ddd;\">\n<div style=\"width: 40%; font-weight: bold;\">Showroom Location<\/div>\n<div style=\"width: 60%;\">Canada, United Kingdom, United States, Russia, South Africa, Australia<\/div>\n<\/div>\n<div style=\"display: flex; background-color: #ffffff; padding: 10px; border-bottom: 1px solid #ddd;\">\n<div style=\"width: 40%; font-weight: bold;\">Video outgoing-inspection<\/div>\n<div style=\"width: 60%;\">Provided<\/div>\n<\/div>\n<div style=\"display: flex; background-color: #f2f2f2; padding: 10px; border-bottom: 1px solid #ddd;\">\n<div style=\"width: 40%; font-weight: bold;\">Machinery Test Report<\/div>\n<div style=\"width: 60%;\">Provided<\/div>\n<\/div>\n<div style=\"display: flex; background-color: #ffffff; padding: 10px; border-bottom: 1px solid #ddd;\">\n<div style=\"width: 40%; font-weight: bold;\">Marketing Type<\/div>\n<div style=\"width: 60%;\">Hot Product<\/div>\n<\/div>\n<div style=\"display: flex; background-color: #f2f2f2; padding: 10px; border-bottom: 1px solid #ddd;\">\n<div style=\"width: 40%; font-weight: bold;\">Warranty of core components<\/div>\n<div style=\"width: 60%;\">1 Year<\/div>\n<\/div>\n<div style=\"display: flex; background-color: #ffffff; padding: 10px; border-bottom: 1px solid #ddd;\">\n<div style=\"width: 40%; font-weight: bold;\">Core Components<\/div>\n<div style=\"width: 60%;\">Engine, Motor, Pump<\/div>\n<\/div>\n<div style=\"display: flex; background-color: #f2f2f2; padding: 10px; border-bottom: 1px solid #ddd;\">\n<div style=\"width: 40%; font-weight: bold;\">Condition<\/div>\n<div style=\"width: 60%;\">New<\/div>\n<\/div>\n<div style=\"display: flex; background-color: #ffffff; padding: 10px; border-bottom: 1px solid #ddd;\">\n<div style=\"width: 40%; font-weight: bold;\">Place of Origin<\/div>\n<div style=\"width: 60%;\">China<\/div>\n<\/div>\n<div style=\"display: flex; background-color: #f2f2f2; padding: 10px; border-bottom: 1px solid #ddd;\">\n<div style=\"width: 40%; font-weight: bold;\">Brand Name<\/div>\n<div style=\"width: 60%;\">ROADWAY<\/div>\n<\/div>\n<div style=\"display: flex; background-color: #ffffff; padding: 10px; border-bottom: 1px solid #ddd;\">\n<div style=\"width: 40%; font-weight: bold;\">Power<\/div>\n<div style=\"width: 60%;\">35000<\/div>\n<\/div>\n<div style=\"display: flex; background-color: #f2f2f2; padding: 10px; border-bottom: 1px solid #ddd;\">\n<div style=\"width: 40%; font-weight: bold;\">Dimension(L*W*H)<\/div>\n<div style=\"width: 60%;\">5135x3510x2150mm<\/div>\n<\/div>\n<div style=\"display: flex; background-color: #ffffff; padding: 10px; border-bottom: 1px solid #ddd;\">\n<div style=\"width: 40%; font-weight: bold;\">Weight<\/div>\n<div style=\"width: 60%;\">6300kg<\/div>\n<\/div>\n<div style=\"display: flex; background-color: #f2f2f2; padding: 10px; border-bottom: 1px solid #ddd;\">\n<div style=\"width: 40%; font-weight: bold;\">Warranty<\/div>\n<div style=\"width: 60%;\">1 Year<\/div>\n<\/div>\n<div style=\"display: flex; background-color: #ffffff; padding: 10px; border-bottom: 1px solid #ddd;\">\n<div style=\"width: 40%; font-weight: bold;\">UNIQUE SELLING POINT<\/div>\n<div style=\"width: 60%;\">High operating efficiency<\/div>\n<\/div>\n<div style=\"display: flex; background-color: #f2f2f2; padding: 10px; border-bottom: 1px solid #ddd;\">\n<div style=\"width: 40%; font-weight: bold;\">Product Name<\/div>\n<div style=\"width: 60%;\">Concrete Laser Screed(Boom type)<\/div>\n<\/div>\n<div style=\"display: flex; background-color: #ffffff; padding: 10px; border-bottom: 1px solid #ddd;\">\n<div style=\"width: 40%; font-weight: bold;\">Steering<\/div>\n<div style=\"width: 60%;\">Front wheel\/4-wheel\/Crab-shaped turn<\/div>\n<\/div>\n<div style=\"display: flex; background-color: #f2f2f2; padding: 10px; border-bottom: 1px solid #ddd;\">\n<div style=\"width: 40%; font-weight: bold;\">Engine Model<\/div>\n<div style=\"width: 60%;\">Yanmar,Diesel engine,liquid cooled, 4 stroke, four cylinder<\/div>\n<\/div>\n<div style=\"display: flex; background-color: #ffffff; padding: 10px; border-bottom: 1px solid #ddd;\">\n<div style=\"width: 40%; font-weight: bold;\">Application<\/div>\n<div style=\"width: 60%;\">Concrete leveling<\/div>\n<\/div>\n<div style=\"display: flex; background-color: #f2f2f2; padding: 10px; border-bottom: 1px solid #ddd;\">\n<div style=\"width: 40%; font-weight: bold;\">Screed head<\/div>\n<div style=\"width: 60%;\">Laser self-leveling<\/div>\n<\/div>\n<div style=\"display: flex; background-color: #ffffff; padding: 10px; border-bottom: 1px solid #ddd;\">\n<div style=\"width: 40%; font-weight: bold;\">Arm length<\/div>\n<div style=\"width: 60%;\">6000mm<\/div>\n<\/div>\n<div style=\"display: flex; background-color: #f2f2f2; padding: 10px; border-bottom: 1px solid #ddd;\">\n<div style=\"width: 40%; font-weight: bold;\">Width<\/div>\n<div style=\"width: 60%;\">3000mm<\/div>\n<\/div>\n<div style=\"display: flex; background-color: #ffffff; padding: 10px; border-bottom: 1px solid #ddd;\">\n<div style=\"width: 40%; font-weight: bold;\">Vibration frequency<\/div>\n<div style=\"width: 60%;\">60Hz<\/div>\n<\/div>\n<div style=\"display: flex; background-color: #f2f2f2; padding: 10px; border-bottom: 1px solid #ddd;\">\n<div style=\"width: 40%; font-weight: bold;\">Swing angle<\/div>\n<div style=\"width: 60%;\">\u00b145\u00b0<\/div>\n<\/div>\n<div style=\"display: flex; background-color: #ffffff; padding: 10px; border-bottom: 1px solid #ddd;\">\n<div style=\"width: 40%; font-weight: bold;\">Control type<\/div>\n<div style=\"width: 60%;\">Microcomputer laser scan<\/div>\n<\/div>\n<h3><strong>Packing &amp; Delivery<\/strong><\/h3>\n<hr style=\"border: 2px solid #000; margin-top: 5px; margin-bottom: 5px;\" \/>\n<p><img loading=\"lazy\" decoding=\"async\" class=\"alignnone \" src=\"\/\/sc04.alicdn.com\/kf\/H645c688a4c1749978af0deb86792de98I\/232853010\/H645c688a4c1749978af0deb86792de98I.png\" width=\"544\" height=\"510\" \/><\/p>\n<p><img loading=\"lazy\" decoding=\"async\" class=\"alignnone \" src=\"\/\/sc04.alicdn.com\/kf\/H014d17fc988a47378d2f6b0be62efa7fe\/232853010\/H014d17fc988a47378d2f6b0be62efa7fe.jpg\" width=\"541\" height=\"406\" \/><\/p>\n<p>To better ensure the safety of your goods, professional, environmentally friendly, convenient and efficient packaging services will be provided.<\/p>\n<h3><strong>Company Profile<\/strong><\/h3>\n<hr style=\"border: 2px solid #000; margin-top: 5px; margin-bottom: 5px;\" \/>\n<p><img loading=\"lazy\" decoding=\"async\" class=\"alignnone \" src=\"\/\/sc04.alicdn.com\/kf\/Hbc156927a31a488083ecc47605d2ae3dc\/232853010\/Hbc156927a31a488083ecc47605d2ae3dc.png\" width=\"543\" height=\"582\" \/><\/p>\n<p><img loading=\"lazy\" decoding=\"async\" class=\"alignnone \" src=\"\/\/sc04.alicdn.com\/kf\/Ha5ffbd322bc34506805481f06383ac3ch\/232853010\/Ha5ffbd322bc34506805481f06383ac3ch.jpg\" width=\"542\" height=\"542\" \/><\/p>\n<p><img loading=\"lazy\" decoding=\"async\" class=\"alignnone \" src=\"\/\/sc04.alicdn.com\/kf\/H155b1ea9c0774bf2a7adbd53cfa5724bb\/232853010\/H155b1ea9c0774bf2a7adbd53cfa5724bb.jpg\" width=\"544\" height=\"408\" \/><\/p>\n<p><img loading=\"lazy\" decoding=\"async\" class=\"alignnone \" src=\"\/\/sc04.alicdn.com\/kf\/Hdfd07a65f9f54aa89a7df2a4d1267056E\/232853010\/Hdfd07a65f9f54aa89a7df2a4d1267056E.jpg\" width=\"545\" height=\"362\" \/><\/p>\n<p>&nbsp;<\/p>\n<p><img loading=\"lazy\" decoding=\"async\" class=\"alignnone \" src=\"\/\/sc04.alicdn.com\/kf\/HTB1xLuDwH9YBuNjy0Fgq6AxcXXaP\/232853010\/HTB1xLuDwH9YBuNjy0Fgq6AxcXXaP.jpg\" width=\"541\" height=\"541\" \/><\/p>\n<p><img loading=\"lazy\" decoding=\"async\" class=\"alignnone \" src=\"\/\/sc04.alicdn.com\/kf\/H2ac08556c73947c28635db21b52504fd7\/232853010\/H2ac08556c73947c28635db21b52504fd7.jpg\" width=\"541\" height=\"406\" \/><\/p>\n<h3><strong>FAQ<\/strong><\/h3>\n<hr style=\"border: 2px solid #000; margin-top: 5px; margin-bottom: 5px;\" \/>\n<p><b>1. who are we?<b><br \/>\nWe are based in Shandong, China, start from 2011,sell to Domestic Market(37.00%),Africa(9.00%),Eastern Asia(5.00%),North America(5.00%),South America(5.00%),Western Europe(5.00%),Southern Europe(5.00%),Central America(5.00%),Northern Europe(5.00%),Eastern Europe(5.00%),Oceania(4.00%),South Asia(3.00%),Mid East(2.00%),Southeast Asia(2.00%). There are total about 301-500 people in our office.<\/b><\/b><\/p>\n<p><b>2. how can we guarantee quality?<b><br \/>\nAlways a pre-production sample before mass production;<br \/>\nAlways final Inspection before shipment;<\/b><\/b><\/p>\n<p><b>3.what can you buy from us?<b><br \/>\nVibratory Roller, Laser Screed, Curb Paver, Dumper, Power Trowel<\/b><\/b><\/p>\n<p><b>4. why should you buy from us not from other suppliers?<b><br \/>\nWe have 20 years experiences on R&amp;D and manufacturing, we are professional manufacturer.<\/b><\/b><\/p>\n<p><b>5. what services can we provide?<b><br \/>\nAccepted Delivery Terms: FOB,CIF,EXW\uff1b<br \/>\nAccepted Payment Currency:USD,EUR,AUD,CNY;<br \/>\nAccepted Payment Type: T\/T,L\/C;<br \/>\nLanguage Spoken:English,Chinese <\/b><\/b><\/p>\n","protected":false},"excerpt":{"rendered":"<p>Description du produit Sp\u00e9cifications Article Valeur Industries applicables Travaux de construction Emplacement de la salle d&#039;exposition Canada, Royaume-Uni, \u00c9tats-Unis, Russie, Afrique du Sud, Australie<\/p>","protected":false},"featured_media":40274,"comment_status":"open","ping_status":"closed","template":"","meta":[],"product_cat":[231,230],"product_tag":[],"class_list":{"0":"post-40275","1":"product","2":"type-product","3":"status-publish","4":"has-post-thumbnail","6":"product_cat-concrete-truss-screed","7":"product_cat-road-machinery","9":"first","10":"instock","11":"shipping-taxable","12":"purchasable","13":"product-type-simple"},"_links":{"self":[{"href":"https:\/\/meconstructionsupplies.com\/fr\/wp-json\/wp\/v2\/product\/40275","targetHints":{"allow":["GET"]}}],"collection":[{"href":"https:\/\/meconstructionsupplies.com\/fr\/wp-json\/wp\/v2\/product"}],"about":[{"href":"https:\/\/meconstructionsupplies.com\/fr\/wp-json\/wp\/v2\/types\/product"}],"replies":[{"embeddable":true,"href":"https:\/\/meconstructionsupplies.com\/fr\/wp-json\/wp\/v2\/comments?post=40275"}],"version-history":[{"count":4,"href":"https:\/\/meconstructionsupplies.com\/fr\/wp-json\/wp\/v2\/product\/40275\/revisions"}],"predecessor-version":[{"id":40645,"href":"https:\/\/meconstructionsupplies.com\/fr\/wp-json\/wp\/v2\/product\/40275\/revisions\/40645"}],"wp:featuredmedia":[{"embeddable":true,"href":"https:\/\/meconstructionsupplies.com\/fr\/wp-json\/wp\/v2\/media\/40274"}],"wp:attachment":[{"href":"https:\/\/meconstructionsupplies.com\/fr\/wp-json\/wp\/v2\/media?parent=40275"}],"wp:term":[{"taxonomy":"product_cat","embeddable":true,"href":"https:\/\/meconstructionsupplies.com\/fr\/wp-json\/wp\/v2\/product_cat?post=40275"},{"taxonomy":"product_tag","embeddable":true,"href":"https:\/\/meconstructionsupplies.com\/fr\/wp-json\/wp\/v2\/product_tag?post=40275"}],"curies":[{"name":"wp","href":"https:\/\/api.w.org\/{rel}","templated":true}]}}