{"id":40284,"date":"2024-12-23T07:39:45","date_gmt":"2024-12-23T07:39:45","guid":{"rendered":"https:\/\/meconstructionsupplies.com\/product\/automatic-metal-metallurgy-machinery-steel-rebar-thread-rolling-machine\/"},"modified":"2024-12-25T08:01:51","modified_gmt":"2024-12-25T08:01:51","slug":"automatic-metal-metallurgy-machinery-steel-rebar-thread-rolling-machine","status":"publish","type":"product","link":"https:\/\/meconstructionsupplies.com\/fr\/product\/automatic-metal-metallurgy-machinery-steel-rebar-thread-rolling-machine\/","title":{"rendered":"Machine automatique de laminage de filets pour barres d&#039;armature en acier pour machines de m\u00e9tallurgie des m\u00e9taux"},"content":{"rendered":"<div style=\"width: 540px;\" class=\"wp-video\"><!--[if lt IE 9]><script>document.createElement('video');<\/script><![endif]-->\n<video class=\"wp-video-shortcode\" id=\"video-40284-1\" width=\"540\" height=\"960\" preload=\"metadata\" controls=\"controls\"><source type=\"video\/mp4\" src=\"\/\/play.video.alibaba.com\/play\/u\/2153292369\/p\/1\/e\/6\/t\/10300\/262877553535.mp4?_=1\" \/><a href=\"\/\/play.video.alibaba.com\/play\/u\/2153292369\/p\/1\/e\/6\/t\/10300\/262877553535.mp4\">\/\/play.video.alibaba.com\/play\/u\/2153292369\/p\/1\/e\/6\/t\/10300\/262877553535.mp4<\/a><\/video><\/div>\n<h3><strong>Product Description<\/strong><\/h3>\n<hr style=\"border: 2px solid #000; margin-top: 5px; margin-bottom: 5px;\" \/>\n<h3>CNC screw makine machine for rebar:<\/h3>\n<h3>HGS-40 type straight thread rolling machine is mainly used for processing straight thread head of ribbed steel bar in construction engineering. It is the key equipment to realize straight thread connection of steel bar.Machined rIbbed rebar of HRB335 and HRB400 with diameter of 16-40mm.<br \/>\nHGS-40 steel straight thread rolling machine is a steel processing machine widely used in the construction industry in recent years.Straight thread rolling machine can be clamped at one time to finish stripping and rolling threads.The tooth shape is full and the dimension precision is high.Can be machined forward thread, can also be machined back thread.The straight thread rolling machine is composed of a frame, a clamping mechanism, a feed towing plate, a reduction gear and a rolling head, a cooling system and an electrical system.<br \/>\nStraight thread rolling machine is simple in operation, compact in structure and reliable in operation.<\/h3>\n<p><img fetchpriority=\"high\" decoding=\"async\" class=\"alignnone \" src=\"\/\/sc01.alicdn.com\/kf\/Hdd555b206e704550a0c26ca5fb88bc2aC\/238887467\/Hdd555b206e704550a0c26ca5fb88bc2aC.jpg\" width=\"540\" height=\"540\" \/><\/p>\n<h3><strong>Details Images<\/strong><\/h3>\n<hr style=\"border: 2px solid #000; margin-top: 5px; margin-bottom: 5px;\" \/>\n<p><img decoding=\"async\" class=\"alignnone \" src=\"\/\/sc02.alicdn.com\/kf\/H003ff5e3dddf43a6b3449c7b7e06ad9fm\/238887467\/H003ff5e3dddf43a6b3449c7b7e06ad9fm.jpg\" width=\"542\" height=\"542\" \/><\/p>\n<p><img decoding=\"async\" class=\"alignnone \" src=\"\/\/sc01.alicdn.com\/kf\/Hcf053dc7b0624846949a831754d704b6i\/238887467\/Hcf053dc7b0624846949a831754d704b6i.jpg\" width=\"544\" height=\"544\" \/><\/p>\n<p><img loading=\"lazy\" decoding=\"async\" class=\"alignnone \" src=\"\/\/sc01.alicdn.com\/kf\/H42908f97786c44ec863881130c846eaez\/238887467\/H42908f97786c44ec863881130c846eaez.jpg\" width=\"550\" height=\"189\" \/><\/p>\n<p><img loading=\"lazy\" decoding=\"async\" class=\"alignnone \" src=\"\/\/sc01.alicdn.com\/kf\/Ha0e082e3f75a4097ba5b60b7ec6e7fd5t\/238887467\/Ha0e082e3f75a4097ba5b60b7ec6e7fd5t.jpg\" width=\"539\" height=\"539\" \/><\/p>\n<p><img loading=\"lazy\" decoding=\"async\" class=\"alignnone \" src=\"\/\/sc01.alicdn.com\/kf\/Hd6bd074d592c47aba21bc2a407aedf51g\/238887467\/Hd6bd074d592c47aba21bc2a407aedf51g.jpg\" width=\"541\" height=\"686\" \/><\/p>\n<p><img loading=\"lazy\" decoding=\"async\" class=\"alignnone \" src=\"\/\/sc02.alicdn.com\/kf\/H9558bb546826467095f73ffaa98f5aa13\/238887467\/H9558bb546826467095f73ffaa98f5aa13.jpg\" width=\"543\" height=\"543\" \/><\/p>\n<h3><strong>Our Company<\/strong><\/h3>\n<hr style=\"border: 2px solid #000; margin-top: 5px; margin-bottom: 5px;\" \/>\n<p><img loading=\"lazy\" decoding=\"async\" class=\"alignnone \" src=\"\/\/sc01.alicdn.com\/kf\/H14b0137e725144e3b9d70ce418172db8t\/238887467\/H14b0137e725144e3b9d70ce418172db8t.jpg\" width=\"541\" height=\"406\" \/><\/p>\n<p><img loading=\"lazy\" decoding=\"async\" class=\"alignnone \" src=\"\/\/sc01.alicdn.com\/kf\/HTB1D9tLXhD1gK0jSZFsq6zldVXaZ\/238887467\/HTB1D9tLXhD1gK0jSZFsq6zldVXaZ.jpg\" width=\"541\" height=\"541\" \/><\/p>\n<p><img loading=\"lazy\" decoding=\"async\" class=\"alignnone \" src=\"\/\/sc02.alicdn.com\/kf\/HTB17whGXeP2gK0jSZFoq6yuIVXaf\/238887467\/HTB17whGXeP2gK0jSZFoq6yuIVXaf.jpg\" width=\"542\" height=\"542\" \/><\/p>\n<p><img loading=\"lazy\" decoding=\"async\" class=\"alignnone \" src=\"\/\/sc02.alicdn.com\/kf\/HTB1DvRia2b2gK0jSZK9q6yEgFXa7\/238887467\/HTB1DvRia2b2gK0jSZK9q6yEgFXa7.jpg\" width=\"544\" height=\"204\" \/><\/p>\n<h3><strong>Recommend Products<\/strong><\/h3>\n<hr style=\"border: 2px solid #000; margin-top: 5px; margin-bottom: 5px;\" \/>\n<p><img loading=\"lazy\" decoding=\"async\" class=\"alignnone \" src=\"\/\/sc01.alicdn.com\/kf\/HTB10XD4e8WD3KVjSZKPq6yp7FXaI\/238887467\/HTB10XD4e8WD3KVjSZKPq6yp7FXaI.jpg\" width=\"543\" height=\"543\" \/><\/p>\n<p><img loading=\"lazy\" decoding=\"async\" class=\"alignnone \" src=\"\/\/sc02.alicdn.com\/kf\/HTB1bhWzbkH0gK0jSZPiq6yvapXae\/238887467\/HTB1bhWzbkH0gK0jSZPiq6yvapXae.jpg\" width=\"541\" height=\"541\" \/><\/p>\n<p><img loading=\"lazy\" decoding=\"async\" class=\"alignnone \" src=\"\/\/sc02.alicdn.com\/kf\/HTB1MRVPXoT1gK0jSZFrq6ANCXXav\/238887467\/HTB1MRVPXoT1gK0jSZFrq6ANCXXav.jpg\" width=\"539\" height=\"431\" \/><\/p>\n<p><img loading=\"lazy\" decoding=\"async\" class=\"alignnone \" src=\"\/\/sc02.alicdn.com\/kf\/HTB1CoddaVT7gK0jSZFpq6yTkpXaG\/238887467\/HTB1CoddaVT7gK0jSZFpq6yTkpXaG.jpg\" width=\"540\" height=\"418\" \/><\/p>\n<p><img loading=\"lazy\" decoding=\"async\" class=\"alignnone \" src=\"\/\/sc02.alicdn.com\/kf\/Hce257f82ce8b4ab0b72452b4a6d229b81\/238887467\/Hce257f82ce8b4ab0b72452b4a6d229b81.jpg\" width=\"541\" height=\"541\" \/><\/p>\n<p><img loading=\"lazy\" decoding=\"async\" class=\"alignnone \" src=\"\/\/sc01.alicdn.com\/kf\/Haad5191dcedd4626bf36548dcb227fe6X\/238887467\/Haad5191dcedd4626bf36548dcb227fe6X.jpg\" width=\"542\" height=\"474\" \/><\/p>\n<h3><strong>Customer Photos<\/strong><\/h3>\n<hr style=\"border: 2px solid #000; margin-top: 5px; margin-bottom: 5px;\" \/>\n<p><img loading=\"lazy\" decoding=\"async\" class=\"alignnone \" src=\"\/\/sc01.alicdn.com\/kf\/H850736ba51244bce9e626651d7b43141T\/238887467\/H850736ba51244bce9e626651d7b43141T.jpg\" width=\"539\" height=\"404\" \/><\/p>\n<p><img loading=\"lazy\" decoding=\"async\" class=\"alignnone \" src=\"\/\/sc01.alicdn.com\/kf\/H58de1cd1044245768ca48e91cae12333X\/238887467\/H58de1cd1044245768ca48e91cae12333X.jpg\" width=\"543\" height=\"407\" \/><\/p>\n<p><img loading=\"lazy\" decoding=\"async\" class=\"alignnone \" src=\"\/\/sc01.alicdn.com\/kf\/Hb1c84e4553fc4a468cf3fd4bd3d216c1s\/238887467\/Hb1c84e4553fc4a468cf3fd4bd3d216c1s.jpg\" width=\"541\" height=\"406\" \/><\/p>\n<h3><strong>FAQ<\/strong><\/h3>\n<hr style=\"border: 2px solid #000; margin-top: 5px; margin-bottom: 5px;\" \/>\n<p><b>1. Q: Are you a factory or trading company?<b><br \/>\nA: We are a professional manufacturer with strong capability in research, development and manufacturing, you can not only get the factory price but also can enjoy the &#8220;ultra-high quality and professional design&#8221; unique to Zhongjiluyuan.<\/b><\/b><\/p>\n<p><b>2. Q: Where is your factory located? How can I visit there? <b><br \/>\nA: Our factory is located in Jining City, Shandong Province, China. You can visit us by air to Qufu airport, or by the high-speed rail. All the customers, from home or abroad, are warmly welcome to visit us!<\/b><\/b><\/p>\n<p><b>3. Q: Can you do OEM?<b><br \/>\nA: Yes, we can do OEM as client&#8217;s requirement.<\/b><\/b><\/p>\n<p><b>4.Q: All products have a warranty? <b><br \/>\nA:Yes, our warranty term is One Year.<\/b><\/b><\/p>\n<p><b>5.Q:What about the delivery time?<b><br \/>\nA:Usually 7-15 days after down payment, the exact delivery time is according to the production season and order quantity.<\/b><\/b><\/p>\n<p><b>6. Q: What is the biggest advantage of the company?<b><br \/>\nA: Stable Better Quality and Perfect Service .<br \/>\nOur company is a state high-tech enterprise, our rebar processing machinery are used in hundreds of infrastructure projects both with China and abroad. We have the most complete after-sales service support system ,&#8221;8-level quality assurance system,&#8221; truly lifelong maintenance,customer satisfaction is almost 100%. <\/b><\/b><\/p>\n","protected":false},"excerpt":{"rendered":"<p>Description du produit Machine \u00e0 vis CNC pour barres d&#039;armature : La machine \u00e0 rouler les filets droits de type HGS-40 est principalement utilis\u00e9e pour le traitement des filets droits<\/p>","protected":false},"featured_media":40283,"comment_status":"open","ping_status":"closed","template":"","meta":[],"product_cat":[224,229],"product_tag":[],"class_list":{"0":"post-40284","1":"product","2":"type-product","3":"status-publish","4":"has-post-thumbnail","6":"product_cat-reinforcing-steel-machinery","7":"product_cat-thread-rolling-machine","9":"first","10":"instock","11":"shipping-taxable","12":"purchasable","13":"product-type-simple"},"_links":{"self":[{"href":"https:\/\/meconstructionsupplies.com\/fr\/wp-json\/wp\/v2\/product\/40284","targetHints":{"allow":["GET"]}}],"collection":[{"href":"https:\/\/meconstructionsupplies.com\/fr\/wp-json\/wp\/v2\/product"}],"about":[{"href":"https:\/\/meconstructionsupplies.com\/fr\/wp-json\/wp\/v2\/types\/product"}],"replies":[{"embeddable":true,"href":"https:\/\/meconstructionsupplies.com\/fr\/wp-json\/wp\/v2\/comments?post=40284"}],"version-history":[{"count":4,"href":"https:\/\/meconstructionsupplies.com\/fr\/wp-json\/wp\/v2\/product\/40284\/revisions"}],"predecessor-version":[{"id":40656,"href":"https:\/\/meconstructionsupplies.com\/fr\/wp-json\/wp\/v2\/product\/40284\/revisions\/40656"}],"wp:featuredmedia":[{"embeddable":true,"href":"https:\/\/meconstructionsupplies.com\/fr\/wp-json\/wp\/v2\/media\/40283"}],"wp:attachment":[{"href":"https:\/\/meconstructionsupplies.com\/fr\/wp-json\/wp\/v2\/media?parent=40284"}],"wp:term":[{"taxonomy":"product_cat","embeddable":true,"href":"https:\/\/meconstructionsupplies.com\/fr\/wp-json\/wp\/v2\/product_cat?post=40284"},{"taxonomy":"product_tag","embeddable":true,"href":"https:\/\/meconstructionsupplies.com\/fr\/wp-json\/wp\/v2\/product_tag?post=40284"}],"curies":[{"name":"wp","href":"https:\/\/api.w.org\/{rel}","templated":true}]}}