{"id":40320,"date":"2024-12-23T09:27:11","date_gmt":"2024-12-23T09:27:11","guid":{"rendered":"https:\/\/meconstructionsupplies.com\/product\/submersible-sewage-cutting-pump-sewage-grinder-pumps-2-3-4-6-8-10-12-inch-submersible-pump-for-industry-dirty-water\/"},"modified":"2024-12-25T08:12:14","modified_gmt":"2024-12-25T08:12:14","slug":"submersible-sewage-cutting-pump-sewage-grinder-pumps-2-3-4-6-8-10-12-inch-submersible-pump-for-industry-dirty-water","status":"publish","type":"product","link":"https:\/\/meconstructionsupplies.com\/fr\/product\/submersible-sewage-cutting-pump-sewage-grinder-pumps-2-3-4-6-8-10-12-inch-submersible-pump-for-industry-dirty-water\/","title":{"rendered":"Pompe de coupe d&#039;eaux us\u00e9es submersible Pompes de broyage d&#039;eaux us\u00e9es 2 3 4 6 8 10 12 pouces Pompe submersible pour l&#039;eau sale de l&#039;industrie"},"content":{"rendered":"<div style=\"width: 540px;\" class=\"wp-video\"><!--[if lt IE 9]><script>document.createElement('video');<\/script><![endif]-->\n<video class=\"wp-video-shortcode\" id=\"video-40320-1\" width=\"540\" height=\"960\" preload=\"metadata\" controls=\"controls\"><source type=\"video\/mp4\" src=\"\/\/play.video.alibaba.com\/play\/u\/2153292369\/p\/1\/e\/6\/t\/10300\/459262270234.mp4?_=1\" \/><a href=\"\/\/play.video.alibaba.com\/play\/u\/2153292369\/p\/1\/e\/6\/t\/10300\/459262270234.mp4\">\/\/play.video.alibaba.com\/play\/u\/2153292369\/p\/1\/e\/6\/t\/10300\/459262270234.mp4<\/a><\/video><\/div>\n<p><img fetchpriority=\"high\" decoding=\"async\" class=\"alignnone \" src=\"\/\/sc04.alicdn.com\/kf\/Hb748fe94f3d849409d54057f9645947cK\/276867145\/Hb748fe94f3d849409d54057f9645947cK.jpg\" width=\"540\" height=\"1121\" \/><\/p>\n<h3><strong>Products Description<\/strong><\/h3>\n<hr style=\"border: 2px solid #000; margin-top: 5px; margin-bottom: 5px;\" \/>\n<p><b>WQ series water pump belong to submersible pump, so it must be satisfied the working condition of submerging into the water. <b>1.The medium&#8217;s temperature shouldn&#8217;t exceed 50\u2103 .<br \/>\n2. Fiber length should not be over 2.5 times of the pump suction diameter. When the medium density is more than 1.05, the motor power should be increased accordingly to prevent the motor from overload operation. 3.The voltage can be customize 220V\/380V\/415V\/440V\/660V(It must be used within the range of plus or minus 5%)4.Solid size should be no larger than 30% of the pump suction diameter.5.Medium&#8217;s pH level: 3~10(If beyond this range, please choose other types. <\/b><\/b><\/p>\n<p><img decoding=\"async\" class=\"alignnone \" src=\"\/\/sc04.alicdn.com\/kf\/Hc968d8a2241c4712b2861430d796e0a9G\/276867145\/Hc968d8a2241c4712b2861430d796e0a9G.png\" width=\"542\" height=\"542\" \/><\/p>\n<p><img decoding=\"async\" class=\"alignnone \" src=\"\/\/sc04.alicdn.com\/kf\/He8d7b1199676420998a4c2b246d38221z\/276867145\/He8d7b1199676420998a4c2b246d38221z.jpg\" width=\"540\" height=\"540\" \/><\/p>\n<p><img loading=\"lazy\" decoding=\"async\" class=\"alignnone \" src=\"\/\/sc04.alicdn.com\/kf\/Hdee9e3c5306c4e30a1ae1d21a1452548Z\/276867145\/Hdee9e3c5306c4e30a1ae1d21a1452548Z.jpg\" width=\"541\" height=\"541\" \/><\/p>\n<p><img loading=\"lazy\" decoding=\"async\" class=\"alignnone \" src=\"\/\/sc04.alicdn.com\/kf\/He84e3e6c918d4245816fcc00bdbdafb4y\/276867145\/He84e3e6c918d4245816fcc00bdbdafb4y.jpg\" width=\"542\" height=\"542\" \/><\/p>\n<p><img loading=\"lazy\" decoding=\"async\" class=\"alignnone \" src=\"\/\/sc04.alicdn.com\/kf\/Hd4348737895c4fd0acfef9bbd3c5d2ecy\/276867145\/Hd4348737895c4fd0acfef9bbd3c5d2ecy.jpg\" width=\"541\" height=\"541\" \/><\/p>\n<p><img loading=\"lazy\" decoding=\"async\" class=\"alignnone \" src=\"\/\/sc04.alicdn.com\/kf\/H13c3fd8d90504797b066a4fedc5c58a3I\/276867145\/H13c3fd8d90504797b066a4fedc5c58a3I.jpg\" width=\"541\" height=\"541\" \/><\/p>\n<h3><strong>Product details<\/strong><\/h3>\n<hr style=\"border: 2px solid #000; margin-top: 5px; margin-bottom: 5px;\" \/>\n<p><img loading=\"lazy\" decoding=\"async\" class=\"alignnone \" src=\"\/\/sc04.alicdn.com\/kf\/H92f643897cc5463e892de6b0dc516abew\/276867145\/H92f643897cc5463e892de6b0dc516abew.jpg\" width=\"542\" height=\"830\" \/><\/p>\n<h3><strong>Application scenario<\/strong><\/h3>\n<hr style=\"border: 2px solid #000; margin-top: 5px; margin-bottom: 5px;\" \/>\n<p><img loading=\"lazy\" decoding=\"async\" class=\"alignnone \" src=\"\/\/sc04.alicdn.com\/kf\/H02ab8a6ea07b4779bc5154a11b86e9a2T\/276867145\/H02ab8a6ea07b4779bc5154a11b86e9a2T.jpg\" width=\"541\" height=\"285\" \/><\/p>\n<h3><strong>Factory information<\/strong><\/h3>\n<hr style=\"border: 2px solid #000; margin-top: 5px; margin-bottom: 5px;\" \/>\n<p>&nbsp;<\/p>\n<p><img loading=\"lazy\" decoding=\"async\" class=\"alignnone \" src=\"\/\/sc04.alicdn.com\/kf\/H2ba3cbfe633a4e97aa42c6cb06837121C\/276867145\/H2ba3cbfe633a4e97aa42c6cb06837121C.jpg\" width=\"541\" height=\"406\" \/><\/p>\n<p><img loading=\"lazy\" decoding=\"async\" class=\"alignnone \" src=\"\/\/sc04.alicdn.com\/kf\/He919f1dbdcde470081deeeab30ce6515g\/276867145\/He919f1dbdcde470081deeeab30ce6515g.jpg\" width=\"544\" height=\"408\" \/><\/p>\n<p>Factory gateProduction workshop<\/p>\n<h3><strong>Packing &amp; Shipping<\/strong><\/h3>\n<hr style=\"border: 2px solid #000; margin-top: 5px; margin-bottom: 5px;\" \/>\n<p><img loading=\"lazy\" decoding=\"async\" class=\"alignnone \" src=\"\/\/sc04.alicdn.com\/kf\/Hfe0eaced1a274695ba5565b0fc2ec8deT\/276867145\/Hfe0eaced1a274695ba5565b0fc2ec8deT.jpg\" width=\"547\" height=\"410\" \/><\/p>\n<p><img loading=\"lazy\" decoding=\"async\" class=\"alignnone \" src=\"\/\/sc04.alicdn.com\/kf\/Hbde02ec484c84b54854a7e18f1d87b25b\/276867145\/Hbde02ec484c84b54854a7e18f1d87b25b.png\" width=\"538\" height=\"391\" \/><\/p>\n<p>\u2022Deliverytime:5-10 workingdays after payment receipt confirmed\uff08based on actual quantity\uff09\u2022Packing:standard export packing,or customized packing as your request.\u2022Professional goods shipping for warder.<\/p>\n<p><img loading=\"lazy\" decoding=\"async\" class=\"alignnone \" src=\"\/\/sc04.alicdn.com\/kf\/H100f95de73c14ac69e0637627dc13977S\/276867145\/H100f95de73c14ac69e0637627dc13977S.png\" width=\"543\" height=\"336\" \/><\/p>\n<h3><strong>FAQ<\/strong><\/h3>\n<hr style=\"border: 2px solid #000; margin-top: 5px; margin-bottom: 5px;\" \/>\n<p>Why choose us?A:The product warranty period is 1 years. Professional after-sales service team. B:More than 10 years experience.<br \/>\nC:Own factory, real-time monitoring of production quality .D:Delivery time is normally 10-15 working days, ensure delivery speed .E:Factory direct delivery, support for customization.<\/p>\n","protected":false},"excerpt":{"rendered":"<p>Description des produits La pompe \u00e0 eau de la s\u00e9rie WQ appartient \u00e0 la pompe submersible, elle doit donc satisfaire aux conditions de fonctionnement de l&#039;immersion<\/p>","protected":false},"featured_media":40319,"comment_status":"open","ping_status":"closed","template":"","meta":[],"product_cat":[85,71,307],"product_tag":[],"class_list":{"0":"post-40320","1":"product","2":"type-product","3":"status-publish","4":"has-post-thumbnail","6":"product_cat-corded-tools","7":"product_cat-power-tools","8":"product_cat-sewage-pump","10":"first","11":"instock","12":"shipping-taxable","13":"purchasable","14":"product-type-simple"},"_links":{"self":[{"href":"https:\/\/meconstructionsupplies.com\/fr\/wp-json\/wp\/v2\/product\/40320","targetHints":{"allow":["GET"]}}],"collection":[{"href":"https:\/\/meconstructionsupplies.com\/fr\/wp-json\/wp\/v2\/product"}],"about":[{"href":"https:\/\/meconstructionsupplies.com\/fr\/wp-json\/wp\/v2\/types\/product"}],"replies":[{"embeddable":true,"href":"https:\/\/meconstructionsupplies.com\/fr\/wp-json\/wp\/v2\/comments?post=40320"}],"version-history":[{"count":3,"href":"https:\/\/meconstructionsupplies.com\/fr\/wp-json\/wp\/v2\/product\/40320\/revisions"}],"predecessor-version":[{"id":40664,"href":"https:\/\/meconstructionsupplies.com\/fr\/wp-json\/wp\/v2\/product\/40320\/revisions\/40664"}],"wp:featuredmedia":[{"embeddable":true,"href":"https:\/\/meconstructionsupplies.com\/fr\/wp-json\/wp\/v2\/media\/40319"}],"wp:attachment":[{"href":"https:\/\/meconstructionsupplies.com\/fr\/wp-json\/wp\/v2\/media?parent=40320"}],"wp:term":[{"taxonomy":"product_cat","embeddable":true,"href":"https:\/\/meconstructionsupplies.com\/fr\/wp-json\/wp\/v2\/product_cat?post=40320"},{"taxonomy":"product_tag","embeddable":true,"href":"https:\/\/meconstructionsupplies.com\/fr\/wp-json\/wp\/v2\/product_tag?post=40320"}],"curies":[{"name":"wp","href":"https:\/\/api.w.org\/{rel}","templated":true}]}}