{"id":40357,"date":"2024-12-23T09:47:27","date_gmt":"2024-12-23T09:47:27","guid":{"rendered":"https:\/\/meconstructionsupplies.com\/product\/is-series-single-stage-and-single-suction-clean-water-centrifugal-pump\/"},"modified":"2025-11-25T05:02:37","modified_gmt":"2025-11-25T05:02:37","slug":"is-series-single-stage-and-single-suction-clean-water-centrifugal-pump","status":"publish","type":"product","link":"https:\/\/meconstructionsupplies.com\/fr\/product\/is-series-single-stage-and-single-suction-clean-water-centrifugal-pump\/","title":{"rendered":"Pompe centrifuge \u00e0 eau propre monocellulaire et \u00e0 aspiration unique s\u00e9rie IS"},"content":{"rendered":"<div style=\"width: 540px;\" class=\"wp-video\"><!--[if lt IE 9]><script>document.createElement('video');<\/script><![endif]-->\n<video class=\"wp-video-shortcode\" id=\"video-40357-1\" width=\"540\" height=\"960\" preload=\"metadata\" controls=\"controls\"><source type=\"video\/mp4\" src=\"\/\/play.video.alibaba.com\/play\/u\/2153292369\/p\/1\/e\/6\/t\/10300\/365690553555.mp4?_=1\" \/><a href=\"\/\/play.video.alibaba.com\/play\/u\/2153292369\/p\/1\/e\/6\/t\/10300\/365690553555.mp4\">\/\/play.video.alibaba.com\/play\/u\/2153292369\/p\/1\/e\/6\/t\/10300\/365690553555.mp4<\/a><\/video><\/div>\n<div id=\"ali-anchor-AliPostDhMb-pliy5\" class=\"mceSectionContainer\" style=\"padding-top: 8px;\" data-section=\"AliPostDhMb-pliy5\" data-section-title=\"Product Description\">\n<div id=\"ali-title-AliPostDhMb-pliy5\" style=\"padding: 8px 0; border-bottom: 1px solid #ddd;\"><span style=\"background-color: #ddd; color: #333; font-weight: bold; padding: 8px 10px; line-height: 12px;\">Product Description<\/span><\/div>\n<div style=\"padding: 10px 0;\">\n<p><span style=\"font-size: 14px; font-family: arial, helvetica, sans-serif;\"><strong><span style=\"color: #333333;\">Product Name:<\/span><\/strong><\/span><\/p>\n<p><span style=\"font-size: 14px; font-family: arial, helvetica, sans-serif;\">IS series single-stage and single-suction clean water centrifugal pump<\/span><\/p>\n<p><span style=\"font-size: 14px; font-family: arial, helvetica, sans-serif;\"><strong><span style=\"color: #333333;\">Summary:<\/span><\/strong><\/span><\/p>\n<p><span style=\"font-size: 14px; font-family: arial, helvetica, sans-serif;\">IS pump can transport the clean water (&lt;80\u00e2\u201e\u0192) and other liquid which is similar as the clean water.<\/span><\/p>\n<p><span style=\"font-size: 14px; font-family: arial, helvetica, sans-serif;\"><strong><span style=\"color: #333333;\">Application:<\/span><\/strong><\/span><\/p>\n<p><span style=\"font-size: 14px; font-family: arial, helvetica, sans-serif;\">Supply water for industry and city, irrigation and drain for agriculture.<\/span><\/p>\n<div align=\"center\">\n<div>\n<div style=\"display: flex; background-color: #e9ecef; padding: 10px; border-bottom: 1px solid #ddd;\">\n<div style=\"width: 40%; font-weight: bold;\">Head<\/div>\n<div style=\"width: 60%;\">Max-250 m<\/div>\n<\/div>\n<div style=\"display: flex; background-color: #f2f2f2; padding: 10px; border-bottom: 1px solid #ddd;\">\n<div style=\"width: 40%; font-weight: bold;\">Speed<\/div>\n<div style=\"width: 60%;\">2900-1450r\/min<\/div>\n<\/div>\n<div style=\"display: flex; background-color: #e9ecef; padding: 10px; border-bottom: 1px solid #ddd;\">\n<div style=\"width: 40%; font-weight: bold;\">Temperature<\/div>\n<div style=\"width: 60%;\">-20\u00e2\u201e\u0192 +150\u00e2\u201e\u0192<\/div>\n<\/div>\n<div style=\"display: flex; background-color: #f2f2f2; padding: 10px; border-bottom: 1px solid #ddd;\">\n<div style=\"width: 40%; font-weight: bold;\">Max pressure<\/div>\n<div style=\"width: 60%;\">2.5 Mpa<\/div>\n<\/div>\n<div style=\"display: flex; background-color: #e9ecef; padding: 10px; border-bottom: 1px solid #ddd;\">\n<div style=\"width: 40%; font-weight: bold;\">Material<\/div>\n<div style=\"width: 60%;\">Cast\/Stainless steel 304 316 .etc<\/div>\n<\/div>\n<div style=\"display: flex; background-color: #f2f2f2; padding: 10px; border-bottom: 1px solid #ddd;\">\n<div style=\"width: 40%; font-weight: bold;\">Temperature<\/div>\n<div style=\"width: 60%;\">-80\u00e2\u201e\u0192-+300\u00e2\u201e\u0192<\/div>\n<\/div>\n<div style=\"display: flex; background-color: #e9ecef; padding: 10px; border-bottom: 1px solid #ddd;\">\n<div style=\"width: 40%; font-weight: bold;\">Type<\/div>\n<div style=\"width: 60%;\">Horizontal<\/div>\n<\/div>\n<div style=\"display: flex; background-color: #f2f2f2; padding: 10px; border-bottom: 1px solid #ddd;\">\n<div style=\"width: 40%; font-weight: bold;\">Seal<\/div>\n<div style=\"width: 60%;\">Mechanical seal, packing seal.etc<\/div>\n<\/div>\n<div style=\"display: flex; background-color: #e9ecef; padding: 10px; border-bottom: 1px solid #ddd;\">\n<div style=\"width: 40%; font-weight: bold;\">Theory<\/div>\n<div style=\"width: 60%;\">Centrifugal pump<\/div>\n<\/div>\n<div style=\"display: flex; background-color: #f2f2f2; padding: 10px; border-bottom: 1px solid #ddd;\">\n<div style=\"width: 40%; font-weight: bold;\">Medium<\/div>\n<div style=\"width: 60%;\">Water,oil.<\/div>\n<\/div>\n<\/div>\n<\/div>\n<p>&nbsp;<\/p>\n<\/div>\n<div id=\"ali-anchor-AliPostDhMb-zmnbr\" class=\"mceSectionContainer\" style=\"padding-top: 8px;\" data-section=\"AliPostDhMb-zmnbr\" data-section-title=\"Product show\">\n<div id=\"ali-title-AliPostDhMb-zmnbr\" style=\"padding: 8px 0; border-bottom: 1px solid #ddd;\"><span style=\"background-color: #ddd; color: #333; font-weight: bold; padding: 8px 10px; line-height: 12px;\">Product show<\/span><\/div>\n<div style=\"padding: 10px 0;\">\n<p>\u00a0<span style=\"color: #333333; font-family: arial, helvetica, sans-serif; font-size: 14px; font-style: normal; font-weight: 400; background-color: #f5f5f5; display: inline !important; float: none;\">We have more than 20 types chemical process pump, such as\u00a0<\/span><span style=\"line-height: 21px; font-family: arial, helvetica, sans-serif; font-size: 14px; font-style: normal; font-weight: 400; background-color: #f5f5f5; color: #ff6600;\">horizontal pump, submersible pump ,vertical pump, semi-submersible pump, fluoroplastic pump, axial pump ,gear pump<\/span><span style=\"color: #333333; font-family: arial, helvetica, sans-serif; font-size: 14px; font-style: normal; font-weight: 400; background-color: #f5f5f5; display: inline !important; float: none;\">.ect .<\/span><\/p>\n<p><img fetchpriority=\"high\" decoding=\"async\" class=\"alignnone \" src=\"\/\/sc04.alicdn.com\/kf\/Ha99a597346164983841688fb47b40403G\/250442527\/Ha99a597346164983841688fb47b40403G.png\" width=\"539\" height=\"862\" \/><\/p>\n<\/div>\n<\/div>\n<div id=\"ali-anchor-AliPostDhMb-1hzqo\" class=\"mceSectionContainer\" style=\"padding-top: 8px;\" data-section=\"AliPostDhMb-1hzqo\" data-section-title=\"Design\">\n<div id=\"ali-title-AliPostDhMb-1hzqo\" style=\"padding: 8px 0; border-bottom: 1px solid #ddd;\"><span style=\"background-color: #ddd; color: #333; font-weight: bold; padding: 8px 10px; line-height: 12px;\">Design<\/span><\/div>\n<div style=\"padding: 10px 0;\">\n<p><span style=\"font-size: 14px;\">\u00a0 \u00a0The product design of the technology R&amp;D center uses computer-aided systems for design,analysis and calculation. Three-D-software such as SOLIDWORKS can be used for 3D simulation design of product structure. It can also use various professional software for hydraulic analysis and calculation, and use finite element analysis with professional software to evaluate\u00a0<\/span><span style=\"font-size: 14px;\">product strength, reliability and safety.The products designed by the R&amp;D center are in line with international mainstream\u00a0<\/span><span style=\"font-size: 14px;\">standards such as API610, ISO, GB, ANSI and HI. The design of nuclear power pumps can also\u00a0be carried out according to ASME standards .<\/span><\/p>\n<p><img decoding=\"async\" class=\"alignnone \" src=\"\/\/sc04.alicdn.com\/kf\/H9c8f53685d10489d8bae17ffbefc7159a\/250442527\/H9c8f53685d10489d8bae17ffbefc7159a.jpg\" width=\"541\" height=\"473\" \/><\/p>\n<p><span style=\"background-color: #dddddd; font-weight: bold;\">Production process<\/span><\/p>\n<\/div>\n<\/div>\n<div id=\"ali-anchor-AliPostDhMb-ho1gn\" class=\"mceSectionContainer\" style=\"padding-top: 8px;\" data-section=\"AliPostDhMb-ho1gn\" data-section-title=\"Production process\">\n<div style=\"padding: 10px 0;\">\n<p><img decoding=\"async\" class=\"alignnone \" src=\"\/\/sc04.alicdn.com\/kf\/H665cc209af5f4fcf8f8db5c523a062ebn\/250442527\/H665cc209af5f4fcf8f8db5c523a062ebn.jpg\" width=\"542\" height=\"561\" \/><\/p>\n<\/div>\n<\/div>\n<div id=\"ali-anchor-AliPostDhMb-eatnq\" class=\"mceSectionContainer\" style=\"padding-top: 8px;\" data-section=\"AliPostDhMb-eatnq\" data-section-title=\"Advantage\">\n<div id=\"ali-title-AliPostDhMb-eatnq\" style=\"padding: 8px 0; border-bottom: 1px solid #ddd;\"><span style=\"background-color: #ddd; color: #333; font-weight: bold; padding: 8px 10px; line-height: 12px;\">Advantage<\/span><\/div>\n<div style=\"padding: 10px 0;\">\n<p><img loading=\"lazy\" decoding=\"async\" class=\"alignnone \" src=\"\/\/sc04.alicdn.com\/kf\/H3e2ac97cf248406692a722c86a65d118Q\/250442527\/H3e2ac97cf248406692a722c86a65d118Q.jpg\" width=\"542\" height=\"1180\" \/><\/p>\n<\/div>\n<\/div>\n<div id=\"ali-anchor-AliPostDhMb-3ov2u\" class=\"mceSectionContainer\" style=\"padding-top: 8px;\" data-section=\"AliPostDhMb-3ov2u\" data-section-title=\"FAQ\">\n<div id=\"ali-title-AliPostDhMb-3ov2u\" style=\"padding: 8px 0; border-bottom: 1px solid #ddd;\"><span style=\"background-color: #ddd; color: #333; font-weight: bold; padding: 8px 10px; line-height: 12px;\">FAQ<\/span><\/div>\n<div style=\"padding: 10px 0;\">\n<p style=\"margin: 0px; padding: 0px; color: #000000; font-family: Arial; font-size: 12px; font-style: normal; font-weight: 400; background-color: #f5f5f5;\"><span style=\"line-height: 21px; font-size: 14px; font-family: arial, helvetica, sans-serif;\">\u00a0 \u00a0 \u00a0 \u00a0Our company is a professional producer for pumps, and export pumps by ourselves.<\/span><\/p>\n<p style=\"margin: 0px; padding: 0px; color: #000000; font-family: Arial; font-size: 12px; font-style: normal; font-weight: 400; background-color: #f5f5f5;\"><span style=\"line-height: 21px; font-size: 14px; font-family: arial, helvetica, sans-serif;\">Q2: What\u2019s your business range?<\/span><\/p>\n<p style=\"margin: 0px; padding: 0px; color: #000000; font-family: Arial; font-size: 12px; font-style: normal; font-weight: 400; background-color: #f5f5f5;\"><span style=\"line-height: 21px; font-size: 14px; font-family: arial, helvetica, sans-serif;\">\u00a0 \u00a0 \u00a0 \u00a0We manufacture chemical centrifugal pump, self-sucking pump, vertical\/horizontal multistage pump,<\/span><\/p>\n<p style=\"margin: 0px; padding: 0px; color: #000000; font-family: Arial; font-size: 12px; font-style: normal; font-weight: 400; background-color: #f5f5f5;\"><span style=\"line-height: 21px; font-size: 14px; font-family: arial, helvetica, sans-serif;\">\u00a0 \u00a0 \u00a0 \u00a0sewage pump, water pump, oil pump, screw pump, diaphragm pump, fire pump, constant pressure VFD<\/span><\/p>\n<p style=\"margin: 0px; padding: 0px; color: #000000; font-family: Arial; font-size: 12px; font-style: normal; font-weight: 400; background-color: #f5f5f5;\"><span style=\"line-height: 21px; font-size: 14px;\"><span style=\"line-height: 21px; font-family: arial, helvetica, sans-serif;\">\u00a0 \u00a0 \u00a0 \u00a0water supply system and so on.<\/span><span style=\"line-height: 21px; font-family: arial, helvetica, sans-serif;\">\u00a0<\/span><\/span><\/p>\n<p style=\"margin: 0px; padding: 0px; color: #000000; font-family: Arial; font-size: 12px; font-style: normal; font-weight: 400; background-color: #f5f5f5;\"><span style=\"line-height: 21px; font-size: 14px; font-family: arial, helvetica, sans-serif;\">Q3: How to check and verify the products<\/span><\/p>\n<p style=\"margin: 0px; padding: 0px; color: #000000; font-family: Arial; font-size: 12px; font-style: normal; font-weight: 400; background-color: #f5f5f5;\"><span style=\"line-height: 21px; font-size: 14px;\"><span style=\"line-height: 21px; font-family: arial, helvetica, sans-serif;\">\u00a0 \u00a0 \u00a0 \u00a0We support video inspection and verification<\/span><span style=\"line-height: 21px; font-family: arial, helvetica, sans-serif;\">\u00a0<\/span><\/span><\/p>\n<p style=\"margin: 0px; padding: 0px; color: #000000; font-family: Arial; font-size: 12px; font-style: normal; font-weight: 400; background-color: #f5f5f5;\"><span style=\"line-height: 21px; font-size: 14px; font-family: arial, helvetica, sans-serif;\">Q4: What are your payment terms?<\/span><\/p>\n<p style=\"margin: 0px; padding: 0px; color: #000000; font-family: Arial; font-size: 12px; font-style: normal; font-weight: 400; background-color: #f5f5f5;\"><span style=\"line-height: 21px; font-size: 14px;\"><span style=\"line-height: 21px; font-family: arial, helvetica, sans-serif;\">\u00a0 \u00a0 \u00a0 \u00a0Common terms: T\/T 30% deposit, balance payment before shipment,<\/span><span style=\"line-height: 21px; font-family: arial, helvetica, sans-serif;\">\u00a0L\/C or Trade Assurance of alibaba.<\/span><\/span><\/p>\n<p style=\"margin: 0px; padding: 0px; color: #000000; font-family: Arial; font-size: 12px; font-style: normal; font-weight: 400; background-color: #f5f5f5;\"><span style=\"line-height: 21px; font-size: 14px; font-family: arial, helvetica, sans-serif;\">Q5: How about warranty and after-service?<\/span><\/p>\n<p style=\"margin: 0px; padding: 0px; color: #000000; font-family: Arial; font-size: 12px; font-style: normal; font-weight: 400; background-color: #f5f5f5;\"><span style=\"line-height: 21px; font-size: 14px;\"><span style=\"line-height: 21px; font-family: arial, helvetica, sans-serif;\">\u00a0 \u00a0 \u00a0 \u00a012 months warranty time after receiving days, not include quick-wear parts and default phase. We promise\u00a0 \u00a0 \u00a0 \u00a0 \u00a0 \u00a0 24 hours action for your problem. And send parts by air or express for your fix.<\/span><span style=\"line-height: 21px; font-family: arial, helvetica, sans-serif;\">\u00a0<\/span><\/span><\/p>\n<p style=\"margin: 0px; padding: 0px; color: #000000; font-family: Arial; font-size: 12px; font-style: normal; font-weight: 400; background-color: #f5f5f5;\"><span style=\"line-height: 21px; font-size: 14px; font-family: arial, helvetica, sans-serif;\">Q6: How to reach us?<\/span><span style=\"line-height: 21px; font-size: 14px; font-family: arial, helvetica, sans-serif;\">\u00a0\u00a0<\/span><\/p>\n<p style=\"margin: 0px; padding: 0px; font-size: 12px; font-style: normal; font-weight: 400; border: 0px; line-height: inherit; font-family: Arial, Helvetica; vertical-align: baseline; color: #333333; background-color: #ffffff;\"><span style=\"line-height: 21px; font-size: 14px;\"><span style=\"line-height: 21px; margin: 0px; padding: 0px; border: 0px; font-style: inherit; font-weight: inherit; font-family: arial, helvetica, sans-serif; vertical-align: baseline;\">\u00a0<\/span><\/span><\/p>\n<\/div>\n<\/div>\n<\/div>\n","protected":false},"excerpt":{"rendered":"<p>Description du produit Nom du produit : Pompe centrifuge \u00e0 eau propre monocellulaire et \u00e0 aspiration unique s\u00e9rie IS R\u00e9sum\u00e9 : La pompe IS peut transporter l&#039;eau propre<\/p>","protected":false},"featured_media":40356,"comment_status":"open","ping_status":"closed","template":"","meta":[],"product_cat":[306,85,71],"product_tag":[],"class_list":{"0":"post-40357","1":"product","2":"type-product","3":"status-publish","4":"has-post-thumbnail","6":"product_cat-clean-water-pump","7":"product_cat-corded-tools","8":"product_cat-power-tools","10":"first","11":"instock","12":"shipping-taxable","13":"purchasable","14":"product-type-simple"},"_links":{"self":[{"href":"https:\/\/meconstructionsupplies.com\/fr\/wp-json\/wp\/v2\/product\/40357","targetHints":{"allow":["GET"]}}],"collection":[{"href":"https:\/\/meconstructionsupplies.com\/fr\/wp-json\/wp\/v2\/product"}],"about":[{"href":"https:\/\/meconstructionsupplies.com\/fr\/wp-json\/wp\/v2\/types\/product"}],"replies":[{"embeddable":true,"href":"https:\/\/meconstructionsupplies.com\/fr\/wp-json\/wp\/v2\/comments?post=40357"}],"version-history":[{"count":4,"href":"https:\/\/meconstructionsupplies.com\/fr\/wp-json\/wp\/v2\/product\/40357\/revisions"}],"predecessor-version":[{"id":40669,"href":"https:\/\/meconstructionsupplies.com\/fr\/wp-json\/wp\/v2\/product\/40357\/revisions\/40669"}],"wp:featuredmedia":[{"embeddable":true,"href":"https:\/\/meconstructionsupplies.com\/fr\/wp-json\/wp\/v2\/media\/40356"}],"wp:attachment":[{"href":"https:\/\/meconstructionsupplies.com\/fr\/wp-json\/wp\/v2\/media?parent=40357"}],"wp:term":[{"taxonomy":"product_cat","embeddable":true,"href":"https:\/\/meconstructionsupplies.com\/fr\/wp-json\/wp\/v2\/product_cat?post=40357"},{"taxonomy":"product_tag","embeddable":true,"href":"https:\/\/meconstructionsupplies.com\/fr\/wp-json\/wp\/v2\/product_tag?post=40357"}],"curies":[{"name":"wp","href":"https:\/\/api.w.org\/{rel}","templated":true}]}}