{"id":40376,"date":"2024-12-24T02:12:50","date_gmt":"2024-12-24T02:12:50","guid":{"rendered":"https:\/\/meconstructionsupplies.com\/product\/5-5kw-industrial-sewage-pumps-cutting-submersible-stainless-steel-sewage-pump-waste-water-pump\/"},"modified":"2024-12-25T08:30:02","modified_gmt":"2024-12-25T08:30:02","slug":"5-5kw-industrial-sewage-pumps-cutting-submersible-stainless-steel-sewage-pump-waste-water-pump","status":"publish","type":"product","link":"https:\/\/meconstructionsupplies.com\/fr\/product\/5-5kw-industrial-sewage-pumps-cutting-submersible-stainless-steel-sewage-pump-waste-water-pump\/","title":{"rendered":"Pompes \u00e0 eaux us\u00e9es industrielles de 5,5 kW coupant la pompe \u00e0 eaux us\u00e9es submersible en acier inoxydable pompe \u00e0 eaux us\u00e9es"},"content":{"rendered":"<div style=\"width: 540px;\" class=\"wp-video\"><!--[if lt IE 9]><script>document.createElement('video');<\/script><![endif]-->\n<video class=\"wp-video-shortcode\" id=\"video-40376-1\" width=\"540\" height=\"960\" preload=\"metadata\" controls=\"controls\"><source type=\"video\/mp4\" src=\"\/\/play.video.alibaba.com\/play\/u\/2153292369\/p\/1\/e\/6\/t\/10300\/451979472206.mp4?_=1\" \/><a href=\"\/\/play.video.alibaba.com\/play\/u\/2153292369\/p\/1\/e\/6\/t\/10300\/451979472206.mp4\">\/\/play.video.alibaba.com\/play\/u\/2153292369\/p\/1\/e\/6\/t\/10300\/451979472206.mp4<\/a><\/video><\/div>\n<h3><strong>Specification<\/strong><\/h3>\n<hr style=\"border: 2px solid #000; margin-top: 5px; margin-bottom: 5px;\" \/>\n<div style=\"display: flex; background-color: #f2f2f2; padding: 10px; border-bottom: 1px solid #ddd;\">\n<div style=\"width: 40%; font-weight: bold;\">item<\/div>\n<div style=\"width: 60%;\">value<\/div>\n<\/div>\n<div style=\"display: flex; background-color: #ffffff; padding: 10px; border-bottom: 1px solid #ddd;\">\n<div style=\"width: 40%; font-weight: bold;\">Warranty<\/div>\n<div style=\"width: 60%;\">2 years<\/div>\n<\/div>\n<div style=\"display: flex; background-color: #f2f2f2; padding: 10px; border-bottom: 1px solid #ddd;\">\n<div style=\"width: 40%; font-weight: bold;\">Customized support<\/div>\n<div style=\"width: 60%;\">OEM<\/div>\n<\/div>\n<div style=\"display: flex; background-color: #ffffff; padding: 10px; border-bottom: 1px solid #ddd;\">\n<div style=\"width: 40%; font-weight: bold;\">Brand Name<\/div>\n<div style=\"width: 60%;\">Angdong<\/div>\n<\/div>\n<div style=\"display: flex; background-color: #f2f2f2; padding: 10px; border-bottom: 1px solid #ddd;\">\n<div style=\"width: 40%; font-weight: bold;\">Model Number<\/div>\n<div style=\"width: 60%;\">50WQ15-55-5.5<\/div>\n<\/div>\n<div style=\"display: flex; background-color: #ffffff; padding: 10px; border-bottom: 1px solid #ddd;\">\n<div style=\"width: 40%; font-weight: bold;\">Place of Origin<\/div>\n<div style=\"width: 60%;\">Zhejiang<\/div>\n<\/div>\n<div style=\"display: flex; background-color: #f2f2f2; padding: 10px; border-bottom: 1px solid #ddd;\">\n<div style=\"width: 40%; font-weight: bold;\">Application<\/div>\n<div style=\"width: 60%;\">Water Distribution<\/div>\n<\/div>\n<div style=\"display: flex; background-color: #ffffff; padding: 10px; border-bottom: 1px solid #ddd;\">\n<div style=\"width: 40%; font-weight: bold;\">Horsepower<\/div>\n<div style=\"width: 60%;\">5.5KW<\/div>\n<\/div>\n<div style=\"display: flex; background-color: #f2f2f2; padding: 10px; border-bottom: 1px solid #ddd;\">\n<div style=\"width: 40%; font-weight: bold;\">Power Source<\/div>\n<div style=\"width: 60%;\">Electric<\/div>\n<\/div>\n<div style=\"display: flex; background-color: #ffffff; padding: 10px; border-bottom: 1px solid #ddd;\">\n<div style=\"width: 40%; font-weight: bold;\">Pressure<\/div>\n<div style=\"width: 60%;\">High Pressure<\/div>\n<\/div>\n<div style=\"display: flex; background-color: #f2f2f2; padding: 10px; border-bottom: 1px solid #ddd;\">\n<div style=\"width: 40%; font-weight: bold;\">Structure<\/div>\n<div style=\"width: 60%;\">Single-stage Pump<\/div>\n<\/div>\n<div style=\"display: flex; background-color: #ffffff; padding: 10px; border-bottom: 1px solid #ddd;\">\n<div style=\"width: 40%; font-weight: bold;\">Outlet Size<\/div>\n<div style=\"width: 60%;\">50mm<\/div>\n<\/div>\n<div style=\"display: flex; background-color: #f2f2f2; padding: 10px; border-bottom: 1px solid #ddd;\">\n<div style=\"width: 40%; font-weight: bold;\">Voltage<\/div>\n<div style=\"width: 60%;\">AC<\/div>\n<\/div>\n<div style=\"display: flex; background-color: #ffffff; padding: 10px; border-bottom: 1px solid #ddd;\">\n<div style=\"width: 40%; font-weight: bold;\">Power<\/div>\n<div style=\"width: 60%;\">3KW<\/div>\n<\/div>\n<div style=\"display: flex; background-color: #f2f2f2; padding: 10px; border-bottom: 1px solid #ddd;\">\n<div style=\"width: 40%; font-weight: bold;\">packing<\/div>\n<div style=\"width: 60%;\">wooden<\/div>\n<\/div>\n<h3><strong>Product Description<\/strong><\/h3>\n<hr style=\"border: 2px solid #000; margin-top: 5px; margin-bottom: 5px;\" \/>\n<p><img fetchpriority=\"high\" decoding=\"async\" class=\"alignnone \" src=\"\/\/sc04.alicdn.com\/kf\/H87032dedb2e54ee5878ad75f9dcf70e0T\/267589265\/H87032dedb2e54ee5878ad75f9dcf70e0T.jpg\" width=\"543\" height=\"954\" \/><\/p>\n<p><img decoding=\"async\" class=\"alignnone \" src=\"https:\/\/sc01.alicdn.com\/kf\/Hb6b005a61cd048a099bf3d647803ca09i.jpg\" width=\"543\" height=\"708\" \/><\/p>\n<p><img decoding=\"async\" class=\"alignnone \" src=\"https:\/\/sc01.alicdn.com\/kf\/H05e635e427b34d6684800ac3517836d9v.jpg\" width=\"540\" height=\"689\" \/><\/p>\n<p><img loading=\"lazy\" decoding=\"async\" class=\"alignnone \" src=\"\/\/sc04.alicdn.com\/kf\/Ha3fa7a034725479a9acaa3b5a32cc3a4l\/267589265\/Ha3fa7a034725479a9acaa3b5a32cc3a4l.jpg\" width=\"541\" height=\"755\" \/><\/p>\n<p><img loading=\"lazy\" decoding=\"async\" class=\"alignnone \" src=\"\/\/sc04.alicdn.com\/kf\/Hc53c87fa48344aebb2c6dc894ac1356bt\/267589265\/Hc53c87fa48344aebb2c6dc894ac1356bt.jpg\" width=\"542\" height=\"915\" \/><\/p>\n<p><img loading=\"lazy\" decoding=\"async\" class=\"alignnone \" src=\"https:\/\/sc01.alicdn.com\/kf\/Hf94169797d6946278fd50618dec27f60V.jpg\" width=\"542\" height=\"650\" \/><\/p>\n<p><img loading=\"lazy\" decoding=\"async\" class=\"alignnone \" src=\"\/\/sc04.alicdn.com\/kf\/Hfd1c4eeee572435c87b8cc511c8c991fR\/267589265\/Hfd1c4eeee572435c87b8cc511c8c991fR.jpg\" width=\"541\" height=\"831\" \/><\/p>\n<p>&nbsp;<\/p>\n<p><img loading=\"lazy\" decoding=\"async\" class=\"alignnone \" src=\"\/\/sc04.alicdn.com\/kf\/H673353993bd34f10b9a151ccd02d861cz\/267589265\/H673353993bd34f10b9a151ccd02d861cz.jpg\" width=\"541\" height=\"463\" \/><\/p>\n<p><img loading=\"lazy\" decoding=\"async\" class=\"alignnone \" src=\"\/\/sc04.alicdn.com\/kf\/H774481fe2b6a4e7d80daecfd10e0676bL\/267589265\/H774481fe2b6a4e7d80daecfd10e0676bL.jpg\" width=\"544\" height=\"609\" \/><\/p>\n<p><img loading=\"lazy\" decoding=\"async\" class=\"alignnone \" src=\"\/\/sc04.alicdn.com\/kf\/H1b26a6d2bc71491b89ce6693ff6864fbw\/267589265\/H1b26a6d2bc71491b89ce6693ff6864fbw.jpg\" width=\"543\" height=\"821\" \/><\/p>\n<p>&nbsp;<\/p>\n<p>&nbsp;<\/p>\n<h3><strong>FAQ<\/strong><\/h3>\n<hr style=\"border: 2px solid #000; margin-top: 5px; margin-bottom: 5px;\" \/>\n<p><b>1. who are we?<b><br \/>\nWe are based in Zhejiang, China, start from 2017,sell to Southeast Asia(50.00%),Africa(20.00%),South America(20.00%),Domestic Market(10.00%). There are total about 101-200 people in our office.<\/b><\/b><\/p>\n<p><b>2. how can we guarantee quality?<b><br \/>\nAlways a pre-production sample before mass production;<br \/>\nAlways final Inspection before shipment;<\/b><\/b><\/p>\n<p><b>3.what can you buy from us?<b><br \/>\nsolar water pump,sewage pump,pipeline pump,fountain pump,self-priming pump<\/b><\/b><\/p>\n<p><b>4. why should you buy from us not from other suppliers?<b><br \/>\nAngdong Pump Industry Co., Ltd. is a manufacturer integrating solar water pump, sewage pump casing, pipeline pump casing casting, processing, sewage pump and pipeline pump assembly and testing. Our factory has more than 20 years of production and sales.<\/b><\/b><\/p>\n<p><b>5. what services can we provide?<b><br \/>\nAccepted Delivery Terms: FOB,DDP,Express Delivery\uff1b<br \/>\nAccepted Payment Currency:USD,HKD,CNY;<br \/>\nAccepted Payment Type: T\/T,Western Union,Escrow;<br \/>\nLanguage Spoken:English,Chinese,Spanish,Russian <\/b><\/b><\/p>\n","protected":false},"excerpt":{"rendered":"<p>Valeur de l&#039;article de sp\u00e9cification Garantie 2 ans Assistance personnalis\u00e9e Nom de marque OEM Angdong Num\u00e9ro de mod\u00e8le 50WQ15-55-5.5 Lieu d&#039;origine Zhejiang Application<\/p>","protected":false},"featured_media":40375,"comment_status":"open","ping_status":"closed","template":"","meta":[],"product_cat":[85,71,307],"product_tag":[],"class_list":{"0":"post-40376","1":"product","2":"type-product","3":"status-publish","4":"has-post-thumbnail","6":"product_cat-corded-tools","7":"product_cat-power-tools","8":"product_cat-sewage-pump","10":"first","11":"instock","12":"shipping-taxable","13":"purchasable","14":"product-type-simple"},"_links":{"self":[{"href":"https:\/\/meconstructionsupplies.com\/fr\/wp-json\/wp\/v2\/product\/40376","targetHints":{"allow":["GET"]}}],"collection":[{"href":"https:\/\/meconstructionsupplies.com\/fr\/wp-json\/wp\/v2\/product"}],"about":[{"href":"https:\/\/meconstructionsupplies.com\/fr\/wp-json\/wp\/v2\/types\/product"}],"replies":[{"embeddable":true,"href":"https:\/\/meconstructionsupplies.com\/fr\/wp-json\/wp\/v2\/comments?post=40376"}],"version-history":[{"count":4,"href":"https:\/\/meconstructionsupplies.com\/fr\/wp-json\/wp\/v2\/product\/40376\/revisions"}],"predecessor-version":[{"id":40672,"href":"https:\/\/meconstructionsupplies.com\/fr\/wp-json\/wp\/v2\/product\/40376\/revisions\/40672"}],"wp:featuredmedia":[{"embeddable":true,"href":"https:\/\/meconstructionsupplies.com\/fr\/wp-json\/wp\/v2\/media\/40375"}],"wp:attachment":[{"href":"https:\/\/meconstructionsupplies.com\/fr\/wp-json\/wp\/v2\/media?parent=40376"}],"wp:term":[{"taxonomy":"product_cat","embeddable":true,"href":"https:\/\/meconstructionsupplies.com\/fr\/wp-json\/wp\/v2\/product_cat?post=40376"},{"taxonomy":"product_tag","embeddable":true,"href":"https:\/\/meconstructionsupplies.com\/fr\/wp-json\/wp\/v2\/product_tag?post=40376"}],"curies":[{"name":"wp","href":"https:\/\/api.w.org\/{rel}","templated":true}]}}