{"id":40430,"date":"2024-12-24T06:42:06","date_gmt":"2024-12-24T06:42:06","guid":{"rendered":"https:\/\/meconstructionsupplies.com\/product\/freesea-40w-4800l-h-high-flow-superb-quiet-pond-garden-energy-saving-high-pressure-24v-dc-submersible-solar-water-pump\/"},"modified":"2024-12-25T08:45:39","modified_gmt":"2024-12-25T08:45:39","slug":"freesea-40w-4800l-h-high-flow-superb-quiet-pond-garden-energy-saving-high-pressure-24v-dc-submersible-solar-water-pump","status":"publish","type":"product","link":"https:\/\/meconstructionsupplies.com\/fr\/product\/freesea-40w-4800l-h-high-flow-superb-quiet-pond-garden-energy-saving-high-pressure-24v-dc-submersible-solar-water-pump\/","title":{"rendered":"Freesea 40W 4800L\/h Haut D\u00e9bit Superbe Silencieux \u00c9tang Jardin \u00c9conomie D&#039;\u00e9nergie Haute Pression 24V DC Pompe \u00c0 Eau Solaire Submersible"},"content":{"rendered":"<div style=\"width: 540px;\" class=\"wp-video\"><!--[if lt IE 9]><script>document.createElement('video');<\/script><![endif]-->\n<video class=\"wp-video-shortcode\" id=\"video-40430-1\" width=\"540\" height=\"960\" preload=\"metadata\" controls=\"controls\"><source type=\"video\/mp4\" src=\"\/\/play.video.alibaba.com\/play\/u\/2153292369\/p\/1\/e\/6\/t\/10300\/358206553593.mp4?_=1\" \/><a href=\"\/\/play.video.alibaba.com\/play\/u\/2153292369\/p\/1\/e\/6\/t\/10300\/358206553593.mp4\">\/\/play.video.alibaba.com\/play\/u\/2153292369\/p\/1\/e\/6\/t\/10300\/358206553593.mp4<\/a><\/video><\/div>\n<p><img fetchpriority=\"high\" decoding=\"async\" class=\"alignnone \" src=\"\/\/sc04.alicdn.com\/kf\/H8c987037d09b499b8594b5cd66a58657W\/227539155\/H8c987037d09b499b8594b5cd66a58657W.jpg\" width=\"548\" height=\"302\" \/><\/p>\n<h3><strong>Product Description<\/strong><\/h3>\n<hr style=\"border: 2px solid #000; margin-top: 5px; margin-bottom: 5px;\" \/>\n<p><img decoding=\"async\" class=\"alignnone \" src=\"\/\/sc04.alicdn.com\/kf\/H00452529cf1e4edea877e375d9e2f798N\/227539155\/H00452529cf1e4edea877e375d9e2f798N.jpg\" width=\"541\" height=\"577\" \/><\/p>\n<div style=\"display: flex; background-color: #f2f2f2; padding: 10px; border-bottom: 1px solid #ddd;\">\n<div style=\"width: 40%; font-weight: bold;\">Brand Name<\/div>\n<div style=\"width: 60%;\">FREESEA<\/div>\n<\/div>\n<div style=\"display: flex; background-color: #ffffff; padding: 10px; border-bottom: 1px solid #ddd;\">\n<div style=\"width: 40%; font-weight: bold;\">Model Number<\/div>\n<div style=\"width: 60%;\">XDC Series<\/div>\n<\/div>\n<div style=\"display: flex; background-color: #f2f2f2; padding: 10px; border-bottom: 1px solid #ddd;\">\n<div style=\"width: 40%; font-weight: bold;\">Product name<\/div>\n<div style=\"width: 60%;\">FREESEA dc High Flow Submersible koi pondwater pumps<\/div>\n<\/div>\n<div style=\"display: flex; background-color: #ffffff; padding: 10px; border-bottom: 1px solid #ddd;\">\n<div style=\"width: 40%; font-weight: bold;\">Application<\/div>\n<div style=\"width: 60%;\">Pond garden, Fish tank, Aquaculture,Aquarisum, ect..<\/div>\n<\/div>\n<p><img decoding=\"async\" class=\"alignnone \" src=\"\/\/sc04.alicdn.com\/kf\/H2973fba913f34597954869e1e0f366c5m\/227539155\/H2973fba913f34597954869e1e0f366c5m.jpg\" width=\"543\" height=\"579\" \/><\/p>\n<p><img loading=\"lazy\" decoding=\"async\" class=\"alignnone \" src=\"\/\/sc04.alicdn.com\/kf\/H79522720b41746b79feeac53b9dc1bf2k\/227539155\/H79522720b41746b79feeac53b9dc1bf2k.jpg\" width=\"544\" height=\"581\" \/><\/p>\n<p><img loading=\"lazy\" decoding=\"async\" class=\"alignnone \" src=\"\/\/sc04.alicdn.com\/kf\/H0a83f494dc3e4f70bd04e1c7adf3cbdd2\/227539155\/H0a83f494dc3e4f70bd04e1c7adf3cbdd2.jpg\" width=\"543\" height=\"579\" \/><\/p>\n<p><img loading=\"lazy\" decoding=\"async\" class=\"alignnone \" src=\"\/\/sc04.alicdn.com\/kf\/H74371c8c4d1a4b1586493f403c1729c4E\/227539155\/H74371c8c4d1a4b1586493f403c1729c4E.jpg\" width=\"543\" height=\"579\" \/><\/p>\n<p><img loading=\"lazy\" decoding=\"async\" class=\"alignnone \" src=\"\/\/sc04.alicdn.com\/kf\/H42b74c57f12d4a0bb8fae5b29d8fd7abj\/227539155\/H42b74c57f12d4a0bb8fae5b29d8fd7abj.jpg\" width=\"544\" height=\"581\" \/><\/p>\n<h3><strong>More Details<\/strong><\/h3>\n<hr style=\"border: 2px solid #000; margin-top: 5px; margin-bottom: 5px;\" \/>\n<p><img loading=\"lazy\" decoding=\"async\" class=\"alignnone \" src=\"\/\/sc04.alicdn.com\/kf\/H0a72df2c795b4d9c9d4dcf80855ee441g\/227539155\/H0a72df2c795b4d9c9d4dcf80855ee441g.jpg\" width=\"539\" height=\"575\" \/><\/p>\n<p><img loading=\"lazy\" decoding=\"async\" class=\"alignnone \" src=\"\/\/sc04.alicdn.com\/kf\/Haa343bbc7b1740f7a4abcc60b7907b258\/227539155\/Haa343bbc7b1740f7a4abcc60b7907b258.jpg\" width=\"542\" height=\"578\" \/><\/p>\n<p><img loading=\"lazy\" decoding=\"async\" class=\"alignnone \" src=\"\/\/sc04.alicdn.com\/kf\/H129446adbb594ead84722b7d631ff5aaP\/227539155\/H129446adbb594ead84722b7d631ff5aaP.jpg\" width=\"545\" height=\"582\" \/><\/p>\n<p><img loading=\"lazy\" decoding=\"async\" class=\"alignnone \" src=\"\/\/sc04.alicdn.com\/kf\/H2cd4c4e94c9b4b45ba215d711e95e50a7\/227539155\/H2cd4c4e94c9b4b45ba215d711e95e50a7.jpg\" width=\"543\" height=\"579\" \/><\/p>\n<p><img loading=\"lazy\" decoding=\"async\" class=\"alignnone \" src=\"\/\/sc04.alicdn.com\/kf\/H0d8cc69c4fd54fec80be2c8e0683dae39\/227539155\/H0d8cc69c4fd54fec80be2c8e0683dae39.jpg\" width=\"540\" height=\"118\" \/><\/p>\n<p><img loading=\"lazy\" decoding=\"async\" class=\"alignnone \" src=\"\/\/sc04.alicdn.com\/kf\/H6364cdef890441d980e19731e1d48275l\/227539155\/H6364cdef890441d980e19731e1d48275l.jpg\" width=\"541\" height=\"541\" \/><\/p>\n<h3><strong>Factory Introduction<\/strong><\/h3>\n<hr style=\"border: 2px solid #000; margin-top: 5px; margin-bottom: 5px;\" \/>\n<p><img loading=\"lazy\" decoding=\"async\" class=\"alignnone \" src=\"\/\/sc04.alicdn.com\/kf\/H6a9ba46855e74bad9549d871d4d32f9fp\/227539155\/H6a9ba46855e74bad9549d871d4d32f9fp.jpg\" width=\"542\" height=\"964\" \/><\/p>\n<p>&nbsp;<\/p>\n<p><img loading=\"lazy\" decoding=\"async\" class=\"alignnone \" src=\"\/\/sc04.alicdn.com\/kf\/Hd4d6a789356747828a5f15e13e98d87fx\/227539155\/Hd4d6a789356747828a5f15e13e98d87fx.jpg\" width=\"543\" height=\"359\" \/><\/p>\n<p><img loading=\"lazy\" decoding=\"async\" class=\"alignnone \" src=\"\/\/sc04.alicdn.com\/kf\/Hd18c49254bbb431b894b32930ee563f1p\/227539155\/Hd18c49254bbb431b894b32930ee563f1p.jpg\" width=\"545\" height=\"268\" \/><\/p>\n<p><img loading=\"lazy\" decoding=\"async\" class=\"alignnone \" src=\"\/\/sc04.alicdn.com\/kf\/Hf0a8d275c82f4bb9934a5ff2bd902804H\/227539155\/Hf0a8d275c82f4bb9934a5ff2bd902804H.jpg\" width=\"542\" height=\"294\" \/><\/p>\n<h3><strong>Exhibition<\/strong><\/h3>\n<hr style=\"border: 2px solid #000; margin-top: 5px; margin-bottom: 5px;\" \/>\n<p><img loading=\"lazy\" decoding=\"async\" class=\"alignnone \" src=\"\/\/sc04.alicdn.com\/kf\/H3aca1bb6fe3c49b5abf3ed0cf8a402cfJ\/227539155\/H3aca1bb6fe3c49b5abf3ed0cf8a402cfJ.jpg\" width=\"546\" height=\"377\" \/><\/p>\n<h3><strong>Payment &amp; Shipping<\/strong><\/h3>\n<hr style=\"border: 2px solid #000; margin-top: 5px; margin-bottom: 5px;\" \/>\n<p><img loading=\"lazy\" decoding=\"async\" class=\"alignnone \" src=\"https:\/\/sc01.alicdn.com\/kf\/HTB1YxW1OFXXXXXRaXXXq6xXFXXX1\/227539155\/HTB1YxW1OFXXXXXRaXXXq6xXFXXX1.jpg\" width=\"543\" height=\"232\" \/><\/p>\n<h3><\/h3>\n<h3><strong>FAQ<\/strong><\/h3>\n<hr style=\"border: 2px solid #000; margin-top: 5px; margin-bottom: 5px;\" \/>\n<p><b>1. Can you produce according to the samples or drawings?<br \/>\nYes, we can produce by your samples or technical drawings. We can build the molds and fixtures.<\/b><\/p>\n<p>2. What is your terms of payment?<br \/>\nUsually,we accept T\/T,irrevocable L\/C at sight.For regular orders, Terms of payment 30% deposit,full payment before delivery the goods.<\/p>\n<p>3. What is the lead time?<br \/>\nIt usually takes 25 to 35 days after sample confirmation and receiving your advance payment. The specific delivery time depends on the items and the quantity of your order.<\/p>\n<p>4. What is your terms of packing?<br \/>\nGenerally, we pack our goods in neutral cartons.<\/p>\n<p>5. What is your terms of delivery?<br \/>\nWe accept EXW,FOB,CIF,etc. You can choose the one which is the most convenient or cost effective for you.<\/p>\n<p>6. How to solve the quality problems after sales?<br \/>\nTake photos of the problems and send to us. We will make a satisfied solutionfor you within 24 hours after we confirm the<br \/>\nproblems.<\/p>\n<p>7. Is it OK to print my logo on pumps product?<br \/>\nYes. Please inform us formally before our production and confirm the design firstly based on our sample.<\/p>\n<p>8. You are manufacturer or trading company?<br \/>\nWe are factory. Welcome to visit our factory at anytime.<b> <\/b><\/p>\n","protected":false},"excerpt":{"rendered":"<p>Description du produit Nom de marque FREESEA Num\u00e9ro de mod\u00e8le S\u00e9rie XDC Nom du produit Pompes \u00e0 eau submersibles \u00e0 haut d\u00e9bit pour bassin \u00e0 ko\u00ef FREESEA DC Application<\/p>","protected":false},"featured_media":40429,"comment_status":"open","ping_status":"closed","template":"","meta":[],"product_cat":[306,85,71],"product_tag":[],"class_list":{"0":"post-40430","1":"product","2":"type-product","3":"status-publish","4":"has-post-thumbnail","6":"product_cat-clean-water-pump","7":"product_cat-corded-tools","8":"product_cat-power-tools","10":"first","11":"instock","12":"shipping-taxable","13":"purchasable","14":"product-type-simple"},"_links":{"self":[{"href":"https:\/\/meconstructionsupplies.com\/fr\/wp-json\/wp\/v2\/product\/40430","targetHints":{"allow":["GET"]}}],"collection":[{"href":"https:\/\/meconstructionsupplies.com\/fr\/wp-json\/wp\/v2\/product"}],"about":[{"href":"https:\/\/meconstructionsupplies.com\/fr\/wp-json\/wp\/v2\/types\/product"}],"replies":[{"embeddable":true,"href":"https:\/\/meconstructionsupplies.com\/fr\/wp-json\/wp\/v2\/comments?post=40430"}],"version-history":[{"count":4,"href":"https:\/\/meconstructionsupplies.com\/fr\/wp-json\/wp\/v2\/product\/40430\/revisions"}],"predecessor-version":[{"id":40684,"href":"https:\/\/meconstructionsupplies.com\/fr\/wp-json\/wp\/v2\/product\/40430\/revisions\/40684"}],"wp:featuredmedia":[{"embeddable":true,"href":"https:\/\/meconstructionsupplies.com\/fr\/wp-json\/wp\/v2\/media\/40429"}],"wp:attachment":[{"href":"https:\/\/meconstructionsupplies.com\/fr\/wp-json\/wp\/v2\/media?parent=40430"}],"wp:term":[{"taxonomy":"product_cat","embeddable":true,"href":"https:\/\/meconstructionsupplies.com\/fr\/wp-json\/wp\/v2\/product_cat?post=40430"},{"taxonomy":"product_tag","embeddable":true,"href":"https:\/\/meconstructionsupplies.com\/fr\/wp-json\/wp\/v2\/product_tag?post=40430"}],"curies":[{"name":"wp","href":"https:\/\/api.w.org\/{rel}","templated":true}]}}