{"id":40439,"date":"2024-12-24T06:48:14","date_gmt":"2024-12-24T06:48:14","guid":{"rendered":"https:\/\/meconstructionsupplies.com\/product\/high-quality-long-life-electrical-submersible-cast-iron-sewage-pump-motor-housing-for-basement-drainage-treatment\/"},"modified":"2024-12-25T08:47:19","modified_gmt":"2024-12-25T08:47:19","slug":"high-quality-long-life-electrical-submersible-cast-iron-sewage-pump-motor-housing-for-basement-drainage-treatment","status":"publish","type":"product","link":"https:\/\/meconstructionsupplies.com\/fr\/product\/high-quality-long-life-electrical-submersible-cast-iron-sewage-pump-motor-housing-for-basement-drainage-treatment\/","title":{"rendered":"Bo\u00eetier de moteur de pompe \u00e0 eaux us\u00e9es submersible \u00e9lectrique en fonte de haute qualit\u00e9 et longue dur\u00e9e de vie pour le traitement du drainage du sous-sol"},"content":{"rendered":"<div style=\"width: 540px;\" class=\"wp-video\"><!--[if lt IE 9]><script>document.createElement('video');<\/script><![endif]-->\n<video class=\"wp-video-shortcode\" id=\"video-40439-1\" width=\"540\" height=\"960\" preload=\"metadata\" controls=\"controls\"><source type=\"video\/mp4\" src=\"\/\/play.video.alibaba.com\/play\/u\/2153292369\/p\/1\/e\/6\/t\/10300\/328472453096.mp4?_=1\" \/><a href=\"\/\/play.video.alibaba.com\/play\/u\/2153292369\/p\/1\/e\/6\/t\/10300\/328472453096.mp4\">\/\/play.video.alibaba.com\/play\/u\/2153292369\/p\/1\/e\/6\/t\/10300\/328472453096.mp4<\/a><\/video><\/div>\n<p><img fetchpriority=\"high\" decoding=\"async\" class=\"alignnone \" src=\"\/\/sc04.alicdn.com\/kf\/Hed17051171d54b71b60d01a0807859355\/85077\/Hed17051171d54b71b60d01a0807859355.jpg\" width=\"539\" height=\"581\" \/><\/p>\n<p><img decoding=\"async\" class=\"alignnone size-medium\" src=\"\/\/sc04.alicdn.com\/kf\/Hcf06b22398ae46b99a2cefe1fecfe2f9H\/85077\/Hcf06b22398ae46b99a2cefe1fecfe2f9H.jpg\" width=\"640\" height=\"560\" \/><\/p>\n<h3><strong>Product Description<\/strong><\/h3>\n<hr style=\"border: 2px solid #000; margin-top: 5px; margin-bottom: 5px;\" \/>\n<p>Cast Iron\u00a0Sewage Pumps<br \/>\nModel No.: SW05008T\u00a0 \u00a0 \u00a0 \u00a0 \u00a0 \u00a0 \u00a0 \u00a0 \u00a0 \u00a0 \u00a0SW07508T\u00a0\u2022 Heavy-duty cast iron construction maximizes pump life \u2022 Piggyback tethered float switch for automatic or manual operation \u2022 Non-clog vortex impeller handles up to 2\u201d solids \u2022 Energy-efficient PSC motor with automatic reset thermal overload protection \u2022 Ball bearings for quiet operation \u2022 Oil-filled motor provides maximum heat dissipation and permanent lubrication \u2022 Graphite and ceramic mechanical sealed motor for long life<\/p>\n<p><img decoding=\"async\" class=\"alignnone \" src=\"\/\/sc04.alicdn.com\/kf\/Hae2bde775b784172bcf06179e62eda735\/85077\/Hae2bde775b784172bcf06179e62eda735.jpg\" width=\"543\" height=\"543\" \/><\/p>\n<h3><strong>Specification<\/strong><\/h3>\n<hr style=\"border: 2px solid #000; margin-top: 5px; margin-bottom: 5px;\" \/>\n<p><img loading=\"lazy\" decoding=\"async\" class=\"alignnone \" src=\"\/\/sc04.alicdn.com\/kf\/Hbdbaaa3ff9444ae6b65109a5a546c450A\/85077\/Hbdbaaa3ff9444ae6b65109a5a546c450A.jpg\" width=\"542\" height=\"630\" \/><\/p>\n<p><img loading=\"lazy\" decoding=\"async\" class=\"alignnone \" src=\"\/\/sc04.alicdn.com\/kf\/H1ae4c7958dc24c8fbf64817bf918adb94\/85077\/H1ae4c7958dc24c8fbf64817bf918adb94.jpg\" width=\"540\" height=\"279\" \/><\/p>\n<p>&nbsp;<\/p>\n<p><img loading=\"lazy\" decoding=\"async\" class=\"alignnone \" src=\"\/\/sc04.alicdn.com\/kf\/Hc8ec4b424c8647e2acafef264e5aa6bd3\/85077\/Hc8ec4b424c8647e2acafef264e5aa6bd3.jpg\" width=\"542\" height=\"732\" \/><\/p>\n<p>&nbsp;<\/p>\n<p><img loading=\"lazy\" decoding=\"async\" class=\"alignnone \" src=\"\/\/sc04.alicdn.com\/kf\/H546b68c7abbd412bbb517a832b6bcc96p\/85077\/H546b68c7abbd412bbb517a832b6bcc96p.jpg\" width=\"542\" height=\"661\" \/><\/p>\n<p><img loading=\"lazy\" decoding=\"async\" class=\"alignnone size-medium\" src=\"\/\/sc04.alicdn.com\/kf\/He6d92bb54931419c82c82c2eb35f9e0cI\/85077\/He6d92bb54931419c82c82c2eb35f9e0cI.jpg\" width=\"640\" height=\"560\" \/><\/p>\n<p>Q1.Are you manufacturer or trading company?A1.Yes, we are manufacturer and have been specialized in this industry since 1998,our factory and products have very good reputation among our clients. Q2.Where are you located?A2.SuZhou City,JiangSu Province,China. Q3.Can we be your distributor management?A3.Yes,sure.We encourage our client to be our distributors and we offer very good support here to help your business development. Q4.Will you accept custom design?A4.Yes,we have our own scientific research team and can help with new design products,no matter on product itself or on personalized packing,etc. Q5.What about date of delivery?A5.Depending on our stocks and also your order quantity,but will always try best to make it arrive as soon as possible to you. Q6.What about your MOQ?A6.Our MOQ is one set.<\/p>\n<p><img loading=\"lazy\" decoding=\"async\" class=\"alignnone \" src=\"\/\/sc04.alicdn.com\/kf\/H0fa5c2c5d8c14fb9bafa5fc00ea188233\/85077\/H0fa5c2c5d8c14fb9bafa5fc00ea188233.jpg\" width=\"542\" height=\"281\" \/><\/p>\n","protected":false},"excerpt":{"rendered":"<p>Description du produit Pompes \u00e0 eaux us\u00e9es en fonte Num\u00e9ro de mod\u00e8le : SW05008T SW07508T \u2022 Fonte robuste<\/p>","protected":false},"featured_media":40438,"comment_status":"open","ping_status":"closed","template":"","meta":[],"product_cat":[85,71,307],"product_tag":[],"class_list":{"0":"post-40439","1":"product","2":"type-product","3":"status-publish","4":"has-post-thumbnail","6":"product_cat-corded-tools","7":"product_cat-power-tools","8":"product_cat-sewage-pump","10":"first","11":"instock","12":"shipping-taxable","13":"purchasable","14":"product-type-simple"},"_links":{"self":[{"href":"https:\/\/meconstructionsupplies.com\/fr\/wp-json\/wp\/v2\/product\/40439","targetHints":{"allow":["GET"]}}],"collection":[{"href":"https:\/\/meconstructionsupplies.com\/fr\/wp-json\/wp\/v2\/product"}],"about":[{"href":"https:\/\/meconstructionsupplies.com\/fr\/wp-json\/wp\/v2\/types\/product"}],"replies":[{"embeddable":true,"href":"https:\/\/meconstructionsupplies.com\/fr\/wp-json\/wp\/v2\/comments?post=40439"}],"version-history":[{"count":4,"href":"https:\/\/meconstructionsupplies.com\/fr\/wp-json\/wp\/v2\/product\/40439\/revisions"}],"predecessor-version":[{"id":40686,"href":"https:\/\/meconstructionsupplies.com\/fr\/wp-json\/wp\/v2\/product\/40439\/revisions\/40686"}],"wp:featuredmedia":[{"embeddable":true,"href":"https:\/\/meconstructionsupplies.com\/fr\/wp-json\/wp\/v2\/media\/40438"}],"wp:attachment":[{"href":"https:\/\/meconstructionsupplies.com\/fr\/wp-json\/wp\/v2\/media?parent=40439"}],"wp:term":[{"taxonomy":"product_cat","embeddable":true,"href":"https:\/\/meconstructionsupplies.com\/fr\/wp-json\/wp\/v2\/product_cat?post=40439"},{"taxonomy":"product_tag","embeddable":true,"href":"https:\/\/meconstructionsupplies.com\/fr\/wp-json\/wp\/v2\/product_tag?post=40439"}],"curies":[{"name":"wp","href":"https:\/\/api.w.org\/{rel}","templated":true}]}}