{"id":40480,"date":"2024-12-24T07:31:39","date_gmt":"2024-12-24T07:31:39","guid":{"rendered":"https:\/\/meconstructionsupplies.com\/product\/china-manufacture-slurry-pump-for-sewage-waste-for-sale-pump-automatic-manure-machine-slurry-pump-supplier\/"},"modified":"2024-12-25T09:01:11","modified_gmt":"2024-12-25T09:01:11","slug":"china-manufacture-slurry-pump-for-sewage-waste-for-sale-pump-automatic-manure-machine-slurry-pump-supplier","status":"publish","type":"product","link":"https:\/\/meconstructionsupplies.com\/fr\/product\/china-manufacture-slurry-pump-for-sewage-waste-for-sale-pump-automatic-manure-machine-slurry-pump-supplier\/","title":{"rendered":"Pompe \u00e0 lisier de fabrication chinoise pour les eaux us\u00e9es \u00e0 vendre Pompe \u00e0 lisier automatique fournisseur de pompe \u00e0 lisier"},"content":{"rendered":"<div style=\"width: 540px;\" class=\"wp-video\"><!--[if lt IE 9]><script>document.createElement('video');<\/script><![endif]-->\n<video class=\"wp-video-shortcode\" id=\"video-40480-1\" width=\"540\" height=\"960\" preload=\"metadata\" controls=\"controls\"><source type=\"video\/mp4\" src=\"\/\/play.video.alibaba.com\/play\/u\/2153292369\/p\/1\/e\/6\/t\/10300\/423086116640.mp4?_=1\" \/><a href=\"\/\/play.video.alibaba.com\/play\/u\/2153292369\/p\/1\/e\/6\/t\/10300\/423086116640.mp4\">\/\/play.video.alibaba.com\/play\/u\/2153292369\/p\/1\/e\/6\/t\/10300\/423086116640.mp4<\/a><\/video><\/div>\n<h3><strong>Product Description<\/strong><\/h3>\n<hr style=\"border: 2px solid #000; margin-top: 5px; margin-bottom: 5px;\" \/>\n<p>We have 2 types of slurry sewage suction pump diesel, motor drive and diesel drive.Both motor and diesel engine power can be customized according to customer requirements. it is widely used in Farm sewage, septic tank cleaningindustrial sewage, pond dredging, mud hard, riversewage, municipal sewage. sludge pump consist of pump, diesel engine\/motor and trolly. VFD and camlock fitting can be provide as client requirement<\/p>\n<p><img fetchpriority=\"high\" decoding=\"async\" class=\"alignnone \" src=\"\/\/sc04.alicdn.com\/kf\/Hba71ccf8aa7b44919b4d8e69bd4520b2W\/272915672\/Hba71ccf8aa7b44919b4d8e69bd4520b2W.jpg\" width=\"541\" height=\"907\" \/><\/p>\n<p><img decoding=\"async\" class=\"alignnone \" src=\"\/\/sc04.alicdn.com\/kf\/H0eca906cc7a74e83a8e523fed84bbb24y\/272915672\/H0eca906cc7a74e83a8e523fed84bbb24y.jpg\" width=\"542\" height=\"523\" \/><\/p>\n<p><b>Instructions for use<b><b>1. Before the first start, it is necessary to fill the pump body with water to help form suction. The elbow above the pump body can be opened and added, and the suction pipe connection is forbidden to leak out.2. It is strictly prohibited for solid hard objects and longer soft objects to be sucked into the pump body, such as stones, iron wires, etc. If the gear is accidentally stuck, just reverse the pulley of the pump and remove the object from the inlet or suction.3. If there is a problem during use, contact customer service for you at the first time. Do not remove the pump by yourself.<b><b>Maintenance method<b><b>If the equipment is not used for a long time, you can choose to open the bottom drain hole, release the liquid in the pump body, clean the import and export with water, add lubricating oil and maintenance<b> <\/b><\/b><\/b><\/b><\/b><\/b><\/b><\/b><\/p>\n<h3><strong>Details Images<\/strong><\/h3>\n<hr style=\"border: 2px solid #000; margin-top: 5px; margin-bottom: 5px;\" \/>\n<p><img decoding=\"async\" class=\"alignnone \" src=\"\/\/sc04.alicdn.com\/kf\/H20ef2d83bdb94ee78a1cb9e212e8d1a2a\/272915672\/H20ef2d83bdb94ee78a1cb9e212e8d1a2a.jpg\" width=\"542\" height=\"605\" \/><\/p>\n<p><img loading=\"lazy\" decoding=\"async\" class=\"alignnone \" src=\"\/\/sc04.alicdn.com\/kf\/Hd7a479ad3a8f4dfe8c2cf7989bf052e2Z\/272915672\/Hd7a479ad3a8f4dfe8c2cf7989bf052e2Z.jpg\" width=\"543\" height=\"669\" \/><\/p>\n<p><img loading=\"lazy\" decoding=\"async\" class=\"alignnone \" src=\"\/\/sc04.alicdn.com\/kf\/He9fce69dc88247c5bc25b5692cac1e9eY\/272915672\/He9fce69dc88247c5bc25b5692cac1e9eY.jpg\" width=\"542\" height=\"628\" \/><\/p>\n<p><img loading=\"lazy\" decoding=\"async\" class=\"alignnone \" src=\"\/\/sc04.alicdn.com\/kf\/Hfe4030d0358a4c759fb6850ee02b0a7aS\/272915672\/Hfe4030d0358a4c759fb6850ee02b0a7aS.jpg\" width=\"540\" height=\"438\" \/><\/p>\n<p><img loading=\"lazy\" decoding=\"async\" class=\"alignnone \" src=\"\/\/sc04.alicdn.com\/kf\/H0b7b63f57a044e92b4c56c7f651b534c9\/272915672\/H0b7b63f57a044e92b4c56c7f651b534c9.jpg\" width=\"542\" height=\"337\" \/><\/p>\n<p><img loading=\"lazy\" decoding=\"async\" class=\"alignnone \" src=\"\/\/sc04.alicdn.com\/kf\/H89e958a35245480b9f9a106e9a73fab22\/272915672\/H89e958a35245480b9f9a106e9a73fab22.jpg\" width=\"537\" height=\"328\" \/><\/p>\n<h3><strong>Product Paramenters<\/strong><\/h3>\n<hr style=\"border: 2px solid #000; margin-top: 5px; margin-bottom: 5px;\" \/>\n<p><b>SThe performance parameter table only shows part of the products. For details, please consult our company\u2019s account manager, so that you can choose products for you more professionally.<b> <\/b><\/b><\/p>\n<h3><strong>Company Profile<\/strong><\/h3>\n<hr style=\"border: 2px solid #000; margin-top: 5px; margin-bottom: 5px;\" \/>\n<p><img loading=\"lazy\" decoding=\"async\" class=\"alignnone \" src=\"\/\/sc04.alicdn.com\/kf\/Hb4d556aa668646e78ffed70f65bc658al\/272915672\/Hb4d556aa668646e78ffed70f65bc658al.jpg\" width=\"542\" height=\"277\" \/><\/p>\n<h3><strong>Usage scenario<\/strong><\/h3>\n<hr style=\"border: 2px solid #000; margin-top: 5px; margin-bottom: 5px;\" \/>\n<p><img loading=\"lazy\" decoding=\"async\" class=\"alignnone \" src=\"\/\/sc04.alicdn.com\/kf\/H8f08bd5e37be4404a4e2ec705c63856ck\/272915672\/H8f08bd5e37be4404a4e2ec705c63856ck.jpg\" width=\"540\" height=\"383\" \/><\/p>\n<p><img loading=\"lazy\" decoding=\"async\" class=\"alignnone \" src=\"\/\/sc04.alicdn.com\/kf\/H800c27551c2e4992aaaf8acf53c066b0S\/272915672\/H800c27551c2e4992aaaf8acf53c066b0S.jpg\" width=\"544\" height=\"244\" \/><\/p>\n<p><img loading=\"lazy\" decoding=\"async\" class=\"alignnone \" src=\"\/\/sc04.alicdn.com\/kf\/Hea1cf6881bb4458d9b2c6678255ff8b1w\/272915672\/Hea1cf6881bb4458d9b2c6678255ff8b1w.jpg\" width=\"541\" height=\"816\" \/><\/p>\n<h3><strong>Exhibition<\/strong><\/h3>\n<hr style=\"border: 2px solid #000; margin-top: 5px; margin-bottom: 5px;\" \/>\n<p><img loading=\"lazy\" decoding=\"async\" class=\"alignnone \" src=\"\/\/sc04.alicdn.com\/kf\/H63832b71da744e86ba149072aa6fed84w\/272915672\/H63832b71da744e86ba149072aa6fed84w.jpg\" width=\"541\" height=\"447\" \/><\/p>\n<p><img loading=\"lazy\" decoding=\"async\" class=\"alignnone \" src=\"\/\/sc04.alicdn.com\/kf\/H666d62f31cd4413fb70793bdae15768eX\/272915672\/H666d62f31cd4413fb70793bdae15768eX.jpg\" width=\"542\" height=\"772\" \/><\/p>\n<p><img loading=\"lazy\" decoding=\"async\" class=\"alignnone \" src=\"\/\/sc04.alicdn.com\/kf\/H77fbd2dba9f24184b4fefd07077f625eO\/272915672\/H77fbd2dba9f24184b4fefd07077f625eO.jpg\" width=\"543\" height=\"665\" \/><\/p>\n<h3><strong>Packing &amp; Delivery<\/strong><\/h3>\n<hr style=\"border: 2px solid #000; margin-top: 5px; margin-bottom: 5px;\" \/>\n<p>Wooden case, iron frame, container, or Customized<\/p>\n<p><img loading=\"lazy\" decoding=\"async\" class=\"alignnone \" src=\"\/\/sc04.alicdn.com\/kf\/Hf03444aa9699422e9c451c2c17e903bbq\/272915672\/Hf03444aa9699422e9c451c2c17e903bbq.jpg\" width=\"549\" height=\"285\" \/><\/p>\n<p><img loading=\"lazy\" decoding=\"async\" class=\"alignnone \" src=\"\/\/sc04.alicdn.com\/kf\/H6c7d572ac6ec4f68a2693fab5a945494x\/272915672\/H6c7d572ac6ec4f68a2693fab5a945494x.jpg\" width=\"542\" height=\"354\" \/><\/p>\n<h3><strong>FAQ<\/strong><\/h3>\n<hr style=\"border: 2px solid #000; margin-top: 5px; margin-bottom: 5px;\" \/>\n<p><b><b><b>Q:Are you a factory or trading company?<b>A: Our company is a professional manufacturer and trader that is concerned with the design,developmentand production more than 20 years<b>Q:How can i get the quotation ?<b>A:Pls help to send the pump flow,head,power,caliber,voltage,frequency and quantity so that we could give you an accurate quotation <b>Q. What is your delivery time?<b>A: We have the stock with the sample order,7-15 days for container order. ( Busy season may need more days )<b>Q:What is your warranty ? What do we do in case of problems?<b>A:one year quality warranty is provided.In case of our quality problem, we will provide replacement by international courier.Immediate delivery of replacement parts with available in stock, and if not stocking, the time should be depending on material ordering time which is normally 10-15 days<b>Q.How can we install the pump?<b>A:We have professional installation team and could provide one stop installation guide<b>Q:What is your payment terms?<b>A:Normally, 30% &#8211; 50% of total amount by T\/T as deposit and balance before delivery. Irrevocable L\/C at sight is also acceptable. The sample order payment with Paypal,Western union are both ok.<b>Q: How to place order? <b>A:Send inquiry\u2192Basic quotation\u2192Confirm details\u2192 PI &amp; Contact\u2192Pay deposit\u2192Production (7-15 days)\u2192Pay balance\u2192Delivery (5-8 days by air, 28-35 days by sea.) \u2192After-sale service. <\/b><\/b><\/b><\/b><\/b><\/b><\/b><\/b><\/b><\/b><\/b><\/b><\/b><\/b><\/b><\/b><\/p>\n","protected":false},"excerpt":{"rendered":"<p>Description du produit Nous avons 2 types de pompes d&#039;aspiration des eaux us\u00e9es \u00e0 boues diesel, \u00e0 entra\u00eenement par moteur et \u00e0 entra\u00eenement diesel. Moteur et diesel<\/p>","protected":false},"featured_media":40479,"comment_status":"open","ping_status":"closed","template":"","meta":[],"product_cat":[85,71,307],"product_tag":[],"class_list":{"0":"post-40480","1":"product","2":"type-product","3":"status-publish","4":"has-post-thumbnail","6":"product_cat-corded-tools","7":"product_cat-power-tools","8":"product_cat-sewage-pump","10":"first","11":"instock","12":"shipping-taxable","13":"purchasable","14":"product-type-simple"},"_links":{"self":[{"href":"https:\/\/meconstructionsupplies.com\/fr\/wp-json\/wp\/v2\/product\/40480","targetHints":{"allow":["GET"]}}],"collection":[{"href":"https:\/\/meconstructionsupplies.com\/fr\/wp-json\/wp\/v2\/product"}],"about":[{"href":"https:\/\/meconstructionsupplies.com\/fr\/wp-json\/wp\/v2\/types\/product"}],"replies":[{"embeddable":true,"href":"https:\/\/meconstructionsupplies.com\/fr\/wp-json\/wp\/v2\/comments?post=40480"}],"version-history":[{"count":3,"href":"https:\/\/meconstructionsupplies.com\/fr\/wp-json\/wp\/v2\/product\/40480\/revisions"}],"predecessor-version":[{"id":40694,"href":"https:\/\/meconstructionsupplies.com\/fr\/wp-json\/wp\/v2\/product\/40480\/revisions\/40694"}],"wp:featuredmedia":[{"embeddable":true,"href":"https:\/\/meconstructionsupplies.com\/fr\/wp-json\/wp\/v2\/media\/40479"}],"wp:attachment":[{"href":"https:\/\/meconstructionsupplies.com\/fr\/wp-json\/wp\/v2\/media?parent=40480"}],"wp:term":[{"taxonomy":"product_cat","embeddable":true,"href":"https:\/\/meconstructionsupplies.com\/fr\/wp-json\/wp\/v2\/product_cat?post=40480"},{"taxonomy":"product_tag","embeddable":true,"href":"https:\/\/meconstructionsupplies.com\/fr\/wp-json\/wp\/v2\/product_tag?post=40480"}],"curies":[{"name":"wp","href":"https:\/\/api.w.org\/{rel}","templated":true}]}}