{"id":40573,"date":"2024-12-25T03:41:46","date_gmt":"2024-12-25T03:41:46","guid":{"rendered":"https:\/\/meconstructionsupplies.com\/product\/cordless-hammer-battery-drill-machine-customization-hammer-drill-machine-battery\/"},"modified":"2024-12-25T09:28:06","modified_gmt":"2024-12-25T09:28:06","slug":"cordless-hammer-battery-drill-machine-customization-hammer-drill-machine-battery","status":"publish","type":"product","link":"https:\/\/meconstructionsupplies.com\/fr\/product\/cordless-hammer-battery-drill-machine-customization-hammer-drill-machine-battery\/","title":{"rendered":"Perceuse \u00e0 percussion sans fil Personnalisation de la batterie de la perceuse \u00e0 percussion"},"content":{"rendered":"<div style=\"width: 540px;\" class=\"wp-video\"><!--[if lt IE 9]><script>document.createElement('video');<\/script><![endif]-->\n<video class=\"wp-video-shortcode\" id=\"video-40573-1\" width=\"540\" height=\"960\" preload=\"metadata\" controls=\"controls\"><source type=\"video\/mp4\" src=\"\/\/play.video.alibaba.com\/play\/u\/2153292369\/p\/1\/e\/6\/t\/10300\/423103396065.mp4?_=1\" \/><a href=\"\/\/play.video.alibaba.com\/play\/u\/2153292369\/p\/1\/e\/6\/t\/10300\/423103396065.mp4\">\/\/play.video.alibaba.com\/play\/u\/2153292369\/p\/1\/e\/6\/t\/10300\/423103396065.mp4<\/a><\/video><\/div>\n<h3><strong>Product Description<\/strong><\/h3>\n<hr style=\"border: 2px solid #000; margin-top: 5px; margin-bottom: 5px;\" \/>\n<div style=\"display: flex; background-color: #f2f2f2; padding: 10px; border-bottom: 1px solid #ddd;\">\n<div style=\"width: 40%; font-weight: bold;\">Product name:<\/div>\n<div style=\"width: 60%;\">20V-26 type three-function brushless charging heavy-duty electric hammer<\/div>\n<\/div>\n<div style=\"display: flex; background-color: #ffffff; padding: 10px; border-bottom: 1px solid #ddd;\">\n<div style=\"width: 40%; font-weight: bold;\">Model Number<\/div>\n<div style=\"width: 60%;\">FR-H9<\/div>\n<\/div>\n<div style=\"display: flex; background-color: #f2f2f2; padding: 10px; border-bottom: 1px solid #ddd;\">\n<div style=\"width: 40%; font-weight: bold;\">Rated Voltage<\/div>\n<div style=\"width: 60%;\">20V<\/div>\n<\/div>\n<div style=\"display: flex; background-color: #ffffff; padding: 10px; border-bottom: 1px solid #ddd;\">\n<div style=\"width: 40%; font-weight: bold;\">Battery Capacity<\/div>\n<div style=\"width: 60%;\">3.0AH\/4.0AH\/6.0AH<\/div>\n<\/div>\n<div style=\"display: flex; background-color: #f2f2f2; padding: 10px; border-bottom: 1px solid #ddd;\">\n<div style=\"width: 40%; font-weight: bold;\">Impact frequency<\/div>\n<div style=\"width: 60%;\">0-4500ipm<\/div>\n<\/div>\n<div style=\"display: flex; background-color: #ffffff; padding: 10px; border-bottom: 1px solid #ddd;\">\n<div style=\"width: 40%; font-weight: bold;\">No-load speed<\/div>\n<div style=\"width: 60%;\">0-1400 rpm<\/div>\n<\/div>\n<div style=\"display: flex; background-color: #f2f2f2; padding: 10px; border-bottom: 1px solid #ddd;\">\n<div style=\"width: 40%; font-weight: bold;\">Max drilling diameter<\/div>\n<div style=\"width: 60%;\">concrete22mm, steel13mm, wood28mm<\/div>\n<\/div>\n<div style=\"display: flex; background-color: #ffffff; padding: 10px; border-bottom: 1px solid #ddd;\">\n<div style=\"width: 40%; font-weight: bold;\">Single max hammering force<\/div>\n<div style=\"width: 60%;\">1.7 joules<\/div>\n<\/div>\n<div style=\"display: flex; background-color: #f2f2f2; padding: 10px; border-bottom: 1px solid #ddd;\">\n<div style=\"width: 40%; font-weight: bold;\">A single dimension<\/div>\n<div style=\"width: 60%;\">49*33*13<\/div>\n<\/div>\n<div style=\"display: flex; background-color: #ffffff; padding: 10px; border-bottom: 1px solid #ddd;\">\n<div style=\"width: 40%; font-weight: bold;\">Packing<\/div>\n<div style=\"width: 60%;\">carton box<\/div>\n<\/div>\n<div style=\"display: flex; background-color: #f2f2f2; padding: 10px; border-bottom: 1px solid #ddd;\">\n<div style=\"width: 40%; font-weight: bold;\">A single weight<\/div>\n<div style=\"width: 60%;\">7kg<\/div>\n<\/div>\n<h3>Rechargeable Lithium Battery Electric Hammer Multifunctional Brushless Heavy Duty Electric Hammer Power Tool<\/h3>\n<h3>Features:<br \/>\n&#8211; Multifunctional and practical, delicate, and durable!<br \/>\n&#8211; The machine is in combination with the functions of the electric hammer and electric drill. Turn the switch to transform<br \/>\nfunctions.<br \/>\n&#8211; Adjustable modes: 4 modes: Flat Drill Mode, Hammer Mode, Shovel Mode, Calibration Mode<br \/>\n&#8211; Damping auxiliary handle and ergonomic handle make it easier to use<br \/>\n&#8211; For drilling metal, wood, plastic, ceramic tiles, brick walls, granites, and screw twisting.<br \/>\n&#8211; Ventilation holes prevent the electric hammer from being overheated.<br \/>\n&#8211; The handle is wrapped up with rubber to prevent slipping.<\/h3>\n<p><img fetchpriority=\"high\" decoding=\"async\" class=\"alignnone \" src=\"\/\/sc04.alicdn.com\/kf\/H95346a1bdc9340ffbbabf9de3fd245c8c\/252473155\/H95346a1bdc9340ffbbabf9de3fd245c8c.jpg\" width=\"540\" height=\"425\" \/><\/p>\n<p><img decoding=\"async\" class=\"alignnone \" src=\"\/\/sc04.alicdn.com\/kf\/Ha418d30ec7754885aad54a0844aa17c6c\/252473155\/Ha418d30ec7754885aad54a0844aa17c6c.jpg\" width=\"540\" height=\"788\" \/><\/p>\n<p><img decoding=\"async\" class=\"alignnone \" src=\"\/\/sc04.alicdn.com\/kf\/H205756881d1d4e94966299eac46a2b1dD\/252473155\/H205756881d1d4e94966299eac46a2b1dD.jpg\" width=\"542\" height=\"678\" \/><\/p>\n<p><img loading=\"lazy\" decoding=\"async\" class=\"alignnone \" src=\"\/\/sc04.alicdn.com\/kf\/H1e6daeb40c8e45669916463ac00e9e96p\/252473155\/H1e6daeb40c8e45669916463ac00e9e96p.jpg\" width=\"543\" height=\"776\" \/><\/p>\n<p><img loading=\"lazy\" decoding=\"async\" class=\"alignnone \" src=\"\/\/sc04.alicdn.com\/kf\/H11ea830d42bb471ebbaef619e7d3df7df\/252473155\/H11ea830d42bb471ebbaef619e7d3df7df.jpg\" width=\"543\" height=\"719\" \/><\/p>\n<p><img loading=\"lazy\" decoding=\"async\" class=\"alignnone \" src=\"\/\/sc04.alicdn.com\/kf\/H0d09f7ee23374c9c82498f9c5955246bb\/252473155\/H0d09f7ee23374c9c82498f9c5955246bb.jpg\" width=\"544\" height=\"784\" \/><\/p>\n<p><img loading=\"lazy\" decoding=\"async\" class=\"alignnone \" src=\"\/\/sc04.alicdn.com\/kf\/Hecfc595bb239451c83330fee83625396Y\/252473155\/Hecfc595bb239451c83330fee83625396Y.jpg\" width=\"541\" height=\"783\" \/><\/p>\n<p><img loading=\"lazy\" decoding=\"async\" class=\"alignnone \" src=\"\/\/sc04.alicdn.com\/kf\/H39e5bb05b06842feada4e922d811c996k\/252473155\/H39e5bb05b06842feada4e922d811c996k.jpg\" width=\"538\" height=\"522\" \/><\/p>\n<p><img loading=\"lazy\" decoding=\"async\" class=\"alignnone \" src=\"\/\/sc04.alicdn.com\/kf\/Hb43b1ab819d0409895ec6b01b9fe7da8S\/252473155\/Hb43b1ab819d0409895ec6b01b9fe7da8S.jpg\" width=\"542\" height=\"683\" \/><\/p>\n<p><img loading=\"lazy\" decoding=\"async\" class=\"alignnone \" src=\"\/\/sc04.alicdn.com\/kf\/H5550ed13eff04caeb541805bf74fa869T\/252473155\/H5550ed13eff04caeb541805bf74fa869T.jpg\" width=\"541\" height=\"490\" \/><\/p>\n<h3><strong>Related Products<\/strong><\/h3>\n<hr style=\"border: 2px solid #000; margin-top: 5px; margin-bottom: 5px;\" \/>\n<p><img loading=\"lazy\" decoding=\"async\" class=\"alignnone \" src=\"\/\/sc04.alicdn.com\/kf\/H23147d802bdc47af90a10715b32caea3K\/252473155\/H23147d802bdc47af90a10715b32caea3K.jpg\" width=\"542\" height=\"542\" \/><\/p>\n<h3>20V-26 type three-function brushless charging hammer<\/h3>\n<h3>Model Number:S9Rated Voltage:20VBattery capacity:3.0AH\/4.0AH\/6.0AHImpact frequency:0-4900ipmNo-load speed:0-1400 rpmMax drilling diameter:Steel 12mm,Wood 30mm,Concrete 26mmSingle max hammering force:2.9 joules<\/h3>\n<p><img loading=\"lazy\" decoding=\"async\" class=\"alignnone \" src=\"\/\/sc04.alicdn.com\/kf\/He45db924a7dc4f4b9b2dfa8ee95abaa4Z\/252473155\/He45db924a7dc4f4b9b2dfa8ee95abaa4Z.jpg\" width=\"546\" height=\"546\" \/><\/p>\n<h3>20V-26 type three-function brushless charging heavy-duty electric hammer<\/h3>\n<h3>Model Number:Rated Voltage:20VBattery capacity:3.0AH\/4.0AH\/6.0AHImpact frequency:0-4500ipmNo-load speed:0-1400 rpmMax drilling diameter:concrete22mm, steel13mm, wood28mmSingle max hammering force:1.7 joules<\/h3>\n<h3><strong>Company Profile<\/strong><\/h3>\n<hr style=\"border: 2px solid #000; margin-top: 5px; margin-bottom: 5px;\" \/>\n<p><img loading=\"lazy\" decoding=\"async\" class=\"alignnone \" src=\"\/\/sc04.alicdn.com\/kf\/Hdf5c7d4241a444dea51119b787711d56q\/252473155\/Hdf5c7d4241a444dea51119b787711d56q.png\" width=\"546\" height=\"734\" \/><\/p>\n<p><img loading=\"lazy\" decoding=\"async\" class=\"alignnone \" src=\"\/\/sc04.alicdn.com\/kf\/Hd21964f5b7464015bfe2c2178386aa5bq\/252473155\/Hd21964f5b7464015bfe2c2178386aa5bq.jpg\" width=\"540\" height=\"405\" \/><\/p>\n<p><img loading=\"lazy\" decoding=\"async\" class=\"alignnone \" src=\"\/\/sc04.alicdn.com\/kf\/H044b1731541347fba2984e5f305cb0e5B\/252473155\/H044b1731541347fba2984e5f305cb0e5B.jpg\" width=\"548\" height=\"411\" \/><\/p>\n<p><img loading=\"lazy\" decoding=\"async\" class=\"alignnone \" src=\"\/\/sc04.alicdn.com\/kf\/H2be1a68b1282439697243e6ae9482fedY\/252473155\/H2be1a68b1282439697243e6ae9482fedY.png\" width=\"548\" height=\"774\" \/><\/p>\n<p><img loading=\"lazy\" decoding=\"async\" class=\"alignnone \" src=\"\/\/sc04.alicdn.com\/kf\/H8a9c02fc0d734324b9596068f4511daeB\/252473155\/H8a9c02fc0d734324b9596068f4511daeB.jpg\" width=\"543\" height=\"724\" \/><\/p>\n<p><img loading=\"lazy\" decoding=\"async\" class=\"alignnone \" src=\"\/\/sc04.alicdn.com\/kf\/H8d2223dd19d049d0bf64e98b1aea80e5P\/252473155\/H8d2223dd19d049d0bf64e98b1aea80e5P.jpg\" width=\"544\" height=\"725\" \/><\/p>\n<p><img loading=\"lazy\" decoding=\"async\" class=\"alignnone \" src=\"\/\/sc04.alicdn.com\/kf\/H7b079ff803a146619fce58fbc7e8ccbeN\/252473155\/H7b079ff803a146619fce58fbc7e8ccbeN.jpg\" width=\"539\" height=\"718\" \/><\/p>\n<p><img loading=\"lazy\" decoding=\"async\" class=\"alignnone \" src=\"\/\/sc04.alicdn.com\/kf\/H75ab6777422b4e82b2d315bd4862511bL\/252473155\/H75ab6777422b4e82b2d315bd4862511bL.jpg\" width=\"542\" height=\"722\" \/><\/p>\n<p><img loading=\"lazy\" decoding=\"async\" class=\"alignnone \" src=\"\/\/sc04.alicdn.com\/kf\/H6537880fa46c4eeea40b53a08ed958e4l\/252473155\/H6537880fa46c4eeea40b53a08ed958e4l.jpg\" width=\"542\" height=\"722\" \/><\/p>\n<p><img loading=\"lazy\" decoding=\"async\" class=\"alignnone \" src=\"\/\/sc04.alicdn.com\/kf\/H75469e986ff24609b9992ecd9c7feffe6\/252473155\/H75469e986ff24609b9992ecd9c7feffe6.jpg\" width=\"543\" height=\"724\" \/><\/p>\n<p><img loading=\"lazy\" decoding=\"async\" class=\"alignnone \" src=\"\/\/sc04.alicdn.com\/kf\/Hbc515d5cc3c348ca8e2a095fa8ce1f418\/252473155\/Hbc515d5cc3c348ca8e2a095fa8ce1f418.jpg\" width=\"546\" height=\"728\" \/><\/p>\n<p><b>Show Room<b> <\/b><\/b><\/p>\n<p><img loading=\"lazy\" decoding=\"async\" class=\"alignnone \" src=\"\/\/sc04.alicdn.com\/kf\/H39c64bc8fc5c4e9f839dfe2c0910fbb2V\/252473155\/H39c64bc8fc5c4e9f839dfe2c0910fbb2V.jpg\" width=\"544\" height=\"408\" \/><\/p>\n<p><img loading=\"lazy\" decoding=\"async\" class=\"alignnone \" src=\"\/\/sc04.alicdn.com\/kf\/Ha2932e79022840719de7e7964680bf70p\/252473155\/Ha2932e79022840719de7e7964680bf70p.jpg\" width=\"549\" height=\"412\" \/><\/p>\n<p><b>Our Team<b> <\/b><\/b><\/p>\n<p><img loading=\"lazy\" decoding=\"async\" class=\"alignnone \" src=\"\/\/sc04.alicdn.com\/kf\/H1e4a2253ee934f91abbae5d747b541d72\/252473155\/H1e4a2253ee934f91abbae5d747b541d72.jpg\" width=\"548\" height=\"411\" \/><\/p>\n<p><img loading=\"lazy\" decoding=\"async\" class=\"alignnone \" src=\"\/\/sc04.alicdn.com\/kf\/H2ce821734b444e38a3011d3446e6ee777\/252473155\/H2ce821734b444e38a3011d3446e6ee777.jpg\" width=\"549\" height=\"412\" \/><\/p>\n<p><img loading=\"lazy\" decoding=\"async\" class=\"alignnone \" src=\"\/\/sc04.alicdn.com\/kf\/H31aa9ebb3fd2479e8ca5eb5351ada3be0\/252473155\/H31aa9ebb3fd2479e8ca5eb5351ada3be0.jpg\" width=\"542\" height=\"305\" \/><\/p>\n<p><img loading=\"lazy\" decoding=\"async\" class=\"alignnone \" src=\"\/\/sc04.alicdn.com\/kf\/Hbb8e396e4bc5419c848d2cbe794cd9ad6\/252473155\/Hbb8e396e4bc5419c848d2cbe794cd9ad6.jpg\" width=\"543\" height=\"1174\" \/><\/p>\n<p><img loading=\"lazy\" decoding=\"async\" class=\"alignnone \" src=\"\/\/sc04.alicdn.com\/kf\/H0fc3577b80204840854b5e926aabc73ep\/252473155\/H0fc3577b80204840854b5e926aabc73ep.jpg\" width=\"548\" height=\"1185\" \/><\/p>\n<h3><strong>Exhibition<\/strong><\/h3>\n<hr style=\"border: 2px solid #000; margin-top: 5px; margin-bottom: 5px;\" \/>\n<p><img loading=\"lazy\" decoding=\"async\" class=\"alignnone \" src=\"\/\/sc04.alicdn.com\/kf\/H98c7a14a5b934c0bb96deb878c2eb070T\/252473155\/H98c7a14a5b934c0bb96deb878c2eb070T.jpg\" width=\"544\" height=\"408\" \/><\/p>\n<p><img loading=\"lazy\" decoding=\"async\" class=\"alignnone \" src=\"\/\/sc04.alicdn.com\/kf\/H13420a2540744f23bd425e76f8838052v\/252473155\/H13420a2540744f23bd425e76f8838052v.jpg\" width=\"549\" height=\"309\" \/><\/p>\n<p><img loading=\"lazy\" decoding=\"async\" class=\"alignnone \" src=\"\/\/sc04.alicdn.com\/kf\/Hca56c9bf977c49dabaa7d6f87bc6f45fv\/252473155\/Hca56c9bf977c49dabaa7d6f87bc6f45fv.jpg\" width=\"557\" height=\"418\" \/><\/p>\n<p><img loading=\"lazy\" decoding=\"async\" class=\"alignnone \" src=\"\/\/sc04.alicdn.com\/kf\/H7180ac1378a84a9e988a2f42e79eba6cv\/252473155\/H7180ac1378a84a9e988a2f42e79eba6cv.jpg\" width=\"549\" height=\"270\" \/><\/p>\n<p><img loading=\"lazy\" decoding=\"async\" class=\"alignnone \" src=\"\/\/sc04.alicdn.com\/kf\/Hd6197f3f372642d28e8f4c3861e879cff\/252473155\/Hd6197f3f372642d28e8f4c3861e879cff.jpg\" width=\"559\" height=\"419\" \/><\/p>\n<p><img loading=\"lazy\" decoding=\"async\" class=\"alignnone \" src=\"\/\/sc04.alicdn.com\/kf\/Hd29f9952f82a40f69183a3680ddc9265i\/252473155\/Hd29f9952f82a40f69183a3680ddc9265i.jpg\" width=\"543\" height=\"407\" \/><\/p>\n<h3><strong>Customer Evaluation<\/strong><\/h3>\n<hr style=\"border: 2px solid #000; margin-top: 5px; margin-bottom: 5px;\" \/>\n<p><img loading=\"lazy\" decoding=\"async\" class=\"alignnone \" src=\"\/\/sc04.alicdn.com\/kf\/Hb90850c928324e22a484e200c8d67ba9Y\/252473155\/Hb90850c928324e22a484e200c8d67ba9Y.jpg\" width=\"544\" height=\"400\" \/><\/p>\n<p><img loading=\"lazy\" decoding=\"async\" class=\"alignnone \" src=\"\/\/sc04.alicdn.com\/kf\/Hfc5664facdeb46a792ac2e54272e58c0M\/252473155\/Hfc5664facdeb46a792ac2e54272e58c0M.jpg\" width=\"551\" height=\"807\" \/><\/p>\n<h3><strong>Packing &amp; Delivery<\/strong><\/h3>\n<hr style=\"border: 2px solid #000; margin-top: 5px; margin-bottom: 5px;\" \/>\n<p><img loading=\"lazy\" decoding=\"async\" class=\"alignnone \" src=\"\/\/sc04.alicdn.com\/kf\/H5e6583fbd7904b309766546006b4c2318\/252473155\/H5e6583fbd7904b309766546006b4c2318.jpg\" width=\"559\" height=\"419\" \/><\/p>\n<p><img loading=\"lazy\" decoding=\"async\" class=\"alignnone \" src=\"\/\/sc04.alicdn.com\/kf\/H292b1aa6fd284883930d455cc009a7ccl\/252473155\/H292b1aa6fd284883930d455cc009a7ccl.png\" width=\"544\" height=\"446\" \/><\/p>\n<p><img loading=\"lazy\" decoding=\"async\" class=\"alignnone \" src=\"\/\/sc04.alicdn.com\/kf\/H20a6c1d56e0a499ca3f5bfb48c869f0eN\/252473155\/H20a6c1d56e0a499ca3f5bfb48c869f0eN.jpg\" width=\"542\" height=\"541\" \/><\/p>\n<h3><strong>FAQ<\/strong><\/h3>\n<hr style=\"border: 2px solid #000; margin-top: 5px; margin-bottom: 5px;\" \/>\n<p><b>Q: Why choose us?<b>A: We have 100% QC inspection before shipping,competitive price.<b>Q: <b><b>Can you help me design or modified the products as we request?<b>A\uff1aWe have a R&amp;D capability and professional &amp;efficient team,so custom service and OEM\/ODM are welcomed.we will try our best to make it out as long as you have agood idea. <b>Q: How can we guarantee quality?<b><b><b>A: Always a pre-production sample before mass production; Always final Inspection before shipment;<br \/>\n<\/b><\/b><\/b><\/b><\/b><\/b><\/b><\/b><\/b><\/b><\/p>\n","protected":false},"excerpt":{"rendered":"<p>Description du produit Nom du produit : marteau \u00e9lectrique robuste \u00e0 chargement sans balais \u00e0 trois fonctions de type 20V-26 Num\u00e9ro de mod\u00e8le FR-H9 Tension nominale 20 V Capacit\u00e9 de la batterie<\/p>","protected":false},"featured_media":40572,"comment_status":"open","ping_status":"closed","template":"","meta":[],"product_cat":[76,72,71],"product_tag":[],"class_list":{"0":"post-40573","1":"product","2":"type-product","3":"status-publish","4":"has-post-thumbnail","6":"product_cat-cordless-hammers","7":"product_cat-cordless-tools","8":"product_cat-power-tools","10":"first","11":"instock","12":"shipping-taxable","13":"purchasable","14":"product-type-simple"},"_links":{"self":[{"href":"https:\/\/meconstructionsupplies.com\/fr\/wp-json\/wp\/v2\/product\/40573","targetHints":{"allow":["GET"]}}],"collection":[{"href":"https:\/\/meconstructionsupplies.com\/fr\/wp-json\/wp\/v2\/product"}],"about":[{"href":"https:\/\/meconstructionsupplies.com\/fr\/wp-json\/wp\/v2\/types\/product"}],"replies":[{"embeddable":true,"href":"https:\/\/meconstructionsupplies.com\/fr\/wp-json\/wp\/v2\/comments?post=40573"}],"version-history":[{"count":3,"href":"https:\/\/meconstructionsupplies.com\/fr\/wp-json\/wp\/v2\/product\/40573\/revisions"}],"predecessor-version":[{"id":40710,"href":"https:\/\/meconstructionsupplies.com\/fr\/wp-json\/wp\/v2\/product\/40573\/revisions\/40710"}],"wp:featuredmedia":[{"embeddable":true,"href":"https:\/\/meconstructionsupplies.com\/fr\/wp-json\/wp\/v2\/media\/40572"}],"wp:attachment":[{"href":"https:\/\/meconstructionsupplies.com\/fr\/wp-json\/wp\/v2\/media?parent=40573"}],"wp:term":[{"taxonomy":"product_cat","embeddable":true,"href":"https:\/\/meconstructionsupplies.com\/fr\/wp-json\/wp\/v2\/product_cat?post=40573"},{"taxonomy":"product_tag","embeddable":true,"href":"https:\/\/meconstructionsupplies.com\/fr\/wp-json\/wp\/v2\/product_tag?post=40573"}],"curies":[{"name":"wp","href":"https:\/\/api.w.org\/{rel}","templated":true}]}}