{"id":40591,"date":"2024-12-25T03:58:41","date_gmt":"2024-12-25T03:58:41","guid":{"rendered":"https:\/\/meconstructionsupplies.com\/product\/hot-sale-oem-super-torque-650n-m-brushless-motor-auto-repair-tool-21v-lithium-wrench-send-a-battery-wireless-electric-wrench\/"},"modified":"2024-12-26T01:26:57","modified_gmt":"2024-12-26T01:26:57","slug":"hot-sale-oem-super-torque-650n-m-brushless-motor-auto-repair-tool-21v-lithium-wrench-send-a-battery-wireless-electric-wrench","status":"publish","type":"product","link":"https:\/\/meconstructionsupplies.com\/fr\/product\/hot-sale-oem-super-torque-650n-m-brushless-motor-auto-repair-tool-21v-lithium-wrench-send-a-battery-wireless-electric-wrench\/","title":{"rendered":"Vente chaude OEM Super Torque 650N.m Moteur sans balais Outil de r\u00e9paration automatique Cl\u00e9 au lithium 21v Envoyer une batterie Cl\u00e9 \u00e9lectrique sans fil"},"content":{"rendered":"<div style=\"width: 540px;\" class=\"wp-video\"><!--[if lt IE 9]><script>document.createElement('video');<\/script><![endif]-->\n<video class=\"wp-video-shortcode\" id=\"video-40591-1\" width=\"540\" height=\"960\" preload=\"metadata\" controls=\"controls\"><source type=\"video\/mp4\" src=\"\/\/play.video.alibaba.com\/play\/u\/2153292369\/p\/1\/e\/6\/t\/10300\/455634867730.mp4?_=1\" \/><a href=\"\/\/play.video.alibaba.com\/play\/u\/2153292369\/p\/1\/e\/6\/t\/10300\/455634867730.mp4\">\/\/play.video.alibaba.com\/play\/u\/2153292369\/p\/1\/e\/6\/t\/10300\/455634867730.mp4<\/a><\/video><\/div>\n<h3><strong>Products Description<\/strong><\/h3>\n<hr style=\"border: 2px solid #000; margin-top: 5px; margin-bottom: 5px;\" \/>\n<p><img fetchpriority=\"high\" decoding=\"async\" class=\"alignnone \" src=\"\/\/sc04.alicdn.com\/kf\/H96d68e91bb564db6bda30b726b26e616H\/272154266\/H96d68e91bb564db6bda30b726b26e616H.png\" width=\"540\" height=\"408\" \/><\/p>\n<p><img decoding=\"async\" class=\"alignnone \" src=\"\/\/sc04.alicdn.com\/kf\/H2035fe3cd1824268bce5bf82a09f302f5\/272154266\/H2035fe3cd1824268bce5bf82a09f302f5.jpg\" width=\"544\" height=\"544\" \/><\/p>\n<p><img decoding=\"async\" class=\"alignnone \" src=\"\/\/sc04.alicdn.com\/kf\/Hd7f2cb01007a40a7935cd01c6c136509H\/272154266\/Hd7f2cb01007a40a7935cd01c6c136509H.jpg\" width=\"540\" height=\"540\" \/><\/p>\n<p><img loading=\"lazy\" decoding=\"async\" class=\"alignnone \" src=\"\/\/sc04.alicdn.com\/kf\/He99839b4676c44f69f298f163774d125S\/272154266\/He99839b4676c44f69f298f163774d125S.jpg\" width=\"543\" height=\"543\" \/><\/p>\n<p><img loading=\"lazy\" decoding=\"async\" class=\"alignnone \" src=\"\/\/sc04.alicdn.com\/kf\/H442b330e7f8f467ab6de2b0cef3905c4O\/272154266\/H442b330e7f8f467ab6de2b0cef3905c4O.jpg\" width=\"541\" height=\"541\" \/><\/p>\n<h3><strong>Company Profile<\/strong><\/h3>\n<hr style=\"border: 2px solid #000; margin-top: 5px; margin-bottom: 5px;\" \/>\n<p><img loading=\"lazy\" decoding=\"async\" class=\"alignnone \" src=\"\/\/sc04.alicdn.com\/kf\/Hbda00b49b1a743d79eae2fc919483f51P\/272154266\/Hbda00b49b1a743d79eae2fc919483f51P.jpg\" width=\"544\" height=\"659\" \/><\/p>\n<p><img loading=\"lazy\" decoding=\"async\" class=\"alignnone \" src=\"\/\/sc04.alicdn.com\/kf\/H8e67fbfd5e1948f3ba19bf3a17fb4554R\/272154266\/H8e67fbfd5e1948f3ba19bf3a17fb4554R.png\" width=\"541\" height=\"180\" \/><\/p>\n<p><img loading=\"lazy\" decoding=\"async\" class=\"alignnone \" src=\"\/\/sc04.alicdn.com\/kf\/He139ce6797404cc1bc07d2ed89093385Y\/272154266\/He139ce6797404cc1bc07d2ed89093385Y.png\" width=\"541\" height=\"180\" \/><\/p>\n<p><img loading=\"lazy\" decoding=\"async\" class=\"alignnone \" src=\"\/\/sc04.alicdn.com\/kf\/H42b831313ea14ef88cc0d8bb0f9fd4b3p\/272154266\/H42b831313ea14ef88cc0d8bb0f9fd4b3p.png\" width=\"541\" height=\"361\" \/><\/p>\n<h3><strong>Office<\/strong><\/h3>\n<hr style=\"border: 2px solid #000; margin-top: 5px; margin-bottom: 5px;\" \/>\n<p><img loading=\"lazy\" decoding=\"async\" class=\"alignnone \" src=\"\/\/sc04.alicdn.com\/kf\/Hc3b39aca92e14d8297523cd295274c85M\/272154266\/Hc3b39aca92e14d8297523cd295274c85M.png\" width=\"540\" height=\"353\" \/><\/p>\n<p><img loading=\"lazy\" decoding=\"async\" class=\"alignnone \" src=\"\/\/sc04.alicdn.com\/kf\/H0b36eac82bed4396970f25904369a3493\/272154266\/H0b36eac82bed4396970f25904369a3493.png\" width=\"540\" height=\"353\" \/><\/p>\n<h3><strong>Payment &amp; Shipping<\/strong><\/h3>\n<hr style=\"border: 2px solid #000; margin-top: 5px; margin-bottom: 5px;\" \/>\n<p><img loading=\"lazy\" decoding=\"async\" class=\"alignnone \" src=\"\/\/sc04.alicdn.com\/kf\/H2254c90d1a414866bdeb77a5768ee4ffl\/272154266\/H2254c90d1a414866bdeb77a5768ee4ffl.jpg\" width=\"542\" height=\"55\" \/><\/p>\n<p><img loading=\"lazy\" decoding=\"async\" class=\"alignnone \" src=\"\/\/sc04.alicdn.com\/kf\/H779be3c8c1aa49bdabf1cbac416467148\/272154266\/H779be3c8c1aa49bdabf1cbac416467148.png\" width=\"540\" height=\"302\" \/><\/p>\n<p><img loading=\"lazy\" decoding=\"async\" class=\"alignnone size-medium\" src=\"\/\/sc04.alicdn.com\/kf\/H1f7f348c38af4280a0a45ceb5c06e7acp\/272154266\/H1f7f348c38af4280a0a45ceb5c06e7acp.jpg\" width=\"640\" height=\"560\" \/><\/p>\n<h3><strong>Package delivery<\/strong><\/h3>\n<hr style=\"border: 2px solid #000; margin-top: 5px; margin-bottom: 5px;\" \/>\n<p><img loading=\"lazy\" decoding=\"async\" class=\"alignnone \" src=\"\/\/sc04.alicdn.com\/kf\/H516dade2bf11450db7d135eff230ea78A\/272154266\/H516dade2bf11450db7d135eff230ea78A.jpg\" width=\"542\" height=\"289\" \/><\/p>\n<h3><strong>FAQ<\/strong><\/h3>\n<hr style=\"border: 2px solid #000; margin-top: 5px; margin-bottom: 5px;\" \/>\n<p>Q1. Are you manufacture or trading company?<br \/>\nA: We are <b>a factory and a trading company. Our main products include network products such as optical networks<b>, optical fibers,optical splitters, PSU adapters, wires and cables.<\/b><\/b><\/p>\n<p>Q2. What&#8217;s the <b>MOQ<b>?<br \/>\nA: <b>1 pcs available<b>.<\/b><\/b><\/b><\/b><\/p>\n<p>Q3. Can we negotiate the price to take more discount?<br \/>\nA: Yes, <b>price negotiation available<b>, base on mutual benefit according to the purchasing qty.<\/b><\/b><\/p>\n<p>Q4. What&#8217;s the lead time for mass production order?<br \/>\nA: <b>7-15 days of lead time<b>, super large order need to negotiate time by time.<\/b><\/b><\/p>\n<p>Q5. How we make <b>payment<b>?<br \/>\nA: We <b>prefer T\/T<b>, but <b>other payment also available<b> as per negotiation.<\/b><\/b><\/b><\/b><\/b><\/b><\/p>\n<p>Q6. What&#8217;s the warranty time for the products?<br \/>\nA: We <b>warranty 1 Year<b>.<\/b><\/b><\/p>\n<p>Q7. Can you support OEM\/ODM?<br \/>\nA: Yes, we can, <b>mainly OEM<b>, <b>ODM also available<b>.<\/b><\/b><\/b><\/b><\/p>\n<p>Q8. Can we mark our <b>logo<b> on products, customize the <b>packing<b> method?<br \/>\nA: Yes, both available, purchasing qty should be large enough cover design and production.<br \/>\nQ9.TESTEN SIE ALLE IHRE WAREN VOR DER LIEFERUNG?A: JA. WIR HABEN VOR DER LIEFERUNG <b>100% TEST<b><br \/>\nQ10.KANN ICH VERSCHIEDENES MODELL\/COLORIN EINE BESTELLUNG MISCH? A: JA, VERSCHIEDENES MODELL\/FARBE KANN EINEN BESTELLUNG MIXEDIN SEIN. <\/b><\/b><\/b><\/b><\/b><\/b><\/p>\n","protected":false},"excerpt":{"rendered":"<p>Description des produits Profil de l&#039;entreprise Bureau Paiement et exp\u00e9dition Livraison de colis FAQ Q1. \u00cates-vous un fabricant ou une soci\u00e9t\u00e9 commerciale ? R : Nous<\/p>","protected":false},"featured_media":40590,"comment_status":"open","ping_status":"closed","template":"","meta":[],"product_cat":[72,77,71],"product_tag":[],"class_list":{"0":"post-40591","1":"product","2":"type-product","3":"status-publish","4":"has-post-thumbnail","6":"product_cat-cordless-tools","7":"product_cat-cordless-wrenches","8":"product_cat-power-tools","10":"first","11":"instock","12":"shipping-taxable","13":"purchasable","14":"product-type-simple"},"_links":{"self":[{"href":"https:\/\/meconstructionsupplies.com\/fr\/wp-json\/wp\/v2\/product\/40591","targetHints":{"allow":["GET"]}}],"collection":[{"href":"https:\/\/meconstructionsupplies.com\/fr\/wp-json\/wp\/v2\/product"}],"about":[{"href":"https:\/\/meconstructionsupplies.com\/fr\/wp-json\/wp\/v2\/types\/product"}],"replies":[{"embeddable":true,"href":"https:\/\/meconstructionsupplies.com\/fr\/wp-json\/wp\/v2\/comments?post=40591"}],"version-history":[{"count":3,"href":"https:\/\/meconstructionsupplies.com\/fr\/wp-json\/wp\/v2\/product\/40591\/revisions"}],"predecessor-version":[{"id":40714,"href":"https:\/\/meconstructionsupplies.com\/fr\/wp-json\/wp\/v2\/product\/40591\/revisions\/40714"}],"wp:featuredmedia":[{"embeddable":true,"href":"https:\/\/meconstructionsupplies.com\/fr\/wp-json\/wp\/v2\/media\/40590"}],"wp:attachment":[{"href":"https:\/\/meconstructionsupplies.com\/fr\/wp-json\/wp\/v2\/media?parent=40591"}],"wp:term":[{"taxonomy":"product_cat","embeddable":true,"href":"https:\/\/meconstructionsupplies.com\/fr\/wp-json\/wp\/v2\/product_cat?post=40591"},{"taxonomy":"product_tag","embeddable":true,"href":"https:\/\/meconstructionsupplies.com\/fr\/wp-json\/wp\/v2\/product_tag?post=40591"}],"curies":[{"name":"wp","href":"https:\/\/api.w.org\/{rel}","templated":true}]}}