{"id":29591,"date":"2024-11-18T01:07:15","date_gmt":"2024-11-18T01:07:15","guid":{"rendered":"https:\/\/meconstructionsupplies.com\/product\/good-quality-compact-design-vibrating-bull-float-easy-operation-handle-magnesium-bull-float\/"},"modified":"2024-12-02T08:10:51","modified_gmt":"2024-12-02T08:10:51","slug":"good-quality-compact-design-vibrating-bull-float-easy-operation-handle-magnesium-bull-float","status":"publish","type":"product","link":"https:\/\/meconstructionsupplies.com\/zh\/product\/good-quality-compact-design-vibrating-bull-float-easy-operation-handle-magnesium-bull-float\/","title":{"rendered":"\u4f18\u8d28\u7d27\u51d1\u578b\u8bbe\u8ba1\u632f\u52a8\u725b\u6d6e\u5b50\u6613\u4e8e\u64cd\u4f5c\u624b\u67c4\u9541\u725b\u6d6e\u5b50"},"content":{"rendered":"<div style=\"width: 540px;\" class=\"wp-video\"><!--[if lt IE 9]><script>document.createElement('video');<\/script><![endif]-->\n<video class=\"wp-video-shortcode\" id=\"video-29591-1\" width=\"540\" height=\"960\" preload=\"metadata\" controls=\"controls\"><source type=\"video\/mp4\" src=\"\/\/play.video.alibaba.com\/play\/u\/2153292369\/p\/1\/e\/6\/t\/10300\/316066400564.mp4?_=1\" \/><a href=\"\/\/play.video.alibaba.com\/play\/u\/2153292369\/p\/1\/e\/6\/t\/10300\/316066400564.mp4\">\/\/play.video.alibaba.com\/play\/u\/2153292369\/p\/1\/e\/6\/t\/10300\/316066400564.mp4<\/a><\/video><\/div>\n<p style=\"text-align: center;\"><span style=\"font-size: 24px;\">Good Quality Compact Design Vibrating Bull Float Easy Operation Handle Magnesium Bull Float<\/span><\/p>\n<p><img fetchpriority=\"high\" decoding=\"async\" class=\"alignnone \" src=\"\/\/sc04.alicdn.com\/kf\/Hf0f452ec35e6451c842fab3a330ece2fX\/225662978\/Hf0f452ec35e6451c842fab3a330ece2fX.jpg\" width=\"541\" height=\"646\" \/><\/p>\n<p><img decoding=\"async\" class=\"alignnone \" src=\"\/\/sc04.alicdn.com\/kf\/He326deae69c7403ea3ec6c828025ac13Y\/225662978\/He326deae69c7403ea3ec6c828025ac13Y.jpg\" width=\"541\" height=\"646\" \/><\/p>\n<p><img decoding=\"async\" class=\"alignnone \" src=\"\/\/sc04.alicdn.com\/kf\/Ha583eb7f9b3349d7b761a0b8c82aff55e\/225662978\/Ha583eb7f9b3349d7b761a0b8c82aff55e.jpg\" width=\"544\" height=\"649\" \/><\/p>\n<p><img loading=\"lazy\" decoding=\"async\" class=\"alignnone \" src=\"\/\/sc04.alicdn.com\/kf\/Hbda1d22968a341dc8538c68a03c0b456H\/225662978\/Hbda1d22968a341dc8538c68a03c0b456H.jpg\" width=\"542\" height=\"647\" \/><\/p>\n<p><img loading=\"lazy\" decoding=\"async\" class=\"alignnone \" src=\"\/\/sc04.alicdn.com\/kf\/Ha4afaa9deb2440b18c9c9ad650a60838p\/225662978\/Ha4afaa9deb2440b18c9c9ad650a60838p.jpg\" width=\"540\" height=\"645\" \/><\/p>\n<p><img loading=\"lazy\" decoding=\"async\" class=\"alignnone \" src=\"\/\/sc04.alicdn.com\/kf\/Hcf6a30a619324f728ce61f6a69439a61t\/225662978\/Hcf6a30a619324f728ce61f6a69439a61t.jpg\" width=\"541\" height=\"646\" \/><\/p>\n<p><img loading=\"lazy\" decoding=\"async\" class=\"alignnone \" src=\"\/\/sc04.alicdn.com\/kf\/H545a6265e3564babb8af83e7e63f7e23d\/225662978\/H545a6265e3564babb8af83e7e63f7e23d.jpg\" width=\"543\" height=\"648\" \/><\/p>\n<p><img loading=\"lazy\" decoding=\"async\" class=\"alignnone \" src=\"\/\/sc04.alicdn.com\/kf\/Hd1e73920d9a546cca44af08daaecac7d1\/225662978\/Hd1e73920d9a546cca44af08daaecac7d1.jpg\" width=\"541\" height=\"646\" \/><\/p>\n<p><img loading=\"lazy\" decoding=\"async\" class=\"alignnone \" src=\"\/\/sc04.alicdn.com\/kf\/Hd0190e19a1d846f6aa48f3382843ce9fn\/225662978\/Hd0190e19a1d846f6aa48f3382843ce9fn.jpg\" width=\"542\" height=\"646\" \/><\/p>\n<p><img loading=\"lazy\" decoding=\"async\" class=\"alignnone \" src=\"\/\/sc04.alicdn.com\/kf\/Hfa5c37ab297c47138526267e457d1070e\/225662978\/Hfa5c37ab297c47138526267e457d1070e.jpg\" width=\"541\" height=\"646\" \/><\/p>\n<p><img loading=\"lazy\" decoding=\"async\" class=\"alignnone \" src=\"\/\/sc04.alicdn.com\/kf\/H917f88c646024937b2d1f6a3d5bd4f481\/225662978\/H917f88c646024937b2d1f6a3d5bd4f481.jpg\" width=\"540\" height=\"645\" \/><\/p>\n<p><img loading=\"lazy\" decoding=\"async\" class=\"alignnone \" src=\"\/\/sc04.alicdn.com\/kf\/H15cfe0018ea04c1e83e15793b86b7760p\/225662978\/H15cfe0018ea04c1e83e15793b86b7760p.jpg\" width=\"541\" height=\"646\" \/><\/p>\n<p>&nbsp;<\/p>\n<div id=\"ali-anchor-AliPostDhMb-xl5r1\" class=\"mceSectionContainer\" style=\"padding-top: 8px;\" data-section=\"AliPostDhMb-xl5r1\" data-section-title=\"Company Information\">\n<div id=\"ali-title-AliPostDhMb-xl5r1\" style=\"padding: 8px 0; border-bottom: 1px solid #ddd;\"><span style=\"background-color: #ddd; color: #333; font-weight: bold; padding: 8px 10px; line-height: 12px;\">Company Information<\/span><\/div>\n<div style=\"padding: 10px 0;\">\n<p><img loading=\"lazy\" decoding=\"async\" class=\"alignnone \" src=\"\/\/sc04.alicdn.com\/kf\/H63a0f3ba4b9a468387472a59ef3d7df48\/225662978\/H63a0f3ba4b9a468387472a59ef3d7df48.png\" width=\"540\" height=\"135\" \/><\/p>\n<p>&nbsp;<\/p>\n<p>&nbsp;<\/p>\n<p><img loading=\"lazy\" decoding=\"async\" class=\"alignnone \" src=\"\/\/sc04.alicdn.com\/kf\/HTB1af2IaELrK1Rjy1zbq6AenFXaL\/225662978\/HTB1af2IaELrK1Rjy1zbq6AenFXaL.jpg\" width=\"541\" height=\"680\" \/><\/p>\n<\/div>\n<\/div>\n<div id=\"ali-anchor-AliPostDhMb-60mkg\" class=\"mceSectionContainer\" style=\"padding-top: 8px;\" data-section=\"AliPostDhMb-60mkg\" data-section-title=\"FAQ\">\n<div id=\"ali-title-AliPostDhMb-60mkg\" style=\"padding: 8px 0; border-bottom: 1px solid #ddd;\"><span style=\"background-color: #ddd; color: #333; font-weight: bold; padding: 8px 10px; line-height: 12px;\">FAQ<\/span><\/div>\n<div style=\"padding: 10px 0;\">\n<p><span style=\"font-size: 16px;\">1. We have no agents or dealers, so the price that we provided is factory price.<\/span><br \/>\n<span style=\"font-size: 16px;\">About the quality guarantee: The price that we provided is the lowest price, we have no profit to support overseas service. <\/span><br \/>\n<span style=\"font-size: 16px;\">If there is some question with your machine, we will adopt DHL, express new parts to you in 3 days, and our technologist will guide you or your technologist on how to repair it. We provide parts for free in 12 months, not including the freight fee.<\/span><\/p>\n<p><span style=\"font-size: 16px;\">2:Question: \u00d7\u00d7\u00d7 company&#8217;s price is cheaper than you,I want the cheap one.<\/span><br \/>\n<span style=\"font-size: 16px;\">Quality comes more important than price. They will not sell the machine with no profit. Excessive low price means inferior parts and unconcernedly assemble. Our parts are all purchased by our professional buyer, they have plenty of experience to choose good parts at a good price. The education background of our workers is junior college or higher than this, plenty of assembling experience. We have a professional quality inspector, before our machine out of our factory, we test every machine strictly.<\/span><\/p>\n<p><span style=\"font-size: 16px;\">3:Question: Is there any risk to ordering your products.<\/span><br \/>\n<span style=\"font-size: 16px;\">Do not worry, we have plenty of experience, we have a professional transport company and ship company that established long term cooperate relationship with us. We ask best freight fee for our customers. Any problem please feel free to contact us, we provide 7*24 hours service, we are glad to provide our service any time.<\/span><br \/>\n<span style=\"font-size: 16px;\">4:Question: How long should I wait till I receive my product?<\/span><br \/>\n<span style=\"font-size: 16px;\">If you purchase the small machine and need it to hurry, we can contact DHL for you. It can be sent to you in 3 days. The large machine we use container or RORO for customer AS SOON AS POSSIBLE.<\/span><\/p>\n<p><span style=\"font-size: 16px;\">The Reasons Why Choose IDEAL<\/span><\/p>\n<p><span style=\"font-size: 16px;\">1. All the machines Up to 1-year quality warranty, in time after-service.<\/span><br \/>\n<span style=\"font-size: 16px;\">2. Widest range of light construction machinery. One-station purchasing. <\/span><br \/>\n<span style=\"font-size: 16px;\">3. Very Competitive price with top quality. <\/span><br \/>\n<span style=\"font-size: 16px;\">4. No minimum order limit, trial order is welcome. <\/span><br \/>\n<span style=\"font-size: 16px;\">5. Strong Engineering team for OEM and ODM service. <\/span><br \/>\n<span style=\"font-size: 16px;\">6. Highly trained staff provide professional and friendly service. <\/span><br \/>\n<span style=\"font-size: 16px;\">7. Easier communication by foreign sales.<\/span><\/p>\n<\/div>\n<\/div>\n","protected":false},"excerpt":{"rendered":"<p>\u4f18\u8d28\u7d27\u51d1\u578b\u8bbe\u8ba1\u632f\u52a8\u516c\u725b\u6d6e\u5b50\u6613\u4e8e\u64cd\u4f5c\u624b\u67c4\u9541\u516c\u725b\u6d6e\u5b50\u516c\u53f8\u4fe1\u606f\u5e38\u89c1\u95ee\u9898\u89e3\u7b54 1\u3002<\/p>","protected":false},"featured_media":29590,"comment_status":"open","ping_status":"closed","template":"","meta":[],"product_cat":[234,230],"product_tag":[],"class_list":{"0":"post-29591","1":"product","2":"type-product","3":"status-publish","4":"has-post-thumbnail","6":"product_cat-bull-float","7":"product_cat-road-machinery","9":"first","10":"instock","11":"shipping-taxable","12":"purchasable","13":"product-type-simple"},"_links":{"self":[{"href":"https:\/\/meconstructionsupplies.com\/zh\/wp-json\/wp\/v2\/product\/29591","targetHints":{"allow":["GET"]}}],"collection":[{"href":"https:\/\/meconstructionsupplies.com\/zh\/wp-json\/wp\/v2\/product"}],"about":[{"href":"https:\/\/meconstructionsupplies.com\/zh\/wp-json\/wp\/v2\/types\/product"}],"replies":[{"embeddable":true,"href":"https:\/\/meconstructionsupplies.com\/zh\/wp-json\/wp\/v2\/comments?post=29591"}],"version-history":[{"count":2,"href":"https:\/\/meconstructionsupplies.com\/zh\/wp-json\/wp\/v2\/product\/29591\/revisions"}],"predecessor-version":[{"id":31309,"href":"https:\/\/meconstructionsupplies.com\/zh\/wp-json\/wp\/v2\/product\/29591\/revisions\/31309"}],"wp:featuredmedia":[{"embeddable":true,"href":"https:\/\/meconstructionsupplies.com\/zh\/wp-json\/wp\/v2\/media\/29590"}],"wp:attachment":[{"href":"https:\/\/meconstructionsupplies.com\/zh\/wp-json\/wp\/v2\/media?parent=29591"}],"wp:term":[{"taxonomy":"product_cat","embeddable":true,"href":"https:\/\/meconstructionsupplies.com\/zh\/wp-json\/wp\/v2\/product_cat?post=29591"},{"taxonomy":"product_tag","embeddable":true,"href":"https:\/\/meconstructionsupplies.com\/zh\/wp-json\/wp\/v2\/product_tag?post=29591"}],"curies":[{"name":"wp","href":"https:\/\/api.w.org\/{rel}","templated":true}]}}